{"id":30119,"date":"2022-09-16T04:46:10","date_gmt":"2022-09-16T03:46:10","guid":{"rendered":"https:\/\/beta.gongcenter.ch\/?post_type=product&#038;p=30119"},"modified":"2025-08-20T16:36:42","modified_gmt":"2025-08-20T15:36:42","slug":"paiste-jupiter-gong-71-cm","status":"publish","type":"product","link":"https:\/\/gongcenter.ch\/en\/product\/paiste-jupiter-gong-71-cm\/","title":{"rendered":"Jupiter Gong 71cm"},"content":{"rendered":"<p>Dieser planetarische Symphonie-Gong ist gestimmt auf den Ton FIS mit 183,58 Hz. Diese Frequenz wurde von Hans Cousto, dem Autor der kosmischen Oktave, mathematisch ermittelt. Jupiter ist der gr\u00f6\u00dfte und von der Sonne aus gesehen der f\u00fcnfte Planet unseres Sonnensystems. Seine Qualit\u00e4ten symbolisieren Erfolg und Loyalit\u00e4t, was sich auch in seinem Klangspektrum ausdr\u00fcckt. Er steht f\u00fcr Wachstum, inneres wie \u00e4u\u00dferes.<\/p>\n<p>S\u00e4mtliche Planetengongs wurden von Jens Zygar auf der Grundlage der Berechnungen der Kosmischen Oktave nach Hans Cousto in Zusammenarbeit mit der Firma Paiste entwickelt.<\/p>\n<p>Die entsprechenden, passenden Mallets sind M3 &#8211; M5.<\/p>\n<p>Als St\u00e4nder empfehlen wir den einfachen Orchesterst\u00e4nder von Meinl, da der Gong durch das freie H\u00e4ngen optimal zur Geltung kommt und alle Anspielm\u00f6glichkeiten genutzt werden k\u00f6nnen.<\/p>\n<p>SPIEL-TIP<\/p>\n<p>Bei diesem Gong bietet sich die \u0084one-Shot-only\u0093 Technik an. Es bedarf einer gewissen \u00dcbung und Routine, den Gong mit einem Anschlag perfekt zum Klingen zu bringen und, dass dieser eine Anschlag das volle Schwingungsspektrum des Instruments aktiviert.<\/p>\n<p>Ein Anschlag zu sehr am Rande betont zu viel die H\u00f6hen und verpasst die Tiefen, bei einem Anschlag zu sehr in der Mitte ist das Gegenteil der Fall.<\/p>\n<p>INFO<\/p>\n<p>Auch wenn Gongs Instrumente aus Metall sind, bedeutet das nicht, das sie unbegrenzt belastbar sind. Gerade bei den etwas kleineren Gongs ist es f\u00fcr die Erhaltung der Qualit\u00e4t wichtig, dass sie umsichtig und am besten immer mit dem richtigen Mallet gespielt werden. Ein zu heftiger Anschlag mit einem zu gro\u00dfem Schlegel kann den Gong nachhaltig sch\u00e4digen.<\/p>\n","protected":false},"excerpt":{"rendered":"Dieser planetarische Symphonie-Gong ist gestimmt auf den Ton G2 &#8211; 194,71 Hz . Diese Frequenz wurde von Hans Cousto, dem Autor der kosmischen Oktave, mathematisch ermittelt.\r\n<ul>\r\n \t<li>Gr\u00f6sse: 71cm \/ 28&#8243;<\/li>\r\n \t<li>Ton: G2 &#8211; 97.36 Hz<\/li>\r\n<\/ul>\r\n<div><\/div>\r\n<div><strong>Planetarische Stimmung nach Hans Cousto<\/strong><\/div>\r\n<ul>\r\n \t<li>3. Oktave: G3\/g &#8211; 194.71 Hz<\/li>\r\n<\/ul>","protected":false},"featured_media":30133,"template":"","meta":[],"product_brand":[],"product_cat":[493,37],"product_tag":[],"class_list":{"0":"post-30119","1":"product","2":"type-product","3":"status-publish","4":"has-post-thumbnail","6":"brands-paiste","7":"product_cat-tuned-gongs","8":"product_cat-planeten-gongs","9":"product_shipping_class-kostenloser-versand-innerhalb-der-schweiz","11":"first","12":"instock","13":"sold-individually","14":"taxable","15":"shipping-taxable","16":"purchasable","17":"product-type-simple"},"yoast_head":"<!-- This site is optimized with the Yoast SEO plugin v27.0 - https:\/\/yoast.com\/product\/yoast-seo-wordpress\/ -->\n<title>PAISTE Erde Gong I Der planetarische Symphonie Gong<\/title>\n<meta name=\"description\" content=\"Der Erde Gong von PAISTE ist auf G und eine Frequenz von 194,71 Hz gestimmt. Er schwingt im Einklang mit der Erddrehung.\" \/>\n<meta name=\"robots\" content=\"index, follow, max-snippet:-1, max-image-preview:large, max-video-preview:-1\" \/>\n<link rel=\"canonical\" href=\"https:\/\/gongcenter.ch\/produkt\/paiste-jupiter-gong-71-cm\/\" \/>\n<meta property=\"og:locale\" content=\"en_US\" \/>\n<meta property=\"og:type\" content=\"article\" \/>\n<meta property=\"og:title\" content=\"PAISTE Erde Gong I Der planetarische Symphonie Gong\" \/>\n<meta property=\"og:description\" content=\"Der Erde Gong von PAISTE ist auf G und eine Frequenz von 194,71 Hz gestimmt. Er schwingt im Einklang mit der Erddrehung.\" \/>\n<meta property=\"og:url\" content=\"https:\/\/gongcenter.ch\/produkt\/paiste-jupiter-gong-71-cm\/\" \/>\n<meta property=\"og:site_name\" content=\"Gong Center Schweiz I Dein Gong und Klanginstrumente Fachgesch\u00e4ft\" \/>\n<meta property=\"article:modified_time\" content=\"2025-08-20T15:36:42+00:00\" \/>\n<meta property=\"og:image\" content=\"https:\/\/gongcenter.ch\/app\/uploads\/2022\/09\/PAISTE-Jupiter-Gong-71cm-1.png\" \/>\n\t<meta property=\"og:image:width\" content=\"600\" \/>\n\t<meta property=\"og:image:height\" content=\"600\" \/>\n\t<meta property=\"og:image:type\" content=\"image\/png\" \/>\n<meta name=\"twitter:card\" content=\"summary_large_image\" \/>\n<meta name=\"twitter:label1\" content=\"Est. reading time\" \/>\n\t<meta name=\"twitter:data1\" content=\"2 minutes\" \/>\n<!-- \/ Yoast SEO plugin. -->","yoast_head_json":{"title":"PAISTE Erde Gong I Der planetarische Symphonie Gong","description":"Der Erde Gong von PAISTE ist auf G und eine Frequenz von 194,71 Hz gestimmt. Er schwingt im Einklang mit der Erddrehung.","robots":{"index":"index","follow":"follow","max-snippet":"max-snippet:-1","max-image-preview":"max-image-preview:large","max-video-preview":"max-video-preview:-1"},"canonical":"https:\/\/gongcenter.ch\/produkt\/paiste-jupiter-gong-71-cm\/","og_locale":"en_US","og_type":"article","og_title":"PAISTE Erde Gong I Der planetarische Symphonie Gong","og_description":"Der Erde Gong von PAISTE ist auf G und eine Frequenz von 194,71 Hz gestimmt. Er schwingt im Einklang mit der Erddrehung.","og_url":"https:\/\/gongcenter.ch\/produkt\/paiste-jupiter-gong-71-cm\/","og_site_name":"Gong Center Schweiz I Dein Gong und Klanginstrumente Fachgesch\u00e4ft","article_modified_time":"2025-08-20T15:36:42+00:00","og_image":[{"width":600,"height":600,"url":"https:\/\/gongcenter.ch\/app\/uploads\/2022\/09\/PAISTE-Jupiter-Gong-71cm-1.png","type":"image\/png"}],"twitter_card":"summary_large_image","twitter_misc":{"Est. reading time":"2 minutes"},"schema":{"@context":"https:\/\/schema.org","@graph":[{"@type":"WebPage","@id":"https:\/\/gongcenter.ch\/produkt\/paiste-jupiter-gong-71-cm\/","url":"https:\/\/gongcenter.ch\/produkt\/paiste-jupiter-gong-71-cm\/","name":"PAISTE Erde Gong I Der planetarische Symphonie Gong","isPartOf":{"@id":"https:\/\/gongcenter.ch\/#website"},"primaryImageOfPage":{"@id":"https:\/\/gongcenter.ch\/produkt\/paiste-jupiter-gong-71-cm\/#primaryimage"},"image":{"@id":"https:\/\/gongcenter.ch\/produkt\/paiste-jupiter-gong-71-cm\/#primaryimage"},"thumbnailUrl":"https:\/\/gongcenter.ch\/app\/uploads\/2022\/09\/PAISTE-Jupiter-Gong-71cm-1.png","datePublished":"2022-09-16T03:46:10+00:00","dateModified":"2025-08-20T15:36:42+00:00","description":"Der Erde Gong von PAISTE ist auf G und eine Frequenz von 194,71 Hz gestimmt. Er schwingt im Einklang mit der Erddrehung.","breadcrumb":{"@id":"https:\/\/gongcenter.ch\/produkt\/paiste-jupiter-gong-71-cm\/#breadcrumb"},"inLanguage":"en-US","potentialAction":[{"@type":"ReadAction","target":["https:\/\/gongcenter.ch\/produkt\/paiste-jupiter-gong-71-cm\/"]}]},{"@type":"ImageObject","inLanguage":"en-US","@id":"https:\/\/gongcenter.ch\/produkt\/paiste-jupiter-gong-71-cm\/#primaryimage","url":"https:\/\/gongcenter.ch\/app\/uploads\/2022\/09\/PAISTE-Jupiter-Gong-71cm-1.png","contentUrl":"https:\/\/gongcenter.ch\/app\/uploads\/2022\/09\/PAISTE-Jupiter-Gong-71cm-1.png","width":600,"height":600},{"@type":"BreadcrumbList","@id":"https:\/\/gongcenter.ch\/produkt\/paiste-jupiter-gong-71-cm\/#breadcrumb","itemListElement":[{"@type":"ListItem","position":1,"name":"Startseite","item":"https:\/\/gongcenter.ch\/en\/"},{"@type":"ListItem","position":2,"name":"Shop","item":"https:\/\/gongcenter.ch\/en\/shop\/"},{"@type":"ListItem","position":3,"name":"Jupiter Gong 71cm"}]},{"@type":"WebSite","@id":"https:\/\/gongcenter.ch\/#website","url":"https:\/\/gongcenter.ch\/","name":"Gong Center Schweiz I Dein Gong und Klanginstrumente Fachgesch\u00e4ft","description":"Entdecke eine grosse Gong Auswahl sowie weitere Klanginstrumente - Wir sind Gong Klangtherapeut und bieten dir Top Qualit\u00e4t und Beratung.","publisher":{"@id":"https:\/\/gongcenter.ch\/#organization"},"potentialAction":[{"@type":"SearchAction","target":{"@type":"EntryPoint","urlTemplate":"https:\/\/gongcenter.ch\/?s={search_term_string}"},"query-input":{"@type":"PropertyValueSpecification","valueRequired":true,"valueName":"search_term_string"}}],"inLanguage":"en-US"},{"@type":"Organization","@id":"https:\/\/gongcenter.ch\/#organization","name":"Gongcenter Z\u00fcrich I Das Fachgesch\u00e4ft f\u00fcr Gong und Klang","url":"https:\/\/gongcenter.ch\/","logo":{"@type":"ImageObject","inLanguage":"en-US","@id":"https:\/\/gongcenter.ch\/#\/schema\/logo\/image\/","url":"https:\/\/gongcenter.ch\/app\/uploads\/2018\/05\/Gong-Center_Logo_2000_black.png","contentUrl":"https:\/\/gongcenter.ch\/app\/uploads\/2018\/05\/Gong-Center_Logo_2000_black.png","width":2000,"height":600,"caption":"Gongcenter Z\u00fcrich I Das Fachgesch\u00e4ft f\u00fcr Gong und Klang"},"image":{"@id":"https:\/\/gongcenter.ch\/#\/schema\/logo\/image\/"}}]}},"acf":[],"_links":{"self":[{"href":"https:\/\/gongcenter.ch\/en\/wp-json\/wp\/v2\/product\/30119","targetHints":{"allow":["GET"]}}],"collection":[{"href":"https:\/\/gongcenter.ch\/en\/wp-json\/wp\/v2\/product"}],"about":[{"href":"https:\/\/gongcenter.ch\/en\/wp-json\/wp\/v2\/types\/product"}],"wp:featuredmedia":[{"embeddable":true,"href":"https:\/\/gongcenter.ch\/en\/wp-json\/wp\/v2\/media\/30133"}],"wp:attachment":[{"href":"https:\/\/gongcenter.ch\/en\/wp-json\/wp\/v2\/media?parent=30119"}],"wp:term":[{"taxonomy":"product_brand","embeddable":true,"href":"https:\/\/gongcenter.ch\/en\/wp-json\/wp\/v2\/product_brand?post=30119"},{"taxonomy":"product_cat","embeddable":true,"href":"https:\/\/gongcenter.ch\/en\/wp-json\/wp\/v2\/product_cat?post=30119"},{"taxonomy":"product_tag","embeddable":true,"href":"https:\/\/gongcenter.ch\/en\/wp-json\/wp\/v2\/product_tag?post=30119"}],"curies":[{"name":"wp","href":"https:\/\/api.w.org\/{rel}","templated":true}]}}