{"id":30120,"date":"2022-09-16T04:46:10","date_gmt":"2022-09-16T03:46:10","guid":{"rendered":"https:\/\/beta.gongcenter.ch\/?post_type=product&#038;p=30120"},"modified":"2025-03-25T10:53:41","modified_gmt":"2025-03-25T09:53:41","slug":"paiste-bronze-gong-no-1","status":"publish","type":"product","link":"https:\/\/gongcenter.ch\/en\/product\/paiste-bronze-gong-no-1\/","title":{"rendered":"Bronze Gong No. 1"},"content":{"rendered":"<p>Aufgrund des hohen Kupferanteils sind die Farben der Gongs warm-r\u00f6tlich mit einer Bandbreite von goldenem Schimmer bis hin zu dunkelbraunen Erdt\u00f6nen. Im Vergleich zu Gongs aus Neusilber haben diese Gongs tendenziell einen tieferen Grundton, einen w\u00e4rmeren Klangcharakter und einen volumin\u00f6seren Gesamtklang.<\/p>\n<p>Der durchgehende Charakter ist lebendig, warm und tief. Bedingt durch die Beschaffenheit der Legierung ver\u00e4ndert sich der Klang von Bronzegongs im Laufe der Zeit durch Entspannung, Alterung und den Einfluss des Gongspiels deutlich st\u00e4rker als bei Gongs aus Neusilber. Der Grundcharakter bleibt immer erhalten, aber Bronzegongs leben und ver\u00e4ndern sich.<\/p>\n<p>Wir gehen davon aus, dass sich Bronzegongs auch nach der Auslieferung im Laufe der Zeit und unter dem Einfluss des Spielers weiter ver\u00e4ndern werden. Durch die st\u00e4ndige Aktion und Reaktion und die daraus resultierende st\u00e4ndige sanfte Ver\u00e4nderung entsteht eine einzigartige gegenseitige Beeinflussung zwischen dem Gong und dem Spieler.<\/p>\n<p>PFLEGE<\/p>\n<p>Gongs laden dazu ein, angefasst zu werden. Das Material ist grunds\u00e4tzlich extrem trocken und hat die Eigenschaft, sofort die nat\u00fcrlichen Fette und \u00d6le aus der Haut aufzusaugen. Der Gong entwickelt dadurch eine leicht unansehnliche Optik. Umgehe dies, indem du das Pflegen der Oberfl\u00e4che zur Routine werden lassen. Geeignet zur Plege sind Silber- und Metallputzmittel. Der Klang wird durch die Optik eines Gongs in keinem Fall beeintr\u00e4chtigt.<\/p>\n","protected":false},"excerpt":{"rendered":"<ul>\r\n \t<li>Beschaffung: Einheitlich dunkle Oberfl\u00e4che, mit markanten Versteifungsschl\u00e4gen \u00fcber die ganze Fl\u00e4che<\/li>\r\n \t<li>Inspiration: Dem Sound Creation Typ \u00abErde\u00bb nachempfunden<\/li>\r\n \t<li>Klangbild: Tiefes, kraftvolles, geheimnisvolles Rauschen<\/li>\r\n \t<li>Material: Bronze (92% Kuper, 8% Zinn)<\/li>\r\n \t<li>Gr\u00f6sse: 28&#8243; \/ 71 cm<\/li>\r\n<\/ul>","protected":false},"featured_media":30135,"template":"","meta":[],"product_brand":[],"product_cat":[1183],"product_tag":[],"class_list":{"0":"post-30120","1":"product","2":"type-product","3":"status-publish","4":"has-post-thumbnail","6":"brands-paiste","7":"product_cat-paiste-bronze-gong","8":"product_shipping_class-kostenloser-versand-innerhalb-der-schweiz","10":"first","11":"instock","12":"sold-individually","13":"taxable","14":"shipping-taxable","15":"purchasable","16":"product-type-simple"},"yoast_head":"<!-- This site is optimized with the Yoast SEO plugin v27.0 - https:\/\/yoast.com\/product\/yoast-seo-wordpress\/ -->\n<title>Paiste Bronze Gong No. 4 NEU<\/title>\n<meta name=\"description\" content=\"Ein einheitlich dunkle Oberfl\u00e4che, mit markanten Versteifungsschl\u00e4gen \u00fcber die ganze Fl\u00e4chetiefes und kraftvoller, geheimer Rauschender Klang\" \/>\n<meta name=\"robots\" content=\"index, follow, max-snippet:-1, max-image-preview:large, max-video-preview:-1\" \/>\n<link rel=\"canonical\" href=\"https:\/\/gongcenter.ch\/produkt\/paiste-bronze-gong-no-1\/\" \/>\n<meta property=\"og:locale\" content=\"en_US\" \/>\n<meta property=\"og:type\" content=\"article\" \/>\n<meta property=\"og:title\" content=\"Paiste Bronze Gong No. 4 NEU\" \/>\n<meta property=\"og:description\" content=\"Ein einheitlich dunkle Oberfl\u00e4che, mit markanten Versteifungsschl\u00e4gen \u00fcber die ganze Fl\u00e4chetiefes und kraftvoller, geheimer Rauschender Klang\" \/>\n<meta property=\"og:url\" content=\"https:\/\/gongcenter.ch\/produkt\/paiste-bronze-gong-no-1\/\" \/>\n<meta property=\"og:site_name\" content=\"Gong Center Schweiz I Dein Gong und Klanginstrumente Fachgesch\u00e4ft\" \/>\n<meta property=\"article:modified_time\" content=\"2025-03-25T09:53:41+00:00\" \/>\n<meta property=\"og:image\" content=\"https:\/\/gongcenter.ch\/app\/uploads\/2022\/09\/bronze-gong-n1-2.jpg\" \/>\n\t<meta property=\"og:image:width\" content=\"400\" \/>\n\t<meta property=\"og:image:height\" content=\"405\" \/>\n\t<meta property=\"og:image:type\" content=\"image\/jpeg\" \/>\n<meta name=\"twitter:card\" content=\"summary_large_image\" \/>\n<meta name=\"twitter:label1\" content=\"Est. reading time\" \/>\n\t<meta name=\"twitter:data1\" content=\"2 minutes\" \/>\n<!-- \/ Yoast SEO plugin. -->","yoast_head_json":{"title":"Paiste Bronze Gong No. 4 NEU","description":"Ein einheitlich dunkle Oberfl\u00e4che, mit markanten Versteifungsschl\u00e4gen \u00fcber die ganze Fl\u00e4chetiefes und kraftvoller, geheimer Rauschender Klang","robots":{"index":"index","follow":"follow","max-snippet":"max-snippet:-1","max-image-preview":"max-image-preview:large","max-video-preview":"max-video-preview:-1"},"canonical":"https:\/\/gongcenter.ch\/produkt\/paiste-bronze-gong-no-1\/","og_locale":"en_US","og_type":"article","og_title":"Paiste Bronze Gong No. 4 NEU","og_description":"Ein einheitlich dunkle Oberfl\u00e4che, mit markanten Versteifungsschl\u00e4gen \u00fcber die ganze Fl\u00e4chetiefes und kraftvoller, geheimer Rauschender Klang","og_url":"https:\/\/gongcenter.ch\/produkt\/paiste-bronze-gong-no-1\/","og_site_name":"Gong Center Schweiz I Dein Gong und Klanginstrumente Fachgesch\u00e4ft","article_modified_time":"2025-03-25T09:53:41+00:00","og_image":[{"width":400,"height":405,"url":"https:\/\/gongcenter.ch\/app\/uploads\/2022\/09\/bronze-gong-n1-2.jpg","type":"image\/jpeg"}],"twitter_card":"summary_large_image","twitter_misc":{"Est. reading time":"2 minutes"},"schema":{"@context":"https:\/\/schema.org","@graph":[{"@type":"WebPage","@id":"https:\/\/gongcenter.ch\/produkt\/paiste-bronze-gong-no-1\/","url":"https:\/\/gongcenter.ch\/produkt\/paiste-bronze-gong-no-1\/","name":"Paiste Bronze Gong No. 4 NEU","isPartOf":{"@id":"https:\/\/gongcenter.ch\/#website"},"primaryImageOfPage":{"@id":"https:\/\/gongcenter.ch\/produkt\/paiste-bronze-gong-no-1\/#primaryimage"},"image":{"@id":"https:\/\/gongcenter.ch\/produkt\/paiste-bronze-gong-no-1\/#primaryimage"},"thumbnailUrl":"https:\/\/gongcenter.ch\/app\/uploads\/2022\/09\/bronze-gong-n1-2.jpg","datePublished":"2022-09-16T03:46:10+00:00","dateModified":"2025-03-25T09:53:41+00:00","description":"Ein einheitlich dunkle Oberfl\u00e4che, mit markanten Versteifungsschl\u00e4gen \u00fcber die ganze Fl\u00e4chetiefes und kraftvoller, geheimer Rauschender Klang","breadcrumb":{"@id":"https:\/\/gongcenter.ch\/produkt\/paiste-bronze-gong-no-1\/#breadcrumb"},"inLanguage":"en-US","potentialAction":[{"@type":"ReadAction","target":["https:\/\/gongcenter.ch\/produkt\/paiste-bronze-gong-no-1\/"]}]},{"@type":"ImageObject","inLanguage":"en-US","@id":"https:\/\/gongcenter.ch\/produkt\/paiste-bronze-gong-no-1\/#primaryimage","url":"https:\/\/gongcenter.ch\/app\/uploads\/2022\/09\/bronze-gong-n1-2.jpg","contentUrl":"https:\/\/gongcenter.ch\/app\/uploads\/2022\/09\/bronze-gong-n1-2.jpg","width":400,"height":405},{"@type":"BreadcrumbList","@id":"https:\/\/gongcenter.ch\/produkt\/paiste-bronze-gong-no-1\/#breadcrumb","itemListElement":[{"@type":"ListItem","position":1,"name":"Startseite","item":"https:\/\/gongcenter.ch\/en\/"},{"@type":"ListItem","position":2,"name":"Shop","item":"https:\/\/gongcenter.ch\/en\/shop\/"},{"@type":"ListItem","position":3,"name":"Bronze Gong No. 1"}]},{"@type":"WebSite","@id":"https:\/\/gongcenter.ch\/#website","url":"https:\/\/gongcenter.ch\/","name":"Gong Center Schweiz I Dein Gong und Klanginstrumente Fachgesch\u00e4ft","description":"Entdecke eine grosse Gong Auswahl sowie weitere Klanginstrumente - Wir sind Gong Klangtherapeut und bieten dir Top Qualit\u00e4t und Beratung.","publisher":{"@id":"https:\/\/gongcenter.ch\/#organization"},"potentialAction":[{"@type":"SearchAction","target":{"@type":"EntryPoint","urlTemplate":"https:\/\/gongcenter.ch\/?s={search_term_string}"},"query-input":{"@type":"PropertyValueSpecification","valueRequired":true,"valueName":"search_term_string"}}],"inLanguage":"en-US"},{"@type":"Organization","@id":"https:\/\/gongcenter.ch\/#organization","name":"Gongcenter Z\u00fcrich I Das Fachgesch\u00e4ft f\u00fcr Gong und Klang","url":"https:\/\/gongcenter.ch\/","logo":{"@type":"ImageObject","inLanguage":"en-US","@id":"https:\/\/gongcenter.ch\/#\/schema\/logo\/image\/","url":"https:\/\/gongcenter.ch\/app\/uploads\/2018\/05\/Gong-Center_Logo_2000_black.png","contentUrl":"https:\/\/gongcenter.ch\/app\/uploads\/2018\/05\/Gong-Center_Logo_2000_black.png","width":2000,"height":600,"caption":"Gongcenter Z\u00fcrich I Das Fachgesch\u00e4ft f\u00fcr Gong und Klang"},"image":{"@id":"https:\/\/gongcenter.ch\/#\/schema\/logo\/image\/"}}]}},"acf":[],"_links":{"self":[{"href":"https:\/\/gongcenter.ch\/en\/wp-json\/wp\/v2\/product\/30120","targetHints":{"allow":["GET"]}}],"collection":[{"href":"https:\/\/gongcenter.ch\/en\/wp-json\/wp\/v2\/product"}],"about":[{"href":"https:\/\/gongcenter.ch\/en\/wp-json\/wp\/v2\/types\/product"}],"wp:featuredmedia":[{"embeddable":true,"href":"https:\/\/gongcenter.ch\/en\/wp-json\/wp\/v2\/media\/30135"}],"wp:attachment":[{"href":"https:\/\/gongcenter.ch\/en\/wp-json\/wp\/v2\/media?parent=30120"}],"wp:term":[{"taxonomy":"product_brand","embeddable":true,"href":"https:\/\/gongcenter.ch\/en\/wp-json\/wp\/v2\/product_brand?post=30120"},{"taxonomy":"product_cat","embeddable":true,"href":"https:\/\/gongcenter.ch\/en\/wp-json\/wp\/v2\/product_cat?post=30120"},{"taxonomy":"product_tag","embeddable":true,"href":"https:\/\/gongcenter.ch\/en\/wp-json\/wp\/v2\/product_tag?post=30120"}],"curies":[{"name":"wp","href":"https:\/\/api.w.org\/{rel}","templated":true}]}}