{"id":30150,"date":"2022-09-16T04:46:25","date_gmt":"2022-09-16T03:46:25","guid":{"rendered":"https:\/\/beta.gongcenter.ch\/?post_type=product&#038;p=30150"},"modified":"2023-04-18T11:41:40","modified_gmt":"2023-04-18T10:41:40","slug":"windspiel-zaphir-sufi","status":"publish","type":"product","link":"https:\/\/gongcenter.ch\/en\/product\/windspiel-zaphir-sufi\/","title":{"rendered":"Windspiel Zaphir Sufi"},"content":{"rendered":"<p><strong>Zaphir<\/strong> <strong><span class=\"t22\">Sunray <\/span><\/strong>Windspiel. Das zauberhafte Klanginstrument.<\/p>\n<p>Die Zaphir-Klangspiele werden von Hand in Frankreich gefertigt, und sind auf einen Klang gestimmt. Sie sind 5 verschiedenen Farben erh\u00e4ltlich. Sobald das Klangspiel in Schwingung ger\u00e4t, ber\u00fchrt ein kleines Pl\u00e4ttchen im Inneren des Klang-Zylinders sanft acht unterschiedlich lange St\u00e4be, die am Boden des Klang-Zylinders im Kreis angeordnet sind. Zu h\u00f6ren sind harmonische, sehr melodi\u00f6se Akkorde, die ein Wohlgef\u00fchl verbreiten.<\/p>\n","protected":false},"excerpt":{"rendered":"<strong>Eckdaten:<\/strong>\r\n<ul>\r\n \t<li><strong>Modell: <\/strong><span class=\"t22\">Sufi<\/span> (Sommer)<\/li>\r\n \t<li><strong>Stimmung:<\/strong>\u00a0<span class=\"t24\">F A D F A G A D \u00a0(zwischenzeiten)<\/span><\/li>\r\n \t<li><strong>Durchmesser:<\/strong> \u00f8 6,5 cm<\/li>\r\n \t<li><strong>L\u00e4nge:<\/strong> 12,5 cm (L\u00e4nge aufgeh\u00e4ngt: 40 cm)<\/li>\r\n \t<li><strong>Material Korpus:<\/strong> Hartpappe<\/li>\r\n<\/ul>\r\n<strong>Verf\u00fcgbare Farben:<\/strong>\r\n<ul>\r\n \t<li><span class=\"t21\"><strong>Crystalide<\/strong> in<\/span> hellgelb<\/li>\r\n \t<li><strong><span class=\"t22\">Sunray<\/span><\/strong> in schneeweiss<\/li>\r\n \t<li><strong>Twilight<\/strong> in helles Blau-Violett<\/li>\r\n \t<li><strong>Sufi<\/strong> in persischrot<\/li>\r\n \t<li><strong>Blue Moon<\/strong> in violett-rot<\/li>\r\n<\/ul>","protected":false},"featured_media":30161,"template":"","meta":[],"product_brand":[],"product_cat":[507],"product_tag":[],"class_list":{"0":"post-30150","1":"product","2":"type-product","3":"status-publish","4":"has-post-thumbnail","6":"product_cat-koshi-heloa-zaphir-klangpiele","7":"product_shipping_class-bis-199-chf-9-90-chf","8":"pa_farben-blue-moon","9":"pa_farben-crystalide","10":"pa_farben-sufi","11":"pa_farben-sunray","12":"pa_farben-twilight","14":"first","15":"instock","16":"taxable","17":"shipping-taxable","18":"purchasable","19":"product-type-simple"},"yoast_head":"<!-- This site is optimized with the Yoast SEO plugin v27.0 - https:\/\/yoast.com\/product\/yoast-seo-wordpress\/ -->\n<title>Windspiel Zaphir Sufi - Gong Center Schweiz I Dein Gong und Klanginstrumente Fachgesch\u00e4ft<\/title>\n<meta name=\"robots\" content=\"index, follow, max-snippet:-1, max-image-preview:large, max-video-preview:-1\" \/>\n<link rel=\"canonical\" href=\"https:\/\/gongcenter.ch\/produkt\/windspiel-zaphir-sufi\/\" \/>\n<meta property=\"og:locale\" content=\"en_US\" \/>\n<meta property=\"og:type\" content=\"article\" \/>\n<meta property=\"og:title\" content=\"Windspiel Zaphir Sufi - Gong Center Schweiz I Dein Gong und Klanginstrumente Fachgesch\u00e4ft\" \/>\n<meta property=\"og:description\" content=\"Eckdaten:   Modell: Sufi (Sommer)  Stimmung:\u00a0F A D F A G A D \u00a0(zwischenzeiten)  Durchmesser: \u00f8 6,5 cm  L\u00e4nge: 12,5 cm (L\u00e4nge aufgeh\u00e4ngt: 40 cm)  Material Korpus: Hartpappe  Verf\u00fcgbare Farben:   Crystalide in hellgelb  Sunray in schneeweiss  Twilight in helles Blau-Violett  Sufi in persischrot  Blue Moon in violett-rot\" \/>\n<meta property=\"og:url\" content=\"https:\/\/gongcenter.ch\/produkt\/windspiel-zaphir-sufi\/\" \/>\n<meta property=\"og:site_name\" content=\"Gong Center Schweiz I Dein Gong und Klanginstrumente Fachgesch\u00e4ft\" \/>\n<meta property=\"article:modified_time\" content=\"2023-04-18T10:41:40+00:00\" \/>\n<meta property=\"og:image\" content=\"https:\/\/gongcenter.ch\/app\/uploads\/2022\/09\/zaphir_persian_red-e1659033985517.jpg\" \/>\n\t<meta property=\"og:image:width\" content=\"227\" \/>\n\t<meta property=\"og:image:height\" content=\"450\" \/>\n\t<meta property=\"og:image:type\" content=\"image\/jpeg\" \/>\n<meta name=\"twitter:card\" content=\"summary_large_image\" \/>\n<meta name=\"twitter:label1\" content=\"Est. reading time\" \/>\n\t<meta name=\"twitter:data1\" content=\"1 minute\" \/>\n<!-- \/ Yoast SEO plugin. -->","yoast_head_json":{"title":"Windspiel Zaphir Sufi - Gong Center Schweiz I Dein Gong und Klanginstrumente Fachgesch\u00e4ft","robots":{"index":"index","follow":"follow","max-snippet":"max-snippet:-1","max-image-preview":"max-image-preview:large","max-video-preview":"max-video-preview:-1"},"canonical":"https:\/\/gongcenter.ch\/produkt\/windspiel-zaphir-sufi\/","og_locale":"en_US","og_type":"article","og_title":"Windspiel Zaphir Sufi - Gong Center Schweiz I Dein Gong und Klanginstrumente Fachgesch\u00e4ft","og_description":"Eckdaten:   Modell: Sufi (Sommer)  Stimmung:\u00a0F A D F A G A D \u00a0(zwischenzeiten)  Durchmesser: \u00f8 6,5 cm  L\u00e4nge: 12,5 cm (L\u00e4nge aufgeh\u00e4ngt: 40 cm)  Material Korpus: Hartpappe  Verf\u00fcgbare Farben:   Crystalide in hellgelb  Sunray in schneeweiss  Twilight in helles Blau-Violett  Sufi in persischrot  Blue Moon in violett-rot","og_url":"https:\/\/gongcenter.ch\/produkt\/windspiel-zaphir-sufi\/","og_site_name":"Gong Center Schweiz I Dein Gong und Klanginstrumente Fachgesch\u00e4ft","article_modified_time":"2023-04-18T10:41:40+00:00","og_image":[{"width":227,"height":450,"url":"https:\/\/gongcenter.ch\/app\/uploads\/2022\/09\/zaphir_persian_red-e1659033985517.jpg","type":"image\/jpeg"}],"twitter_card":"summary_large_image","twitter_misc":{"Est. reading time":"1 minute"},"schema":{"@context":"https:\/\/schema.org","@graph":[{"@type":"WebPage","@id":"https:\/\/gongcenter.ch\/produkt\/windspiel-zaphir-sufi\/","url":"https:\/\/gongcenter.ch\/produkt\/windspiel-zaphir-sufi\/","name":"Windspiel Zaphir Sufi - Gong Center Schweiz I Dein Gong und Klanginstrumente Fachgesch\u00e4ft","isPartOf":{"@id":"https:\/\/gongcenter.ch\/#website"},"primaryImageOfPage":{"@id":"https:\/\/gongcenter.ch\/produkt\/windspiel-zaphir-sufi\/#primaryimage"},"image":{"@id":"https:\/\/gongcenter.ch\/produkt\/windspiel-zaphir-sufi\/#primaryimage"},"thumbnailUrl":"https:\/\/gongcenter.ch\/app\/uploads\/2022\/09\/zaphir_persian_red-e1659033985517.jpg","datePublished":"2022-09-16T03:46:25+00:00","dateModified":"2023-04-18T10:41:40+00:00","breadcrumb":{"@id":"https:\/\/gongcenter.ch\/produkt\/windspiel-zaphir-sufi\/#breadcrumb"},"inLanguage":"en-US","potentialAction":[{"@type":"ReadAction","target":["https:\/\/gongcenter.ch\/produkt\/windspiel-zaphir-sufi\/"]}]},{"@type":"ImageObject","inLanguage":"en-US","@id":"https:\/\/gongcenter.ch\/produkt\/windspiel-zaphir-sufi\/#primaryimage","url":"https:\/\/gongcenter.ch\/app\/uploads\/2022\/09\/zaphir_persian_red-e1659033985517.jpg","contentUrl":"https:\/\/gongcenter.ch\/app\/uploads\/2022\/09\/zaphir_persian_red-e1659033985517.jpg","width":227,"height":450},{"@type":"BreadcrumbList","@id":"https:\/\/gongcenter.ch\/produkt\/windspiel-zaphir-sufi\/#breadcrumb","itemListElement":[{"@type":"ListItem","position":1,"name":"Startseite","item":"https:\/\/gongcenter.ch\/en\/"},{"@type":"ListItem","position":2,"name":"Shop","item":"https:\/\/gongcenter.ch\/en\/shop\/"},{"@type":"ListItem","position":3,"name":"Windspiel Zaphir Sufi"}]},{"@type":"WebSite","@id":"https:\/\/gongcenter.ch\/#website","url":"https:\/\/gongcenter.ch\/","name":"Gong Center Schweiz I Dein Gong und Klanginstrumente Fachgesch\u00e4ft","description":"Entdecke eine grosse Gong Auswahl sowie weitere Klanginstrumente - Wir sind Gong Klangtherapeut und bieten dir Top Qualit\u00e4t und Beratung.","publisher":{"@id":"https:\/\/gongcenter.ch\/#organization"},"potentialAction":[{"@type":"SearchAction","target":{"@type":"EntryPoint","urlTemplate":"https:\/\/gongcenter.ch\/?s={search_term_string}"},"query-input":{"@type":"PropertyValueSpecification","valueRequired":true,"valueName":"search_term_string"}}],"inLanguage":"en-US"},{"@type":"Organization","@id":"https:\/\/gongcenter.ch\/#organization","name":"Gongcenter Z\u00fcrich I Das Fachgesch\u00e4ft f\u00fcr Gong und Klang","url":"https:\/\/gongcenter.ch\/","logo":{"@type":"ImageObject","inLanguage":"en-US","@id":"https:\/\/gongcenter.ch\/#\/schema\/logo\/image\/","url":"https:\/\/gongcenter.ch\/app\/uploads\/2018\/05\/Gong-Center_Logo_2000_black.png","contentUrl":"https:\/\/gongcenter.ch\/app\/uploads\/2018\/05\/Gong-Center_Logo_2000_black.png","width":2000,"height":600,"caption":"Gongcenter Z\u00fcrich I Das Fachgesch\u00e4ft f\u00fcr Gong und Klang"},"image":{"@id":"https:\/\/gongcenter.ch\/#\/schema\/logo\/image\/"}}]}},"acf":[],"_links":{"self":[{"href":"https:\/\/gongcenter.ch\/en\/wp-json\/wp\/v2\/product\/30150","targetHints":{"allow":["GET"]}}],"collection":[{"href":"https:\/\/gongcenter.ch\/en\/wp-json\/wp\/v2\/product"}],"about":[{"href":"https:\/\/gongcenter.ch\/en\/wp-json\/wp\/v2\/types\/product"}],"wp:featuredmedia":[{"embeddable":true,"href":"https:\/\/gongcenter.ch\/en\/wp-json\/wp\/v2\/media\/30161"}],"wp:attachment":[{"href":"https:\/\/gongcenter.ch\/en\/wp-json\/wp\/v2\/media?parent=30150"}],"wp:term":[{"taxonomy":"product_brand","embeddable":true,"href":"https:\/\/gongcenter.ch\/en\/wp-json\/wp\/v2\/product_brand?post=30150"},{"taxonomy":"product_cat","embeddable":true,"href":"https:\/\/gongcenter.ch\/en\/wp-json\/wp\/v2\/product_cat?post=30150"},{"taxonomy":"product_tag","embeddable":true,"href":"https:\/\/gongcenter.ch\/en\/wp-json\/wp\/v2\/product_tag?post=30150"}],"curies":[{"name":"wp","href":"https:\/\/api.w.org\/{rel}","templated":true}]}}