{"id":30332,"date":"2022-11-09T13:48:27","date_gmt":"2022-11-09T12:48:27","guid":{"rendered":"https:\/\/gongcenter.ch\/?post_type=product&#038;p=30332"},"modified":"2023-10-20T16:21:34","modified_gmt":"2023-10-20T15:21:34","slug":"klangschale-7640g","status":"publish","type":"product","link":"https:\/\/gongcenter.ch\/en\/product\/klangschale-7640g\/","title":{"rendered":"Klangschale \u00f8 31 cm"},"content":{"rendered":"<p>Diese sehr grossen Klangschalen bestechen vor allem durch ihre tiefen und kraftvollen Kl\u00e4nge.<\/p>\n<p>Ab einem Gewicht von ca. 7,5 kg (\u00d8 ca. 40 cm) bzw. abh\u00e4ngig von der Fussgr\u00f6sse k\u00f6nnen Klangschalen auch zum Stehen verwendet werden. Man spricht dann von Fussklangschalen. Ausserdem k\u00f6nnen sie bei der Behandlung hinter die F\u00fcsse gestellt werden. Das heisst, wenn jemand liegt, wird die Fussklangschale ca. 20 &#8211; 30 cm von der Fusssohle entfernt positioniert.<\/p>\n<p><strong>Handgeschmiedete Fussklangschalen<\/strong><\/p>\n<p>Fussklangschalen sind besonders grosse Klangschalen, in die die F\u00fcsse gestellt werden k\u00f6nnen. Die Klangtherapie nutzt das fern\u00f6stliche Wissen um die Fussreflexzonen, die mit den Organen im K\u00f6rper in Verbindung stehen. Die sich wellenf\u00f6rmig ausbreitenden Schwingungen versetzen den K\u00f6rper in ein wohltuendes Klangbad.<\/p>\n<p>Im Spa- und Wellnessbereich sorgt ihr tiefer, raumf\u00fcllender Klang f\u00fcr wohltuende und erholsame Entspannung. Aber auch optisch sind unsere Schalen ein echter Blickfang, wenn sich Bl\u00fctenbl\u00e4tter im Wasser spiegeln oder Wassertropfen beim Anschlagen zu tanzen beginnen.<\/p>\n<p>Unsere Fussklangschalen werden in Handarbeit geschmiedet. Sprich uns an, wir beraten dich gerne.<\/p>\n","protected":false},"excerpt":{"rendered":"<ul>\r\n \t<li>Planetenton: Mars \/ Venus<\/li>\r\n \t<li>Durchmesser: 31 cm<\/li>\r\n \t<li>H\u00f6he: 17.5 cm<\/li>\r\n \t<li>Gewicht: 7.64 Kg<\/li>\r\n<\/ul>\r\n<strong>Lieferumfang inkl.:<\/strong>\r\n<ul>\r\n \t<li>Kissen<\/li>\r\n \t<li>Filzschl\u00e4gel<\/li>\r\n \t<li>Lederkl\u00f6ppel<\/li>\r\n<\/ul>","protected":false},"featured_media":30357,"template":"","meta":[],"product_brand":[],"product_cat":[686],"product_tag":[],"class_list":{"0":"post-30332","1":"product","2":"type-product","3":"status-publish","4":"has-post-thumbnail","6":"product_cat-klangschalen","7":"product_shipping_class-kostenloser-versand-innerhalb-der-schweiz","9":"first","10":"instock","11":"taxable","12":"shipping-taxable","13":"purchasable","14":"product-type-simple"},"yoast_head":"<!-- This site is optimized with the Yoast SEO plugin v27.0 - https:\/\/yoast.com\/product\/yoast-seo-wordpress\/ -->\n<title>Fuss Klangschalen \/ XL - Klangschale - Handgeschmiedet<\/title>\n<meta name=\"description\" content=\"Diese grossen Klangschalen bestechen vor allem durch ihre tiefen und kraftvollen Kl\u00e4nge. Sprich uns an, wir beraten dich gerne.\" \/>\n<meta name=\"robots\" content=\"index, follow, max-snippet:-1, max-image-preview:large, max-video-preview:-1\" \/>\n<link rel=\"canonical\" href=\"https:\/\/gongcenter.ch\/produkt\/klangschale-7640g\/\" \/>\n<meta property=\"og:locale\" content=\"en_US\" \/>\n<meta property=\"og:type\" content=\"article\" \/>\n<meta property=\"og:title\" content=\"Fuss Klangschalen \/ XL - Klangschale - Handgeschmiedet\" \/>\n<meta property=\"og:description\" content=\"Diese grossen Klangschalen bestechen vor allem durch ihre tiefen und kraftvollen Kl\u00e4nge. Sprich uns an, wir beraten dich gerne.\" \/>\n<meta property=\"og:url\" content=\"https:\/\/gongcenter.ch\/produkt\/klangschale-7640g\/\" \/>\n<meta property=\"og:site_name\" content=\"Gong Center Schweiz I Dein Gong und Klanginstrumente Fachgesch\u00e4ft\" \/>\n<meta property=\"article:modified_time\" content=\"2023-10-20T15:21:34+00:00\" \/>\n<meta property=\"og:image\" content=\"https:\/\/gongcenter.ch\/app\/uploads\/2022\/11\/klangschale59-7.64-e1668095050772.jpg\" \/>\n\t<meta property=\"og:image:width\" content=\"1000\" \/>\n\t<meta property=\"og:image:height\" content=\"1000\" \/>\n\t<meta property=\"og:image:type\" content=\"image\/jpeg\" \/>\n<meta name=\"twitter:card\" content=\"summary_large_image\" \/>\n<meta name=\"twitter:label1\" content=\"Est. reading time\" \/>\n\t<meta name=\"twitter:data1\" content=\"1 minute\" \/>\n<!-- \/ Yoast SEO plugin. -->","yoast_head_json":{"title":"Fuss Klangschalen \/ XL - Klangschale - Handgeschmiedet","description":"Diese grossen Klangschalen bestechen vor allem durch ihre tiefen und kraftvollen Kl\u00e4nge. Sprich uns an, wir beraten dich gerne.","robots":{"index":"index","follow":"follow","max-snippet":"max-snippet:-1","max-image-preview":"max-image-preview:large","max-video-preview":"max-video-preview:-1"},"canonical":"https:\/\/gongcenter.ch\/produkt\/klangschale-7640g\/","og_locale":"en_US","og_type":"article","og_title":"Fuss Klangschalen \/ XL - Klangschale - Handgeschmiedet","og_description":"Diese grossen Klangschalen bestechen vor allem durch ihre tiefen und kraftvollen Kl\u00e4nge. Sprich uns an, wir beraten dich gerne.","og_url":"https:\/\/gongcenter.ch\/produkt\/klangschale-7640g\/","og_site_name":"Gong Center Schweiz I Dein Gong und Klanginstrumente Fachgesch\u00e4ft","article_modified_time":"2023-10-20T15:21:34+00:00","og_image":[{"width":1000,"height":1000,"url":"https:\/\/gongcenter.ch\/app\/uploads\/2022\/11\/klangschale59-7.64-e1668095050772.jpg","type":"image\/jpeg"}],"twitter_card":"summary_large_image","twitter_misc":{"Est. reading time":"1 minute"},"schema":{"@context":"https:\/\/schema.org","@graph":[{"@type":"WebPage","@id":"https:\/\/gongcenter.ch\/produkt\/klangschale-7640g\/","url":"https:\/\/gongcenter.ch\/produkt\/klangschale-7640g\/","name":"Fuss Klangschalen \/ XL - Klangschale - Handgeschmiedet","isPartOf":{"@id":"https:\/\/gongcenter.ch\/#website"},"primaryImageOfPage":{"@id":"https:\/\/gongcenter.ch\/produkt\/klangschale-7640g\/#primaryimage"},"image":{"@id":"https:\/\/gongcenter.ch\/produkt\/klangschale-7640g\/#primaryimage"},"thumbnailUrl":"https:\/\/gongcenter.ch\/app\/uploads\/2022\/11\/klangschale59-7.64-e1668095050772.jpg","datePublished":"2022-11-09T12:48:27+00:00","dateModified":"2023-10-20T15:21:34+00:00","description":"Diese grossen Klangschalen bestechen vor allem durch ihre tiefen und kraftvollen Kl\u00e4nge. Sprich uns an, wir beraten dich gerne.","breadcrumb":{"@id":"https:\/\/gongcenter.ch\/produkt\/klangschale-7640g\/#breadcrumb"},"inLanguage":"en-US","potentialAction":[{"@type":"ReadAction","target":["https:\/\/gongcenter.ch\/produkt\/klangschale-7640g\/"]}]},{"@type":"ImageObject","inLanguage":"en-US","@id":"https:\/\/gongcenter.ch\/produkt\/klangschale-7640g\/#primaryimage","url":"https:\/\/gongcenter.ch\/app\/uploads\/2022\/11\/klangschale59-7.64-e1668095050772.jpg","contentUrl":"https:\/\/gongcenter.ch\/app\/uploads\/2022\/11\/klangschale59-7.64-e1668095050772.jpg","width":1000,"height":1000},{"@type":"BreadcrumbList","@id":"https:\/\/gongcenter.ch\/produkt\/klangschale-7640g\/#breadcrumb","itemListElement":[{"@type":"ListItem","position":1,"name":"Startseite","item":"https:\/\/gongcenter.ch\/en\/"},{"@type":"ListItem","position":2,"name":"Shop","item":"https:\/\/gongcenter.ch\/en\/shop\/"},{"@type":"ListItem","position":3,"name":"Klangschale \u00f8 31 cm"}]},{"@type":"WebSite","@id":"https:\/\/gongcenter.ch\/#website","url":"https:\/\/gongcenter.ch\/","name":"Gong Center Schweiz I Dein Gong und Klanginstrumente Fachgesch\u00e4ft","description":"Entdecke eine grosse Gong Auswahl sowie weitere Klanginstrumente - Wir sind Gong Klangtherapeut und bieten dir Top Qualit\u00e4t und Beratung.","publisher":{"@id":"https:\/\/gongcenter.ch\/#organization"},"potentialAction":[{"@type":"SearchAction","target":{"@type":"EntryPoint","urlTemplate":"https:\/\/gongcenter.ch\/?s={search_term_string}"},"query-input":{"@type":"PropertyValueSpecification","valueRequired":true,"valueName":"search_term_string"}}],"inLanguage":"en-US"},{"@type":"Organization","@id":"https:\/\/gongcenter.ch\/#organization","name":"Gongcenter Z\u00fcrich I Das Fachgesch\u00e4ft f\u00fcr Gong und Klang","url":"https:\/\/gongcenter.ch\/","logo":{"@type":"ImageObject","inLanguage":"en-US","@id":"https:\/\/gongcenter.ch\/#\/schema\/logo\/image\/","url":"https:\/\/gongcenter.ch\/app\/uploads\/2018\/05\/Gong-Center_Logo_2000_black.png","contentUrl":"https:\/\/gongcenter.ch\/app\/uploads\/2018\/05\/Gong-Center_Logo_2000_black.png","width":2000,"height":600,"caption":"Gongcenter Z\u00fcrich I Das Fachgesch\u00e4ft f\u00fcr Gong und Klang"},"image":{"@id":"https:\/\/gongcenter.ch\/#\/schema\/logo\/image\/"}}]}},"acf":[],"_links":{"self":[{"href":"https:\/\/gongcenter.ch\/en\/wp-json\/wp\/v2\/product\/30332","targetHints":{"allow":["GET"]}}],"collection":[{"href":"https:\/\/gongcenter.ch\/en\/wp-json\/wp\/v2\/product"}],"about":[{"href":"https:\/\/gongcenter.ch\/en\/wp-json\/wp\/v2\/types\/product"}],"wp:featuredmedia":[{"embeddable":true,"href":"https:\/\/gongcenter.ch\/en\/wp-json\/wp\/v2\/media\/30357"}],"wp:attachment":[{"href":"https:\/\/gongcenter.ch\/en\/wp-json\/wp\/v2\/media?parent=30332"}],"wp:term":[{"taxonomy":"product_brand","embeddable":true,"href":"https:\/\/gongcenter.ch\/en\/wp-json\/wp\/v2\/product_brand?post=30332"},{"taxonomy":"product_cat","embeddable":true,"href":"https:\/\/gongcenter.ch\/en\/wp-json\/wp\/v2\/product_cat?post=30332"},{"taxonomy":"product_tag","embeddable":true,"href":"https:\/\/gongcenter.ch\/en\/wp-json\/wp\/v2\/product_tag?post=30332"}],"curies":[{"name":"wp","href":"https:\/\/api.w.org\/{rel}","templated":true}]}}