{"id":30386,"date":"2022-11-10T17:31:33","date_gmt":"2022-11-10T16:31:33","guid":{"rendered":"https:\/\/gongcenter.ch\/?post_type=product&#038;p=30386"},"modified":"2023-07-08T16:44:39","modified_gmt":"2023-07-08T15:44:39","slug":"klangschale-5480g","status":"publish","type":"product","link":"https:\/\/gongcenter.ch\/en\/product\/klangschale-5480g\/","title":{"rendered":"Klangschale \u00f8 38 cm"},"content":{"rendered":"<p>Tibetische Klangschale Uranus\/Neptun aus dem exil-tibetischen Himalaya.<\/p>\n","protected":false},"excerpt":{"rendered":"<ul>\r\n \t<li>Planetenton: Uranus \/ Neptun<\/li>\r\n \t<li>Durchmesser: 38 cm<\/li>\r\n \t<li>H\u00f6he: 15.3 cm<\/li>\r\n \t<li>Gewicht: 5.48 Kg<\/li>\r\n<\/ul>\r\n<strong>Lieferumfang inkl.:<\/strong>\r\n<ul>\r\n \t<li>Kissen<\/li>\r\n \t<li>Filzschl\u00e4gel<\/li>\r\n \t<li>Lederkl\u00f6ppel<\/li>\r\n<\/ul>","protected":false},"featured_media":30387,"template":"","meta":[],"product_brand":[],"product_cat":[686],"product_tag":[],"class_list":{"0":"post-30386","1":"product","2":"type-product","3":"status-publish","4":"has-post-thumbnail","6":"product_cat-klangschalen","7":"product_shipping_class-kostenloser-versand-innerhalb-der-schweiz","9":"first","10":"instock","11":"taxable","12":"shipping-taxable","13":"purchasable","14":"product-type-simple"},"yoast_head":"<!-- This site is optimized with the Yoast SEO plugin v27.0 - https:\/\/yoast.com\/product\/yoast-seo-wordpress\/ -->\n<title>Klangschale \u00f8 38 cm - Gong Center Schweiz I Dein Gong und Klanginstrumente Fachgesch\u00e4ft<\/title>\n<meta name=\"robots\" content=\"index, follow, max-snippet:-1, max-image-preview:large, max-video-preview:-1\" \/>\n<link rel=\"canonical\" href=\"https:\/\/gongcenter.ch\/produkt\/klangschale-5480g\/\" \/>\n<meta property=\"og:locale\" content=\"en_US\" \/>\n<meta property=\"og:type\" content=\"article\" \/>\n<meta property=\"og:title\" content=\"Klangschale \u00f8 38 cm - Gong Center Schweiz I Dein Gong und Klanginstrumente Fachgesch\u00e4ft\" \/>\n<meta property=\"og:description\" content=\"Planetenton: Uranus \/ Neptun  Durchmesser: 38 cm  H\u00f6he: 15.3 cm  Gewicht: 5.48 Kg  Lieferumfang inkl.:   Kissen  Filzschl\u00e4gel  Lederkl\u00f6ppel\" \/>\n<meta property=\"og:url\" content=\"https:\/\/gongcenter.ch\/produkt\/klangschale-5480g\/\" \/>\n<meta property=\"og:site_name\" content=\"Gong Center Schweiz I Dein Gong und Klanginstrumente Fachgesch\u00e4ft\" \/>\n<meta property=\"article:modified_time\" content=\"2023-07-08T15:44:39+00:00\" \/>\n<meta property=\"og:image\" content=\"https:\/\/gongcenter.ch\/app\/uploads\/2022\/11\/klangschale61-5.48-e1668098071594.jpg\" \/>\n\t<meta property=\"og:image:width\" content=\"1000\" \/>\n\t<meta property=\"og:image:height\" content=\"1000\" \/>\n\t<meta property=\"og:image:type\" content=\"image\/jpeg\" \/>\n<meta name=\"twitter:card\" content=\"summary_large_image\" \/>\n<meta name=\"twitter:label1\" content=\"Est. reading time\" \/>\n\t<meta name=\"twitter:data1\" content=\"1 minute\" \/>\n<!-- \/ Yoast SEO plugin. -->","yoast_head_json":{"title":"Klangschale \u00f8 38 cm - Gong Center Schweiz I Dein Gong und Klanginstrumente Fachgesch\u00e4ft","robots":{"index":"index","follow":"follow","max-snippet":"max-snippet:-1","max-image-preview":"max-image-preview:large","max-video-preview":"max-video-preview:-1"},"canonical":"https:\/\/gongcenter.ch\/produkt\/klangschale-5480g\/","og_locale":"en_US","og_type":"article","og_title":"Klangschale \u00f8 38 cm - Gong Center Schweiz I Dein Gong und Klanginstrumente Fachgesch\u00e4ft","og_description":"Planetenton: Uranus \/ Neptun  Durchmesser: 38 cm  H\u00f6he: 15.3 cm  Gewicht: 5.48 Kg  Lieferumfang inkl.:   Kissen  Filzschl\u00e4gel  Lederkl\u00f6ppel","og_url":"https:\/\/gongcenter.ch\/produkt\/klangschale-5480g\/","og_site_name":"Gong Center Schweiz I Dein Gong und Klanginstrumente Fachgesch\u00e4ft","article_modified_time":"2023-07-08T15:44:39+00:00","og_image":[{"width":1000,"height":1000,"url":"https:\/\/gongcenter.ch\/app\/uploads\/2022\/11\/klangschale61-5.48-e1668098071594.jpg","type":"image\/jpeg"}],"twitter_card":"summary_large_image","twitter_misc":{"Est. reading time":"1 minute"},"schema":{"@context":"https:\/\/schema.org","@graph":[{"@type":"WebPage","@id":"https:\/\/gongcenter.ch\/produkt\/klangschale-5480g\/","url":"https:\/\/gongcenter.ch\/produkt\/klangschale-5480g\/","name":"Klangschale \u00f8 38 cm - Gong Center Schweiz I Dein Gong und Klanginstrumente Fachgesch\u00e4ft","isPartOf":{"@id":"https:\/\/gongcenter.ch\/#website"},"primaryImageOfPage":{"@id":"https:\/\/gongcenter.ch\/produkt\/klangschale-5480g\/#primaryimage"},"image":{"@id":"https:\/\/gongcenter.ch\/produkt\/klangschale-5480g\/#primaryimage"},"thumbnailUrl":"https:\/\/gongcenter.ch\/app\/uploads\/2022\/11\/klangschale61-5.48-e1668098071594.jpg","datePublished":"2022-11-10T16:31:33+00:00","dateModified":"2023-07-08T15:44:39+00:00","breadcrumb":{"@id":"https:\/\/gongcenter.ch\/produkt\/klangschale-5480g\/#breadcrumb"},"inLanguage":"en-US","potentialAction":[{"@type":"ReadAction","target":["https:\/\/gongcenter.ch\/produkt\/klangschale-5480g\/"]}]},{"@type":"ImageObject","inLanguage":"en-US","@id":"https:\/\/gongcenter.ch\/produkt\/klangschale-5480g\/#primaryimage","url":"https:\/\/gongcenter.ch\/app\/uploads\/2022\/11\/klangschale61-5.48-e1668098071594.jpg","contentUrl":"https:\/\/gongcenter.ch\/app\/uploads\/2022\/11\/klangschale61-5.48-e1668098071594.jpg","width":1000,"height":1000},{"@type":"BreadcrumbList","@id":"https:\/\/gongcenter.ch\/produkt\/klangschale-5480g\/#breadcrumb","itemListElement":[{"@type":"ListItem","position":1,"name":"Startseite","item":"https:\/\/gongcenter.ch\/en\/"},{"@type":"ListItem","position":2,"name":"Shop","item":"https:\/\/gongcenter.ch\/en\/shop\/"},{"@type":"ListItem","position":3,"name":"Klangschale \u00f8 38 cm"}]},{"@type":"WebSite","@id":"https:\/\/gongcenter.ch\/#website","url":"https:\/\/gongcenter.ch\/","name":"Gong Center Schweiz I Dein Gong und Klanginstrumente Fachgesch\u00e4ft","description":"Entdecke eine grosse Gong Auswahl sowie weitere Klanginstrumente - Wir sind Gong Klangtherapeut und bieten dir Top Qualit\u00e4t und Beratung.","publisher":{"@id":"https:\/\/gongcenter.ch\/#organization"},"potentialAction":[{"@type":"SearchAction","target":{"@type":"EntryPoint","urlTemplate":"https:\/\/gongcenter.ch\/?s={search_term_string}"},"query-input":{"@type":"PropertyValueSpecification","valueRequired":true,"valueName":"search_term_string"}}],"inLanguage":"en-US"},{"@type":"Organization","@id":"https:\/\/gongcenter.ch\/#organization","name":"Gongcenter Z\u00fcrich I Das Fachgesch\u00e4ft f\u00fcr Gong und Klang","url":"https:\/\/gongcenter.ch\/","logo":{"@type":"ImageObject","inLanguage":"en-US","@id":"https:\/\/gongcenter.ch\/#\/schema\/logo\/image\/","url":"https:\/\/gongcenter.ch\/app\/uploads\/2018\/05\/Gong-Center_Logo_2000_black.png","contentUrl":"https:\/\/gongcenter.ch\/app\/uploads\/2018\/05\/Gong-Center_Logo_2000_black.png","width":2000,"height":600,"caption":"Gongcenter Z\u00fcrich I Das Fachgesch\u00e4ft f\u00fcr Gong und Klang"},"image":{"@id":"https:\/\/gongcenter.ch\/#\/schema\/logo\/image\/"}}]}},"acf":[],"_links":{"self":[{"href":"https:\/\/gongcenter.ch\/en\/wp-json\/wp\/v2\/product\/30386","targetHints":{"allow":["GET"]}}],"collection":[{"href":"https:\/\/gongcenter.ch\/en\/wp-json\/wp\/v2\/product"}],"about":[{"href":"https:\/\/gongcenter.ch\/en\/wp-json\/wp\/v2\/types\/product"}],"wp:featuredmedia":[{"embeddable":true,"href":"https:\/\/gongcenter.ch\/en\/wp-json\/wp\/v2\/media\/30387"}],"wp:attachment":[{"href":"https:\/\/gongcenter.ch\/en\/wp-json\/wp\/v2\/media?parent=30386"}],"wp:term":[{"taxonomy":"product_brand","embeddable":true,"href":"https:\/\/gongcenter.ch\/en\/wp-json\/wp\/v2\/product_brand?post=30386"},{"taxonomy":"product_cat","embeddable":true,"href":"https:\/\/gongcenter.ch\/en\/wp-json\/wp\/v2\/product_cat?post=30386"},{"taxonomy":"product_tag","embeddable":true,"href":"https:\/\/gongcenter.ch\/en\/wp-json\/wp\/v2\/product_tag?post=30386"}],"curies":[{"name":"wp","href":"https:\/\/api.w.org\/{rel}","templated":true}]}}