{"id":31172,"date":"2023-02-14T17:02:07","date_gmt":"2023-02-14T16:02:07","guid":{"rendered":"https:\/\/gongcenter.ch\/?post_type=product&#038;p=31172"},"modified":"2023-07-04T14:06:29","modified_gmt":"2023-07-04T13:06:29","slug":"holzkloeppel-19x2-cm","status":"publish","type":"product","link":"https:\/\/gongcenter.ch\/en\/product\/holzkloeppel-19x2-cm\/","title":{"rendered":"Holzkl\u00f6ppel 19&#215;2 cm"},"content":{"rendered":"<p>19&#215;2 cm Holzkl\u00f6ppel f\u00fcr bis 200g Klangschalen.<\/p>\n","protected":false},"excerpt":{"rendered":"H\u00f6he: 19 cm\r\n\r\nBreite: 2 cm\r\n\r\n&nbsp;","protected":false},"featured_media":31177,"template":"","meta":[],"product_brand":[],"product_cat":[1235],"product_tag":[],"class_list":{"0":"post-31172","1":"product","2":"type-product","3":"status-publish","4":"has-post-thumbnail","6":"product_cat-zubehoer-klanginstrumente","7":"product_shipping_class-bis-199-chf-9-90-chf","9":"first","10":"instock","11":"taxable","12":"shipping-taxable","13":"purchasable","14":"product-type-simple"},"yoast_head":"<!-- This site is optimized with the Yoast SEO plugin v27.0 - https:\/\/yoast.com\/product\/yoast-seo-wordpress\/ -->\n<title>Holzkl\u00f6ppel 19 x 2 cm | Der Schl\u00e4ger f\u00fcr kleine Klangschalen<\/title>\n<meta name=\"description\" content=\"Dieser Holzkl\u00f6ppel ist der perfekte Schl\u00e4ger f\u00fcr kleine Klangschalen von 200 bis 500 Gramm. Jetzt entdecken.\" \/>\n<meta name=\"robots\" content=\"index, follow, max-snippet:-1, max-image-preview:large, max-video-preview:-1\" \/>\n<link rel=\"canonical\" href=\"https:\/\/gongcenter.ch\/produkt\/holzkloeppel-19x2-cm\/\" \/>\n<meta property=\"og:locale\" content=\"en_US\" \/>\n<meta property=\"og:type\" content=\"article\" \/>\n<meta property=\"og:title\" content=\"Holzkl\u00f6ppel 19 x 2 cm | Der Schl\u00e4ger f\u00fcr kleine Klangschalen\" \/>\n<meta property=\"og:description\" content=\"Dieser Holzkl\u00f6ppel ist der perfekte Schl\u00e4ger f\u00fcr kleine Klangschalen von 200 bis 500 Gramm. Jetzt entdecken.\" \/>\n<meta property=\"og:url\" content=\"https:\/\/gongcenter.ch\/produkt\/holzkloeppel-19x2-cm\/\" \/>\n<meta property=\"og:site_name\" content=\"Gong Center Schweiz I Dein Gong und Klanginstrumente Fachgesch\u00e4ft\" \/>\n<meta property=\"article:modified_time\" content=\"2023-07-04T13:06:29+00:00\" \/>\n<meta property=\"og:image\" content=\"https:\/\/gongcenter.ch\/app\/uploads\/2023\/02\/holzkloeppel_19x2cm.png\" \/>\n\t<meta property=\"og:image:width\" content=\"578\" \/>\n\t<meta property=\"og:image:height\" content=\"432\" \/>\n\t<meta property=\"og:image:type\" content=\"image\/png\" \/>\n<meta name=\"twitter:card\" content=\"summary_large_image\" \/>\n<meta name=\"twitter:label1\" content=\"Est. reading time\" \/>\n\t<meta name=\"twitter:data1\" content=\"1 minute\" \/>\n<!-- \/ Yoast SEO plugin. -->","yoast_head_json":{"title":"Holzkl\u00f6ppel 19 x 2 cm | Der Schl\u00e4ger f\u00fcr kleine Klangschalen","description":"Dieser Holzkl\u00f6ppel ist der perfekte Schl\u00e4ger f\u00fcr kleine Klangschalen von 200 bis 500 Gramm. Jetzt entdecken.","robots":{"index":"index","follow":"follow","max-snippet":"max-snippet:-1","max-image-preview":"max-image-preview:large","max-video-preview":"max-video-preview:-1"},"canonical":"https:\/\/gongcenter.ch\/produkt\/holzkloeppel-19x2-cm\/","og_locale":"en_US","og_type":"article","og_title":"Holzkl\u00f6ppel 19 x 2 cm | Der Schl\u00e4ger f\u00fcr kleine Klangschalen","og_description":"Dieser Holzkl\u00f6ppel ist der perfekte Schl\u00e4ger f\u00fcr kleine Klangschalen von 200 bis 500 Gramm. Jetzt entdecken.","og_url":"https:\/\/gongcenter.ch\/produkt\/holzkloeppel-19x2-cm\/","og_site_name":"Gong Center Schweiz I Dein Gong und Klanginstrumente Fachgesch\u00e4ft","article_modified_time":"2023-07-04T13:06:29+00:00","og_image":[{"width":578,"height":432,"url":"https:\/\/gongcenter.ch\/app\/uploads\/2023\/02\/holzkloeppel_19x2cm.png","type":"image\/png"}],"twitter_card":"summary_large_image","twitter_misc":{"Est. reading time":"1 minute"},"schema":{"@context":"https:\/\/schema.org","@graph":[{"@type":"WebPage","@id":"https:\/\/gongcenter.ch\/produkt\/holzkloeppel-19x2-cm\/","url":"https:\/\/gongcenter.ch\/produkt\/holzkloeppel-19x2-cm\/","name":"Holzkl\u00f6ppel 19 x 2 cm | Der Schl\u00e4ger f\u00fcr kleine Klangschalen","isPartOf":{"@id":"https:\/\/gongcenter.ch\/#website"},"primaryImageOfPage":{"@id":"https:\/\/gongcenter.ch\/produkt\/holzkloeppel-19x2-cm\/#primaryimage"},"image":{"@id":"https:\/\/gongcenter.ch\/produkt\/holzkloeppel-19x2-cm\/#primaryimage"},"thumbnailUrl":"https:\/\/gongcenter.ch\/app\/uploads\/2023\/02\/holzkloeppel_19x2cm.png","datePublished":"2023-02-14T16:02:07+00:00","dateModified":"2023-07-04T13:06:29+00:00","description":"Dieser Holzkl\u00f6ppel ist der perfekte Schl\u00e4ger f\u00fcr kleine Klangschalen von 200 bis 500 Gramm. Jetzt entdecken.","breadcrumb":{"@id":"https:\/\/gongcenter.ch\/produkt\/holzkloeppel-19x2-cm\/#breadcrumb"},"inLanguage":"en-US","potentialAction":[{"@type":"ReadAction","target":["https:\/\/gongcenter.ch\/produkt\/holzkloeppel-19x2-cm\/"]}]},{"@type":"ImageObject","inLanguage":"en-US","@id":"https:\/\/gongcenter.ch\/produkt\/holzkloeppel-19x2-cm\/#primaryimage","url":"https:\/\/gongcenter.ch\/app\/uploads\/2023\/02\/holzkloeppel_19x2cm.png","contentUrl":"https:\/\/gongcenter.ch\/app\/uploads\/2023\/02\/holzkloeppel_19x2cm.png","width":578,"height":432},{"@type":"BreadcrumbList","@id":"https:\/\/gongcenter.ch\/produkt\/holzkloeppel-19x2-cm\/#breadcrumb","itemListElement":[{"@type":"ListItem","position":1,"name":"Startseite","item":"https:\/\/gongcenter.ch\/en\/"},{"@type":"ListItem","position":2,"name":"Shop","item":"https:\/\/gongcenter.ch\/en\/shop\/"},{"@type":"ListItem","position":3,"name":"Holzkl\u00f6ppel 19&#215;2 cm"}]},{"@type":"WebSite","@id":"https:\/\/gongcenter.ch\/#website","url":"https:\/\/gongcenter.ch\/","name":"Gong Center Schweiz I Dein Gong und Klanginstrumente Fachgesch\u00e4ft","description":"Entdecke eine grosse Gong Auswahl sowie weitere Klanginstrumente - Wir sind Gong Klangtherapeut und bieten dir Top Qualit\u00e4t und Beratung.","publisher":{"@id":"https:\/\/gongcenter.ch\/#organization"},"potentialAction":[{"@type":"SearchAction","target":{"@type":"EntryPoint","urlTemplate":"https:\/\/gongcenter.ch\/?s={search_term_string}"},"query-input":{"@type":"PropertyValueSpecification","valueRequired":true,"valueName":"search_term_string"}}],"inLanguage":"en-US"},{"@type":"Organization","@id":"https:\/\/gongcenter.ch\/#organization","name":"Gongcenter Z\u00fcrich I Das Fachgesch\u00e4ft f\u00fcr Gong und Klang","url":"https:\/\/gongcenter.ch\/","logo":{"@type":"ImageObject","inLanguage":"en-US","@id":"https:\/\/gongcenter.ch\/#\/schema\/logo\/image\/","url":"https:\/\/gongcenter.ch\/app\/uploads\/2018\/05\/Gong-Center_Logo_2000_black.png","contentUrl":"https:\/\/gongcenter.ch\/app\/uploads\/2018\/05\/Gong-Center_Logo_2000_black.png","width":2000,"height":600,"caption":"Gongcenter Z\u00fcrich I Das Fachgesch\u00e4ft f\u00fcr Gong und Klang"},"image":{"@id":"https:\/\/gongcenter.ch\/#\/schema\/logo\/image\/"}}]}},"acf":[],"_links":{"self":[{"href":"https:\/\/gongcenter.ch\/en\/wp-json\/wp\/v2\/product\/31172","targetHints":{"allow":["GET"]}}],"collection":[{"href":"https:\/\/gongcenter.ch\/en\/wp-json\/wp\/v2\/product"}],"about":[{"href":"https:\/\/gongcenter.ch\/en\/wp-json\/wp\/v2\/types\/product"}],"wp:featuredmedia":[{"embeddable":true,"href":"https:\/\/gongcenter.ch\/en\/wp-json\/wp\/v2\/media\/31177"}],"wp:attachment":[{"href":"https:\/\/gongcenter.ch\/en\/wp-json\/wp\/v2\/media?parent=31172"}],"wp:term":[{"taxonomy":"product_brand","embeddable":true,"href":"https:\/\/gongcenter.ch\/en\/wp-json\/wp\/v2\/product_brand?post=31172"},{"taxonomy":"product_cat","embeddable":true,"href":"https:\/\/gongcenter.ch\/en\/wp-json\/wp\/v2\/product_cat?post=31172"},{"taxonomy":"product_tag","embeddable":true,"href":"https:\/\/gongcenter.ch\/en\/wp-json\/wp\/v2\/product_tag?post=31172"}],"curies":[{"name":"wp","href":"https:\/\/api.w.org\/{rel}","templated":true}]}}