{"id":31247,"date":"2023-02-16T20:04:39","date_gmt":"2023-02-16T19:04:39","guid":{"rendered":"https:\/\/gongcenter.ch\/?post_type=product&#038;p=31247"},"modified":"2025-12-25T03:09:14","modified_gmt":"2025-12-25T02:09:14","slug":"svdisthana-gong-d2-81-cm","status":"publish","type":"product","link":"https:\/\/gongcenter.ch\/en\/product\/svdisthana-gong-d2-81-cm\/","title":{"rendered":"Gongland Svadhisthana Gong 32&#8243;"},"content":{"rendered":"<p>Das Sakralchakra steht im Zusammenhang mit den m\u00e4nnlichen und weiblichen Fortpflanzungsdr\u00fcsen, den Hoden und den Eierst\u00f6cken. Das Element ist Wasser, die Farbe ist Organisieren und der entsprechende Ton ist D.<\/p>\n<p>Es ist verantwortlich f\u00fcr die Sexualit\u00e4t und das Gef\u00fchl, zu einer Gruppe zu geh\u00f6ren und mit anderen in Beziehung treten zu k\u00f6nnen. Wenn es blockiert ist, kann dies zu Problemen mit dem unteren R\u00fccken, den Nieren, der Geb\u00e4rmutter oder der Blase und der Bedeutung der Fruchtbarkeit f\u00fchren.<\/p>\n<p>Das Sakralchakra befindet sich direkt \u00fcber den Sexualorganen und unter dem Nabel, direkt \u00fcber dem Wurzelchakra und ist das Zentrum deiner kreativen und freudvollen Erfahrungen. Das Wurzelchakra gibt dir die Stabilit\u00e4t, um zu erforschen, und das Sakralchakra ist die Freude und der Enthusiasmus, der dich antreibt, es zu tun.<\/p>\n<p>Das Svadisthana-Chakra transformiert die Erdenergie des Wurzelchakras und nutzt sie f\u00fcr Kreativit\u00e4t und Freude. Es ist eine weibliche, flexible, vitale Energie, die mit Ihren Gef\u00fchlen von Gl\u00fcckseligkeit verbunden ist &#8211; aber nicht nur mit Hedonismus! Zu viel des Guten kann irritierend, ja sogar zerst\u00f6rerisch sein. Das Sakralchakra verbindet Sie auch mit innerer Weisheit, Stille und pers\u00f6nlicher Entwicklung.<\/p>\n<p>INFO<br \/>\nAuch wenn Sie hier und bei anderen Gong-Beschreibungen Wirkungen und Entsprechungen finden werden, handelt es sich immer um Beschreibungen von Erfahrungen, die im Verlaufe vieler Jahre gemacht worden sind und sich mitunter auch nur im Kontext der jeweiligen Begrifflichkeiten erschliessen. Alle Texte hier sollen Anregungen und Inspirationen f\u00fcr Ihre Gongarbeit sein. In dem Moment, wo Sie sich mit einer Frequenz besch\u00e4ftigen, erst dann k\u00f6nnen Sie sagen, was diese Frequenz f\u00fcr Sie leisten kann. Fakt ist, jede dieser Frequenzen hat eine spezifische Wirkung \u2013 da alle Menschen verschieden sind, wirken sich diese eben auch unterschiedlich aus. Erst die eigene Erfahrung wird eigenes, wertvolles Wissen generieren k\u00f6nnen.<\/p>\n<p>PFLEGE<br \/>\nGongs laden dazu ein, angefasst zu werden. Das Material ist grunds\u00e4tzlich extrem trocken und hat die Eigenschaft, sofort die nat\u00fcrlichen Fette und \u00d6le aus der Haut aufzusaugen. Der Gong entwickelt dadurch eine leicht unansehnliche Optik. Umgehen Sie dies, indem sie das Pflegen der Oberfl\u00e4che zur Routine werden lassen. Geeignet zur Plege sind Silber- und Metallputzmittel. Seien Sie sorgsam mit dem Nachpolieren, damit die Mallets nicht dunkel werden durch Reste von Putzmittel. Der Klang wird durch die Optik eines Gongs in keinem Fall beeintr\u00e4chtigt.<\/p>\n","protected":false},"excerpt":{"rendered":"<ul>\r\n \t<li aria-level=\"1\"><b>Ton:<\/b> D2 \/ 73.42 Hz<\/li>\r\n \t<li aria-level=\"1\"><b>Sanskrit-Bedeutung:<\/b> &#8220;Dein eigener Sitz&#8221; oder &#8220;Der eigene Platz&#8221;.<\/li>\r\n \t<li aria-level=\"1\"><strong>Farbe:<\/strong> Orange. Orange ist enthusiastisch, freudig und die Farbe der Vitalit\u00e4t und St\u00e4rke. Sie ist gleicherma\u00dfen rot und gelb (verwurzelt und kraftvoll). Sie ist sinnlich und wird mit Tantra assoziiert, der Praxis, die Kundalini-Energie die Wirbels\u00e4ule hinauf zu bewegen, um erleuchtete Zust\u00e4nde zu erreichen.<\/li>\r\n \t<li aria-level=\"1\"><b>Hauptthemen:<\/b> Wasser, Fortpflanzung, Sinnlichkeit, kreativer Ausdruck, Mitgef\u00fchl, Vergn\u00fcgen, Bauchgef\u00fchl und Weisheit. Das Sakralchakra ist heilend und mitf\u00fchlend.<\/li>\r\n \t<li aria-level=\"1\"><b>Ausgeglichenes Svadisthana-Chakra:<\/b> Die Kreativit\u00e4t ist in voller Kraft. Sie haben eine gesunde Einstellung zur Sexualit\u00e4t und zu Ihrem K\u00f6rper, Sie akzeptieren andere und haben Mitgef\u00fchl f\u00fcr deren Schw\u00e4chen. Du bist neugierig und begehrenswert und suchst unabh\u00e4ngig nach diesen Dingen. Sie sind lebhaft, optimistisch und verspielt.<\/li>\r\n \t<li aria-level=\"1\"><b>Ungleichgewicht des Svadisthana-Chakras:<\/b> Unzureichende Grenzen, insbesondere im sexuellen Bereich, sind ein deutliches Anzeichen f\u00fcr ein unausgewogenes Sakralchakra. Vielleicht haben Sie das Gef\u00fchl, dass Sie Ihre sexuellen Triebe nicht kontrollieren k\u00f6nnen, oder dass Sie Sex und Ihren K\u00f6rper extrem unterdr\u00fccken. Eifersucht, Angst, sexuelle Funktionsst\u00f6rungen, zwanghafte oder starke Emotionen und Bindungen oder das Gef\u00fchl, von der eigenen Seele oder dem eigenen Selbst losgel\u00f6st zu sein, sind alles Symptome f\u00fcr ein blockiertes Sakralchakra.<\/li>\r\n \t<li aria-level=\"1\"><b>Aspekte der Natur:<\/b> Fische, Meerestiere, flie\u00dfendes Wasser, Mondlicht, die W\u00e4rme der Sonne, Fortpflanzung.<\/li>\r\n \t<li aria-level=\"1\"><b>Assoziierte Kristalle:<\/b> Karneol, Citrin, Koralle, Mondstein<\/li>\r\n<\/ul>\r\n&nbsp;","protected":false},"featured_media":35796,"template":"","meta":[],"product_brand":[],"product_cat":[1422,1252,493],"product_tag":[],"class_list":{"0":"post-31247","1":"product","2":"type-product","3":"status-publish","4":"has-post-thumbnail","6":"brands-gong-center","7":"product_cat-gongs-auf-lager","8":"product_cat-special-edition","9":"product_cat-tuned-gongs","10":"product_shipping_class-kostenloser-versand-innerhalb-der-schweiz","12":"first","13":"instock","14":"sold-individually","15":"taxable","16":"shipping-taxable","17":"purchasable","18":"product-type-simple"},"yoast_head":"<!-- This site is optimized with the Yoast SEO plugin v27.0 - https:\/\/yoast.com\/product\/yoast-seo-wordpress\/ -->\n<title>Svadhisthana Chakra Gong D2 - 81 cm<\/title>\n<meta name=\"description\" content=\"Das Sakralchakra ist verantwortlich f\u00fcr die Sexualit\u00e4t und das Gef\u00fchl, zu einer Gruppe zu geh\u00f6ren und mit anderen in Beziehung treten zu k\u00f6nnen.\" \/>\n<meta name=\"robots\" content=\"index, follow, max-snippet:-1, max-image-preview:large, max-video-preview:-1\" \/>\n<link rel=\"canonical\" href=\"https:\/\/gongcenter.ch\/produkt\/svdisthana-gong-d2-81-cm\/\" \/>\n<meta property=\"og:locale\" content=\"en_US\" \/>\n<meta property=\"og:type\" content=\"article\" \/>\n<meta property=\"og:title\" content=\"Svadhisthana Chakra Gong D2 - 81 cm\" \/>\n<meta property=\"og:description\" content=\"Das Sakralchakra ist verantwortlich f\u00fcr die Sexualit\u00e4t und das Gef\u00fchl, zu einer Gruppe zu geh\u00f6ren und mit anderen in Beziehung treten zu k\u00f6nnen.\" \/>\n<meta property=\"og:url\" content=\"https:\/\/gongcenter.ch\/produkt\/svdisthana-gong-d2-81-cm\/\" \/>\n<meta property=\"og:site_name\" content=\"Gong Center Schweiz I Dein Gong und Klanginstrumente Fachgesch\u00e4ft\" \/>\n<meta property=\"article:modified_time\" content=\"2025-12-25T02:09:14+00:00\" \/>\n<meta property=\"og:image\" content=\"https:\/\/gongcenter.ch\/app\/uploads\/2024\/07\/svadhistana-32-1h.jpg\" \/>\n\t<meta property=\"og:image:width\" content=\"1200\" \/>\n\t<meta property=\"og:image:height\" content=\"1500\" \/>\n\t<meta property=\"og:image:type\" content=\"image\/jpeg\" \/>\n<meta name=\"twitter:card\" content=\"summary_large_image\" \/>\n<meta name=\"twitter:label1\" content=\"Est. reading time\" \/>\n\t<meta name=\"twitter:data1\" content=\"3 minutes\" \/>\n<!-- \/ Yoast SEO plugin. -->","yoast_head_json":{"title":"Svadhisthana Chakra Gong D2 - 81 cm","description":"Das Sakralchakra ist verantwortlich f\u00fcr die Sexualit\u00e4t und das Gef\u00fchl, zu einer Gruppe zu geh\u00f6ren und mit anderen in Beziehung treten zu k\u00f6nnen.","robots":{"index":"index","follow":"follow","max-snippet":"max-snippet:-1","max-image-preview":"max-image-preview:large","max-video-preview":"max-video-preview:-1"},"canonical":"https:\/\/gongcenter.ch\/produkt\/svdisthana-gong-d2-81-cm\/","og_locale":"en_US","og_type":"article","og_title":"Svadhisthana Chakra Gong D2 - 81 cm","og_description":"Das Sakralchakra ist verantwortlich f\u00fcr die Sexualit\u00e4t und das Gef\u00fchl, zu einer Gruppe zu geh\u00f6ren und mit anderen in Beziehung treten zu k\u00f6nnen.","og_url":"https:\/\/gongcenter.ch\/produkt\/svdisthana-gong-d2-81-cm\/","og_site_name":"Gong Center Schweiz I Dein Gong und Klanginstrumente Fachgesch\u00e4ft","article_modified_time":"2025-12-25T02:09:14+00:00","og_image":[{"width":1200,"height":1500,"url":"https:\/\/gongcenter.ch\/app\/uploads\/2024\/07\/svadhistana-32-1h.jpg","type":"image\/jpeg"}],"twitter_card":"summary_large_image","twitter_misc":{"Est. reading time":"3 minutes"},"schema":{"@context":"https:\/\/schema.org","@graph":[{"@type":"WebPage","@id":"https:\/\/gongcenter.ch\/produkt\/svdisthana-gong-d2-81-cm\/","url":"https:\/\/gongcenter.ch\/produkt\/svdisthana-gong-d2-81-cm\/","name":"Svadhisthana Chakra Gong D2 - 81 cm","isPartOf":{"@id":"https:\/\/gongcenter.ch\/#website"},"primaryImageOfPage":{"@id":"https:\/\/gongcenter.ch\/produkt\/svdisthana-gong-d2-81-cm\/#primaryimage"},"image":{"@id":"https:\/\/gongcenter.ch\/produkt\/svdisthana-gong-d2-81-cm\/#primaryimage"},"thumbnailUrl":"https:\/\/gongcenter.ch\/app\/uploads\/2024\/07\/svadhistana-32-1h.jpg","datePublished":"2023-02-16T19:04:39+00:00","dateModified":"2025-12-25T02:09:14+00:00","description":"Das Sakralchakra ist verantwortlich f\u00fcr die Sexualit\u00e4t und das Gef\u00fchl, zu einer Gruppe zu geh\u00f6ren und mit anderen in Beziehung treten zu k\u00f6nnen.","breadcrumb":{"@id":"https:\/\/gongcenter.ch\/produkt\/svdisthana-gong-d2-81-cm\/#breadcrumb"},"inLanguage":"en-US","potentialAction":[{"@type":"ReadAction","target":["https:\/\/gongcenter.ch\/produkt\/svdisthana-gong-d2-81-cm\/"]}]},{"@type":"ImageObject","inLanguage":"en-US","@id":"https:\/\/gongcenter.ch\/produkt\/svdisthana-gong-d2-81-cm\/#primaryimage","url":"https:\/\/gongcenter.ch\/app\/uploads\/2024\/07\/svadhistana-32-1h.jpg","contentUrl":"https:\/\/gongcenter.ch\/app\/uploads\/2024\/07\/svadhistana-32-1h.jpg","width":1200,"height":1500},{"@type":"BreadcrumbList","@id":"https:\/\/gongcenter.ch\/produkt\/svdisthana-gong-d2-81-cm\/#breadcrumb","itemListElement":[{"@type":"ListItem","position":1,"name":"Startseite","item":"https:\/\/gongcenter.ch\/en\/"},{"@type":"ListItem","position":2,"name":"Shop","item":"https:\/\/gongcenter.ch\/en\/shop\/"},{"@type":"ListItem","position":3,"name":"Gongland Svadhisthana Gong 32&#8243;"}]},{"@type":"WebSite","@id":"https:\/\/gongcenter.ch\/#website","url":"https:\/\/gongcenter.ch\/","name":"Gong Center Schweiz I Dein Gong und Klanginstrumente Fachgesch\u00e4ft","description":"Entdecke eine grosse Gong Auswahl sowie weitere Klanginstrumente - Wir sind Gong Klangtherapeut und bieten dir Top Qualit\u00e4t und Beratung.","publisher":{"@id":"https:\/\/gongcenter.ch\/#organization"},"potentialAction":[{"@type":"SearchAction","target":{"@type":"EntryPoint","urlTemplate":"https:\/\/gongcenter.ch\/?s={search_term_string}"},"query-input":{"@type":"PropertyValueSpecification","valueRequired":true,"valueName":"search_term_string"}}],"inLanguage":"en-US"},{"@type":"Organization","@id":"https:\/\/gongcenter.ch\/#organization","name":"Gongcenter Z\u00fcrich I Das Fachgesch\u00e4ft f\u00fcr Gong und Klang","url":"https:\/\/gongcenter.ch\/","logo":{"@type":"ImageObject","inLanguage":"en-US","@id":"https:\/\/gongcenter.ch\/#\/schema\/logo\/image\/","url":"https:\/\/gongcenter.ch\/app\/uploads\/2018\/05\/Gong-Center_Logo_2000_black.png","contentUrl":"https:\/\/gongcenter.ch\/app\/uploads\/2018\/05\/Gong-Center_Logo_2000_black.png","width":2000,"height":600,"caption":"Gongcenter Z\u00fcrich I Das Fachgesch\u00e4ft f\u00fcr Gong und Klang"},"image":{"@id":"https:\/\/gongcenter.ch\/#\/schema\/logo\/image\/"}}]}},"acf":[],"_links":{"self":[{"href":"https:\/\/gongcenter.ch\/en\/wp-json\/wp\/v2\/product\/31247","targetHints":{"allow":["GET"]}}],"collection":[{"href":"https:\/\/gongcenter.ch\/en\/wp-json\/wp\/v2\/product"}],"about":[{"href":"https:\/\/gongcenter.ch\/en\/wp-json\/wp\/v2\/types\/product"}],"wp:featuredmedia":[{"embeddable":true,"href":"https:\/\/gongcenter.ch\/en\/wp-json\/wp\/v2\/media\/35796"}],"wp:attachment":[{"href":"https:\/\/gongcenter.ch\/en\/wp-json\/wp\/v2\/media?parent=31247"}],"wp:term":[{"taxonomy":"product_brand","embeddable":true,"href":"https:\/\/gongcenter.ch\/en\/wp-json\/wp\/v2\/product_brand?post=31247"},{"taxonomy":"product_cat","embeddable":true,"href":"https:\/\/gongcenter.ch\/en\/wp-json\/wp\/v2\/product_cat?post=31247"},{"taxonomy":"product_tag","embeddable":true,"href":"https:\/\/gongcenter.ch\/en\/wp-json\/wp\/v2\/product_tag?post=31247"}],"curies":[{"name":"wp","href":"https:\/\/api.w.org\/{rel}","templated":true}]}}