{"id":31358,"date":"2023-03-08T11:51:56","date_gmt":"2023-03-08T10:51:56","guid":{"rendered":"https:\/\/gongcenter.ch\/?post_type=product&#038;p=31358"},"modified":"2023-04-18T11:37:50","modified_gmt":"2023-04-18T10:37:50","slug":"gong-mallet-fellbezug-7x33cm","status":"publish","type":"product","link":"https:\/\/gongcenter.ch\/en\/product\/gong-mallet-fellbezug-7x33cm\/","title":{"rendered":"Gong Mallet mit Fellbezug 7 x 33 cm"},"content":{"rendered":"<p>Ein geeigneter Mallet (auch Schlegel genannt) ist die Grundvoraussetzung f\u00fcr ein wohlklingendes, perfektes Gongspielen.<\/p>\n<p>Aus physikalischen Gr\u00fcnden hat jeder Gong einen zu seiner Gr\u00f6\u00dfe perfekt passenden Mallet, dessen Schwungmasse sich aus einem berechnetem Verh\u00e4ltnis von Malletkopf, Griffl\u00e4nge und Schwere insgesamt zusammensetzt. F\u00fcr Frauen ist es jedoch manchmal ratsam, die Mallets eine Nummer kleiner zu w\u00e4hlen, da diese doch recht schwer sind und nach einer Stunde Gongspiel merkt man das deutlich.<\/p>\n<p>Wir spielen meist mit zwei Mallets unterschiedlicher Gr\u00f6\u00dfe, um im Spiel ein gr\u00f6\u00dferes Klangspektrum abrufen zu k\u00f6nnen. Es empfiehlt sich auch, mit unterschiedlichen Malletgr\u00f6\u00dfen zu experimentieren, da unterschiedliche Mallets verschiedenen T\u00f6ne bewirken und man so die M\u00f6glichkeit hat, das Klangpotenzial der Gongs in all seinen Ausdrucksm\u00f6glichkeiten zu entdecken.<\/p>\n<p>&nbsp;<\/p>\n","protected":false},"excerpt":{"rendered":"Kopf-Material: Kunstfell\r\n\r\nGriff: Holz\r\n\r\nL\u00e4nge: 33 cm\r\n\r\nDurchmesser Kopf: 7 cm","protected":false},"featured_media":31370,"template":"","meta":[],"product_brand":[],"product_cat":[65],"product_tag":[],"class_list":{"0":"post-31358","1":"product","2":"type-product","3":"status-publish","4":"has-post-thumbnail","6":"product_cat-gong-zubehoer-mallets-schlaegel","7":"product_shipping_class-bis-199-chf-9-90-chf","8":"pa_groesse-m1","9":"pa_groesse-m2","10":"pa_groesse-m3","11":"pa_groesse-m4","12":"pa_groesse-m5","13":"pa_groesse-m6","14":"pa_groesse-m7","15":"pa_groesse-m8","16":"pa_groesse-m8a","17":"pa_groesse-m9-nicht-verfugbar","19":"first","20":"instock","21":"taxable","22":"shipping-taxable","23":"purchasable","24":"product-type-simple"},"yoast_head":"<!-- This site is optimized with the Yoast SEO plugin v27.0 - https:\/\/yoast.com\/product\/yoast-seo-wordpress\/ -->\n<title>Paiste Gong Mallet | Schl\u00e4gel | Grosse Auswahl an Lager<\/title>\n<meta name=\"description\" content=\"Ein Gong Mallet (Schl\u00e4egel) ist die Grundvoraussetzung f\u00fcr ein wohlklingendes, perfektes Gongspielen. Beste Beratung.\" \/>\n<meta name=\"robots\" content=\"index, follow, max-snippet:-1, max-image-preview:large, max-video-preview:-1\" \/>\n<link rel=\"canonical\" href=\"https:\/\/gongcenter.ch\/produkt\/gong-mallet-fellbezug-7x33cm\/\" \/>\n<meta property=\"og:locale\" content=\"en_US\" \/>\n<meta property=\"og:type\" content=\"article\" \/>\n<meta property=\"og:title\" content=\"Paiste Gong Mallet | Schl\u00e4gel | Grosse Auswahl an Lager\" \/>\n<meta property=\"og:description\" content=\"Ein Gong Mallet (Schl\u00e4egel) ist die Grundvoraussetzung f\u00fcr ein wohlklingendes, perfektes Gongspielen. Beste Beratung.\" \/>\n<meta property=\"og:url\" content=\"https:\/\/gongcenter.ch\/produkt\/gong-mallet-fellbezug-7x33cm\/\" \/>\n<meta property=\"og:site_name\" content=\"Gong Center Schweiz I Dein Gong und Klanginstrumente Fachgesch\u00e4ft\" \/>\n<meta property=\"article:modified_time\" content=\"2023-04-18T10:37:50+00:00\" \/>\n<meta property=\"og:image\" content=\"https:\/\/gongcenter.ch\/app\/uploads\/2023\/03\/gongschlaegel-fell-7x33cm-1.jpg\" \/>\n\t<meta property=\"og:image:width\" content=\"779\" \/>\n\t<meta property=\"og:image:height\" content=\"300\" \/>\n\t<meta property=\"og:image:type\" content=\"image\/jpeg\" \/>\n<meta name=\"twitter:card\" content=\"summary_large_image\" \/>\n<meta name=\"twitter:label1\" content=\"Est. reading time\" \/>\n\t<meta name=\"twitter:data1\" content=\"1 minute\" \/>\n<!-- \/ Yoast SEO plugin. -->","yoast_head_json":{"title":"Paiste Gong Mallet | Schl\u00e4gel | Grosse Auswahl an Lager","description":"Ein Gong Mallet (Schl\u00e4egel) ist die Grundvoraussetzung f\u00fcr ein wohlklingendes, perfektes Gongspielen. Beste Beratung.","robots":{"index":"index","follow":"follow","max-snippet":"max-snippet:-1","max-image-preview":"max-image-preview:large","max-video-preview":"max-video-preview:-1"},"canonical":"https:\/\/gongcenter.ch\/produkt\/gong-mallet-fellbezug-7x33cm\/","og_locale":"en_US","og_type":"article","og_title":"Paiste Gong Mallet | Schl\u00e4gel | Grosse Auswahl an Lager","og_description":"Ein Gong Mallet (Schl\u00e4egel) ist die Grundvoraussetzung f\u00fcr ein wohlklingendes, perfektes Gongspielen. Beste Beratung.","og_url":"https:\/\/gongcenter.ch\/produkt\/gong-mallet-fellbezug-7x33cm\/","og_site_name":"Gong Center Schweiz I Dein Gong und Klanginstrumente Fachgesch\u00e4ft","article_modified_time":"2023-04-18T10:37:50+00:00","og_image":[{"width":779,"height":300,"url":"https:\/\/gongcenter.ch\/app\/uploads\/2023\/03\/gongschlaegel-fell-7x33cm-1.jpg","type":"image\/jpeg"}],"twitter_card":"summary_large_image","twitter_misc":{"Est. reading time":"1 minute"},"schema":{"@context":"https:\/\/schema.org","@graph":[{"@type":"WebPage","@id":"https:\/\/gongcenter.ch\/produkt\/gong-mallet-fellbezug-7x33cm\/","url":"https:\/\/gongcenter.ch\/produkt\/gong-mallet-fellbezug-7x33cm\/","name":"Paiste Gong Mallet | Schl\u00e4gel | Grosse Auswahl an Lager","isPartOf":{"@id":"https:\/\/gongcenter.ch\/#website"},"primaryImageOfPage":{"@id":"https:\/\/gongcenter.ch\/produkt\/gong-mallet-fellbezug-7x33cm\/#primaryimage"},"image":{"@id":"https:\/\/gongcenter.ch\/produkt\/gong-mallet-fellbezug-7x33cm\/#primaryimage"},"thumbnailUrl":"https:\/\/gongcenter.ch\/app\/uploads\/2023\/03\/gongschlaegel-fell-7x33cm-1.jpg","datePublished":"2023-03-08T10:51:56+00:00","dateModified":"2023-04-18T10:37:50+00:00","description":"Ein Gong Mallet (Schl\u00e4egel) ist die Grundvoraussetzung f\u00fcr ein wohlklingendes, perfektes Gongspielen. Beste Beratung.","breadcrumb":{"@id":"https:\/\/gongcenter.ch\/produkt\/gong-mallet-fellbezug-7x33cm\/#breadcrumb"},"inLanguage":"en-US","potentialAction":[{"@type":"ReadAction","target":["https:\/\/gongcenter.ch\/produkt\/gong-mallet-fellbezug-7x33cm\/"]}]},{"@type":"ImageObject","inLanguage":"en-US","@id":"https:\/\/gongcenter.ch\/produkt\/gong-mallet-fellbezug-7x33cm\/#primaryimage","url":"https:\/\/gongcenter.ch\/app\/uploads\/2023\/03\/gongschlaegel-fell-7x33cm-1.jpg","contentUrl":"https:\/\/gongcenter.ch\/app\/uploads\/2023\/03\/gongschlaegel-fell-7x33cm-1.jpg","width":779,"height":300},{"@type":"BreadcrumbList","@id":"https:\/\/gongcenter.ch\/produkt\/gong-mallet-fellbezug-7x33cm\/#breadcrumb","itemListElement":[{"@type":"ListItem","position":1,"name":"Startseite","item":"https:\/\/gongcenter.ch\/en\/"},{"@type":"ListItem","position":2,"name":"Shop","item":"https:\/\/gongcenter.ch\/en\/shop\/"},{"@type":"ListItem","position":3,"name":"Gong Mallet mit Fellbezug 7 x 33 cm"}]},{"@type":"WebSite","@id":"https:\/\/gongcenter.ch\/#website","url":"https:\/\/gongcenter.ch\/","name":"Gong Center Schweiz I Dein Gong und Klanginstrumente Fachgesch\u00e4ft","description":"Entdecke eine grosse Gong Auswahl sowie weitere Klanginstrumente - Wir sind Gong Klangtherapeut und bieten dir Top Qualit\u00e4t und Beratung.","publisher":{"@id":"https:\/\/gongcenter.ch\/#organization"},"potentialAction":[{"@type":"SearchAction","target":{"@type":"EntryPoint","urlTemplate":"https:\/\/gongcenter.ch\/?s={search_term_string}"},"query-input":{"@type":"PropertyValueSpecification","valueRequired":true,"valueName":"search_term_string"}}],"inLanguage":"en-US"},{"@type":"Organization","@id":"https:\/\/gongcenter.ch\/#organization","name":"Gongcenter Z\u00fcrich I Das Fachgesch\u00e4ft f\u00fcr Gong und Klang","url":"https:\/\/gongcenter.ch\/","logo":{"@type":"ImageObject","inLanguage":"en-US","@id":"https:\/\/gongcenter.ch\/#\/schema\/logo\/image\/","url":"https:\/\/gongcenter.ch\/app\/uploads\/2018\/05\/Gong-Center_Logo_2000_black.png","contentUrl":"https:\/\/gongcenter.ch\/app\/uploads\/2018\/05\/Gong-Center_Logo_2000_black.png","width":2000,"height":600,"caption":"Gongcenter Z\u00fcrich I Das Fachgesch\u00e4ft f\u00fcr Gong und Klang"},"image":{"@id":"https:\/\/gongcenter.ch\/#\/schema\/logo\/image\/"}}]}},"acf":[],"_links":{"self":[{"href":"https:\/\/gongcenter.ch\/en\/wp-json\/wp\/v2\/product\/31358","targetHints":{"allow":["GET"]}}],"collection":[{"href":"https:\/\/gongcenter.ch\/en\/wp-json\/wp\/v2\/product"}],"about":[{"href":"https:\/\/gongcenter.ch\/en\/wp-json\/wp\/v2\/types\/product"}],"wp:featuredmedia":[{"embeddable":true,"href":"https:\/\/gongcenter.ch\/en\/wp-json\/wp\/v2\/media\/31370"}],"wp:attachment":[{"href":"https:\/\/gongcenter.ch\/en\/wp-json\/wp\/v2\/media?parent=31358"}],"wp:term":[{"taxonomy":"product_brand","embeddable":true,"href":"https:\/\/gongcenter.ch\/en\/wp-json\/wp\/v2\/product_brand?post=31358"},{"taxonomy":"product_cat","embeddable":true,"href":"https:\/\/gongcenter.ch\/en\/wp-json\/wp\/v2\/product_cat?post=31358"},{"taxonomy":"product_tag","embeddable":true,"href":"https:\/\/gongcenter.ch\/en\/wp-json\/wp\/v2\/product_tag?post=31358"}],"curies":[{"name":"wp","href":"https:\/\/api.w.org\/{rel}","templated":true}]}}