{"id":31843,"date":"2023-03-08T12:01:07","date_gmt":"2023-03-09T16:03:55","guid":{"rendered":"https:\/\/gongcenter.ch\/product\/gong-mallet-mit-fellbezug-4-5-x-33-cm\/"},"modified":"2023-03-09T18:53:16","modified_gmt":"2023-03-09T17:53:16","slug":"gong-mallet-mit-fellbezug-4-5-x-33-cm","status":"publish","type":"product","link":"https:\/\/gongcenter.ch\/en\/product\/gong-mallet-mit-fellbezug-4-5-x-33-cm\/","title":{"rendered":"Gong Mallet with fur cover 4.5 x 33 cm"},"content":{"rendered":"<p>A suitable mallet (also called a mallet) is the basic requirement for melodious, perfect gong playing.<\/p>\n<p>For physical reasons, each gong has a mallet perfectly suited to its size, the flywheel mass of which is made up of a calculated ratio of mallet head, handle length and overall heaviness. For women, however, it is sometimes advisable to choose the mallets one size smaller, because they are quite heavy and after an hour of gong playing you notice that clearly.<\/p>\n<p>We usually play with two mallets of different sizes in order to be able to call up a larger sound spectrum in the game. It is also advisable to experiment with different mallet sizes, as different mallets produce different tones, giving you the opportunity to discover the sound potential of the gongs in all its expressive possibilities.<\/p>\n<p>&nbsp;<\/p>\n","protected":false},"excerpt":{"rendered":"Head Material: Faux Fur\n\nHandle: Wood\n\nLength: 33 cm\n\nDiameter head: 4.5 cm","protected":false},"featured_media":31371,"template":"","meta":[],"product_brand":[],"product_cat":[866],"product_tag":[],"class_list":{"0":"post-31843","1":"product","2":"type-product","3":"status-publish","4":"has-post-thumbnail","6":"product_cat-mallets-schlegel","7":"product_shipping_class-bis-199-chf-9-90-chf-en","8":"pa_groesse-m1-en","9":"pa_groesse-m2-en","10":"pa_groesse-m3-en","11":"pa_groesse-m4-en","12":"pa_groesse-m5-en","13":"pa_groesse-m6-en","14":"pa_groesse-m7-en","15":"pa_groesse-m8-en","16":"pa_groesse-m8a-en","17":"pa_groesse-m9-nicht-verfuegbar","19":"first","20":"instock","21":"taxable","22":"shipping-taxable","23":"purchasable","24":"product-type-simple"},"yoast_head":"<!-- This site is optimized with the Yoast SEO plugin v27.0 - https:\/\/yoast.com\/product\/yoast-seo-wordpress\/ -->\n<title>Paiste Gong Mallet | Schl\u00e4gel | Grosse Auswahl an Lager<\/title>\n<meta name=\"description\" content=\"A gong mallet is the basic requirement for a melodious, perfect gong playing. Best advice.\" \/>\n<meta name=\"robots\" content=\"index, follow, max-snippet:-1, max-image-preview:large, max-video-preview:-1\" \/>\n<link rel=\"canonical\" href=\"https:\/\/gongcenter.ch\/en\/product\/gong-mallet-mit-fellbezug-4-5-x-33-cm\/\" \/>\n<meta property=\"og:locale\" content=\"en_US\" \/>\n<meta property=\"og:type\" content=\"article\" \/>\n<meta property=\"og:title\" content=\"Paiste Gong Mallet | Schl\u00e4gel | Grosse Auswahl an Lager\" \/>\n<meta property=\"og:description\" content=\"A gong mallet is the basic requirement for a melodious, perfect gong playing. Best advice.\" \/>\n<meta property=\"og:url\" content=\"https:\/\/gongcenter.ch\/en\/product\/gong-mallet-mit-fellbezug-4-5-x-33-cm\/\" \/>\n<meta property=\"og:site_name\" content=\"Gong Center Schweiz I Dein Gong und Klanginstrumente Fachgesch\u00e4ft\" \/>\n<meta property=\"article:modified_time\" content=\"2023-03-09T17:53:16+00:00\" \/>\n<meta property=\"og:image\" content=\"https:\/\/gongcenter.ch\/app\/uploads\/2023\/03\/gongschlaegel-fell-7x33cm-1.jpg\" \/>\n\t<meta property=\"og:image:width\" content=\"779\" \/>\n\t<meta property=\"og:image:height\" content=\"300\" \/>\n\t<meta property=\"og:image:type\" content=\"image\/jpeg\" \/>\n<meta name=\"twitter:card\" content=\"summary_large_image\" \/>\n<meta name=\"twitter:label1\" content=\"Est. reading time\" \/>\n\t<meta name=\"twitter:data1\" content=\"1 minute\" \/>\n<!-- \/ Yoast SEO plugin. -->","yoast_head_json":{"title":"Paiste Gong Mallet | Schl\u00e4gel | Grosse Auswahl an Lager","description":"A gong mallet is the basic requirement for a melodious, perfect gong playing. Best advice.","robots":{"index":"index","follow":"follow","max-snippet":"max-snippet:-1","max-image-preview":"max-image-preview:large","max-video-preview":"max-video-preview:-1"},"canonical":"https:\/\/gongcenter.ch\/en\/product\/gong-mallet-mit-fellbezug-4-5-x-33-cm\/","og_locale":"en_US","og_type":"article","og_title":"Paiste Gong Mallet | Schl\u00e4gel | Grosse Auswahl an Lager","og_description":"A gong mallet is the basic requirement for a melodious, perfect gong playing. Best advice.","og_url":"https:\/\/gongcenter.ch\/en\/product\/gong-mallet-mit-fellbezug-4-5-x-33-cm\/","og_site_name":"Gong Center Schweiz I Dein Gong und Klanginstrumente Fachgesch\u00e4ft","article_modified_time":"2023-03-09T17:53:16+00:00","og_image":[{"width":779,"height":300,"url":"https:\/\/gongcenter.ch\/app\/uploads\/2023\/03\/gongschlaegel-fell-7x33cm-1.jpg","type":"image\/jpeg"}],"twitter_card":"summary_large_image","twitter_misc":{"Est. reading time":"1 minute"},"schema":{"@context":"https:\/\/schema.org","@graph":[{"@type":"WebPage","@id":"https:\/\/gongcenter.ch\/en\/product\/gong-mallet-mit-fellbezug-4-5-x-33-cm\/","url":"https:\/\/gongcenter.ch\/en\/product\/gong-mallet-mit-fellbezug-4-5-x-33-cm\/","name":"Paiste Gong Mallet | Schl\u00e4gel | Grosse Auswahl an Lager","isPartOf":{"@id":"https:\/\/gongcenter.ch\/#website"},"primaryImageOfPage":{"@id":"https:\/\/gongcenter.ch\/en\/product\/gong-mallet-mit-fellbezug-4-5-x-33-cm\/#primaryimage"},"image":{"@id":"https:\/\/gongcenter.ch\/en\/product\/gong-mallet-mit-fellbezug-4-5-x-33-cm\/#primaryimage"},"thumbnailUrl":"https:\/\/gongcenter.ch\/app\/uploads\/2023\/03\/gongschlaegel-fell-7x33cm-1.jpg","datePublished":"2023-03-09T16:03:55+00:00","dateModified":"2023-03-09T17:53:16+00:00","description":"A gong mallet is the basic requirement for a melodious, perfect gong playing. Best advice.","breadcrumb":{"@id":"https:\/\/gongcenter.ch\/en\/product\/gong-mallet-mit-fellbezug-4-5-x-33-cm\/#breadcrumb"},"inLanguage":"en-US","potentialAction":[{"@type":"ReadAction","target":["https:\/\/gongcenter.ch\/en\/product\/gong-mallet-mit-fellbezug-4-5-x-33-cm\/"]}]},{"@type":"ImageObject","inLanguage":"en-US","@id":"https:\/\/gongcenter.ch\/en\/product\/gong-mallet-mit-fellbezug-4-5-x-33-cm\/#primaryimage","url":"https:\/\/gongcenter.ch\/app\/uploads\/2023\/03\/gongschlaegel-fell-7x33cm-1.jpg","contentUrl":"https:\/\/gongcenter.ch\/app\/uploads\/2023\/03\/gongschlaegel-fell-7x33cm-1.jpg","width":779,"height":300},{"@type":"BreadcrumbList","@id":"https:\/\/gongcenter.ch\/en\/product\/gong-mallet-mit-fellbezug-4-5-x-33-cm\/#breadcrumb","itemListElement":[{"@type":"ListItem","position":1,"name":"Startseite","item":"https:\/\/gongcenter.ch\/en\/"},{"@type":"ListItem","position":2,"name":"Shop","item":"https:\/\/gongcenter.ch\/en\/shop\/"},{"@type":"ListItem","position":3,"name":"Gong Mallet with fur cover 4.5 x 33 cm"}]},{"@type":"WebSite","@id":"https:\/\/gongcenter.ch\/#website","url":"https:\/\/gongcenter.ch\/","name":"Gong Center Schweiz I Dein Gong und Klanginstrumente Fachgesch\u00e4ft","description":"Entdecke eine grosse Gong Auswahl sowie weitere Klanginstrumente - Wir sind Gong Klangtherapeut und bieten dir Top Qualit\u00e4t und Beratung.","publisher":{"@id":"https:\/\/gongcenter.ch\/#organization"},"potentialAction":[{"@type":"SearchAction","target":{"@type":"EntryPoint","urlTemplate":"https:\/\/gongcenter.ch\/?s={search_term_string}"},"query-input":{"@type":"PropertyValueSpecification","valueRequired":true,"valueName":"search_term_string"}}],"inLanguage":"en-US"},{"@type":"Organization","@id":"https:\/\/gongcenter.ch\/#organization","name":"Gongcenter Z\u00fcrich I Das Fachgesch\u00e4ft f\u00fcr Gong und Klang","url":"https:\/\/gongcenter.ch\/","logo":{"@type":"ImageObject","inLanguage":"en-US","@id":"https:\/\/gongcenter.ch\/#\/schema\/logo\/image\/","url":"https:\/\/gongcenter.ch\/app\/uploads\/2018\/05\/Gong-Center_Logo_2000_black.png","contentUrl":"https:\/\/gongcenter.ch\/app\/uploads\/2018\/05\/Gong-Center_Logo_2000_black.png","width":2000,"height":600,"caption":"Gongcenter Z\u00fcrich I Das Fachgesch\u00e4ft f\u00fcr Gong und Klang"},"image":{"@id":"https:\/\/gongcenter.ch\/#\/schema\/logo\/image\/"}}]}},"acf":[],"_links":{"self":[{"href":"https:\/\/gongcenter.ch\/en\/wp-json\/wp\/v2\/product\/31843","targetHints":{"allow":["GET"]}}],"collection":[{"href":"https:\/\/gongcenter.ch\/en\/wp-json\/wp\/v2\/product"}],"about":[{"href":"https:\/\/gongcenter.ch\/en\/wp-json\/wp\/v2\/types\/product"}],"wp:featuredmedia":[{"embeddable":true,"href":"https:\/\/gongcenter.ch\/en\/wp-json\/wp\/v2\/media\/31371"}],"wp:attachment":[{"href":"https:\/\/gongcenter.ch\/en\/wp-json\/wp\/v2\/media?parent=31843"}],"wp:term":[{"taxonomy":"product_brand","embeddable":true,"href":"https:\/\/gongcenter.ch\/en\/wp-json\/wp\/v2\/product_brand?post=31843"},{"taxonomy":"product_cat","embeddable":true,"href":"https:\/\/gongcenter.ch\/en\/wp-json\/wp\/v2\/product_cat?post=31843"},{"taxonomy":"product_tag","embeddable":true,"href":"https:\/\/gongcenter.ch\/en\/wp-json\/wp\/v2\/product_tag?post=31843"}],"curies":[{"name":"wp","href":"https:\/\/api.w.org\/{rel}","templated":true}]}}