{"id":31856,"date":"2023-03-08T20:00:56","date_gmt":"2023-03-09T17:47:14","guid":{"rendered":"https:\/\/gongcenter.ch\/product\/singing-bowl-pillow\/"},"modified":"2023-03-09T18:47:14","modified_gmt":"2023-03-09T17:47:14","slug":"singing-bowl-pillow","status":"publish","type":"product","link":"https:\/\/gongcenter.ch\/en\/product\/singing-bowl-pillow\/","title":{"rendered":"Singing bowl pillow"},"content":{"rendered":"<p>Singing bowl cushion made of fabric different diameter 12 to 30 cm<\/p>\n<p>Singing bowl pad, non-slip, different colors like blue, red, black and purple<\/p>\n","protected":false},"excerpt":{"rendered":"Diameter:\n<ul>\n \t<li>\u00d8 12 cm<\/li>\n \t<li>\u00d8 15 cm<\/li>\n \t<li>\u00d8 21 cm<\/li>\n \t<li>\u00d8 25 cm<\/li>\n \t<li>\u00d8 30 cm<\/li>\n<\/ul>","protected":false},"featured_media":31846,"template":"","meta":[],"product_brand":[],"product_cat":[1291],"product_tag":[],"class_list":{"0":"post-31856","1":"product","2":"type-product","3":"status-publish","4":"has-post-thumbnail","6":"product_cat-accessories-sound-instruments","7":"product_shipping_class-bis-199-chf-9-90-chf-en","8":"pa_groesse-oe-12-cm-en","9":"pa_groesse-oe-15-cm-en","10":"pa_groesse-oe-21-cm-en","11":"pa_groesse-oe-25-cm-en","12":"pa_groesse-oe-30-cm-en","14":"first","15":"instock","16":"taxable","17":"shipping-taxable","18":"purchasable","19":"product-type-variable"},"yoast_head":"<!-- This site is optimized with the Yoast SEO plugin v27.0 - https:\/\/yoast.com\/product\/yoast-seo-wordpress\/ -->\n<title>Singing bowl pillow - Gong Center Schweiz I Dein Gong und Klanginstrumente Fachgesch\u00e4ft<\/title>\n<meta name=\"robots\" content=\"index, follow, max-snippet:-1, max-image-preview:large, max-video-preview:-1\" \/>\n<link rel=\"canonical\" href=\"https:\/\/gongcenter.ch\/en\/product\/singing-bowl-pillow\/\" \/>\n<meta property=\"og:locale\" content=\"en_US\" \/>\n<meta property=\"og:type\" content=\"article\" \/>\n<meta property=\"og:title\" content=\"Singing bowl pillow - Gong Center Schweiz I Dein Gong und Klanginstrumente Fachgesch\u00e4ft\" \/>\n<meta property=\"og:description\" content=\"Diameter:  \u00d8 12 cm  \u00d8 15 cm  \u00d8 21 cm  \u00d8 25 cm  \u00d8 30 cm\" \/>\n<meta property=\"og:url\" content=\"https:\/\/gongcenter.ch\/en\/product\/singing-bowl-pillow\/\" \/>\n<meta property=\"og:site_name\" content=\"Gong Center Schweiz I Dein Gong und Klanginstrumente Fachgesch\u00e4ft\" \/>\n<meta property=\"og:image\" content=\"https:\/\/gongcenter.ch\/app\/uploads\/2023\/03\/klangschalenkissen-medium-scaled-e1678380021148.jpg\" \/>\n\t<meta property=\"og:image:width\" content=\"2560\" \/>\n\t<meta property=\"og:image:height\" content=\"1916\" \/>\n\t<meta property=\"og:image:type\" content=\"image\/jpeg\" \/>\n<meta name=\"twitter:card\" content=\"summary_large_image\" \/>\n<!-- \/ Yoast SEO plugin. -->","yoast_head_json":{"title":"Singing bowl pillow - Gong Center Schweiz I Dein Gong und Klanginstrumente Fachgesch\u00e4ft","robots":{"index":"index","follow":"follow","max-snippet":"max-snippet:-1","max-image-preview":"max-image-preview:large","max-video-preview":"max-video-preview:-1"},"canonical":"https:\/\/gongcenter.ch\/en\/product\/singing-bowl-pillow\/","og_locale":"en_US","og_type":"article","og_title":"Singing bowl pillow - Gong Center Schweiz I Dein Gong und Klanginstrumente Fachgesch\u00e4ft","og_description":"Diameter:  \u00d8 12 cm  \u00d8 15 cm  \u00d8 21 cm  \u00d8 25 cm  \u00d8 30 cm","og_url":"https:\/\/gongcenter.ch\/en\/product\/singing-bowl-pillow\/","og_site_name":"Gong Center Schweiz I Dein Gong und Klanginstrumente Fachgesch\u00e4ft","og_image":[{"width":2560,"height":1916,"url":"https:\/\/gongcenter.ch\/app\/uploads\/2023\/03\/klangschalenkissen-medium-scaled-e1678380021148.jpg","type":"image\/jpeg"}],"twitter_card":"summary_large_image","schema":{"@context":"https:\/\/schema.org","@graph":[{"@type":"WebPage","@id":"https:\/\/gongcenter.ch\/en\/product\/singing-bowl-pillow\/","url":"https:\/\/gongcenter.ch\/en\/product\/singing-bowl-pillow\/","name":"Singing bowl pillow - Gong Center Schweiz I Dein Gong und Klanginstrumente Fachgesch\u00e4ft","isPartOf":{"@id":"https:\/\/gongcenter.ch\/#website"},"primaryImageOfPage":{"@id":"https:\/\/gongcenter.ch\/en\/product\/singing-bowl-pillow\/#primaryimage"},"image":{"@id":"https:\/\/gongcenter.ch\/en\/product\/singing-bowl-pillow\/#primaryimage"},"thumbnailUrl":"https:\/\/gongcenter.ch\/app\/uploads\/2023\/03\/klangschalenkissen-medium-scaled-e1678380021148.jpg","datePublished":"2023-03-09T17:47:14+00:00","breadcrumb":{"@id":"https:\/\/gongcenter.ch\/en\/product\/singing-bowl-pillow\/#breadcrumb"},"inLanguage":"en-US","potentialAction":[{"@type":"ReadAction","target":["https:\/\/gongcenter.ch\/en\/product\/singing-bowl-pillow\/"]}]},{"@type":"ImageObject","inLanguage":"en-US","@id":"https:\/\/gongcenter.ch\/en\/product\/singing-bowl-pillow\/#primaryimage","url":"https:\/\/gongcenter.ch\/app\/uploads\/2023\/03\/klangschalenkissen-medium-scaled-e1678380021148.jpg","contentUrl":"https:\/\/gongcenter.ch\/app\/uploads\/2023\/03\/klangschalenkissen-medium-scaled-e1678380021148.jpg","width":2560,"height":1916},{"@type":"BreadcrumbList","@id":"https:\/\/gongcenter.ch\/en\/product\/singing-bowl-pillow\/#breadcrumb","itemListElement":[{"@type":"ListItem","position":1,"name":"Startseite","item":"https:\/\/gongcenter.ch\/en\/"},{"@type":"ListItem","position":2,"name":"Shop","item":"https:\/\/gongcenter.ch\/en\/shop\/"},{"@type":"ListItem","position":3,"name":"Singing bowl pillow"}]},{"@type":"WebSite","@id":"https:\/\/gongcenter.ch\/#website","url":"https:\/\/gongcenter.ch\/","name":"Gong Center Schweiz I Dein Gong und Klanginstrumente Fachgesch\u00e4ft","description":"Entdecke eine grosse Gong Auswahl sowie weitere Klanginstrumente - Wir sind Gong Klangtherapeut und bieten dir Top Qualit\u00e4t und Beratung.","publisher":{"@id":"https:\/\/gongcenter.ch\/#organization"},"potentialAction":[{"@type":"SearchAction","target":{"@type":"EntryPoint","urlTemplate":"https:\/\/gongcenter.ch\/?s={search_term_string}"},"query-input":{"@type":"PropertyValueSpecification","valueRequired":true,"valueName":"search_term_string"}}],"inLanguage":"en-US"},{"@type":"Organization","@id":"https:\/\/gongcenter.ch\/#organization","name":"Gongcenter Z\u00fcrich I Das Fachgesch\u00e4ft f\u00fcr Gong und Klang","url":"https:\/\/gongcenter.ch\/","logo":{"@type":"ImageObject","inLanguage":"en-US","@id":"https:\/\/gongcenter.ch\/#\/schema\/logo\/image\/","url":"https:\/\/gongcenter.ch\/app\/uploads\/2018\/05\/Gong-Center_Logo_2000_black.png","contentUrl":"https:\/\/gongcenter.ch\/app\/uploads\/2018\/05\/Gong-Center_Logo_2000_black.png","width":2000,"height":600,"caption":"Gongcenter Z\u00fcrich I Das Fachgesch\u00e4ft f\u00fcr Gong und Klang"},"image":{"@id":"https:\/\/gongcenter.ch\/#\/schema\/logo\/image\/"}}]}},"acf":[],"_links":{"self":[{"href":"https:\/\/gongcenter.ch\/en\/wp-json\/wp\/v2\/product\/31856","targetHints":{"allow":["GET"]}}],"collection":[{"href":"https:\/\/gongcenter.ch\/en\/wp-json\/wp\/v2\/product"}],"about":[{"href":"https:\/\/gongcenter.ch\/en\/wp-json\/wp\/v2\/types\/product"}],"wp:featuredmedia":[{"embeddable":true,"href":"https:\/\/gongcenter.ch\/en\/wp-json\/wp\/v2\/media\/31846"}],"wp:attachment":[{"href":"https:\/\/gongcenter.ch\/en\/wp-json\/wp\/v2\/media?parent=31856"}],"wp:term":[{"taxonomy":"product_brand","embeddable":true,"href":"https:\/\/gongcenter.ch\/en\/wp-json\/wp\/v2\/product_brand?post=31856"},{"taxonomy":"product_cat","embeddable":true,"href":"https:\/\/gongcenter.ch\/en\/wp-json\/wp\/v2\/product_cat?post=31856"},{"taxonomy":"product_tag","embeddable":true,"href":"https:\/\/gongcenter.ch\/en\/wp-json\/wp\/v2\/product_tag?post=31856"}],"curies":[{"name":"wp","href":"https:\/\/api.w.org\/{rel}","templated":true}]}}