{"id":31929,"date":"2023-03-17T18:22:22","date_gmt":"2023-03-17T17:22:22","guid":{"rendered":"https:\/\/gongcenter.ch\/?post_type=product&#038;p=31929"},"modified":"2023-07-04T20:27:49","modified_gmt":"2023-07-04T19:27:49","slug":"klangschalen-set-997","status":"publish","type":"product","link":"https:\/\/gongcenter.ch\/en\/product\/klangschalen-set-997\/","title":{"rendered":"Klangschalen \u00f8 28.5 I 23.5 I 17.5 cm"},"content":{"rendered":"<p>Drei sehr sch\u00f6ne, massive Tibetische Klangschalen.<\/p>\n<p>Mit folgendem Zubeh\u00f6r:<\/p>\n<ul>\n<li>3 Kissen<\/li>\n<li>1\u00a0 Lederkl\u00f6ppel<\/li>\n<li>1 Filzkl\u00f6ppel<\/li>\n<\/ul>\n<p>H\u00f6re in die Klangprobe rein.<\/p>\n<p>&nbsp;<\/p>\n<div><\/div>\n<div><\/div>\n<div class=\"x78zum5 x1iyjqo2 xs83m0k xeuugli x15zctf7\" role=\"none\">\n<div class=\"x1h91t0o xkh2ocl x78zum5 xdt5ytf x13a6bvl x193iq5w x1iyjqo2 xcrg951\" role=\"none\">\n<div class=\"x1r8uery x1iyjqo2\" role=\"none\"><\/div>\n<\/div>\n<\/div>\n<div class=\"x1h91t0o xkh2ocl x78zum5 xdt5ytf x13a6bvl x193iq5w x1c4vz4f xcrg951\" role=\"none\">\n<div id=\"\" class=\"xuk3077 x78zum5 x6ikm8r x10wlt62 xw4jnvo\" role=\"none\">\n<div><\/div>\n<\/div>\n<\/div>\n","protected":false},"excerpt":{"rendered":"<div class=\"x1h91t0o xkh2ocl x78zum5 xdt5ytf x13a6bvl x1r145dm\" role=\"none\">\r\n\r\n1. Klangschale\r\n<ul>\r\n \t<li><span class=\"ILfuVd\" lang=\"de\"><span class=\"hgKElc\">Durchmesser:<\/span><\/span> 28.5 cm<\/li>\r\n \t<li>Gewicht: 2,2 kg<\/li>\r\n \t<li role=\"none\">Grundton: Saturn<\/li>\r\n \t<li role=\"none\">Oberton: Venus<\/li>\r\n<\/ul>\r\n2. Klangschale\r\n<ul>\r\n \t<li><span class=\"ILfuVd\" lang=\"de\"><span class=\"hgKElc\">Durchmesser:<\/span><\/span>\u00a023.5 cm<\/li>\r\n \t<li>Gewicht; 1,69 kg<\/li>\r\n \t<li role=\"none\">Grundton: Venus,<\/li>\r\n \t<li role=\"none\">Oberton: Eros<\/li>\r\n<\/ul>\r\n3. Klangschale\r\n<ul>\r\n \t<li><span class=\"ILfuVd\" lang=\"de\"><span class=\"hgKElc\">Durchmesser:<\/span><\/span> 17.5 cm<\/li>\r\n \t<li>Gewicht; 0,84 kg<\/li>\r\n \t<li role=\"none\">Grundton: Lilith<\/li>\r\n \t<li role=\"none\">Oberton: Jupiter<\/li>\r\n<\/ul>\r\n<\/div>\r\n<div class=\"x1h91t0o xkh2ocl x78zum5 xdt5ytf x13a6bvl x193iq5w x1c4vz4f xcrg951\" role=\"none\">\r\n<div class=\"x78zum5 xdt5ytf x1iyjqo2 x2lah0s xl56j7k x1n2onr6 x1ll7btr x1n327nk x1mpkggp\" aria-hidden=\"true\">\r\n<div class=\"x6s0dn4 x78zum5 x1ll7btr x15zctf7\" role=\"none\"><\/div>\r\n<\/div>\r\n<\/div>","protected":false},"featured_media":31902,"template":"","meta":[],"product_brand":[],"product_cat":[686,1245],"product_tag":[],"class_list":{"0":"post-31929","1":"product","2":"type-product","3":"status-publish","4":"has-post-thumbnail","6":"product_cat-klangschalen","7":"product_cat-klangschalen-set-aktion","8":"product_shipping_class-kostenloser-versand-innerhalb-der-schweiz","10":"first","11":"instock","12":"taxable","13":"shipping-taxable","14":"purchasable","15":"product-type-simple"},"yoast_head":"<!-- This site is optimized with the Yoast SEO plugin v27.0 - https:\/\/yoast.com\/product\/yoast-seo-wordpress\/ -->\n<title>Drei sehr sch\u00f6ne, massive Tibetische Klangschalen mit Zubeh\u00f6r<\/title>\n<meta name=\"description\" content=\"Tibetische Klangschale Set mit passendem Kl\u00f6ppel und Filzring. Tibetische Klangschalen \u2013 ihre Kl\u00e4nge er\u00f6ffnen einen Raum.\" \/>\n<meta name=\"robots\" content=\"index, follow, max-snippet:-1, max-image-preview:large, max-video-preview:-1\" \/>\n<link rel=\"canonical\" href=\"https:\/\/gongcenter.ch\/produkt\/klangschalen-set-997\/\" \/>\n<meta property=\"og:locale\" content=\"en_US\" \/>\n<meta property=\"og:type\" content=\"article\" \/>\n<meta property=\"og:title\" content=\"Drei sehr sch\u00f6ne, massive Tibetische Klangschalen mit Zubeh\u00f6r\" \/>\n<meta property=\"og:description\" content=\"Tibetische Klangschale Set mit passendem Kl\u00f6ppel und Filzring. Tibetische Klangschalen \u2013 ihre Kl\u00e4nge er\u00f6ffnen einen Raum.\" \/>\n<meta property=\"og:url\" content=\"https:\/\/gongcenter.ch\/produkt\/klangschalen-set-997\/\" \/>\n<meta property=\"og:site_name\" content=\"Gong Center Schweiz I Dein Gong und Klanginstrumente Fachgesch\u00e4ft\" \/>\n<meta property=\"article:modified_time\" content=\"2023-07-04T19:27:49+00:00\" \/>\n<meta property=\"og:image\" content=\"https:\/\/gongcenter.ch\/app\/uploads\/2023\/03\/klangschalen-set-333-scaled-e1679072327277.jpg\" \/>\n\t<meta property=\"og:image:width\" content=\"1089\" \/>\n\t<meta property=\"og:image:height\" content=\"453\" \/>\n\t<meta property=\"og:image:type\" content=\"image\/jpeg\" \/>\n<meta name=\"twitter:card\" content=\"summary_large_image\" \/>\n<meta name=\"twitter:label1\" content=\"Est. reading time\" \/>\n\t<meta name=\"twitter:data1\" content=\"1 minute\" \/>\n<!-- \/ Yoast SEO plugin. -->","yoast_head_json":{"title":"Drei sehr sch\u00f6ne, massive Tibetische Klangschalen mit Zubeh\u00f6r","description":"Tibetische Klangschale Set mit passendem Kl\u00f6ppel und Filzring. Tibetische Klangschalen \u2013 ihre Kl\u00e4nge er\u00f6ffnen einen Raum.","robots":{"index":"index","follow":"follow","max-snippet":"max-snippet:-1","max-image-preview":"max-image-preview:large","max-video-preview":"max-video-preview:-1"},"canonical":"https:\/\/gongcenter.ch\/produkt\/klangschalen-set-997\/","og_locale":"en_US","og_type":"article","og_title":"Drei sehr sch\u00f6ne, massive Tibetische Klangschalen mit Zubeh\u00f6r","og_description":"Tibetische Klangschale Set mit passendem Kl\u00f6ppel und Filzring. Tibetische Klangschalen \u2013 ihre Kl\u00e4nge er\u00f6ffnen einen Raum.","og_url":"https:\/\/gongcenter.ch\/produkt\/klangschalen-set-997\/","og_site_name":"Gong Center Schweiz I Dein Gong und Klanginstrumente Fachgesch\u00e4ft","article_modified_time":"2023-07-04T19:27:49+00:00","og_image":[{"width":1089,"height":453,"url":"https:\/\/gongcenter.ch\/app\/uploads\/2023\/03\/klangschalen-set-333-scaled-e1679072327277.jpg","type":"image\/jpeg"}],"twitter_card":"summary_large_image","twitter_misc":{"Est. reading time":"1 minute"},"schema":{"@context":"https:\/\/schema.org","@graph":[{"@type":"WebPage","@id":"https:\/\/gongcenter.ch\/produkt\/klangschalen-set-997\/","url":"https:\/\/gongcenter.ch\/produkt\/klangschalen-set-997\/","name":"Drei sehr sch\u00f6ne, massive Tibetische Klangschalen mit Zubeh\u00f6r","isPartOf":{"@id":"https:\/\/gongcenter.ch\/#website"},"primaryImageOfPage":{"@id":"https:\/\/gongcenter.ch\/produkt\/klangschalen-set-997\/#primaryimage"},"image":{"@id":"https:\/\/gongcenter.ch\/produkt\/klangschalen-set-997\/#primaryimage"},"thumbnailUrl":"https:\/\/gongcenter.ch\/app\/uploads\/2023\/03\/klangschalen-set-333-scaled-e1679072327277.jpg","datePublished":"2023-03-17T17:22:22+00:00","dateModified":"2023-07-04T19:27:49+00:00","description":"Tibetische Klangschale Set mit passendem Kl\u00f6ppel und Filzring. Tibetische Klangschalen \u2013 ihre Kl\u00e4nge er\u00f6ffnen einen Raum.","breadcrumb":{"@id":"https:\/\/gongcenter.ch\/produkt\/klangschalen-set-997\/#breadcrumb"},"inLanguage":"en-US","potentialAction":[{"@type":"ReadAction","target":["https:\/\/gongcenter.ch\/produkt\/klangschalen-set-997\/"]}]},{"@type":"ImageObject","inLanguage":"en-US","@id":"https:\/\/gongcenter.ch\/produkt\/klangschalen-set-997\/#primaryimage","url":"https:\/\/gongcenter.ch\/app\/uploads\/2023\/03\/klangschalen-set-333-scaled-e1679072327277.jpg","contentUrl":"https:\/\/gongcenter.ch\/app\/uploads\/2023\/03\/klangschalen-set-333-scaled-e1679072327277.jpg","width":1089,"height":453},{"@type":"BreadcrumbList","@id":"https:\/\/gongcenter.ch\/produkt\/klangschalen-set-997\/#breadcrumb","itemListElement":[{"@type":"ListItem","position":1,"name":"Startseite","item":"https:\/\/gongcenter.ch\/en\/"},{"@type":"ListItem","position":2,"name":"Shop","item":"https:\/\/gongcenter.ch\/en\/shop\/"},{"@type":"ListItem","position":3,"name":"Klangschalen \u00f8 28.5 I 23.5 I 17.5 cm"}]},{"@type":"WebSite","@id":"https:\/\/gongcenter.ch\/#website","url":"https:\/\/gongcenter.ch\/","name":"Gong Center Schweiz I Dein Gong und Klanginstrumente Fachgesch\u00e4ft","description":"Entdecke eine grosse Gong Auswahl sowie weitere Klanginstrumente - Wir sind Gong Klangtherapeut und bieten dir Top Qualit\u00e4t und Beratung.","publisher":{"@id":"https:\/\/gongcenter.ch\/#organization"},"potentialAction":[{"@type":"SearchAction","target":{"@type":"EntryPoint","urlTemplate":"https:\/\/gongcenter.ch\/?s={search_term_string}"},"query-input":{"@type":"PropertyValueSpecification","valueRequired":true,"valueName":"search_term_string"}}],"inLanguage":"en-US"},{"@type":"Organization","@id":"https:\/\/gongcenter.ch\/#organization","name":"Gongcenter Z\u00fcrich I Das Fachgesch\u00e4ft f\u00fcr Gong und Klang","url":"https:\/\/gongcenter.ch\/","logo":{"@type":"ImageObject","inLanguage":"en-US","@id":"https:\/\/gongcenter.ch\/#\/schema\/logo\/image\/","url":"https:\/\/gongcenter.ch\/app\/uploads\/2018\/05\/Gong-Center_Logo_2000_black.png","contentUrl":"https:\/\/gongcenter.ch\/app\/uploads\/2018\/05\/Gong-Center_Logo_2000_black.png","width":2000,"height":600,"caption":"Gongcenter Z\u00fcrich I Das Fachgesch\u00e4ft f\u00fcr Gong und Klang"},"image":{"@id":"https:\/\/gongcenter.ch\/#\/schema\/logo\/image\/"}}]}},"acf":[],"_links":{"self":[{"href":"https:\/\/gongcenter.ch\/en\/wp-json\/wp\/v2\/product\/31929","targetHints":{"allow":["GET"]}}],"collection":[{"href":"https:\/\/gongcenter.ch\/en\/wp-json\/wp\/v2\/product"}],"about":[{"href":"https:\/\/gongcenter.ch\/en\/wp-json\/wp\/v2\/types\/product"}],"wp:featuredmedia":[{"embeddable":true,"href":"https:\/\/gongcenter.ch\/en\/wp-json\/wp\/v2\/media\/31902"}],"wp:attachment":[{"href":"https:\/\/gongcenter.ch\/en\/wp-json\/wp\/v2\/media?parent=31929"}],"wp:term":[{"taxonomy":"product_brand","embeddable":true,"href":"https:\/\/gongcenter.ch\/en\/wp-json\/wp\/v2\/product_brand?post=31929"},{"taxonomy":"product_cat","embeddable":true,"href":"https:\/\/gongcenter.ch\/en\/wp-json\/wp\/v2\/product_cat?post=31929"},{"taxonomy":"product_tag","embeddable":true,"href":"https:\/\/gongcenter.ch\/en\/wp-json\/wp\/v2\/product_tag?post=31929"}],"curies":[{"name":"wp","href":"https:\/\/api.w.org\/{rel}","templated":true}]}}