{"id":31932,"date":"2023-03-20T14:13:02","date_gmt":"2023-03-20T13:13:02","guid":{"rendered":"https:\/\/gongcenter.ch\/?post_type=product&#038;p=31932"},"modified":"2023-07-03T11:13:56","modified_gmt":"2023-07-03T10:13:56","slug":"shruti-box-in-d-432-hz-medium","status":"publish","type":"product","link":"https:\/\/gongcenter.ch\/en\/product\/shruti-box-in-d-432-hz-medium\/","title":{"rendered":"Shruti Box in D &#8211; 432 Hz \/ Medium"},"content":{"rendered":"<p>Ein Konzertinstrument mit besonders grossem Balgvolumen und weit tragendem Klang. Auch wenn mehrere Klappen ge\u00f6ffnet sind, muss nur langsam gepumpt werden und der Ton bleibt, auch ohne \u00dcbung, sehr stabil.<\/p>\n<p>Durch ihren grossen Balg hat diese Box hat einen sehr weiten Dynamikbereich &#8211; kann also nach Bedarf sehr laut, aber auch extrem leise gespielt werden, ohne das der Ton abbricht oder in der Lautst\u00e4rke schwankt. Somit ist diese Box f\u00fcr die Begleitung von Obertongesang hervorragend geeignet.<\/p>\n<p>Da die Druckfeder besonders kr\u00e4ftig vorgespannt ist und der Balg relativ weit \u00f6ffnet, ist die MKS Gross optimal f\u00fcr das optionale Fusspedal geeignet.<\/p>\n<p>Der Rahmen der Shrutibox ist aus Vollholz und die grossen Balgfl\u00fcgel aus laminiertem Schichtholz, welches hierdurch sehr formstabil ist. Zum Transport lassen sich die Balgfl\u00fcgel durch kleine Riegel fixieren.<\/p>\n<p>Durch die handwerklichen Fertigung kann das Holz oder die Farbe des Balges von der Abbildung leicht abweichen.<\/p>\n<p><strong>Die indische Shrutibox\u2026<\/strong><\/p>\n<p>&#8230;auch \u2018Surpeti\u2019 genannt, erzeugt einen anhaltenden Bordunklang (ein Dauerton, \u00e4hnlich einem Dudelsack) und eignet sich ideal zur Stimmimprovisation oder zum Obertonsingen. Klang und Tonerzeugung sind dem indischen Harmonium oder Akkordeon sehr \u00e4hnlich: durch Bet\u00e4tigung eines Blasebalgs wird im Innern Luft an Metallzungen vorbei geblasen und bringt diese zum Schwingen.<\/p>\n<p>Beide Seiten des Instrumentes funktionieren als Balg. Auf der einen Seite sind Ventile angeordnet. Wird ein Ventil ge\u00f6ffnet, so kann dort Luft entweichen und bringt die dahinter liegende Metallzunge zum Schwingen.<\/p>\n<p><strong>Tonbereich und Stimmung<\/strong><\/p>\n<p>Im Bereich einer Oktave stehen alle 12 chromatischen T\u00f6ne zu Verf\u00fcgung. So kann die Tonh\u00f6he jeder Stimmlage angepasst werden. Im Normalfall w\u00e4hlt man f\u00fcr einen f\u00fclligen Klang zum Grundton noch mindestens die Quinte oder, falls der Grundton h\u00f6her als G sein soll, die Unterquart. Bei Bedarf kann auch noch eine Moll- oder Dur-Terz dazu kommen. Zum tiefsten Ton c kann mit der 13. Klappe auch die Oktave ge\u00f6ffnet werden. Der Kammerton liegt zwischen 440 und 442 Hz, so dass die Shrutibox zusammen mit \u00fcblich gestimmten Instrumenten einsetzbar ist.<\/p>\n<p><strong>Spielweise<\/strong><\/p>\n<p>F\u00fcr das Spielen der Shrutibox sind keinerlei Vorkenntnisse notwendig! Es kann einh\u00e4ndig im Sitzen, oder auch im Stehen gespielt werden. Im Sitzen ruht der Handballen einer Hand auf dem oberen Rand des Instrumentes und die Finger ziehen die obere Kante des Balges zum Spieler hin. Hierdurch wird der Balg mit Luft gef\u00fcllt und die T\u00f6ne der ge\u00f6ffneten Ventile erklingen. Das \u2018Luftholen\u2019 erfolgt durch pl\u00f6tzliches Loslassen des Balges. In dieser Zeit sorgt der gef\u00fcllte Balg auf der anderen Seite daf\u00fcr, dass der Klang weiter klingt und nicht abreisst. Beim Spiel im Stehen kann man das Instrument am Griff an der Oberseite halten und gleichzeitig mit dem Zeigefinger den Balg bet\u00e4tigen. Wem das Gewicht auf die Dauer zu schwer ist, sollte einen Gurt durch den Griff ziehen und die Box \u00fcber der Schulter tragen.<\/p>\n<p><strong>Einsatzzweck<\/strong><\/p>\n<p>Neben der Begleitung in der indischen Musik, dient die Shrutibox bei uns vorwiegend zur Erzeugung eines Grundtons beim Obertonsingen, beim Mantra- und Bajansingen, bei Stimm- und Instrumental -Improvisationen aller Art und als Ambiente bei Meditationsmusik.<\/p>\n<p>F\u00fcr den gleichen Einsatzzweck eignet sich auch die indische Tanpura, die es auch in einer elektronischen Version gibt oder ein Monochord . Bitte beachten Sie: die Shrutibox kann ein indisches Harmonium nicht ersetzen! Sie ist beim Mantrasingen nur bei wenigen grundt\u00f6nigen St\u00fccken einsetzbar. Viele Mantren und Bajans modulieren auch in andere Tonarten, dann passt nat\u00fcrlich ein fest stehender Grundton nicht immer dazu.<\/p>\n<div class=\"moz-signature\"><\/div>\n<div class=\"moz-signature\"><\/div>\n","protected":false},"excerpt":{"rendered":"<ul>\r\n \t<li>Shrutibox \u2018M.K. Sardar Medium\u2019<\/li>\r\n \t<li>Tonrumfang: d-d\u2019<\/li>\r\n \t<li>Kammerton 432 Hz<\/li>\r\n \t<li>Abmessung 38 x 25 x 9 cm<\/li>\r\n \t<li>Gewicht ca. 2,5 kg, Tasche ca. 0,5 kg<\/li>\r\n<\/ul>","protected":false},"featured_media":32576,"template":"","meta":[],"product_brand":[],"product_cat":[1190],"product_tag":[],"class_list":{"0":"post-31932","1":"product","2":"type-product","3":"status-publish","4":"has-post-thumbnail","6":"product_cat-shruti-box-surpeti","7":"product_shipping_class-kostenloser-versand-innerhalb-der-schweiz","9":"first","10":"instock","11":"taxable","12":"shipping-taxable","13":"purchasable","14":"product-type-simple"},"yoast_head":"<!-- This site is optimized with the Yoast SEO plugin v27.0 - https:\/\/yoast.com\/product\/yoast-seo-wordpress\/ -->\n<title>original indische Shrutibox | drei verschiedene Stimmungen<\/title>\n<meta name=\"description\" content=\"Diese originale indische Shruti-Box ist die perfekte Begleitung zum Singen, T\u00f6nen, Chanten. In drei verschiedenen Stimmungen.\" \/>\n<meta name=\"robots\" content=\"index, follow, max-snippet:-1, max-image-preview:large, max-video-preview:-1\" \/>\n<link rel=\"canonical\" href=\"https:\/\/gongcenter.ch\/produkt\/shruti-box-in-d-432-hz-medium\/\" \/>\n<meta property=\"og:locale\" content=\"en_US\" \/>\n<meta property=\"og:type\" content=\"article\" \/>\n<meta property=\"og:title\" content=\"original indische Shrutibox | drei verschiedene Stimmungen\" \/>\n<meta property=\"og:description\" content=\"Diese originale indische Shruti-Box ist die perfekte Begleitung zum Singen, T\u00f6nen, Chanten. In drei verschiedenen Stimmungen.\" \/>\n<meta property=\"og:url\" content=\"https:\/\/gongcenter.ch\/produkt\/shruti-box-in-d-432-hz-medium\/\" \/>\n<meta property=\"og:site_name\" content=\"Gong Center Schweiz I Dein Gong und Klanginstrumente Fachgesch\u00e4ft\" \/>\n<meta property=\"article:modified_time\" content=\"2023-07-03T10:13:56+00:00\" \/>\n<meta property=\"og:image\" content=\"https:\/\/gongcenter.ch\/app\/uploads\/2023\/05\/shruti-box-m2.jpg\" \/>\n\t<meta property=\"og:image:width\" content=\"1500\" \/>\n\t<meta property=\"og:image:height\" content=\"1000\" \/>\n\t<meta property=\"og:image:type\" content=\"image\/jpeg\" \/>\n<meta name=\"twitter:card\" content=\"summary_large_image\" \/>\n<meta name=\"twitter:label1\" content=\"Est. reading time\" \/>\n\t<meta name=\"twitter:data1\" content=\"4 minutes\" \/>\n<!-- \/ Yoast SEO plugin. -->","yoast_head_json":{"title":"original indische Shrutibox | drei verschiedene Stimmungen","description":"Diese originale indische Shruti-Box ist die perfekte Begleitung zum Singen, T\u00f6nen, Chanten. In drei verschiedenen Stimmungen.","robots":{"index":"index","follow":"follow","max-snippet":"max-snippet:-1","max-image-preview":"max-image-preview:large","max-video-preview":"max-video-preview:-1"},"canonical":"https:\/\/gongcenter.ch\/produkt\/shruti-box-in-d-432-hz-medium\/","og_locale":"en_US","og_type":"article","og_title":"original indische Shrutibox | drei verschiedene Stimmungen","og_description":"Diese originale indische Shruti-Box ist die perfekte Begleitung zum Singen, T\u00f6nen, Chanten. In drei verschiedenen Stimmungen.","og_url":"https:\/\/gongcenter.ch\/produkt\/shruti-box-in-d-432-hz-medium\/","og_site_name":"Gong Center Schweiz I Dein Gong und Klanginstrumente Fachgesch\u00e4ft","article_modified_time":"2023-07-03T10:13:56+00:00","og_image":[{"width":1500,"height":1000,"url":"https:\/\/gongcenter.ch\/app\/uploads\/2023\/05\/shruti-box-m2.jpg","type":"image\/jpeg"}],"twitter_card":"summary_large_image","twitter_misc":{"Est. reading time":"4 minutes"},"schema":{"@context":"https:\/\/schema.org","@graph":[{"@type":"WebPage","@id":"https:\/\/gongcenter.ch\/produkt\/shruti-box-in-d-432-hz-medium\/","url":"https:\/\/gongcenter.ch\/produkt\/shruti-box-in-d-432-hz-medium\/","name":"original indische Shrutibox | drei verschiedene Stimmungen","isPartOf":{"@id":"https:\/\/gongcenter.ch\/#website"},"primaryImageOfPage":{"@id":"https:\/\/gongcenter.ch\/produkt\/shruti-box-in-d-432-hz-medium\/#primaryimage"},"image":{"@id":"https:\/\/gongcenter.ch\/produkt\/shruti-box-in-d-432-hz-medium\/#primaryimage"},"thumbnailUrl":"https:\/\/gongcenter.ch\/app\/uploads\/2023\/05\/shruti-box-m2.jpg","datePublished":"2023-03-20T13:13:02+00:00","dateModified":"2023-07-03T10:13:56+00:00","description":"Diese originale indische Shruti-Box ist die perfekte Begleitung zum Singen, T\u00f6nen, Chanten. In drei verschiedenen Stimmungen.","breadcrumb":{"@id":"https:\/\/gongcenter.ch\/produkt\/shruti-box-in-d-432-hz-medium\/#breadcrumb"},"inLanguage":"en-US","potentialAction":[{"@type":"ReadAction","target":["https:\/\/gongcenter.ch\/produkt\/shruti-box-in-d-432-hz-medium\/"]}]},{"@type":"ImageObject","inLanguage":"en-US","@id":"https:\/\/gongcenter.ch\/produkt\/shruti-box-in-d-432-hz-medium\/#primaryimage","url":"https:\/\/gongcenter.ch\/app\/uploads\/2023\/05\/shruti-box-m2.jpg","contentUrl":"https:\/\/gongcenter.ch\/app\/uploads\/2023\/05\/shruti-box-m2.jpg","width":1500,"height":1000},{"@type":"BreadcrumbList","@id":"https:\/\/gongcenter.ch\/produkt\/shruti-box-in-d-432-hz-medium\/#breadcrumb","itemListElement":[{"@type":"ListItem","position":1,"name":"Startseite","item":"https:\/\/gongcenter.ch\/en\/"},{"@type":"ListItem","position":2,"name":"Shop","item":"https:\/\/gongcenter.ch\/en\/shop\/"},{"@type":"ListItem","position":3,"name":"Shruti Box in D &#8211; 432 Hz \/ Medium"}]},{"@type":"WebSite","@id":"https:\/\/gongcenter.ch\/#website","url":"https:\/\/gongcenter.ch\/","name":"Gong Center Schweiz I Dein Gong und Klanginstrumente Fachgesch\u00e4ft","description":"Entdecke eine grosse Gong Auswahl sowie weitere Klanginstrumente - Wir sind Gong Klangtherapeut und bieten dir Top Qualit\u00e4t und Beratung.","publisher":{"@id":"https:\/\/gongcenter.ch\/#organization"},"potentialAction":[{"@type":"SearchAction","target":{"@type":"EntryPoint","urlTemplate":"https:\/\/gongcenter.ch\/?s={search_term_string}"},"query-input":{"@type":"PropertyValueSpecification","valueRequired":true,"valueName":"search_term_string"}}],"inLanguage":"en-US"},{"@type":"Organization","@id":"https:\/\/gongcenter.ch\/#organization","name":"Gongcenter Z\u00fcrich I Das Fachgesch\u00e4ft f\u00fcr Gong und Klang","url":"https:\/\/gongcenter.ch\/","logo":{"@type":"ImageObject","inLanguage":"en-US","@id":"https:\/\/gongcenter.ch\/#\/schema\/logo\/image\/","url":"https:\/\/gongcenter.ch\/app\/uploads\/2018\/05\/Gong-Center_Logo_2000_black.png","contentUrl":"https:\/\/gongcenter.ch\/app\/uploads\/2018\/05\/Gong-Center_Logo_2000_black.png","width":2000,"height":600,"caption":"Gongcenter Z\u00fcrich I Das Fachgesch\u00e4ft f\u00fcr Gong und Klang"},"image":{"@id":"https:\/\/gongcenter.ch\/#\/schema\/logo\/image\/"}}]}},"acf":[],"_links":{"self":[{"href":"https:\/\/gongcenter.ch\/en\/wp-json\/wp\/v2\/product\/31932","targetHints":{"allow":["GET"]}}],"collection":[{"href":"https:\/\/gongcenter.ch\/en\/wp-json\/wp\/v2\/product"}],"about":[{"href":"https:\/\/gongcenter.ch\/en\/wp-json\/wp\/v2\/types\/product"}],"wp:featuredmedia":[{"embeddable":true,"href":"https:\/\/gongcenter.ch\/en\/wp-json\/wp\/v2\/media\/32576"}],"wp:attachment":[{"href":"https:\/\/gongcenter.ch\/en\/wp-json\/wp\/v2\/media?parent=31932"}],"wp:term":[{"taxonomy":"product_brand","embeddable":true,"href":"https:\/\/gongcenter.ch\/en\/wp-json\/wp\/v2\/product_brand?post=31932"},{"taxonomy":"product_cat","embeddable":true,"href":"https:\/\/gongcenter.ch\/en\/wp-json\/wp\/v2\/product_cat?post=31932"},{"taxonomy":"product_tag","embeddable":true,"href":"https:\/\/gongcenter.ch\/en\/wp-json\/wp\/v2\/product_tag?post=31932"}],"curies":[{"name":"wp","href":"https:\/\/api.w.org\/{rel}","templated":true}]}}