{"id":31942,"date":"2023-03-20T15:01:00","date_gmt":"2023-03-20T14:01:00","guid":{"rendered":"https:\/\/gongcenter.ch\/?post_type=product&#038;p=31942"},"modified":"2025-01-25T11:28:16","modified_gmt":"2025-01-25T10:28:16","slug":"aureliophone-morgenstimmung","status":"publish","type":"product","link":"https:\/\/gongcenter.ch\/en\/product\/aureliophone-morgenstimmung\/","title":{"rendered":"Aureliophone &#8220;Swinging Chime&#8221; Morgenstimmung"},"content":{"rendered":"<div class=\"product--description\">\n<p>Dieses bahnbrechende Musikinstrument ist auf Grundton C (bei A=432 Hertz) basierend in harmonischen, obertonreinen Tonfolgen gestimmt (gem\u00e4ss der 22 Shrutis des klassisch indischen Systems).<\/p>\n<p>Der Grundton ist das C (128 Hz), die siebte Verdoppelung (Oktave) der Zahl 1 und dem darauf basierenden Kammerton A= 432 Hz. Und jetzt kommt das Beste: Vom Ton C aus gibt es 4 obertonreine pentatonische Ragas (traditionelle indische Tonleitern), die f\u00fcr den Morgen, den Mittag, den Abend und die Nacht erklingen.<\/p>\n<p>Die sph\u00e4rischen Kl\u00e4nge entstehen beim Drehen und Schwingen, nachdem die Klangr\u00f6hren auf- und absteigend intuitiv angespielt wurden. Sie sind ideal einsetzbar bei Klangreisen, Entspannungs- und Klangmusik oder als End- oder Anfangssignal bei Yoga, Meditations- und Achtsamkeits\u00fcbungen.<\/p>\n<p>Die 4 Stimmungen der Aureliofone basieren auf einer Idee von Jens Zygar und wurden von Aurelio C. Hammer ausgew\u00e4hlt. Sie werden in Auroville\/Indien hergestellt.<\/p>\n<p>Stimmung: Gorak Kalyan \u2013 die feierliche Sammlung der Gemeinschaft zur Abendstunde. Sein Name geht auf eine regionale Liedart aus Gorakhpur in Uttar Pradesh zur\u00fcck.<\/p>\n<p>Die Stimmung basiert auf Obertonreihen des Grundtons und ist nicht nach der wohltemperierten Stimmung korrigiert.<\/p>\n<\/div>\n","protected":false},"excerpt":{"rendered":"<ul>\r\n \t<li>T\u00f6ne bei der Morgenstimmung C, D#, F, G#, A#<\/li>\r\n \t<li>9 Klangr\u00f6hren\/9 T\u00f6ne<\/li>\r\n \t<li>Gr\u00f6sse: 36x50x3 cm<\/li>\r\n \t<li>Gewicht: 1,2 kg<\/li>\r\n \t<li>Sph\u00e4rischer Raumklang<\/li>\r\n \t<li>Tasche und Schl\u00e4gel inklusive<\/li>\r\n \t<li>Die Spiele k\u00f6nnen sanft geschwungen, gedreht oder geschwenkt werden.<\/li>\r\n<\/ul>","protected":false},"featured_media":31943,"template":"","meta":[],"product_brand":[],"product_cat":[1337,1236],"product_tag":[],"class_list":{"0":"post-31942","1":"product","2":"type-product","3":"status-publish","4":"has-post-thumbnail","6":"product_cat-aureliofon-aureliophone","7":"product_cat-melodieinstrumente","8":"product_shipping_class-kostenloser-versand-innerhalb-der-schweiz","10":"first","11":"instock","12":"taxable","13":"shipping-taxable","14":"purchasable","15":"product-type-simple"},"yoast_head":"<!-- This site is optimized with the Yoast SEO plugin v27.0 - https:\/\/yoast.com\/product\/yoast-seo-wordpress\/ -->\n<title>Aureliophone Morgenstimmung, Sph\u00e4rischer Raumklang, 432 Hz<\/title>\n<meta name=\"description\" content=\"Das Klangspiel kann geschwungen, gedreht oder geschwenkt werden. Es basiert auf Obertonreihen des Grundtons. Jetzt online bestellen.\" \/>\n<meta name=\"robots\" content=\"index, follow, max-snippet:-1, max-image-preview:large, max-video-preview:-1\" \/>\n<link rel=\"canonical\" href=\"https:\/\/gongcenter.ch\/produkt\/aureliophone-morgenstimmung\/\" \/>\n<meta property=\"og:locale\" content=\"en_US\" \/>\n<meta property=\"og:type\" content=\"article\" \/>\n<meta property=\"og:title\" content=\"Aureliophone Morgenstimmung, Sph\u00e4rischer Raumklang, 432 Hz\" \/>\n<meta property=\"og:description\" content=\"Das Klangspiel kann geschwungen, gedreht oder geschwenkt werden. Es basiert auf Obertonreihen des Grundtons. Jetzt online bestellen.\" \/>\n<meta property=\"og:url\" content=\"https:\/\/gongcenter.ch\/produkt\/aureliophone-morgenstimmung\/\" \/>\n<meta property=\"og:site_name\" content=\"Gong Center Schweiz I Dein Gong und Klanginstrumente Fachgesch\u00e4ft\" \/>\n<meta property=\"article:modified_time\" content=\"2025-01-25T10:28:16+00:00\" \/>\n<meta property=\"og:image\" content=\"https:\/\/gongcenter.ch\/app\/uploads\/2023\/03\/aureliophone.jpg\" \/>\n\t<meta property=\"og:image:width\" content=\"850\" \/>\n\t<meta property=\"og:image:height\" content=\"527\" \/>\n\t<meta property=\"og:image:type\" content=\"image\/jpeg\" \/>\n<meta name=\"twitter:card\" content=\"summary_large_image\" \/>\n<meta name=\"twitter:label1\" content=\"Est. reading time\" \/>\n\t<meta name=\"twitter:data1\" content=\"2 minutes\" \/>\n<!-- \/ Yoast SEO plugin. -->","yoast_head_json":{"title":"Aureliophone Morgenstimmung, Sph\u00e4rischer Raumklang, 432 Hz","description":"Das Klangspiel kann geschwungen, gedreht oder geschwenkt werden. Es basiert auf Obertonreihen des Grundtons. Jetzt online bestellen.","robots":{"index":"index","follow":"follow","max-snippet":"max-snippet:-1","max-image-preview":"max-image-preview:large","max-video-preview":"max-video-preview:-1"},"canonical":"https:\/\/gongcenter.ch\/produkt\/aureliophone-morgenstimmung\/","og_locale":"en_US","og_type":"article","og_title":"Aureliophone Morgenstimmung, Sph\u00e4rischer Raumklang, 432 Hz","og_description":"Das Klangspiel kann geschwungen, gedreht oder geschwenkt werden. Es basiert auf Obertonreihen des Grundtons. Jetzt online bestellen.","og_url":"https:\/\/gongcenter.ch\/produkt\/aureliophone-morgenstimmung\/","og_site_name":"Gong Center Schweiz I Dein Gong und Klanginstrumente Fachgesch\u00e4ft","article_modified_time":"2025-01-25T10:28:16+00:00","og_image":[{"width":850,"height":527,"url":"https:\/\/gongcenter.ch\/app\/uploads\/2023\/03\/aureliophone.jpg","type":"image\/jpeg"}],"twitter_card":"summary_large_image","twitter_misc":{"Est. reading time":"2 minutes"},"schema":{"@context":"https:\/\/schema.org","@graph":[{"@type":"WebPage","@id":"https:\/\/gongcenter.ch\/produkt\/aureliophone-morgenstimmung\/","url":"https:\/\/gongcenter.ch\/produkt\/aureliophone-morgenstimmung\/","name":"Aureliophone Morgenstimmung, Sph\u00e4rischer Raumklang, 432 Hz","isPartOf":{"@id":"https:\/\/gongcenter.ch\/#website"},"primaryImageOfPage":{"@id":"https:\/\/gongcenter.ch\/produkt\/aureliophone-morgenstimmung\/#primaryimage"},"image":{"@id":"https:\/\/gongcenter.ch\/produkt\/aureliophone-morgenstimmung\/#primaryimage"},"thumbnailUrl":"https:\/\/gongcenter.ch\/app\/uploads\/2023\/03\/aureliophone.jpg","datePublished":"2023-03-20T14:01:00+00:00","dateModified":"2025-01-25T10:28:16+00:00","description":"Das Klangspiel kann geschwungen, gedreht oder geschwenkt werden. Es basiert auf Obertonreihen des Grundtons. Jetzt online bestellen.","breadcrumb":{"@id":"https:\/\/gongcenter.ch\/produkt\/aureliophone-morgenstimmung\/#breadcrumb"},"inLanguage":"en-US","potentialAction":[{"@type":"ReadAction","target":["https:\/\/gongcenter.ch\/produkt\/aureliophone-morgenstimmung\/"]}]},{"@type":"ImageObject","inLanguage":"en-US","@id":"https:\/\/gongcenter.ch\/produkt\/aureliophone-morgenstimmung\/#primaryimage","url":"https:\/\/gongcenter.ch\/app\/uploads\/2023\/03\/aureliophone.jpg","contentUrl":"https:\/\/gongcenter.ch\/app\/uploads\/2023\/03\/aureliophone.jpg","width":850,"height":527},{"@type":"BreadcrumbList","@id":"https:\/\/gongcenter.ch\/produkt\/aureliophone-morgenstimmung\/#breadcrumb","itemListElement":[{"@type":"ListItem","position":1,"name":"Startseite","item":"https:\/\/gongcenter.ch\/en\/"},{"@type":"ListItem","position":2,"name":"Shop","item":"https:\/\/gongcenter.ch\/en\/shop\/"},{"@type":"ListItem","position":3,"name":"Aureliophone &#8222;Swinging Chime&#8220; Morgenstimmung"}]},{"@type":"WebSite","@id":"https:\/\/gongcenter.ch\/#website","url":"https:\/\/gongcenter.ch\/","name":"Gong Center Schweiz I Dein Gong und Klanginstrumente Fachgesch\u00e4ft","description":"Entdecke eine grosse Gong Auswahl sowie weitere Klanginstrumente - Wir sind Gong Klangtherapeut und bieten dir Top Qualit\u00e4t und Beratung.","publisher":{"@id":"https:\/\/gongcenter.ch\/#organization"},"potentialAction":[{"@type":"SearchAction","target":{"@type":"EntryPoint","urlTemplate":"https:\/\/gongcenter.ch\/?s={search_term_string}"},"query-input":{"@type":"PropertyValueSpecification","valueRequired":true,"valueName":"search_term_string"}}],"inLanguage":"en-US"},{"@type":"Organization","@id":"https:\/\/gongcenter.ch\/#organization","name":"Gongcenter Z\u00fcrich I Das Fachgesch\u00e4ft f\u00fcr Gong und Klang","url":"https:\/\/gongcenter.ch\/","logo":{"@type":"ImageObject","inLanguage":"en-US","@id":"https:\/\/gongcenter.ch\/#\/schema\/logo\/image\/","url":"https:\/\/gongcenter.ch\/app\/uploads\/2018\/05\/Gong-Center_Logo_2000_black.png","contentUrl":"https:\/\/gongcenter.ch\/app\/uploads\/2018\/05\/Gong-Center_Logo_2000_black.png","width":2000,"height":600,"caption":"Gongcenter Z\u00fcrich I Das Fachgesch\u00e4ft f\u00fcr Gong und Klang"},"image":{"@id":"https:\/\/gongcenter.ch\/#\/schema\/logo\/image\/"}}]}},"acf":[],"_links":{"self":[{"href":"https:\/\/gongcenter.ch\/en\/wp-json\/wp\/v2\/product\/31942","targetHints":{"allow":["GET"]}}],"collection":[{"href":"https:\/\/gongcenter.ch\/en\/wp-json\/wp\/v2\/product"}],"about":[{"href":"https:\/\/gongcenter.ch\/en\/wp-json\/wp\/v2\/types\/product"}],"wp:featuredmedia":[{"embeddable":true,"href":"https:\/\/gongcenter.ch\/en\/wp-json\/wp\/v2\/media\/31943"}],"wp:attachment":[{"href":"https:\/\/gongcenter.ch\/en\/wp-json\/wp\/v2\/media?parent=31942"}],"wp:term":[{"taxonomy":"product_brand","embeddable":true,"href":"https:\/\/gongcenter.ch\/en\/wp-json\/wp\/v2\/product_brand?post=31942"},{"taxonomy":"product_cat","embeddable":true,"href":"https:\/\/gongcenter.ch\/en\/wp-json\/wp\/v2\/product_cat?post=31942"},{"taxonomy":"product_tag","embeddable":true,"href":"https:\/\/gongcenter.ch\/en\/wp-json\/wp\/v2\/product_tag?post=31942"}],"curies":[{"name":"wp","href":"https:\/\/api.w.org\/{rel}","templated":true}]}}