{"id":32553,"date":"2023-05-09T13:36:07","date_gmt":"2023-05-09T12:36:07","guid":{"rendered":"https:\/\/gongcenter.ch\/?post_type=product&#038;p=32553"},"modified":"2023-11-09T09:17:27","modified_gmt":"2023-11-09T08:17:27","slug":"gongreiber-smooth-lava-edition","status":"publish","type":"product","link":"https:\/\/gongcenter.ch\/en\/product\/gongreiber-smooth-lava-edition\/","title":{"rendered":"Gongreiber smooth Lava Edition"},"content":{"rendered":"<p>Den beliebten Gongreiber bekommst du jetzt auch mit einer besonders feinen Oberfl\u00e4che, die ein noch sinnlicheres Klangbild erm\u00f6glicht. Der spezielle Fertigungsprozess macht jeden Gongreiber der Smooth Lava Edition zu einem absoluten Einzelst\u00fcck.<\/p>\n<p>In Filmen wird oftmals der Gong mit einem Mallet angeschlagen und zum Schwingen gebracht. Es gibt allerdings auch eine andere M\u00f6glichkeit einen Gong zum Klingen zu bringen, n\u00e4mlich mithilfe eines Gongreibers.<\/p>\n<p>Wie der Name bereits verr\u00e4t, wird bei einem Gongreiber durch Reibung der Gong zum Schwingen gebracht. Daraus resultiert ein vollkommen anderes Klangbild als bei einem Mallet, der auf den Gong geschlagen wird. Der helle Gesang von Walen oder Delfinen oder das ber\u00fchmte, von M\u00f6nchen gesungene, Mantra \u201eOm\u201c lassen sich beispielsweise mit den Gongreibern nachahmen. Die Reiber haben ein ungeheures Potenzial, welches jedes Mal aufs Neue erstaunt und die Zuh\u00f6rer regelrecht verzaubert.<\/p>\n<p>Die Lava smooth Edition der Gongreiber von Ollihess ist in Schwarz geh\u00fcllt. Damit k\u00f6nnen die Gongreiber sowohl aus der Umgebung herausstechen als auch fast unsichtbar sein \u2013 das ist von den Umgebungsfarben und der Platzierung abh\u00e4ngig.<\/p>\n<h2>Mit sanfter Oberfl\u00e4che zu sanften T\u00f6nen<\/h2>\n<p>Unser Ziel ist es, mit neuen Kreationen immer wieder neue Kl\u00e4nge zu erm\u00f6glichen. Mit dem Ollihess Gongreiber Smooth Lava Edition bekommst du genau das. Die nur sehr sanft aufgeraute Oberfl\u00e4che \u2013 die nicht wie \u00fcblich mit Pfeile und Raspel bearbeitet wurde \u2013 erm\u00f6glicht dir, auch ausgesprochen sanfte Kl\u00e4nge hervorzurufen. Die nat\u00fcrliche Verarbeitung des Gongreibers sorgt daf\u00fcr, dass die Einschlussn\u00e4hte und individuelle Gie\u00dfmerkmale erhalten bleiben. Dieses Verfahren macht jeden Smooth Lava Edition Gongreiber zu einem absoluten Einzelst\u00fcck. Vor allem \u00fcberzeugt der Reiber aber durch die Facettenvielfalt der Klangfarben, denn durch die weiche Oberfl\u00e4che ist ein noch umfassenderes Spektrum an Ton-Nuancen m\u00f6glich.<\/p>\n<h2>Die Tonvielfalt des Smooth Lava Edition Gongreibers<\/h2>\n<p>Probier dich aus! Ob meditatives Klangspiel oder eine Erkundung durch die Welt der Kl\u00e4nge, mit dem Smooth Lava Edition Gongreiber von Ollihess ist all das m\u00f6glich. Dank der weichen und sanften Oberfl\u00e4che aus nachhaltigem Naturkautschuk kannst du in neue Klangwelten eintauchen und neue musikalische Facetten erkunden. Jongliere mit den Kl\u00e4ngen des Smooth Lava Edition Gongreibers und lass dich von den unterschiedlichen T\u00f6nen \u00fcberraschen.<\/p>\n<h2>Flexibel, bruchsicher und immer angenehm in der Hand<\/h2>\n<p>Neben dem Reiber-Kopf aus superweichem Naturkautschuk, besteht der Smooth Lava Edition Gongreiber aus einem schwarzen 6 mm dicken Stiel, der eine perfekte Balance beim Klangspiel erm\u00f6glicht. Das eingesetzte Material ist flexibel und bruchsicher zugleich.<\/p>\n<h3>H\u00f6chste Qualit\u00e4t<\/h3>\n<p>Die Marke Ollihess steht f\u00fcr h\u00f6chste Qualit\u00e4tsstandards. Wir gew\u00e4hrleisten durch die Auswahl von den erlesensten Materialien gepaart mit pr\u00e4ziser Verarbeitungsqualit\u00e4t einen unvergleichlichen Qualit\u00e4tsstandard. Erm\u00f6glicht wird dies durch die kreativen Ans\u00e4tze beziehungsweise den Tatendrang von Olli Hess pers\u00f6nlich. Er selbst sorgt f\u00fcr die Einhaltung der hohen Qualit\u00e4tsanspr\u00fcche.<\/p>\n","protected":false},"excerpt":{"rendered":"<ul>\r\n \t<li>Griffl\u00e4nge: ca. 21 cm<\/li>\r\n \t<li>Griff \u00f8: ca. 6 mm<\/li>\r\n \t<li>Kopf \u00f8: ca. \u00f8 30 cm bis 60 cm<\/li>\r\n \t<li>Material: Naturkautschuk (komplett vegan)<\/li>\r\n \t<li>T\u00f6ne: umfassendes Spektrum an Ton-Nuancen, auch sanfte und helle T\u00f6ne<\/li>\r\n \t<li>Farbe: schwarz<\/li>\r\n<\/ul>","protected":false},"featured_media":32561,"template":"","meta":[],"product_brand":[],"product_cat":[1341],"product_tag":[],"class_list":{"0":"post-32553","1":"product","2":"type-product","3":"status-publish","4":"has-post-thumbnail","6":"brands-ollihess","7":"product_cat-gongreiber","8":"product_shipping_class-bis-199-chf-9-90-chf","10":"first","11":"instock","12":"taxable","13":"shipping-taxable","14":"purchasable","15":"product-type-variable"},"yoast_head":"<!-- This site is optimized with the Yoast SEO plugin v27.0 - https:\/\/yoast.com\/product\/yoast-seo-wordpress\/ -->\n<title>Gongreiber smooth Lava Edition - Gong Center Schweiz I Dein Gong und Klanginstrumente Fachgesch\u00e4ft<\/title>\n<meta name=\"robots\" content=\"index, follow, max-snippet:-1, max-image-preview:large, max-video-preview:-1\" \/>\n<link rel=\"canonical\" href=\"https:\/\/gongcenter.ch\/produkt\/gongreiber-smooth-lava-edition\/\" \/>\n<meta property=\"og:locale\" content=\"en_US\" \/>\n<meta property=\"og:type\" content=\"article\" \/>\n<meta property=\"og:title\" content=\"Gongreiber smooth Lava Edition - Gong Center Schweiz I Dein Gong und Klanginstrumente Fachgesch\u00e4ft\" \/>\n<meta property=\"og:description\" content=\"Griffl\u00e4nge: ca. 21 cm  Griff \u00f8: ca. 6 mm  Kopf \u00f8: ca. \u00f8 30 cm bis 60 cm  Material: Naturkautschuk (komplett vegan)  T\u00f6ne: umfassendes Spektrum an Ton-Nuancen, auch sanfte und helle T\u00f6ne  Farbe: schwarz\" \/>\n<meta property=\"og:url\" content=\"https:\/\/gongcenter.ch\/produkt\/gongreiber-smooth-lava-edition\/\" \/>\n<meta property=\"og:site_name\" content=\"Gong Center Schweiz I Dein Gong und Klanginstrumente Fachgesch\u00e4ft\" \/>\n<meta property=\"article:modified_time\" content=\"2023-11-09T08:17:27+00:00\" \/>\n<meta property=\"og:image\" content=\"https:\/\/gongcenter.ch\/app\/uploads\/2023\/05\/smooth-lava-60-247x247-1.jpg\" \/>\n\t<meta property=\"og:image:width\" content=\"247\" \/>\n\t<meta property=\"og:image:height\" content=\"247\" \/>\n\t<meta property=\"og:image:type\" content=\"image\/jpeg\" \/>\n<meta name=\"twitter:card\" content=\"summary_large_image\" \/>\n<meta name=\"twitter:label1\" content=\"Est. reading time\" \/>\n\t<meta name=\"twitter:data1\" content=\"3 minutes\" \/>\n<!-- \/ Yoast SEO plugin. -->","yoast_head_json":{"title":"Gongreiber smooth Lava Edition - Gong Center Schweiz I Dein Gong und Klanginstrumente Fachgesch\u00e4ft","robots":{"index":"index","follow":"follow","max-snippet":"max-snippet:-1","max-image-preview":"max-image-preview:large","max-video-preview":"max-video-preview:-1"},"canonical":"https:\/\/gongcenter.ch\/produkt\/gongreiber-smooth-lava-edition\/","og_locale":"en_US","og_type":"article","og_title":"Gongreiber smooth Lava Edition - Gong Center Schweiz I Dein Gong und Klanginstrumente Fachgesch\u00e4ft","og_description":"Griffl\u00e4nge: ca. 21 cm  Griff \u00f8: ca. 6 mm  Kopf \u00f8: ca. \u00f8 30 cm bis 60 cm  Material: Naturkautschuk (komplett vegan)  T\u00f6ne: umfassendes Spektrum an Ton-Nuancen, auch sanfte und helle T\u00f6ne  Farbe: schwarz","og_url":"https:\/\/gongcenter.ch\/produkt\/gongreiber-smooth-lava-edition\/","og_site_name":"Gong Center Schweiz I Dein Gong und Klanginstrumente Fachgesch\u00e4ft","article_modified_time":"2023-11-09T08:17:27+00:00","og_image":[{"width":247,"height":247,"url":"https:\/\/gongcenter.ch\/app\/uploads\/2023\/05\/smooth-lava-60-247x247-1.jpg","type":"image\/jpeg"}],"twitter_card":"summary_large_image","twitter_misc":{"Est. reading time":"3 minutes"},"schema":{"@context":"https:\/\/schema.org","@graph":[{"@type":"WebPage","@id":"https:\/\/gongcenter.ch\/produkt\/gongreiber-smooth-lava-edition\/","url":"https:\/\/gongcenter.ch\/produkt\/gongreiber-smooth-lava-edition\/","name":"Gongreiber smooth Lava Edition - Gong Center Schweiz I Dein Gong und Klanginstrumente Fachgesch\u00e4ft","isPartOf":{"@id":"https:\/\/gongcenter.ch\/#website"},"primaryImageOfPage":{"@id":"https:\/\/gongcenter.ch\/produkt\/gongreiber-smooth-lava-edition\/#primaryimage"},"image":{"@id":"https:\/\/gongcenter.ch\/produkt\/gongreiber-smooth-lava-edition\/#primaryimage"},"thumbnailUrl":"https:\/\/gongcenter.ch\/app\/uploads\/2023\/05\/smooth-lava-60-247x247-1.jpg","datePublished":"2023-05-09T12:36:07+00:00","dateModified":"2023-11-09T08:17:27+00:00","breadcrumb":{"@id":"https:\/\/gongcenter.ch\/produkt\/gongreiber-smooth-lava-edition\/#breadcrumb"},"inLanguage":"en-US","potentialAction":[{"@type":"ReadAction","target":["https:\/\/gongcenter.ch\/produkt\/gongreiber-smooth-lava-edition\/"]}]},{"@type":"ImageObject","inLanguage":"en-US","@id":"https:\/\/gongcenter.ch\/produkt\/gongreiber-smooth-lava-edition\/#primaryimage","url":"https:\/\/gongcenter.ch\/app\/uploads\/2023\/05\/smooth-lava-60-247x247-1.jpg","contentUrl":"https:\/\/gongcenter.ch\/app\/uploads\/2023\/05\/smooth-lava-60-247x247-1.jpg","width":247,"height":247},{"@type":"BreadcrumbList","@id":"https:\/\/gongcenter.ch\/produkt\/gongreiber-smooth-lava-edition\/#breadcrumb","itemListElement":[{"@type":"ListItem","position":1,"name":"Startseite","item":"https:\/\/gongcenter.ch\/en\/"},{"@type":"ListItem","position":2,"name":"Shop","item":"https:\/\/gongcenter.ch\/en\/shop\/"},{"@type":"ListItem","position":3,"name":"Gongreiber smooth Lava Edition"}]},{"@type":"WebSite","@id":"https:\/\/gongcenter.ch\/#website","url":"https:\/\/gongcenter.ch\/","name":"Gong Center Schweiz I Dein Gong und Klanginstrumente Fachgesch\u00e4ft","description":"Entdecke eine grosse Gong Auswahl sowie weitere Klanginstrumente - Wir sind Gong Klangtherapeut und bieten dir Top Qualit\u00e4t und Beratung.","publisher":{"@id":"https:\/\/gongcenter.ch\/#organization"},"potentialAction":[{"@type":"SearchAction","target":{"@type":"EntryPoint","urlTemplate":"https:\/\/gongcenter.ch\/?s={search_term_string}"},"query-input":{"@type":"PropertyValueSpecification","valueRequired":true,"valueName":"search_term_string"}}],"inLanguage":"en-US"},{"@type":"Organization","@id":"https:\/\/gongcenter.ch\/#organization","name":"Gongcenter Z\u00fcrich I Das Fachgesch\u00e4ft f\u00fcr Gong und Klang","url":"https:\/\/gongcenter.ch\/","logo":{"@type":"ImageObject","inLanguage":"en-US","@id":"https:\/\/gongcenter.ch\/#\/schema\/logo\/image\/","url":"https:\/\/gongcenter.ch\/app\/uploads\/2018\/05\/Gong-Center_Logo_2000_black.png","contentUrl":"https:\/\/gongcenter.ch\/app\/uploads\/2018\/05\/Gong-Center_Logo_2000_black.png","width":2000,"height":600,"caption":"Gongcenter Z\u00fcrich I Das Fachgesch\u00e4ft f\u00fcr Gong und Klang"},"image":{"@id":"https:\/\/gongcenter.ch\/#\/schema\/logo\/image\/"}}]}},"acf":[],"_links":{"self":[{"href":"https:\/\/gongcenter.ch\/en\/wp-json\/wp\/v2\/product\/32553","targetHints":{"allow":["GET"]}}],"collection":[{"href":"https:\/\/gongcenter.ch\/en\/wp-json\/wp\/v2\/product"}],"about":[{"href":"https:\/\/gongcenter.ch\/en\/wp-json\/wp\/v2\/types\/product"}],"wp:featuredmedia":[{"embeddable":true,"href":"https:\/\/gongcenter.ch\/en\/wp-json\/wp\/v2\/media\/32561"}],"wp:attachment":[{"href":"https:\/\/gongcenter.ch\/en\/wp-json\/wp\/v2\/media?parent=32553"}],"wp:term":[{"taxonomy":"product_brand","embeddable":true,"href":"https:\/\/gongcenter.ch\/en\/wp-json\/wp\/v2\/product_brand?post=32553"},{"taxonomy":"product_cat","embeddable":true,"href":"https:\/\/gongcenter.ch\/en\/wp-json\/wp\/v2\/product_cat?post=32553"},{"taxonomy":"product_tag","embeddable":true,"href":"https:\/\/gongcenter.ch\/en\/wp-json\/wp\/v2\/product_tag?post=32553"}],"curies":[{"name":"wp","href":"https:\/\/api.w.org\/{rel}","templated":true}]}}