{"id":32638,"date":"2023-06-12T11:57:12","date_gmt":"2023-06-12T10:57:12","guid":{"rendered":"https:\/\/gongcenter.ch\/?post_type=product&#038;p=32638"},"modified":"2025-08-20T16:35:17","modified_gmt":"2025-08-20T15:35:17","slug":"paiste-sedna-gong-96-cm","status":"publish","type":"product","link":"https:\/\/gongcenter.ch\/en\/product\/paiste-sedna-gong-96-cm\/","title":{"rendered":"Sedna Gong 96cm"},"content":{"rendered":"<p>Dieser Planet Gong Sedna hat die Frequenz\u00a064,05 Hz, die auf der planetarischen Berechnung basiert.<\/p>\n<p>Die Metaphorik dieses Gongklangs geht einher mit einer hohen Ordnungspriorit\u00e4t, da die Schwingung der Erde um die Sonne eine f\u00fcr alle irdischen Lebensformen entscheidende Schwingung des Lebens ist. Damit sich diese universelle Wirkung auch in Ihrem Spiel ausdr\u00fccken kann, ist es wichtig, mit diesem Gong das assoziationsfreie Spielen zu \u00fcben.<\/p>\n<p>Auf Grundlage eines metrisch pulsierenden Atemspiels ist das \u00fcber lange Zeiteinheiten m\u00f6glichst gleichf\u00f6rmige Spielen in kommenden und gehenden Wellen die angesagte Spieltechnik. W\u00e4hrend es bei manchen Spielsituationen angezeigt ist, die entsprechende Imagination konzentriert im Sinn zu halten, ist es bei diesem archetypischen Klang angezeigt, dem wandelnden Fluss des Bildergeschehens seinen freien Lauf zu lassen und eben nicht das empfundene Motiv zu fixieren.<\/p>\n<p>GONG PFLEGE<\/p>\n<p>Gongs laden dazu ein, angefasst zu werden. Das Material ist grunds\u00e4tzlich extrem trocken und hat die Eigenschaft, sofort die nat\u00fcrlichen Fette und \u00d6le aus der Haut aufzusaugen. Der Gong entwickelt dadurch eine leicht unansehnliche Optik. Umgehen Sie dies, indem sie das Pflegen der Oberfl\u00e4che zur Routine werden lassen. Geeignet zur Plege sind Silber- und Metallputzmittel. Seien Sie sorgsam mit dem Nachpolieren, damit die Mallets nicht dunkel werden\u00a0durch Reste von Putzmittel. Der Klang wird durch die Optik eines Gongs in keinem Fall beeintr\u00e4chtigt.<\/p>\n<p>GONG-INFO<\/p>\n<p>Gongs werden auch gerne draussen gespielt: nirgendwo entfaltet sich der Klang so sch\u00f6n wie in der freien Natur, zumal die Resonanzerlebnisse der belebten Natur von einer ber\u00fcckenden Direktheit sind, die das Mysterium des gegenw\u00e4rtigen Klangs deutlich werden lassen. Sch\u00fctzen Sie Ihren kostbaren Gong vor zu vielen Sonnenstrahlen; es scheint so zu sein, dass ein zu viel an direkter Sonnenbestrahlung das Metall des Instrumentes erm\u00fcden und ihm\u00a0Risse zuf\u00fcgen kann.<\/p>\n","protected":false},"excerpt":{"rendered":"Dieser planetarische Symphonie-Gong ist gestimmt auf den Ton C2\/C &#8211; 64,05 Hz.\r\n<ul>\r\n \t<li>3. Oktave C3\/c-128,10 Hz<\/li>\r\n \t<li>4. Oktave : A4\/a&#8217; &#8211; 430,88 Hz<\/li>\r\n<\/ul>","protected":false},"featured_media":32639,"template":"","meta":[],"product_brand":[],"product_cat":[493,37],"product_tag":[],"class_list":{"0":"post-32638","1":"product","2":"type-product","3":"status-publish","4":"has-post-thumbnail","6":"brands-paiste","7":"product_cat-tuned-gongs","8":"product_cat-planeten-gongs","9":"product_shipping_class-kostenloser-versand-innerhalb-der-schweiz","11":"first","12":"onbackorder","13":"sold-individually","14":"taxable","15":"shipping-taxable","16":"purchasable","17":"product-type-simple"},"yoast_head":"<!-- This site is optimized with the Yoast SEO plugin v27.0 - https:\/\/yoast.com\/product\/yoast-seo-wordpress\/ -->\n<title>PAISTE Erde Gong I Der Jahreston Symphonie Gong<\/title>\n<meta name=\"description\" content=\"Der Jahreston Erden Gong von PAISTE ist gestimmt auf den Ton CIS mit 136,10 Hz. Er schwingt im Einklang mit der Bewegung der Erde um die Sonne.\" \/>\n<meta name=\"robots\" content=\"index, follow, max-snippet:-1, max-image-preview:large, max-video-preview:-1\" \/>\n<link rel=\"canonical\" href=\"https:\/\/gongcenter.ch\/produkt\/paiste-sedna-gong-96-cm\/\" \/>\n<meta property=\"og:locale\" content=\"en_US\" \/>\n<meta property=\"og:type\" content=\"article\" \/>\n<meta property=\"og:title\" content=\"PAISTE Erde Gong I Der Jahreston Symphonie Gong\" \/>\n<meta property=\"og:description\" content=\"Der Jahreston Erden Gong von PAISTE ist gestimmt auf den Ton CIS mit 136,10 Hz. Er schwingt im Einklang mit der Bewegung der Erde um die Sonne.\" \/>\n<meta property=\"og:url\" content=\"https:\/\/gongcenter.ch\/produkt\/paiste-sedna-gong-96-cm\/\" \/>\n<meta property=\"og:site_name\" content=\"Gong Center Schweiz I Dein Gong und Klanginstrumente Fachgesch\u00e4ft\" \/>\n<meta property=\"article:modified_time\" content=\"2025-08-20T15:35:17+00:00\" \/>\n<meta property=\"og:image\" content=\"https:\/\/gongcenter.ch\/app\/uploads\/2023\/06\/paiste-sedna-gong.jpg\" \/>\n\t<meta property=\"og:image:width\" content=\"1000\" \/>\n\t<meta property=\"og:image:height\" content=\"1000\" \/>\n\t<meta property=\"og:image:type\" content=\"image\/jpeg\" \/>\n<meta name=\"twitter:card\" content=\"summary_large_image\" \/>\n<meta name=\"twitter:label1\" content=\"Est. reading time\" \/>\n\t<meta name=\"twitter:data1\" content=\"2 minutes\" \/>\n<!-- \/ Yoast SEO plugin. -->","yoast_head_json":{"title":"PAISTE Erde Gong I Der Jahreston Symphonie Gong","description":"Der Jahreston Erden Gong von PAISTE ist gestimmt auf den Ton CIS mit 136,10 Hz. Er schwingt im Einklang mit der Bewegung der Erde um die Sonne.","robots":{"index":"index","follow":"follow","max-snippet":"max-snippet:-1","max-image-preview":"max-image-preview:large","max-video-preview":"max-video-preview:-1"},"canonical":"https:\/\/gongcenter.ch\/produkt\/paiste-sedna-gong-96-cm\/","og_locale":"en_US","og_type":"article","og_title":"PAISTE Erde Gong I Der Jahreston Symphonie Gong","og_description":"Der Jahreston Erden Gong von PAISTE ist gestimmt auf den Ton CIS mit 136,10 Hz. Er schwingt im Einklang mit der Bewegung der Erde um die Sonne.","og_url":"https:\/\/gongcenter.ch\/produkt\/paiste-sedna-gong-96-cm\/","og_site_name":"Gong Center Schweiz I Dein Gong und Klanginstrumente Fachgesch\u00e4ft","article_modified_time":"2025-08-20T15:35:17+00:00","og_image":[{"width":1000,"height":1000,"url":"https:\/\/gongcenter.ch\/app\/uploads\/2023\/06\/paiste-sedna-gong.jpg","type":"image\/jpeg"}],"twitter_card":"summary_large_image","twitter_misc":{"Est. reading time":"2 minutes"},"schema":{"@context":"https:\/\/schema.org","@graph":[{"@type":"WebPage","@id":"https:\/\/gongcenter.ch\/produkt\/paiste-sedna-gong-96-cm\/","url":"https:\/\/gongcenter.ch\/produkt\/paiste-sedna-gong-96-cm\/","name":"PAISTE Erde Gong I Der Jahreston Symphonie Gong","isPartOf":{"@id":"https:\/\/gongcenter.ch\/#website"},"primaryImageOfPage":{"@id":"https:\/\/gongcenter.ch\/produkt\/paiste-sedna-gong-96-cm\/#primaryimage"},"image":{"@id":"https:\/\/gongcenter.ch\/produkt\/paiste-sedna-gong-96-cm\/#primaryimage"},"thumbnailUrl":"https:\/\/gongcenter.ch\/app\/uploads\/2023\/06\/paiste-sedna-gong.jpg","datePublished":"2023-06-12T10:57:12+00:00","dateModified":"2025-08-20T15:35:17+00:00","description":"Der Jahreston Erden Gong von PAISTE ist gestimmt auf den Ton CIS mit 136,10 Hz. Er schwingt im Einklang mit der Bewegung der Erde um die Sonne.","breadcrumb":{"@id":"https:\/\/gongcenter.ch\/produkt\/paiste-sedna-gong-96-cm\/#breadcrumb"},"inLanguage":"en-US","potentialAction":[{"@type":"ReadAction","target":["https:\/\/gongcenter.ch\/produkt\/paiste-sedna-gong-96-cm\/"]}]},{"@type":"ImageObject","inLanguage":"en-US","@id":"https:\/\/gongcenter.ch\/produkt\/paiste-sedna-gong-96-cm\/#primaryimage","url":"https:\/\/gongcenter.ch\/app\/uploads\/2023\/06\/paiste-sedna-gong.jpg","contentUrl":"https:\/\/gongcenter.ch\/app\/uploads\/2023\/06\/paiste-sedna-gong.jpg","width":1000,"height":1000},{"@type":"BreadcrumbList","@id":"https:\/\/gongcenter.ch\/produkt\/paiste-sedna-gong-96-cm\/#breadcrumb","itemListElement":[{"@type":"ListItem","position":1,"name":"Startseite","item":"https:\/\/gongcenter.ch\/en\/"},{"@type":"ListItem","position":2,"name":"Shop","item":"https:\/\/gongcenter.ch\/en\/shop\/"},{"@type":"ListItem","position":3,"name":"Sedna Gong 96cm"}]},{"@type":"WebSite","@id":"https:\/\/gongcenter.ch\/#website","url":"https:\/\/gongcenter.ch\/","name":"Gong Center Schweiz I Dein Gong und Klanginstrumente Fachgesch\u00e4ft","description":"Entdecke eine grosse Gong Auswahl sowie weitere Klanginstrumente - Wir sind Gong Klangtherapeut und bieten dir Top Qualit\u00e4t und Beratung.","publisher":{"@id":"https:\/\/gongcenter.ch\/#organization"},"potentialAction":[{"@type":"SearchAction","target":{"@type":"EntryPoint","urlTemplate":"https:\/\/gongcenter.ch\/?s={search_term_string}"},"query-input":{"@type":"PropertyValueSpecification","valueRequired":true,"valueName":"search_term_string"}}],"inLanguage":"en-US"},{"@type":"Organization","@id":"https:\/\/gongcenter.ch\/#organization","name":"Gongcenter Z\u00fcrich I Das Fachgesch\u00e4ft f\u00fcr Gong und Klang","url":"https:\/\/gongcenter.ch\/","logo":{"@type":"ImageObject","inLanguage":"en-US","@id":"https:\/\/gongcenter.ch\/#\/schema\/logo\/image\/","url":"https:\/\/gongcenter.ch\/app\/uploads\/2018\/05\/Gong-Center_Logo_2000_black.png","contentUrl":"https:\/\/gongcenter.ch\/app\/uploads\/2018\/05\/Gong-Center_Logo_2000_black.png","width":2000,"height":600,"caption":"Gongcenter Z\u00fcrich I Das Fachgesch\u00e4ft f\u00fcr Gong und Klang"},"image":{"@id":"https:\/\/gongcenter.ch\/#\/schema\/logo\/image\/"}}]}},"acf":[],"_links":{"self":[{"href":"https:\/\/gongcenter.ch\/en\/wp-json\/wp\/v2\/product\/32638","targetHints":{"allow":["GET"]}}],"collection":[{"href":"https:\/\/gongcenter.ch\/en\/wp-json\/wp\/v2\/product"}],"about":[{"href":"https:\/\/gongcenter.ch\/en\/wp-json\/wp\/v2\/types\/product"}],"wp:featuredmedia":[{"embeddable":true,"href":"https:\/\/gongcenter.ch\/en\/wp-json\/wp\/v2\/media\/32639"}],"wp:attachment":[{"href":"https:\/\/gongcenter.ch\/en\/wp-json\/wp\/v2\/media?parent=32638"}],"wp:term":[{"taxonomy":"product_brand","embeddable":true,"href":"https:\/\/gongcenter.ch\/en\/wp-json\/wp\/v2\/product_brand?post=32638"},{"taxonomy":"product_cat","embeddable":true,"href":"https:\/\/gongcenter.ch\/en\/wp-json\/wp\/v2\/product_cat?post=32638"},{"taxonomy":"product_tag","embeddable":true,"href":"https:\/\/gongcenter.ch\/en\/wp-json\/wp\/v2\/product_tag?post=32638"}],"curies":[{"name":"wp","href":"https:\/\/api.w.org\/{rel}","templated":true}]}}