{"id":32641,"date":"2023-06-12T12:12:28","date_gmt":"2023-06-12T11:12:28","guid":{"rendered":"https:\/\/gongcenter.ch\/?post_type=product&#038;p=32641"},"modified":"2025-08-20T16:36:53","modified_gmt":"2025-08-20T15:36:53","slug":"paiste-chiron-81cm","status":"publish","type":"product","link":"https:\/\/gongcenter.ch\/en\/product\/paiste-chiron-81cm\/","title":{"rendered":"Chiron 81cm"},"content":{"rendered":"<p>Chiron ist der verwundete Heiler, ein Katalysator, der uns hilft, Zugang zu unseren tiefsten Wunden zu finden, damit wir mit Kraft, Mitgef\u00fchl und Weisheit vorankommen und unsere wahre Bestimmung erreichen k\u00f6nnen.<\/p>\n<p>SPIEL &#8211; TIP<\/p>\n<p>Da diesem Gong eine Affinit\u00e4t zu Willens- und Tatkraft zugesprochen wird, ist eine eher extrovertierte Spielweise im gehobenen Dynamik-Bereich angezeigt. Sein umfassendes Klangspektrum fordert daher den Spieler \/ die Spielerin in ihrer Spielbef\u00e4higung.<\/p>\n<p>Versierte Gongspieler wissen, dass ein gekonnter Anschlag eines symphonischen Gongs nicht das Zentrum des Instruments treffen sollte, sondern dass der perfekte Schlagpunkt sich bei ca. 17 und 19 Uhr auf dem \u00e4usseren Drittelpunkt des Gongdurchmessers befindet! Gerade bei den lauten Spielweisen liefert nur der perfekte Resonanz-Ansatz auch ein physiologisches Klangerlebnis.<\/p>\n<p>INFO<\/p>\n<p>Sein perfektes Crescendo in den oberen Tonlagen bei gleichzeitiger Pr\u00e4senz der Basst\u00f6ne passt sehr gut zu den dem Mars zugeschriebenen Assoziationen und verdeutlicht auch, warum diese Gongs aus der norddeutschen Gongschmiede zu den am besten klingenden Instrumenten \u00fcberhaupt geh\u00f6ren und zu Recht einen Ruf als weltbeste Gongs geniessen. Wenn Sie daran denken sollten sich einen dieser wunderbaren, erlebnistr\u00e4chtigen Planetengongs zuzulegen, k\u00f6nnen Sie sich sicher sein, dass Sie ein wertbest\u00e4ndiges Werkst\u00fcck erwerben, das im Verlauf der Zeit an Klang und Wert gewinnt!<\/p>\n<p>PFLEGE<\/p>\n<p>Gongs laden dazu ein, angefasst zu werden. Das Material ist grunds\u00e4tzlich extrem trocken und hat die Eigenschaft, sofort die nat\u00fcrlichen Fette und \u00d6le aus der Haut aufzusaugen. Der Gong entwickelt dadurch eine leicht unansehnliche Optik. Umgehen Sie dies, indem sie das Pflegen der Oberfl\u00e4che zur Routine werden lassen. Geeignet zur Plege sind Silber- und Metallputzmittel, sehr bew\u00e4hrt hat sich der Magic Kochfeldreiniger. Seien Sie sorgsam mit dem Nachpolieren, damit die Mallets nicht dunkel werden durch Reste von Putzmittel. Der Klang wird durch die Optik eines Gongs in keinem Fall beeintr\u00e4chtigt.<\/p>\n","protected":false},"excerpt":{"rendered":"Der Paiste Kiron Gong ist ein 32&#8243; Gong in der Note D2#\/Dis-75,64 Hz\r\n<div id=\"cc-shop-product-desc-text-13011232335\" class=\"description\">\r\n\r\nBasierend auf planetarischer Berechnung\r\n3. Oktave D3#\/dis-151,27 Hz\r\n4. Oktave A4\/a&#8217;-427,86 Hz\r\n\r\n<\/div>","protected":false},"featured_media":32643,"template":"","meta":[],"product_brand":[],"product_cat":[493,37],"product_tag":[],"class_list":{"0":"post-32641","1":"product","2":"type-product","3":"status-publish","4":"has-post-thumbnail","6":"brands-paiste","7":"product_cat-tuned-gongs","8":"product_cat-planeten-gongs","9":"product_shipping_class-kostenloser-versand-innerhalb-der-schweiz","11":"first","12":"instock","13":"sold-individually","14":"taxable","15":"shipping-taxable","16":"purchasable","17":"product-type-simple"},"yoast_head":"<!-- This site is optimized with the Yoast SEO plugin v27.0 - https:\/\/yoast.com\/product\/yoast-seo-wordpress\/ -->\n<title>PAISTE Planeten Gong Nibiru 81 cm I Der geheimnisvolle Klang<\/title>\n<meta name=\"description\" content=\"Der PAISTE Gong Nibiru schwingt auf der Frequenz des sagenumwobenen Planeten Nibiru und der babylonischen Gottheit.\" \/>\n<meta name=\"robots\" content=\"index, follow, max-snippet:-1, max-image-preview:large, max-video-preview:-1\" \/>\n<link rel=\"canonical\" href=\"https:\/\/gongcenter.ch\/produkt\/paiste-chiron-81cm\/\" \/>\n<meta property=\"og:locale\" content=\"en_US\" \/>\n<meta property=\"og:type\" content=\"article\" \/>\n<meta property=\"og:title\" content=\"PAISTE Planeten Gong Nibiru 81 cm I Der geheimnisvolle Klang\" \/>\n<meta property=\"og:description\" content=\"Der PAISTE Gong Nibiru schwingt auf der Frequenz des sagenumwobenen Planeten Nibiru und der babylonischen Gottheit.\" \/>\n<meta property=\"og:url\" content=\"https:\/\/gongcenter.ch\/produkt\/paiste-chiron-81cm\/\" \/>\n<meta property=\"og:site_name\" content=\"Gong Center Schweiz I Dein Gong und Klanginstrumente Fachgesch\u00e4ft\" \/>\n<meta property=\"article:modified_time\" content=\"2025-08-20T15:36:53+00:00\" \/>\n<meta property=\"og:image\" content=\"https:\/\/gongcenter.ch\/app\/uploads\/2023\/06\/paiste-gong-chiron.jpg\" \/>\n\t<meta property=\"og:image:width\" content=\"750\" \/>\n\t<meta property=\"og:image:height\" content=\"750\" \/>\n\t<meta property=\"og:image:type\" content=\"image\/jpeg\" \/>\n<meta name=\"twitter:card\" content=\"summary_large_image\" \/>\n<meta name=\"twitter:label1\" content=\"Est. reading time\" \/>\n\t<meta name=\"twitter:data1\" content=\"2 minutes\" \/>\n<!-- \/ Yoast SEO plugin. -->","yoast_head_json":{"title":"PAISTE Planeten Gong Nibiru 81 cm I Der geheimnisvolle Klang","description":"Der PAISTE Gong Nibiru schwingt auf der Frequenz des sagenumwobenen Planeten Nibiru und der babylonischen Gottheit.","robots":{"index":"index","follow":"follow","max-snippet":"max-snippet:-1","max-image-preview":"max-image-preview:large","max-video-preview":"max-video-preview:-1"},"canonical":"https:\/\/gongcenter.ch\/produkt\/paiste-chiron-81cm\/","og_locale":"en_US","og_type":"article","og_title":"PAISTE Planeten Gong Nibiru 81 cm I Der geheimnisvolle Klang","og_description":"Der PAISTE Gong Nibiru schwingt auf der Frequenz des sagenumwobenen Planeten Nibiru und der babylonischen Gottheit.","og_url":"https:\/\/gongcenter.ch\/produkt\/paiste-chiron-81cm\/","og_site_name":"Gong Center Schweiz I Dein Gong und Klanginstrumente Fachgesch\u00e4ft","article_modified_time":"2025-08-20T15:36:53+00:00","og_image":[{"width":750,"height":750,"url":"https:\/\/gongcenter.ch\/app\/uploads\/2023\/06\/paiste-gong-chiron.jpg","type":"image\/jpeg"}],"twitter_card":"summary_large_image","twitter_misc":{"Est. reading time":"2 minutes"},"schema":{"@context":"https:\/\/schema.org","@graph":[{"@type":"WebPage","@id":"https:\/\/gongcenter.ch\/produkt\/paiste-chiron-81cm\/","url":"https:\/\/gongcenter.ch\/produkt\/paiste-chiron-81cm\/","name":"PAISTE Planeten Gong Nibiru 81 cm I Der geheimnisvolle Klang","isPartOf":{"@id":"https:\/\/gongcenter.ch\/#website"},"primaryImageOfPage":{"@id":"https:\/\/gongcenter.ch\/produkt\/paiste-chiron-81cm\/#primaryimage"},"image":{"@id":"https:\/\/gongcenter.ch\/produkt\/paiste-chiron-81cm\/#primaryimage"},"thumbnailUrl":"https:\/\/gongcenter.ch\/app\/uploads\/2023\/06\/paiste-gong-chiron.jpg","datePublished":"2023-06-12T11:12:28+00:00","dateModified":"2025-08-20T15:36:53+00:00","description":"Der PAISTE Gong Nibiru schwingt auf der Frequenz des sagenumwobenen Planeten Nibiru und der babylonischen Gottheit.","breadcrumb":{"@id":"https:\/\/gongcenter.ch\/produkt\/paiste-chiron-81cm\/#breadcrumb"},"inLanguage":"en-US","potentialAction":[{"@type":"ReadAction","target":["https:\/\/gongcenter.ch\/produkt\/paiste-chiron-81cm\/"]}]},{"@type":"ImageObject","inLanguage":"en-US","@id":"https:\/\/gongcenter.ch\/produkt\/paiste-chiron-81cm\/#primaryimage","url":"https:\/\/gongcenter.ch\/app\/uploads\/2023\/06\/paiste-gong-chiron.jpg","contentUrl":"https:\/\/gongcenter.ch\/app\/uploads\/2023\/06\/paiste-gong-chiron.jpg","width":750,"height":750},{"@type":"BreadcrumbList","@id":"https:\/\/gongcenter.ch\/produkt\/paiste-chiron-81cm\/#breadcrumb","itemListElement":[{"@type":"ListItem","position":1,"name":"Startseite","item":"https:\/\/gongcenter.ch\/en\/"},{"@type":"ListItem","position":2,"name":"Shop","item":"https:\/\/gongcenter.ch\/en\/shop\/"},{"@type":"ListItem","position":3,"name":"Chiron 81cm"}]},{"@type":"WebSite","@id":"https:\/\/gongcenter.ch\/#website","url":"https:\/\/gongcenter.ch\/","name":"Gong Center Schweiz I Dein Gong und Klanginstrumente Fachgesch\u00e4ft","description":"Entdecke eine grosse Gong Auswahl sowie weitere Klanginstrumente - Wir sind Gong Klangtherapeut und bieten dir Top Qualit\u00e4t und Beratung.","publisher":{"@id":"https:\/\/gongcenter.ch\/#organization"},"potentialAction":[{"@type":"SearchAction","target":{"@type":"EntryPoint","urlTemplate":"https:\/\/gongcenter.ch\/?s={search_term_string}"},"query-input":{"@type":"PropertyValueSpecification","valueRequired":true,"valueName":"search_term_string"}}],"inLanguage":"en-US"},{"@type":"Organization","@id":"https:\/\/gongcenter.ch\/#organization","name":"Gongcenter Z\u00fcrich I Das Fachgesch\u00e4ft f\u00fcr Gong und Klang","url":"https:\/\/gongcenter.ch\/","logo":{"@type":"ImageObject","inLanguage":"en-US","@id":"https:\/\/gongcenter.ch\/#\/schema\/logo\/image\/","url":"https:\/\/gongcenter.ch\/app\/uploads\/2018\/05\/Gong-Center_Logo_2000_black.png","contentUrl":"https:\/\/gongcenter.ch\/app\/uploads\/2018\/05\/Gong-Center_Logo_2000_black.png","width":2000,"height":600,"caption":"Gongcenter Z\u00fcrich I Das Fachgesch\u00e4ft f\u00fcr Gong und Klang"},"image":{"@id":"https:\/\/gongcenter.ch\/#\/schema\/logo\/image\/"}}]}},"acf":[],"_links":{"self":[{"href":"https:\/\/gongcenter.ch\/en\/wp-json\/wp\/v2\/product\/32641","targetHints":{"allow":["GET"]}}],"collection":[{"href":"https:\/\/gongcenter.ch\/en\/wp-json\/wp\/v2\/product"}],"about":[{"href":"https:\/\/gongcenter.ch\/en\/wp-json\/wp\/v2\/types\/product"}],"wp:featuredmedia":[{"embeddable":true,"href":"https:\/\/gongcenter.ch\/en\/wp-json\/wp\/v2\/media\/32643"}],"wp:attachment":[{"href":"https:\/\/gongcenter.ch\/en\/wp-json\/wp\/v2\/media?parent=32641"}],"wp:term":[{"taxonomy":"product_brand","embeddable":true,"href":"https:\/\/gongcenter.ch\/en\/wp-json\/wp\/v2\/product_brand?post=32641"},{"taxonomy":"product_cat","embeddable":true,"href":"https:\/\/gongcenter.ch\/en\/wp-json\/wp\/v2\/product_cat?post=32641"},{"taxonomy":"product_tag","embeddable":true,"href":"https:\/\/gongcenter.ch\/en\/wp-json\/wp\/v2\/product_tag?post=32641"}],"curies":[{"name":"wp","href":"https:\/\/api.w.org\/{rel}","templated":true}]}}