{"id":32725,"date":"2023-07-04T20:05:28","date_gmt":"2023-07-04T19:05:28","guid":{"rendered":"https:\/\/gongcenter.ch\/?post_type=product&#038;p=32725"},"modified":"2023-07-04T20:08:27","modified_gmt":"2023-07-04T19:08:27","slug":"klangschale-1738","status":"publish","type":"product","link":"https:\/\/gongcenter.ch\/en\/product\/klangschale-1738\/","title":{"rendered":"Klangschale \u00f8 24 cm"},"content":{"rendered":"<p>Begleiter der Meditation, Klangmassage, Naturton- und Konzert-Instrument<\/p>\n<p>Die tibetischen Klangschalen stammen aus dem exil tibetischen Himalaya. Sie sind in traditioneller Handarbeit hergestellt. Es werden individuelle Messinglegierungen verwendet (Kupfer und Zink), woraus unter Anderem die faszinierenden Klangdimensionen entstehen.<\/p>\n<p>Man verwendet tibetische Klangschalen urspr\u00fcnglich zur Meditation, sie sind auch zur Klangmassage geeignet &#8211; einzeln oder als Set, zum Musizieren mit den bekannten Konzert-T\u00f6nen, oder zur Heilanwendung mit Chakren- und Planetent\u00f6nen.<\/p>\n<p>Die tibetischen Klangschalen sensibilisieren die eigene Wahrnehmung und aktivieren die Selbstheilungskr\u00e4fte.<\/p>\n<p>Wir stellen Sets nach Wunsch zueinander passend zusammen.<\/p>\n","protected":false},"excerpt":{"rendered":"<ul>\r\n \t<li>Planetenton:<\/li>\r\n \t<li>Durchmesser: 24 cm<\/li>\r\n \t<li>H\u00f6he: 11 cm<\/li>\r\n \t<li>Gewicht: 1.738 Kg<\/li>\r\n<\/ul>","protected":false},"featured_media":0,"template":"","meta":[],"product_brand":[],"product_cat":[686],"product_tag":[],"class_list":{"0":"post-32725","1":"product","2":"type-product","3":"status-publish","5":"product_cat-klangschalen","6":"product_shipping_class-kostenloser-versand-innerhalb-der-schweiz","8":"first","9":"instock","10":"sold-individually","11":"taxable","12":"shipping-taxable","13":"purchasable","14":"product-type-simple"},"yoast_head":"<!-- This site is optimized with the Yoast SEO plugin v27.0 - https:\/\/yoast.com\/product\/yoast-seo-wordpress\/ -->\n<title>Klangschale \u00f8 24 cm - Gong Center Schweiz I Dein Gong und Klanginstrumente Fachgesch\u00e4ft<\/title>\n<meta name=\"robots\" content=\"index, follow, max-snippet:-1, max-image-preview:large, max-video-preview:-1\" \/>\n<link rel=\"canonical\" href=\"https:\/\/gongcenter.ch\/produkt\/klangschale-1738\/\" \/>\n<meta property=\"og:locale\" content=\"en_US\" \/>\n<meta property=\"og:type\" content=\"article\" \/>\n<meta property=\"og:title\" content=\"Klangschale \u00f8 24 cm - Gong Center Schweiz I Dein Gong und Klanginstrumente Fachgesch\u00e4ft\" \/>\n<meta property=\"og:description\" content=\"Planetenton:  Durchmesser: 24 cm  H\u00f6he: 11 cm  Gewicht: 1.738 Kg\" \/>\n<meta property=\"og:url\" content=\"https:\/\/gongcenter.ch\/produkt\/klangschale-1738\/\" \/>\n<meta property=\"og:site_name\" content=\"Gong Center Schweiz I Dein Gong und Klanginstrumente Fachgesch\u00e4ft\" \/>\n<meta property=\"article:modified_time\" content=\"2023-07-04T19:08:27+00:00\" \/>\n<meta name=\"twitter:card\" content=\"summary_large_image\" \/>\n<meta name=\"twitter:label1\" content=\"Est. reading time\" \/>\n\t<meta name=\"twitter:data1\" content=\"1 minute\" \/>\n<!-- \/ Yoast SEO plugin. -->","yoast_head_json":{"title":"Klangschale \u00f8 24 cm - Gong Center Schweiz I Dein Gong und Klanginstrumente Fachgesch\u00e4ft","robots":{"index":"index","follow":"follow","max-snippet":"max-snippet:-1","max-image-preview":"max-image-preview:large","max-video-preview":"max-video-preview:-1"},"canonical":"https:\/\/gongcenter.ch\/produkt\/klangschale-1738\/","og_locale":"en_US","og_type":"article","og_title":"Klangschale \u00f8 24 cm - Gong Center Schweiz I Dein Gong und Klanginstrumente Fachgesch\u00e4ft","og_description":"Planetenton:  Durchmesser: 24 cm  H\u00f6he: 11 cm  Gewicht: 1.738 Kg","og_url":"https:\/\/gongcenter.ch\/produkt\/klangschale-1738\/","og_site_name":"Gong Center Schweiz I Dein Gong und Klanginstrumente Fachgesch\u00e4ft","article_modified_time":"2023-07-04T19:08:27+00:00","twitter_card":"summary_large_image","twitter_misc":{"Est. reading time":"1 minute"},"schema":{"@context":"https:\/\/schema.org","@graph":[{"@type":"WebPage","@id":"https:\/\/gongcenter.ch\/produkt\/klangschale-1738\/","url":"https:\/\/gongcenter.ch\/produkt\/klangschale-1738\/","name":"Klangschale \u00f8 24 cm - Gong Center Schweiz I Dein Gong und Klanginstrumente Fachgesch\u00e4ft","isPartOf":{"@id":"https:\/\/gongcenter.ch\/#website"},"datePublished":"2023-07-04T19:05:28+00:00","dateModified":"2023-07-04T19:08:27+00:00","breadcrumb":{"@id":"https:\/\/gongcenter.ch\/produkt\/klangschale-1738\/#breadcrumb"},"inLanguage":"en-US","potentialAction":[{"@type":"ReadAction","target":["https:\/\/gongcenter.ch\/produkt\/klangschale-1738\/"]}]},{"@type":"BreadcrumbList","@id":"https:\/\/gongcenter.ch\/produkt\/klangschale-1738\/#breadcrumb","itemListElement":[{"@type":"ListItem","position":1,"name":"Startseite","item":"https:\/\/gongcenter.ch\/en\/"},{"@type":"ListItem","position":2,"name":"Shop","item":"https:\/\/gongcenter.ch\/en\/shop\/"},{"@type":"ListItem","position":3,"name":"Klangschale \u00f8 24 cm"}]},{"@type":"WebSite","@id":"https:\/\/gongcenter.ch\/#website","url":"https:\/\/gongcenter.ch\/","name":"Gong Center Schweiz I Dein Gong und Klanginstrumente Fachgesch\u00e4ft","description":"Entdecke eine grosse Gong Auswahl sowie weitere Klanginstrumente - Wir sind Gong Klangtherapeut und bieten dir Top Qualit\u00e4t und Beratung.","publisher":{"@id":"https:\/\/gongcenter.ch\/#organization"},"potentialAction":[{"@type":"SearchAction","target":{"@type":"EntryPoint","urlTemplate":"https:\/\/gongcenter.ch\/?s={search_term_string}"},"query-input":{"@type":"PropertyValueSpecification","valueRequired":true,"valueName":"search_term_string"}}],"inLanguage":"en-US"},{"@type":"Organization","@id":"https:\/\/gongcenter.ch\/#organization","name":"Gongcenter Z\u00fcrich I Das Fachgesch\u00e4ft f\u00fcr Gong und Klang","url":"https:\/\/gongcenter.ch\/","logo":{"@type":"ImageObject","inLanguage":"en-US","@id":"https:\/\/gongcenter.ch\/#\/schema\/logo\/image\/","url":"https:\/\/gongcenter.ch\/app\/uploads\/2018\/05\/Gong-Center_Logo_2000_black.png","contentUrl":"https:\/\/gongcenter.ch\/app\/uploads\/2018\/05\/Gong-Center_Logo_2000_black.png","width":2000,"height":600,"caption":"Gongcenter Z\u00fcrich I Das Fachgesch\u00e4ft f\u00fcr Gong und Klang"},"image":{"@id":"https:\/\/gongcenter.ch\/#\/schema\/logo\/image\/"}}]}},"acf":[],"_links":{"self":[{"href":"https:\/\/gongcenter.ch\/en\/wp-json\/wp\/v2\/product\/32725","targetHints":{"allow":["GET"]}}],"collection":[{"href":"https:\/\/gongcenter.ch\/en\/wp-json\/wp\/v2\/product"}],"about":[{"href":"https:\/\/gongcenter.ch\/en\/wp-json\/wp\/v2\/types\/product"}],"wp:attachment":[{"href":"https:\/\/gongcenter.ch\/en\/wp-json\/wp\/v2\/media?parent=32725"}],"wp:term":[{"taxonomy":"product_brand","embeddable":true,"href":"https:\/\/gongcenter.ch\/en\/wp-json\/wp\/v2\/product_brand?post=32725"},{"taxonomy":"product_cat","embeddable":true,"href":"https:\/\/gongcenter.ch\/en\/wp-json\/wp\/v2\/product_cat?post=32725"},{"taxonomy":"product_tag","embeddable":true,"href":"https:\/\/gongcenter.ch\/en\/wp-json\/wp\/v2\/product_tag?post=32725"}],"curies":[{"name":"wp","href":"https:\/\/api.w.org\/{rel}","templated":true}]}}