{"id":32745,"date":"2023-07-25T20:12:53","date_gmt":"2023-07-25T19:12:53","guid":{"rendered":"https:\/\/gongcenter.ch\/?post_type=product&#038;p=32745"},"modified":"2024-08-22T11:43:55","modified_gmt":"2024-08-22T10:43:55","slug":"paiste-deco-gong-blank","status":"publish","type":"product","link":"https:\/\/gongcenter.ch\/en\/product\/paiste-deco-gong-blank\/","title":{"rendered":"Deco Gong bare"},"content":{"rendered":"<p>Die Deko Gongs sind traditionelle Paiste Gongs in Miniaturausgabe. Sie sind von Hand geh\u00e4mmert und faszinieren durch ihren exotischen Klang. Gerne werden diese Gongs auch als Dinnergongs bezeichnet und genutzt.<\/p>\n<p>Diese Gongs sind mit und ohne Zeichen erh\u00e4ltlich.<\/p>\n<p>Echte Gongs sind eine einzigartige und dekorative Erg\u00e4nzung f\u00fcr Ihre pers\u00f6nliche oder musikalische Umgebung. Gongs symbolisieren Reichtum und Wohlergehen in der asiatischen Mythologie. Sie sind daher perfekt als Feng Shui f\u00fcr Wohnung und B\u00fcro geeignet.<\/p>\n<p>INFO<br \/>\nAuch wenn Sie hier und bei anderen Gong-Beschreibungen Wirkungen und Entsprechungen finden werden, handelt es sich immer um Beschreibungen von Erfahrungen, die im Verlaufe vieler Jahre gemacht worden sind und sich mitunter auch nur im Kontext der jeweiligen Begrifflichkeiten erschliessen. Alle Texte hier sollen Anregungen und Inspirationen f\u00fcr Ihre Gongarbeit sein. In dem Moment, wo Sie sich mit einer Frequenz besch\u00e4ftigen, erst dann k\u00f6nnen Sie sagen, was diese Frequenz f\u00fcr Sie leisten kann. Fakt ist, jede dieser Frequenzen hat eine spezifische Wirkung \u2013 da alle Menschen verschieden sind, wirken sich diese eben auch unterschiedlich aus. Erst die eigene Erfahrung wird eigenes, wertvolles Wissen generieren k\u00f6nnen.<\/p>\n<p>PFLEGE<br \/>\nGongs laden dazu ein, angefasst zu werden. Das Material ist grunds\u00e4tzlich extrem trocken und hat die Eigenschaft, sofort die nat\u00fcrlichen Fette und \u00d6le aus der Haut aufzusaugen. Der Gong entwickelt dadurch eine leicht unansehnliche Optik. Umgehen Sie dies, indem sie das Pflegen der Oberfl\u00e4che zur Routine werden lassen. Geeignet zur Plege sind Silber- und Metallputzmittel. Seien Sie sorgsam mit dem Nachpolieren, damit die Mallets nicht dunkel werden durch Reste von Putzmittel. Der Klang wird durch die Optik eines Gongs in keinem Fall beeintr\u00e4chtigt.<\/p>\n","protected":false},"excerpt":{"rendered":"<ul>\r\n \t<li>Gr\u00f6sse: 18 cm\/ 7 Zoll<\/li>\r\n \t<li>Lieferumfang: mit Schlegel<\/li>\r\n<\/ul>","protected":false},"featured_media":29932,"template":"","meta":[],"product_brand":[],"product_cat":[694],"product_tag":[],"class_list":{"0":"post-32745","1":"product","2":"type-product","3":"status-publish","4":"has-post-thumbnail","6":"brands-paiste","7":"product_cat-paiste-deco-gongs","8":"product_shipping_class-bis-199-chf-9-90-chf","9":"pa_groesse-7-18-cm","10":"pa_groesse-10-25-cm","11":"pa_groesse-13-33-cm","13":"first","14":"instock","15":"taxable","16":"shipping-taxable","17":"purchasable","18":"product-type-variable"},"yoast_head":"<!-- This site is optimized with the Yoast SEO plugin v27.0 - https:\/\/yoast.com\/product\/yoast-seo-wordpress\/ -->\n<title>PAISTE Deko Gongs I Drei verschiedenen Gr\u00f6ssen<\/title>\n<meta name=\"description\" content=\"Der wundersch\u00f6ne Gong von PAISTE ist ein Hingucker. In 3 verschiedenen Gr\u00f6ssen. Ideal als Dinnergong oder um eine Meditation zu beginnen.\" \/>\n<meta name=\"robots\" content=\"index, follow, max-snippet:-1, max-image-preview:large, max-video-preview:-1\" \/>\n<link rel=\"canonical\" href=\"https:\/\/gongcenter.ch\/produkt\/paiste-deco-gong-blank\/\" \/>\n<meta property=\"og:locale\" content=\"en_US\" \/>\n<meta property=\"og:type\" content=\"article\" \/>\n<meta property=\"og:title\" content=\"PAISTE Deko Gongs I Drei verschiedenen Gr\u00f6ssen\" \/>\n<meta property=\"og:description\" content=\"Der wundersch\u00f6ne Gong von PAISTE ist ein Hingucker. In 3 verschiedenen Gr\u00f6ssen. Ideal als Dinnergong oder um eine Meditation zu beginnen.\" \/>\n<meta property=\"og:url\" content=\"https:\/\/gongcenter.ch\/produkt\/paiste-deco-gong-blank\/\" \/>\n<meta property=\"og:site_name\" content=\"Gong Center Schweiz I Dein Gong und Klanginstrumente Fachgesch\u00e4ft\" \/>\n<meta property=\"article:modified_time\" content=\"2024-08-22T10:43:55+00:00\" \/>\n<meta property=\"og:image\" content=\"https:\/\/gongcenter.ch\/app\/uploads\/2022\/09\/PAISTE-deco-gong-chinese-signs-2.png\" \/>\n\t<meta property=\"og:image:width\" content=\"600\" \/>\n\t<meta property=\"og:image:height\" content=\"600\" \/>\n\t<meta property=\"og:image:type\" content=\"image\/png\" \/>\n<meta name=\"twitter:card\" content=\"summary_large_image\" \/>\n<meta name=\"twitter:label1\" content=\"Est. reading time\" \/>\n\t<meta name=\"twitter:data1\" content=\"2 minutes\" \/>\n<!-- \/ Yoast SEO plugin. -->","yoast_head_json":{"title":"PAISTE Deko Gongs I Drei verschiedenen Gr\u00f6ssen","description":"Der wundersch\u00f6ne Gong von PAISTE ist ein Hingucker. In 3 verschiedenen Gr\u00f6ssen. Ideal als Dinnergong oder um eine Meditation zu beginnen.","robots":{"index":"index","follow":"follow","max-snippet":"max-snippet:-1","max-image-preview":"max-image-preview:large","max-video-preview":"max-video-preview:-1"},"canonical":"https:\/\/gongcenter.ch\/produkt\/paiste-deco-gong-blank\/","og_locale":"en_US","og_type":"article","og_title":"PAISTE Deko Gongs I Drei verschiedenen Gr\u00f6ssen","og_description":"Der wundersch\u00f6ne Gong von PAISTE ist ein Hingucker. In 3 verschiedenen Gr\u00f6ssen. Ideal als Dinnergong oder um eine Meditation zu beginnen.","og_url":"https:\/\/gongcenter.ch\/produkt\/paiste-deco-gong-blank\/","og_site_name":"Gong Center Schweiz I Dein Gong und Klanginstrumente Fachgesch\u00e4ft","article_modified_time":"2024-08-22T10:43:55+00:00","og_image":[{"width":600,"height":600,"url":"https:\/\/gongcenter.ch\/app\/uploads\/2022\/09\/PAISTE-deco-gong-chinese-signs-2.png","type":"image\/png"}],"twitter_card":"summary_large_image","twitter_misc":{"Est. reading time":"2 minutes"},"schema":{"@context":"https:\/\/schema.org","@graph":[{"@type":"WebPage","@id":"https:\/\/gongcenter.ch\/produkt\/paiste-deco-gong-blank\/","url":"https:\/\/gongcenter.ch\/produkt\/paiste-deco-gong-blank\/","name":"PAISTE Deko Gongs I Drei verschiedenen Gr\u00f6ssen","isPartOf":{"@id":"https:\/\/gongcenter.ch\/#website"},"primaryImageOfPage":{"@id":"https:\/\/gongcenter.ch\/produkt\/paiste-deco-gong-blank\/#primaryimage"},"image":{"@id":"https:\/\/gongcenter.ch\/produkt\/paiste-deco-gong-blank\/#primaryimage"},"thumbnailUrl":"https:\/\/gongcenter.ch\/app\/uploads\/2022\/09\/PAISTE-deco-gong-chinese-signs-2.png","datePublished":"2023-07-25T19:12:53+00:00","dateModified":"2024-08-22T10:43:55+00:00","description":"Der wundersch\u00f6ne Gong von PAISTE ist ein Hingucker. In 3 verschiedenen Gr\u00f6ssen. Ideal als Dinnergong oder um eine Meditation zu beginnen.","breadcrumb":{"@id":"https:\/\/gongcenter.ch\/produkt\/paiste-deco-gong-blank\/#breadcrumb"},"inLanguage":"en-US","potentialAction":[{"@type":"ReadAction","target":["https:\/\/gongcenter.ch\/produkt\/paiste-deco-gong-blank\/"]}]},{"@type":"ImageObject","inLanguage":"en-US","@id":"https:\/\/gongcenter.ch\/produkt\/paiste-deco-gong-blank\/#primaryimage","url":"https:\/\/gongcenter.ch\/app\/uploads\/2022\/09\/PAISTE-deco-gong-chinese-signs-2.png","contentUrl":"https:\/\/gongcenter.ch\/app\/uploads\/2022\/09\/PAISTE-deco-gong-chinese-signs-2.png","width":600,"height":600},{"@type":"BreadcrumbList","@id":"https:\/\/gongcenter.ch\/produkt\/paiste-deco-gong-blank\/#breadcrumb","itemListElement":[{"@type":"ListItem","position":1,"name":"Startseite","item":"https:\/\/gongcenter.ch\/en\/"},{"@type":"ListItem","position":2,"name":"Shop","item":"https:\/\/gongcenter.ch\/en\/shop\/"},{"@type":"ListItem","position":3,"name":"Deco Gong bare"}]},{"@type":"WebSite","@id":"https:\/\/gongcenter.ch\/#website","url":"https:\/\/gongcenter.ch\/","name":"Gong Center Schweiz I Dein Gong und Klanginstrumente Fachgesch\u00e4ft","description":"Entdecke eine grosse Gong Auswahl sowie weitere Klanginstrumente - Wir sind Gong Klangtherapeut und bieten dir Top Qualit\u00e4t und Beratung.","publisher":{"@id":"https:\/\/gongcenter.ch\/#organization"},"potentialAction":[{"@type":"SearchAction","target":{"@type":"EntryPoint","urlTemplate":"https:\/\/gongcenter.ch\/?s={search_term_string}"},"query-input":{"@type":"PropertyValueSpecification","valueRequired":true,"valueName":"search_term_string"}}],"inLanguage":"en-US"},{"@type":"Organization","@id":"https:\/\/gongcenter.ch\/#organization","name":"Gongcenter Z\u00fcrich I Das Fachgesch\u00e4ft f\u00fcr Gong und Klang","url":"https:\/\/gongcenter.ch\/","logo":{"@type":"ImageObject","inLanguage":"en-US","@id":"https:\/\/gongcenter.ch\/#\/schema\/logo\/image\/","url":"https:\/\/gongcenter.ch\/app\/uploads\/2018\/05\/Gong-Center_Logo_2000_black.png","contentUrl":"https:\/\/gongcenter.ch\/app\/uploads\/2018\/05\/Gong-Center_Logo_2000_black.png","width":2000,"height":600,"caption":"Gongcenter Z\u00fcrich I Das Fachgesch\u00e4ft f\u00fcr Gong und Klang"},"image":{"@id":"https:\/\/gongcenter.ch\/#\/schema\/logo\/image\/"}}]}},"acf":[],"_links":{"self":[{"href":"https:\/\/gongcenter.ch\/en\/wp-json\/wp\/v2\/product\/32745","targetHints":{"allow":["GET"]}}],"collection":[{"href":"https:\/\/gongcenter.ch\/en\/wp-json\/wp\/v2\/product"}],"about":[{"href":"https:\/\/gongcenter.ch\/en\/wp-json\/wp\/v2\/types\/product"}],"wp:featuredmedia":[{"embeddable":true,"href":"https:\/\/gongcenter.ch\/en\/wp-json\/wp\/v2\/media\/29932"}],"wp:attachment":[{"href":"https:\/\/gongcenter.ch\/en\/wp-json\/wp\/v2\/media?parent=32745"}],"wp:term":[{"taxonomy":"product_brand","embeddable":true,"href":"https:\/\/gongcenter.ch\/en\/wp-json\/wp\/v2\/product_brand?post=32745"},{"taxonomy":"product_cat","embeddable":true,"href":"https:\/\/gongcenter.ch\/en\/wp-json\/wp\/v2\/product_cat?post=32745"},{"taxonomy":"product_tag","embeddable":true,"href":"https:\/\/gongcenter.ch\/en\/wp-json\/wp\/v2\/product_tag?post=32745"}],"curies":[{"name":"wp","href":"https:\/\/api.w.org\/{rel}","templated":true}]}}