{"id":32800,"date":"2023-08-24T13:51:01","date_gmt":"2023-08-24T12:51:01","guid":{"rendered":"https:\/\/gongcenter.ch\/?post_type=product&#038;p=32800"},"modified":"2024-08-22T11:44:06","modified_gmt":"2024-08-22T10:44:06","slug":"paiste-chakra-sound-creation-gong","status":"publish","type":"product","link":"https:\/\/gongcenter.ch\/en\/product\/paiste-chakra-sound-creation-gong\/","title":{"rendered":"Sound Creation Chakra Gongs"},"content":{"rendered":"<p>Dieser Kuppel-Gong geh\u00f6rt zur Serie Sound Creation und ist besonders f\u00fcr klangtherapeutische und energetische Anwendungen geeignet. Die Sound Creation Serie umfasst die symbolischen Klangtypen Erde, Kopf, Brust und Bauch, wobei jeder Gong eine einzigartige Atmosph\u00e4re schafft und seinen ganz eigenen Klangcharakter entfaltet.<\/p>\n<p>Kuppel- oder Buckelgongs konzentrieren ihren Klang in der namensgebenden W\u00f6lbung in der Mitte. Dadurch entsteht ein kr\u00e4ftiger Grundton, w\u00e4hrend laute Obert\u00f6ne kaum vorhanden sind. Kuppelgongs werden gerne in der Klangtherapie zum Ausgleich der Chakren eingesetzt. Der klare Klang wirkt sehr zentrierend und kann die Behandlung bestimmter K\u00f6rperregionen, Themenfelder und Blockaden auf energetischer Ebene unterst\u00fctzen.<\/p>\n<p>Der Bauch-Gong hat eine eher tiefe, dunkle Klangfarbe. Sein lang anhaltendes und sanft ausklingendes Klangvolumen erf\u00fcllt auch gro\u00dfe R\u00e4ume. Die harmonischen Schwingungen dringen tief in uns ein und erm\u00f6glichen intensive Klangerlebnisse.<\/p>\n<p>Der Brust-Gong hat einen au\u00dfergew\u00f6hnlichen und einzigartige Klangfarbe. Sein beeindruckender, charismatischer Klang verk\u00f6rpert eine F\u00fclle von beispielhaften emotionalen Empfindungen und Gef\u00fchlen. Ausserdem bieten diese Instrumente aufgrund seiner unterschiedlichen Klangfarben und Stimmen eine grosse Bandbreite an Obert\u00f6nen und Frequenzen.<\/p>\n<p>Der Kopf-Gong hat seinen eigenen au\u00dfergew\u00f6hnlichen und besonderen Klangcharakter. Sein eindrucksvoller und charismatischer Klang verk\u00f6rpert eine F\u00fclle von beispielhaften Gef\u00fchlen und Emotionen. Durch die Vielfalt der Klangfarben und Stimmen bieten diese Instrumente auch eine gro\u00dfe Bandbreite an Obert\u00f6nen und Frequenzen.<\/p>\n","protected":false},"excerpt":{"rendered":"<h1 class=\"product_title entry-title\"><span style=\"font-size: 24px;\"><strong>\u201cSound Creation\u201d Gong\u00a0Nr.8 Kopfbereich Chakra<\/strong><\/span><\/h1>\r\n<ul>\r\n \t<li>Klangbeschreibung: harmonisch, anhaltend, zentriert, durchdringend, beeinflussend, gleichm\u00e4\u00dfig ausklingend<\/li>\r\n \t<li>Klangfarbe: hell<\/li>\r\n \t<li>Klangempfinden: beeinflussend, durchdringend<\/li>\r\n \t<li>Durchmesser: 28 cm \/ 11&#8243;<\/li>\r\n<\/ul>\r\n<h1 class=\"product_title entry-title\"><strong><span style=\"font-size: 24px;\">\u201cSound Creation\u201d Gong\u00a0Nr.9 Chakra Brust<\/span><\/strong><\/h1>\r\n<ul>\r\n \t<li class=\"product_title entry-title\">Klangbeschreibung: harmonisch, anhaltend, zentriert, durchdringend, beeinflussend, gleichm\u00e4\u00dfig abklingend<\/li>\r\n \t<li class=\"product_title entry-title\">Klangfarbe: mittel<\/li>\r\n \t<li class=\"product_title entry-title\">Klangempfindung: beeinflussend, durchdringend<\/li>\r\n \t<li>Durchmesser: 36 cm \/ 14&#8243;<\/li>\r\n<\/ul>\r\n<p class=\"product_title entry-title\"><span style=\"font-size: 24px;\"><strong>\u201cSound Creation\u201d Gong Nr.10 Chakra Unterleib<\/strong><\/span><\/p>\r\n\r\n<ul>\r\n \t<li class=\"product_title entry-title\">Klangbeschreibung: harmonisch, anhaltend, zentriert, durchdringend, beeinflussend, gleichm\u00e4\u00dfig abklingend<\/li>\r\n \t<li class=\"product_title entry-title\">Klangfarbe: dunkel<\/li>\r\n \t<li class=\"product_title entry-title\">Klangempfindung: beeinflussend, durchdringend<\/li>\r\n \t<li>Durchmesser: 41 cm \/ 16&#8243;<\/li>\r\n<\/ul>","protected":false},"featured_media":32805,"template":"","meta":[],"product_brand":[],"product_cat":[652],"product_tag":[],"class_list":{"0":"post-32800","1":"product","2":"type-product","3":"status-publish","4":"has-post-thumbnail","6":"brands-paiste","7":"product_cat-sound-creation-gong","8":"product_shipping_class-kostenloser-versand-innerhalb-der-schweiz","9":"pa_groesse-11-28-cm-oe","10":"pa_groesse-14-35-6-cm-o","11":"pa_groesse-16-41-cm-o","12":"pa_groesse-26-66-cm","13":"pa_groesse-32-81-cm-o","14":"pa_groesse-38-95-cm-o","15":"pa_groesse-60-154-cm","17":"first","18":"onbackorder","19":"sold-individually","20":"taxable","21":"shipping-taxable","22":"purchasable","23":"product-type-variable","24":"has-default-attributes"},"yoast_head":"<!-- This site is optimized with the Yoast SEO plugin v27.0 - https:\/\/yoast.com\/product\/yoast-seo-wordpress\/ -->\n<title>PAISTE Chakra Sound Creation Gong<\/title>\n<meta name=\"description\" content=\"Die Chakra Sound Creation Gong. harmonisch, anhaltend, zentriert, durchdringend, einflussreich, gleichm\u00e4sig ausklingend. In drei Variationen erh\u00e4ltlich.\" \/>\n<meta name=\"robots\" content=\"index, follow, max-snippet:-1, max-image-preview:large, max-video-preview:-1\" \/>\n<link rel=\"canonical\" href=\"https:\/\/gongcenter.ch\/produkt\/paiste-chakra-sound-creation-gong\/\" \/>\n<meta property=\"og:locale\" content=\"en_US\" \/>\n<meta property=\"og:type\" content=\"article\" \/>\n<meta property=\"og:title\" content=\"PAISTE Chakra Sound Creation Gong\" \/>\n<meta property=\"og:description\" content=\"Die Chakra Sound Creation Gong. harmonisch, anhaltend, zentriert, durchdringend, einflussreich, gleichm\u00e4sig ausklingend. In drei Variationen erh\u00e4ltlich.\" \/>\n<meta property=\"og:url\" content=\"https:\/\/gongcenter.ch\/produkt\/paiste-chakra-sound-creation-gong\/\" \/>\n<meta property=\"og:site_name\" content=\"Gong Center Schweiz I Dein Gong und Klanginstrumente Fachgesch\u00e4ft\" \/>\n<meta property=\"article:modified_time\" content=\"2024-08-22T10:44:06+00:00\" \/>\n<meta property=\"og:image\" content=\"https:\/\/gongcenter.ch\/app\/uploads\/2023\/08\/14__sound_creation_gong_no_9_chakra_chest.png\" \/>\n\t<meta property=\"og:image:width\" content=\"588\" \/>\n\t<meta property=\"og:image:height\" content=\"588\" \/>\n\t<meta property=\"og:image:type\" content=\"image\/png\" \/>\n<meta name=\"twitter:card\" content=\"summary_large_image\" \/>\n<meta name=\"twitter:label1\" content=\"Est. reading time\" \/>\n\t<meta name=\"twitter:data1\" content=\"2 minutes\" \/>\n<!-- \/ Yoast SEO plugin. -->","yoast_head_json":{"title":"PAISTE Chakra Sound Creation Gong","description":"Die Chakra Sound Creation Gong. harmonisch, anhaltend, zentriert, durchdringend, einflussreich, gleichm\u00e4sig ausklingend. In drei Variationen erh\u00e4ltlich.","robots":{"index":"index","follow":"follow","max-snippet":"max-snippet:-1","max-image-preview":"max-image-preview:large","max-video-preview":"max-video-preview:-1"},"canonical":"https:\/\/gongcenter.ch\/produkt\/paiste-chakra-sound-creation-gong\/","og_locale":"en_US","og_type":"article","og_title":"PAISTE Chakra Sound Creation Gong","og_description":"Die Chakra Sound Creation Gong. harmonisch, anhaltend, zentriert, durchdringend, einflussreich, gleichm\u00e4sig ausklingend. In drei Variationen erh\u00e4ltlich.","og_url":"https:\/\/gongcenter.ch\/produkt\/paiste-chakra-sound-creation-gong\/","og_site_name":"Gong Center Schweiz I Dein Gong und Klanginstrumente Fachgesch\u00e4ft","article_modified_time":"2024-08-22T10:44:06+00:00","og_image":[{"width":588,"height":588,"url":"https:\/\/gongcenter.ch\/app\/uploads\/2023\/08\/14__sound_creation_gong_no_9_chakra_chest.png","type":"image\/png"}],"twitter_card":"summary_large_image","twitter_misc":{"Est. reading time":"2 minutes"},"schema":{"@context":"https:\/\/schema.org","@graph":[{"@type":"WebPage","@id":"https:\/\/gongcenter.ch\/produkt\/paiste-chakra-sound-creation-gong\/","url":"https:\/\/gongcenter.ch\/produkt\/paiste-chakra-sound-creation-gong\/","name":"PAISTE Chakra Sound Creation Gong","isPartOf":{"@id":"https:\/\/gongcenter.ch\/#website"},"primaryImageOfPage":{"@id":"https:\/\/gongcenter.ch\/produkt\/paiste-chakra-sound-creation-gong\/#primaryimage"},"image":{"@id":"https:\/\/gongcenter.ch\/produkt\/paiste-chakra-sound-creation-gong\/#primaryimage"},"thumbnailUrl":"https:\/\/gongcenter.ch\/app\/uploads\/2023\/08\/14__sound_creation_gong_no_9_chakra_chest.png","datePublished":"2023-08-24T12:51:01+00:00","dateModified":"2024-08-22T10:44:06+00:00","description":"Die Chakra Sound Creation Gong. harmonisch, anhaltend, zentriert, durchdringend, einflussreich, gleichm\u00e4sig ausklingend. In drei Variationen erh\u00e4ltlich.","breadcrumb":{"@id":"https:\/\/gongcenter.ch\/produkt\/paiste-chakra-sound-creation-gong\/#breadcrumb"},"inLanguage":"en-US","potentialAction":[{"@type":"ReadAction","target":["https:\/\/gongcenter.ch\/produkt\/paiste-chakra-sound-creation-gong\/"]}]},{"@type":"ImageObject","inLanguage":"en-US","@id":"https:\/\/gongcenter.ch\/produkt\/paiste-chakra-sound-creation-gong\/#primaryimage","url":"https:\/\/gongcenter.ch\/app\/uploads\/2023\/08\/14__sound_creation_gong_no_9_chakra_chest.png","contentUrl":"https:\/\/gongcenter.ch\/app\/uploads\/2023\/08\/14__sound_creation_gong_no_9_chakra_chest.png","width":588,"height":588},{"@type":"BreadcrumbList","@id":"https:\/\/gongcenter.ch\/produkt\/paiste-chakra-sound-creation-gong\/#breadcrumb","itemListElement":[{"@type":"ListItem","position":1,"name":"Startseite","item":"https:\/\/gongcenter.ch\/en\/"},{"@type":"ListItem","position":2,"name":"Shop","item":"https:\/\/gongcenter.ch\/en\/shop\/"},{"@type":"ListItem","position":3,"name":"Sound Creation Chakra Gongs"}]},{"@type":"WebSite","@id":"https:\/\/gongcenter.ch\/#website","url":"https:\/\/gongcenter.ch\/","name":"Gong Center Schweiz I Dein Gong und Klanginstrumente Fachgesch\u00e4ft","description":"Entdecke eine grosse Gong Auswahl sowie weitere Klanginstrumente - Wir sind Gong Klangtherapeut und bieten dir Top Qualit\u00e4t und Beratung.","publisher":{"@id":"https:\/\/gongcenter.ch\/#organization"},"potentialAction":[{"@type":"SearchAction","target":{"@type":"EntryPoint","urlTemplate":"https:\/\/gongcenter.ch\/?s={search_term_string}"},"query-input":{"@type":"PropertyValueSpecification","valueRequired":true,"valueName":"search_term_string"}}],"inLanguage":"en-US"},{"@type":"Organization","@id":"https:\/\/gongcenter.ch\/#organization","name":"Gongcenter Z\u00fcrich I Das Fachgesch\u00e4ft f\u00fcr Gong und Klang","url":"https:\/\/gongcenter.ch\/","logo":{"@type":"ImageObject","inLanguage":"en-US","@id":"https:\/\/gongcenter.ch\/#\/schema\/logo\/image\/","url":"https:\/\/gongcenter.ch\/app\/uploads\/2018\/05\/Gong-Center_Logo_2000_black.png","contentUrl":"https:\/\/gongcenter.ch\/app\/uploads\/2018\/05\/Gong-Center_Logo_2000_black.png","width":2000,"height":600,"caption":"Gongcenter Z\u00fcrich I Das Fachgesch\u00e4ft f\u00fcr Gong und Klang"},"image":{"@id":"https:\/\/gongcenter.ch\/#\/schema\/logo\/image\/"}}]}},"acf":[],"_links":{"self":[{"href":"https:\/\/gongcenter.ch\/en\/wp-json\/wp\/v2\/product\/32800","targetHints":{"allow":["GET"]}}],"collection":[{"href":"https:\/\/gongcenter.ch\/en\/wp-json\/wp\/v2\/product"}],"about":[{"href":"https:\/\/gongcenter.ch\/en\/wp-json\/wp\/v2\/types\/product"}],"wp:featuredmedia":[{"embeddable":true,"href":"https:\/\/gongcenter.ch\/en\/wp-json\/wp\/v2\/media\/32805"}],"wp:attachment":[{"href":"https:\/\/gongcenter.ch\/en\/wp-json\/wp\/v2\/media?parent=32800"}],"wp:term":[{"taxonomy":"product_brand","embeddable":true,"href":"https:\/\/gongcenter.ch\/en\/wp-json\/wp\/v2\/product_brand?post=32800"},{"taxonomy":"product_cat","embeddable":true,"href":"https:\/\/gongcenter.ch\/en\/wp-json\/wp\/v2\/product_cat?post=32800"},{"taxonomy":"product_tag","embeddable":true,"href":"https:\/\/gongcenter.ch\/en\/wp-json\/wp\/v2\/product_tag?post=32800"}],"curies":[{"name":"wp","href":"https:\/\/api.w.org\/{rel}","templated":true}]}}