{"id":33542,"date":"2023-10-23T12:40:59","date_gmt":"2023-10-23T11:40:59","guid":{"rendered":"https:\/\/gongcenter.ch\/?post_type=product&#038;p=33542"},"modified":"2023-10-27T16:57:03","modified_gmt":"2023-10-27T15:57:03","slug":"bowring-fusspedal","status":"publish","type":"product","link":"https:\/\/gongcenter.ch\/en\/product\/bowring-fusspedal\/","title":{"rendered":"Bowring Fusspedal"},"content":{"rendered":"<p>Bei der Shrutibox muss der Blasebalg immer mit einer Hand aufgepumpt werden. Das ist unpraktisch, wenn man eigentlich beide H\u00e4nde f\u00fcr etwas anderes braucht, z.B. um ein anderes Instrument zu spielen. Als L\u00f6sung hief\u00fcr bieten wir ein Fusspedal an, das speziell f\u00fcr Shrutiboxen entwickelt wurde.<\/p>\n<p>Die Bewegung des Fusspedals wird \u00fcber ein Kabel auf eine Zugvorrichtung an der Shrutibox \u00fcbertragen. So kann der Blasebalg mit dem Fuss aufgepumpt werden und die H\u00e4nde bleiben frei. Die Zugvorrichtung l\u00e4sst sich an den meisten g\u00e4ngigen Shrutiboxen einfach befestigen. Bei l\u00e4ngerem Gebrauch empfiehlt es sich, die Zugvorrichtung mit den beiliegenden Schrauben zu befestigen.<\/p>\n<p>Das Bowring Fusspedal funktioniert gut f\u00fcr alle unsere Shrutiboxen (ausser der 3 Oktave).<\/p>\n","protected":false},"excerpt":{"rendered":"<ul>\r\n \t<li>Gr\u00f6sse: 22 x 9 x 3 cm<\/li>\r\n \t<li>Gewicht: 0,6 kg.<\/li>\r\n<\/ul>","protected":false},"featured_media":33543,"template":"","meta":[],"product_brand":[],"product_cat":[1190],"product_tag":[],"class_list":{"0":"post-33542","1":"product","2":"type-product","3":"status-publish","4":"has-post-thumbnail","6":"product_cat-shruti-box-surpeti","7":"product_shipping_class-kostenloser-versand-innerhalb-der-schweiz","8":"pa_groesse-durchmesser-90","9":"pa_groesse-120-cm","10":"pa_groesse-36-90-cm-o","11":"pa_groesse-48-120-cm-oe","13":"first","14":"instock","15":"taxable","16":"shipping-taxable","17":"purchasable","18":"product-type-variable"},"yoast_head":"<!-- This site is optimized with the Yoast SEO plugin v27.0 - https:\/\/yoast.com\/product\/yoast-seo-wordpress\/ -->\n<title>Bowring Fusspedal f\u00fcr Shrutibox und Harmonium<\/title>\n<meta name=\"description\" content=\"Bowring Fu\u00dfpedal ist die perfekte L\u00f6sung, um die Shruti Box mit freien H\u00e4nden zu bedienen. So kann man gleichzeitig andere Instrumente spielen.\" \/>\n<meta name=\"robots\" content=\"index, follow, max-snippet:-1, max-image-preview:large, max-video-preview:-1\" \/>\n<link rel=\"canonical\" href=\"https:\/\/gongcenter.ch\/produkt\/bowring-fusspedal\/\" \/>\n<meta property=\"og:locale\" content=\"en_US\" \/>\n<meta property=\"og:type\" content=\"article\" \/>\n<meta property=\"og:title\" content=\"Bowring Fusspedal f\u00fcr Shrutibox und Harmonium\" \/>\n<meta property=\"og:description\" content=\"Bowring Fu\u00dfpedal ist die perfekte L\u00f6sung, um die Shruti Box mit freien H\u00e4nden zu bedienen. So kann man gleichzeitig andere Instrumente spielen.\" \/>\n<meta property=\"og:url\" content=\"https:\/\/gongcenter.ch\/produkt\/bowring-fusspedal\/\" \/>\n<meta property=\"og:site_name\" content=\"Gong Center Schweiz I Dein Gong und Klanginstrumente Fachgesch\u00e4ft\" \/>\n<meta property=\"article:modified_time\" content=\"2023-10-27T15:57:03+00:00\" \/>\n<meta property=\"og:image\" content=\"https:\/\/gongcenter.ch\/app\/uploads\/2023\/10\/bowring_pedal_product.webp\" \/>\n\t<meta property=\"og:image:width\" content=\"444\" \/>\n\t<meta property=\"og:image:height\" content=\"444\" \/>\n\t<meta property=\"og:image:type\" content=\"image\/webp\" \/>\n<meta name=\"twitter:card\" content=\"summary_large_image\" \/>\n<meta name=\"twitter:label1\" content=\"Est. reading time\" \/>\n\t<meta name=\"twitter:data1\" content=\"1 minute\" \/>\n<!-- \/ Yoast SEO plugin. -->","yoast_head_json":{"title":"Bowring Fusspedal f\u00fcr Shrutibox und Harmonium","description":"Bowring Fu\u00dfpedal ist die perfekte L\u00f6sung, um die Shruti Box mit freien H\u00e4nden zu bedienen. So kann man gleichzeitig andere Instrumente spielen.","robots":{"index":"index","follow":"follow","max-snippet":"max-snippet:-1","max-image-preview":"max-image-preview:large","max-video-preview":"max-video-preview:-1"},"canonical":"https:\/\/gongcenter.ch\/produkt\/bowring-fusspedal\/","og_locale":"en_US","og_type":"article","og_title":"Bowring Fusspedal f\u00fcr Shrutibox und Harmonium","og_description":"Bowring Fu\u00dfpedal ist die perfekte L\u00f6sung, um die Shruti Box mit freien H\u00e4nden zu bedienen. So kann man gleichzeitig andere Instrumente spielen.","og_url":"https:\/\/gongcenter.ch\/produkt\/bowring-fusspedal\/","og_site_name":"Gong Center Schweiz I Dein Gong und Klanginstrumente Fachgesch\u00e4ft","article_modified_time":"2023-10-27T15:57:03+00:00","og_image":[{"width":444,"height":444,"url":"https:\/\/gongcenter.ch\/app\/uploads\/2023\/10\/bowring_pedal_product.webp","type":"image\/webp"}],"twitter_card":"summary_large_image","twitter_misc":{"Est. reading time":"1 minute"},"schema":{"@context":"https:\/\/schema.org","@graph":[{"@type":"WebPage","@id":"https:\/\/gongcenter.ch\/produkt\/bowring-fusspedal\/","url":"https:\/\/gongcenter.ch\/produkt\/bowring-fusspedal\/","name":"Bowring Fusspedal f\u00fcr Shrutibox und Harmonium","isPartOf":{"@id":"https:\/\/gongcenter.ch\/#website"},"primaryImageOfPage":{"@id":"https:\/\/gongcenter.ch\/produkt\/bowring-fusspedal\/#primaryimage"},"image":{"@id":"https:\/\/gongcenter.ch\/produkt\/bowring-fusspedal\/#primaryimage"},"thumbnailUrl":"https:\/\/gongcenter.ch\/app\/uploads\/2023\/10\/bowring_pedal_product.webp","datePublished":"2023-10-23T11:40:59+00:00","dateModified":"2023-10-27T15:57:03+00:00","description":"Bowring Fu\u00dfpedal ist die perfekte L\u00f6sung, um die Shruti Box mit freien H\u00e4nden zu bedienen. So kann man gleichzeitig andere Instrumente spielen.","breadcrumb":{"@id":"https:\/\/gongcenter.ch\/produkt\/bowring-fusspedal\/#breadcrumb"},"inLanguage":"en-US","potentialAction":[{"@type":"ReadAction","target":["https:\/\/gongcenter.ch\/produkt\/bowring-fusspedal\/"]}]},{"@type":"ImageObject","inLanguage":"en-US","@id":"https:\/\/gongcenter.ch\/produkt\/bowring-fusspedal\/#primaryimage","url":"https:\/\/gongcenter.ch\/app\/uploads\/2023\/10\/bowring_pedal_product.webp","contentUrl":"https:\/\/gongcenter.ch\/app\/uploads\/2023\/10\/bowring_pedal_product.webp","width":444,"height":444},{"@type":"BreadcrumbList","@id":"https:\/\/gongcenter.ch\/produkt\/bowring-fusspedal\/#breadcrumb","itemListElement":[{"@type":"ListItem","position":1,"name":"Startseite","item":"https:\/\/gongcenter.ch\/en\/"},{"@type":"ListItem","position":2,"name":"Shop","item":"https:\/\/gongcenter.ch\/en\/shop\/"},{"@type":"ListItem","position":3,"name":"Bowring Fusspedal"}]},{"@type":"WebSite","@id":"https:\/\/gongcenter.ch\/#website","url":"https:\/\/gongcenter.ch\/","name":"Gong Center Schweiz I Dein Gong und Klanginstrumente Fachgesch\u00e4ft","description":"Entdecke eine grosse Gong Auswahl sowie weitere Klanginstrumente - Wir sind Gong Klangtherapeut und bieten dir Top Qualit\u00e4t und Beratung.","publisher":{"@id":"https:\/\/gongcenter.ch\/#organization"},"potentialAction":[{"@type":"SearchAction","target":{"@type":"EntryPoint","urlTemplate":"https:\/\/gongcenter.ch\/?s={search_term_string}"},"query-input":{"@type":"PropertyValueSpecification","valueRequired":true,"valueName":"search_term_string"}}],"inLanguage":"en-US"},{"@type":"Organization","@id":"https:\/\/gongcenter.ch\/#organization","name":"Gongcenter Z\u00fcrich I Das Fachgesch\u00e4ft f\u00fcr Gong und Klang","url":"https:\/\/gongcenter.ch\/","logo":{"@type":"ImageObject","inLanguage":"en-US","@id":"https:\/\/gongcenter.ch\/#\/schema\/logo\/image\/","url":"https:\/\/gongcenter.ch\/app\/uploads\/2018\/05\/Gong-Center_Logo_2000_black.png","contentUrl":"https:\/\/gongcenter.ch\/app\/uploads\/2018\/05\/Gong-Center_Logo_2000_black.png","width":2000,"height":600,"caption":"Gongcenter Z\u00fcrich I Das Fachgesch\u00e4ft f\u00fcr Gong und Klang"},"image":{"@id":"https:\/\/gongcenter.ch\/#\/schema\/logo\/image\/"}}]}},"acf":[],"_links":{"self":[{"href":"https:\/\/gongcenter.ch\/en\/wp-json\/wp\/v2\/product\/33542","targetHints":{"allow":["GET"]}}],"collection":[{"href":"https:\/\/gongcenter.ch\/en\/wp-json\/wp\/v2\/product"}],"about":[{"href":"https:\/\/gongcenter.ch\/en\/wp-json\/wp\/v2\/types\/product"}],"wp:featuredmedia":[{"embeddable":true,"href":"https:\/\/gongcenter.ch\/en\/wp-json\/wp\/v2\/media\/33543"}],"wp:attachment":[{"href":"https:\/\/gongcenter.ch\/en\/wp-json\/wp\/v2\/media?parent=33542"}],"wp:term":[{"taxonomy":"product_brand","embeddable":true,"href":"https:\/\/gongcenter.ch\/en\/wp-json\/wp\/v2\/product_brand?post=33542"},{"taxonomy":"product_cat","embeddable":true,"href":"https:\/\/gongcenter.ch\/en\/wp-json\/wp\/v2\/product_cat?post=33542"},{"taxonomy":"product_tag","embeddable":true,"href":"https:\/\/gongcenter.ch\/en\/wp-json\/wp\/v2\/product_tag?post=33542"}],"curies":[{"name":"wp","href":"https:\/\/api.w.org\/{rel}","templated":true}]}}