{"id":34402,"date":"2023-11-22T18:37:50","date_gmt":"2023-11-22T17:37:50","guid":{"rendered":"https:\/\/gongcenter.ch\/?post_type=product&#038;p=34402"},"modified":"2025-01-10T16:04:05","modified_gmt":"2025-01-10T15:04:05","slug":"holz-gong-staender-eschenholz","status":"publish","type":"product","link":"https:\/\/gongcenter.ch\/en\/product\/holz-gong-staender-eschenholz\/","title":{"rendered":"Gongst\u00e4nder aus Eschenholz f\u00fcr 40 &#8211; 150 cm grosse Gongs"},"content":{"rendered":"<p>Der Gong muss richtig aufgestellt werden, um Stabilit\u00e4t und Sicherheit beim Spielen zu gew\u00e4hrleisten.<\/p>\n<p>Der St\u00e4nder ist aus massivem Eschenholz gefertigt und zum Schutz ge\u00f6lt. Bei Bedarf kannst du den St\u00e4nder mit dem beiliegenden Schleifschwamm und \u00d6l polieren und erneut \u00f6len.<\/p>\n<p>Wenn das Gestell trotz des \u00d6ls \u00fcber l\u00e4ngere Zeit hoher Luftfeuchtigkeit ausgesetzt ist, kann das Holz aufquellen, so dass die obere Stange und die Beine nicht mehr richtig zusammenpassen. In diesem Fall muss der St\u00e4nder sofort an einen trockenen Ort gebracht werden. Wenn die Teile nach dem Trocknen immer noch nicht zusammenpassen, benutze den beiliegenden Schleifschwamm, um die Verbindungen abzuschleifen.<\/p>\n<p>Es ist auch m\u00f6glich, die Teile des St\u00e4nders mit den beiliegenden Schrauben zu befestigen.<\/p>\n","protected":false},"excerpt":{"rendered":"Aus hellem Eschenholz, klar lackiert. Einfache Montage, handwerkliche Qualit\u00e4t.\r\n\r\nUnser Sortiment umfasst St\u00e4nder f\u00fcr Gongs mit einem Durchmesser von 40 cm (15&#8243;) bis 150 cm (60&#8243;):\r\n\r\n&nbsp;\r\n<ul>\r\n \t<li>H\u00f6he 58 cm, f\u00fcr Gongs bis 40 cm<\/li>\r\n \t<li>H\u00f6he 97 cm, f\u00fcr Gongs bis 60 cm<\/li>\r\n \t<li>H\u00f6he 117 cm, f\u00fcr Gongs bis 80 cm<\/li>\r\n \t<li>H\u00f6he 137 cm, f\u00fcr Gongs bis 100 cm<\/li>\r\n \t<li>H\u00f6he 156 cm, f\u00fcr Gongs bis 110 cm<\/li>\r\n \t<li>H\u00f6he 165 cm, f\u00fcr Gongs bis 110 cm<\/li>\r\n \t<li>H\u00f6he 194 cm, f\u00fcr Gongs bis 120 cm<\/li>\r\n \t<li>H\u00f6he 168 cm, f\u00fcr Gongs bis 130 cm<\/li>\r\n \t<li>H\u00f6he 196 cm, f\u00fcr Gongs bis 135 cm<\/li>\r\n \t<li>H\u00f6he 208 cm, f\u00fcr Gongs bis 150 cm<\/li>\r\n<\/ul>","protected":false},"featured_media":33772,"template":"","meta":[],"product_brand":[],"product_cat":[64],"product_tag":[],"class_list":{"0":"post-34402","1":"product","2":"type-product","3":"status-publish","4":"has-post-thumbnail","6":"product_cat-gongstander","7":"product_shipping_class-kostenloser-versand-innerhalb-der-schweiz","8":"pa_groesse-fuer-gongs-bis-40-cm","9":"pa_groesse-fuer-gongs-bis-60-cm","10":"pa_groesse-fuer-gongs-bis-80-cm","11":"pa_groesse-fuer-gongs-bis-100-cm","12":"pa_groesse-fuer-gongs-bis-120-cm-2","13":"pa_groesse-fuer-gong-biss-120-cm-xl-hoehe","14":"pa_groesse-fuer-gongs-bis-120-cm","15":"pa_groesse-fuer-gongs-bis-130-cm","16":"pa_groesse-fuer-gongs-bis-135-cm","17":"pa_groesse-fuer-gongs-bis-150-cm","19":"first","20":"instock","21":"sold-individually","22":"taxable","23":"shipping-taxable","24":"purchasable","25":"product-type-variable","26":"has-default-attributes"},"yoast_head":"<!-- This site is optimized with the Yoast SEO plugin v27.0 - https:\/\/yoast.com\/product\/yoast-seo-wordpress\/ -->\n<title>Gongst\u00e4nder aus Eschenholz in diversen Gr\u00f6ssen<\/title>\n<meta name=\"description\" content=\"Wundersch\u00f6ner Gongst\u00e4nder, bestehend aus drei Teilen, die in wenigen Sekunden zusammengesteckt sind. Passt in jeden Raum. Erfahre mehr.\" \/>\n<meta name=\"robots\" content=\"index, follow, max-snippet:-1, max-image-preview:large, max-video-preview:-1\" \/>\n<link rel=\"canonical\" href=\"https:\/\/gongcenter.ch\/produkt\/holz-gong-staender-eschenholz\/\" \/>\n<meta property=\"og:locale\" content=\"en_US\" \/>\n<meta property=\"og:type\" content=\"article\" \/>\n<meta property=\"og:title\" content=\"Gongst\u00e4nder aus Eschenholz in diversen Gr\u00f6ssen\" \/>\n<meta property=\"og:description\" content=\"Wundersch\u00f6ner Gongst\u00e4nder, bestehend aus drei Teilen, die in wenigen Sekunden zusammengesteckt sind. Passt in jeden Raum. Erfahre mehr.\" \/>\n<meta property=\"og:url\" content=\"https:\/\/gongcenter.ch\/produkt\/holz-gong-staender-eschenholz\/\" \/>\n<meta property=\"og:site_name\" content=\"Gong Center Schweiz I Dein Gong und Klanginstrumente Fachgesch\u00e4ft\" \/>\n<meta property=\"article:modified_time\" content=\"2025-01-10T15:04:05+00:00\" \/>\n<meta property=\"og:image\" content=\"https:\/\/gongcenter.ch\/app\/uploads\/2023\/11\/wooden-gong-stand-40cm-1.png\" \/>\n\t<meta property=\"og:image:width\" content=\"1100\" \/>\n\t<meta property=\"og:image:height\" content=\"1422\" \/>\n\t<meta property=\"og:image:type\" content=\"image\/png\" \/>\n<meta name=\"twitter:card\" content=\"summary_large_image\" \/>\n<meta name=\"twitter:label1\" content=\"Est. reading time\" \/>\n\t<meta name=\"twitter:data1\" content=\"1 minute\" \/>\n<!-- \/ Yoast SEO plugin. -->","yoast_head_json":{"title":"Gongst\u00e4nder aus Eschenholz in diversen Gr\u00f6ssen","description":"Wundersch\u00f6ner Gongst\u00e4nder, bestehend aus drei Teilen, die in wenigen Sekunden zusammengesteckt sind. Passt in jeden Raum. Erfahre mehr.","robots":{"index":"index","follow":"follow","max-snippet":"max-snippet:-1","max-image-preview":"max-image-preview:large","max-video-preview":"max-video-preview:-1"},"canonical":"https:\/\/gongcenter.ch\/produkt\/holz-gong-staender-eschenholz\/","og_locale":"en_US","og_type":"article","og_title":"Gongst\u00e4nder aus Eschenholz in diversen Gr\u00f6ssen","og_description":"Wundersch\u00f6ner Gongst\u00e4nder, bestehend aus drei Teilen, die in wenigen Sekunden zusammengesteckt sind. Passt in jeden Raum. Erfahre mehr.","og_url":"https:\/\/gongcenter.ch\/produkt\/holz-gong-staender-eschenholz\/","og_site_name":"Gong Center Schweiz I Dein Gong und Klanginstrumente Fachgesch\u00e4ft","article_modified_time":"2025-01-10T15:04:05+00:00","og_image":[{"width":1100,"height":1422,"url":"https:\/\/gongcenter.ch\/app\/uploads\/2023\/11\/wooden-gong-stand-40cm-1.png","type":"image\/png"}],"twitter_card":"summary_large_image","twitter_misc":{"Est. reading time":"1 minute"},"schema":{"@context":"https:\/\/schema.org","@graph":[{"@type":"WebPage","@id":"https:\/\/gongcenter.ch\/produkt\/holz-gong-staender-eschenholz\/","url":"https:\/\/gongcenter.ch\/produkt\/holz-gong-staender-eschenholz\/","name":"Gongst\u00e4nder aus Eschenholz in diversen Gr\u00f6ssen","isPartOf":{"@id":"https:\/\/gongcenter.ch\/#website"},"primaryImageOfPage":{"@id":"https:\/\/gongcenter.ch\/produkt\/holz-gong-staender-eschenholz\/#primaryimage"},"image":{"@id":"https:\/\/gongcenter.ch\/produkt\/holz-gong-staender-eschenholz\/#primaryimage"},"thumbnailUrl":"https:\/\/gongcenter.ch\/app\/uploads\/2023\/11\/wooden-gong-stand-40cm-1.png","datePublished":"2023-11-22T17:37:50+00:00","dateModified":"2025-01-10T15:04:05+00:00","description":"Wundersch\u00f6ner Gongst\u00e4nder, bestehend aus drei Teilen, die in wenigen Sekunden zusammengesteckt sind. Passt in jeden Raum. Erfahre mehr.","breadcrumb":{"@id":"https:\/\/gongcenter.ch\/produkt\/holz-gong-staender-eschenholz\/#breadcrumb"},"inLanguage":"en-US","potentialAction":[{"@type":"ReadAction","target":["https:\/\/gongcenter.ch\/produkt\/holz-gong-staender-eschenholz\/"]}]},{"@type":"ImageObject","inLanguage":"en-US","@id":"https:\/\/gongcenter.ch\/produkt\/holz-gong-staender-eschenholz\/#primaryimage","url":"https:\/\/gongcenter.ch\/app\/uploads\/2023\/11\/wooden-gong-stand-40cm-1.png","contentUrl":"https:\/\/gongcenter.ch\/app\/uploads\/2023\/11\/wooden-gong-stand-40cm-1.png","width":1100,"height":1422},{"@type":"BreadcrumbList","@id":"https:\/\/gongcenter.ch\/produkt\/holz-gong-staender-eschenholz\/#breadcrumb","itemListElement":[{"@type":"ListItem","position":1,"name":"Startseite","item":"https:\/\/gongcenter.ch\/en\/"},{"@type":"ListItem","position":2,"name":"Shop","item":"https:\/\/gongcenter.ch\/en\/shop\/"},{"@type":"ListItem","position":3,"name":"Gongst\u00e4nder aus Eschenholz f\u00fcr 40 &#8211; 150 cm grosse Gongs"}]},{"@type":"WebSite","@id":"https:\/\/gongcenter.ch\/#website","url":"https:\/\/gongcenter.ch\/","name":"Gong Center Schweiz I Dein Gong und Klanginstrumente Fachgesch\u00e4ft","description":"Entdecke eine grosse Gong Auswahl sowie weitere Klanginstrumente - Wir sind Gong Klangtherapeut und bieten dir Top Qualit\u00e4t und Beratung.","publisher":{"@id":"https:\/\/gongcenter.ch\/#organization"},"potentialAction":[{"@type":"SearchAction","target":{"@type":"EntryPoint","urlTemplate":"https:\/\/gongcenter.ch\/?s={search_term_string}"},"query-input":{"@type":"PropertyValueSpecification","valueRequired":true,"valueName":"search_term_string"}}],"inLanguage":"en-US"},{"@type":"Organization","@id":"https:\/\/gongcenter.ch\/#organization","name":"Gongcenter Z\u00fcrich I Das Fachgesch\u00e4ft f\u00fcr Gong und Klang","url":"https:\/\/gongcenter.ch\/","logo":{"@type":"ImageObject","inLanguage":"en-US","@id":"https:\/\/gongcenter.ch\/#\/schema\/logo\/image\/","url":"https:\/\/gongcenter.ch\/app\/uploads\/2018\/05\/Gong-Center_Logo_2000_black.png","contentUrl":"https:\/\/gongcenter.ch\/app\/uploads\/2018\/05\/Gong-Center_Logo_2000_black.png","width":2000,"height":600,"caption":"Gongcenter Z\u00fcrich I Das Fachgesch\u00e4ft f\u00fcr Gong und Klang"},"image":{"@id":"https:\/\/gongcenter.ch\/#\/schema\/logo\/image\/"}}]}},"acf":[],"_links":{"self":[{"href":"https:\/\/gongcenter.ch\/en\/wp-json\/wp\/v2\/product\/34402","targetHints":{"allow":["GET"]}}],"collection":[{"href":"https:\/\/gongcenter.ch\/en\/wp-json\/wp\/v2\/product"}],"about":[{"href":"https:\/\/gongcenter.ch\/en\/wp-json\/wp\/v2\/types\/product"}],"wp:featuredmedia":[{"embeddable":true,"href":"https:\/\/gongcenter.ch\/en\/wp-json\/wp\/v2\/media\/33772"}],"wp:attachment":[{"href":"https:\/\/gongcenter.ch\/en\/wp-json\/wp\/v2\/media?parent=34402"}],"wp:term":[{"taxonomy":"product_brand","embeddable":true,"href":"https:\/\/gongcenter.ch\/en\/wp-json\/wp\/v2\/product_brand?post=34402"},{"taxonomy":"product_cat","embeddable":true,"href":"https:\/\/gongcenter.ch\/en\/wp-json\/wp\/v2\/product_cat?post=34402"},{"taxonomy":"product_tag","embeddable":true,"href":"https:\/\/gongcenter.ch\/en\/wp-json\/wp\/v2\/product_tag?post=34402"}],"curies":[{"name":"wp","href":"https:\/\/api.w.org\/{rel}","templated":true}]}}