{"id":34411,"date":"2023-11-22T18:37:54","date_gmt":"2023-11-22T17:37:54","guid":{"rendered":"https:\/\/gongcenter.ch\/product\/stimmgabel-set-c-g\/"},"modified":"2023-11-22T18:37:54","modified_gmt":"2023-11-22T17:37:54","slug":"stimmgabel-set-c-g","status":"publish","type":"product","link":"https:\/\/gongcenter.ch\/en\/product\/stimmgabel-set-c-g\/","title":{"rendered":"Stimmgabel Set C &#038; G"},"content":{"rendered":"<p>Ein Set mit zwei Stimmgabeln: C-256 H und G-384 Hz. Sie erzeugen ein spezielles Intervall, das in der Musik- und Klangtherapie als &#8220;perfekte Quinte&#8221; bekannt ist.<\/p>\n<p>C- und G-Stimmgabeln eignen sich f&uuml;r Menschen, die ihre Reise mit Stimmgabeln beginnen.<\/p>\n","protected":false},"excerpt":{"rendered":"<p>Stimmgabeln: <br \/>Ton: C-256 Hz (L&auml;nge: 16,8 cm) <br \/>Ton: G-384 Hz (L&auml;nge: 14,7 cm)<\/p><p>Die Stimmgabel wird mit einem praktischen Etui geliefert.<\/p>\n<p>Die Stimmgabeln werden in einem praktischen Etui geliefert.<\/p>","protected":false},"featured_media":33688,"template":"","meta":[],"product_brand":[],"product_cat":[503],"product_tag":[],"class_list":{"0":"post-34411","1":"product","2":"type-product","3":"status-publish","4":"has-post-thumbnail","6":"product_cat-stimmgabeln","7":"product_shipping_class-bis-199-chf-9-90-chf","9":"first","10":"instock","11":"sold-individually","12":"taxable","13":"shipping-taxable","14":"purchasable","15":"product-type-simple"},"yoast_head":"<!-- This site is optimized with the Yoast SEO plugin v27.0 - https:\/\/yoast.com\/product\/yoast-seo-wordpress\/ -->\n<title>Stimmgabel Set C &amp; G - Gong Center Schweiz I Dein Gong und Klanginstrumente Fachgesch\u00e4ft<\/title>\n<meta name=\"robots\" content=\"index, follow, max-snippet:-1, max-image-preview:large, max-video-preview:-1\" \/>\n<link rel=\"canonical\" href=\"https:\/\/gongcenter.ch\/produkt\/stimmgabel-set-c-g\/\" \/>\n<meta property=\"og:locale\" content=\"en_US\" \/>\n<meta property=\"og:type\" content=\"article\" \/>\n<meta property=\"og:title\" content=\"Stimmgabel Set C &amp; G - Gong Center Schweiz I Dein Gong und Klanginstrumente Fachgesch\u00e4ft\" \/>\n<meta property=\"og:description\" content=\"Stimmgabeln: Ton: C-256 Hz (L&auml;nge: 16,8 cm) Ton: G-384 Hz (L&auml;nge: 14,7 cm)Die Stimmgabel wird mit einem praktischen Etui geliefert. Die Stimmgabeln werden in einem praktischen Etui geliefert.\" \/>\n<meta property=\"og:url\" content=\"https:\/\/gongcenter.ch\/produkt\/stimmgabel-set-c-g\/\" \/>\n<meta property=\"og:site_name\" content=\"Gong Center Schweiz I Dein Gong und Klanginstrumente Fachgesch\u00e4ft\" \/>\n<meta name=\"twitter:card\" content=\"summary_large_image\" \/>\n<!-- \/ Yoast SEO plugin. -->","yoast_head_json":{"title":"Stimmgabel Set C & G - Gong Center Schweiz I Dein Gong und Klanginstrumente Fachgesch\u00e4ft","robots":{"index":"index","follow":"follow","max-snippet":"max-snippet:-1","max-image-preview":"max-image-preview:large","max-video-preview":"max-video-preview:-1"},"canonical":"https:\/\/gongcenter.ch\/produkt\/stimmgabel-set-c-g\/","og_locale":"en_US","og_type":"article","og_title":"Stimmgabel Set C & G - Gong Center Schweiz I Dein Gong und Klanginstrumente Fachgesch\u00e4ft","og_description":"Stimmgabeln: Ton: C-256 Hz (L&auml;nge: 16,8 cm) Ton: G-384 Hz (L&auml;nge: 14,7 cm)Die Stimmgabel wird mit einem praktischen Etui geliefert. Die Stimmgabeln werden in einem praktischen Etui geliefert.","og_url":"https:\/\/gongcenter.ch\/produkt\/stimmgabel-set-c-g\/","og_site_name":"Gong Center Schweiz I Dein Gong und Klanginstrumente Fachgesch\u00e4ft","twitter_card":"summary_large_image","schema":{"@context":"https:\/\/schema.org","@graph":[{"@type":"WebPage","@id":"https:\/\/gongcenter.ch\/produkt\/stimmgabel-set-c-g\/","url":"https:\/\/gongcenter.ch\/produkt\/stimmgabel-set-c-g\/","name":"Stimmgabel Set C & G - Gong Center Schweiz I Dein Gong und Klanginstrumente Fachgesch\u00e4ft","isPartOf":{"@id":"https:\/\/gongcenter.ch\/#website"},"primaryImageOfPage":{"@id":"https:\/\/gongcenter.ch\/produkt\/stimmgabel-set-c-g\/#primaryimage"},"image":{"@id":"https:\/\/gongcenter.ch\/produkt\/stimmgabel-set-c-g\/#primaryimage"},"thumbnailUrl":"https:\/\/gongcenter.ch\/app\/uploads\/2023\/11\/c-g-tuning-forks-set-1.jpg","datePublished":"2023-11-22T17:37:54+00:00","breadcrumb":{"@id":"https:\/\/gongcenter.ch\/produkt\/stimmgabel-set-c-g\/#breadcrumb"},"inLanguage":"en-US","potentialAction":[{"@type":"ReadAction","target":["https:\/\/gongcenter.ch\/produkt\/stimmgabel-set-c-g\/"]}]},{"@type":"ImageObject","inLanguage":"en-US","@id":"https:\/\/gongcenter.ch\/produkt\/stimmgabel-set-c-g\/#primaryimage","url":"https:\/\/gongcenter.ch\/app\/uploads\/2023\/11\/c-g-tuning-forks-set-1.jpg","contentUrl":"https:\/\/gongcenter.ch\/app\/uploads\/2023\/11\/c-g-tuning-forks-set-1.jpg","width":1100,"height":1422},{"@type":"BreadcrumbList","@id":"https:\/\/gongcenter.ch\/produkt\/stimmgabel-set-c-g\/#breadcrumb","itemListElement":[{"@type":"ListItem","position":1,"name":"Startseite","item":"https:\/\/gongcenter.ch\/en\/"},{"@type":"ListItem","position":2,"name":"Shop","item":"https:\/\/gongcenter.ch\/en\/shop\/"},{"@type":"ListItem","position":3,"name":"Stimmgabel Set C &#038; G"}]},{"@type":"WebSite","@id":"https:\/\/gongcenter.ch\/#website","url":"https:\/\/gongcenter.ch\/","name":"Gong Center Schweiz I Dein Gong und Klanginstrumente Fachgesch\u00e4ft","description":"Entdecke eine grosse Gong Auswahl sowie weitere Klanginstrumente - Wir sind Gong Klangtherapeut und bieten dir Top Qualit\u00e4t und Beratung.","publisher":{"@id":"https:\/\/gongcenter.ch\/#organization"},"potentialAction":[{"@type":"SearchAction","target":{"@type":"EntryPoint","urlTemplate":"https:\/\/gongcenter.ch\/?s={search_term_string}"},"query-input":{"@type":"PropertyValueSpecification","valueRequired":true,"valueName":"search_term_string"}}],"inLanguage":"en-US"},{"@type":"Organization","@id":"https:\/\/gongcenter.ch\/#organization","name":"Gongcenter Z\u00fcrich I Das Fachgesch\u00e4ft f\u00fcr Gong und Klang","url":"https:\/\/gongcenter.ch\/","logo":{"@type":"ImageObject","inLanguage":"en-US","@id":"https:\/\/gongcenter.ch\/#\/schema\/logo\/image\/","url":"https:\/\/gongcenter.ch\/app\/uploads\/2018\/05\/Gong-Center_Logo_2000_black.png","contentUrl":"https:\/\/gongcenter.ch\/app\/uploads\/2018\/05\/Gong-Center_Logo_2000_black.png","width":2000,"height":600,"caption":"Gongcenter Z\u00fcrich I Das Fachgesch\u00e4ft f\u00fcr Gong und Klang"},"image":{"@id":"https:\/\/gongcenter.ch\/#\/schema\/logo\/image\/"}}]}},"acf":[],"_links":{"self":[{"href":"https:\/\/gongcenter.ch\/en\/wp-json\/wp\/v2\/product\/34411","targetHints":{"allow":["GET"]}}],"collection":[{"href":"https:\/\/gongcenter.ch\/en\/wp-json\/wp\/v2\/product"}],"about":[{"href":"https:\/\/gongcenter.ch\/en\/wp-json\/wp\/v2\/types\/product"}],"wp:featuredmedia":[{"embeddable":true,"href":"https:\/\/gongcenter.ch\/en\/wp-json\/wp\/v2\/media\/33688"}],"wp:attachment":[{"href":"https:\/\/gongcenter.ch\/en\/wp-json\/wp\/v2\/media?parent=34411"}],"wp:term":[{"taxonomy":"product_brand","embeddable":true,"href":"https:\/\/gongcenter.ch\/en\/wp-json\/wp\/v2\/product_brand?post=34411"},{"taxonomy":"product_cat","embeddable":true,"href":"https:\/\/gongcenter.ch\/en\/wp-json\/wp\/v2\/product_cat?post=34411"},{"taxonomy":"product_tag","embeddable":true,"href":"https:\/\/gongcenter.ch\/en\/wp-json\/wp\/v2\/product_tag?post=34411"}],"curies":[{"name":"wp","href":"https:\/\/api.w.org\/{rel}","templated":true}]}}