{"id":34414,"date":"2023-11-22T18:37:55","date_gmt":"2023-11-22T17:37:55","guid":{"rendered":"https:\/\/gongcenter.ch\/product\/bioresonanz-stimmgabeln-set\/"},"modified":"2024-02-03T19:01:29","modified_gmt":"2024-02-03T18:01:29","slug":"bioresonanz-stimmgabeln-set","status":"publish","type":"product","link":"https:\/\/gongcenter.ch\/en\/product\/bioresonanz-stimmgabeln-set\/","title":{"rendered":"Bioresonanz Stimmgabeln Set"},"content":{"rendered":"<p>Das Bioresonanz-Set (bestehend aus 5 Stimmgabeln) wurde auf der Grundlage der Hirnwellenforschung entwickelt. Mit Hilfe von EEG-Tests werden verschiedene Bewusstseinszust\u00e4nde rekonstruiert: Delta, Theta, Alpha und Beta.<\/p>\n<p>Die Bioresonanz-Stimmgabeln werden benutzt, indem man zwei Gabeln an die Ohren h\u00e4lt. Aus zwei Schwingungsquellen erzeugt dein Geist einen Ton, den sogenannten binauralen Rhythmus. Der Unterschied zwischen den beiden Frequenzen muss klein genug sein, damit dieses Ph\u00e4nomen auftreten kann. Sonst h\u00f6rt man die beiden Schwingungen getrennt voneinander.<\/p>\n<p>Binaurale Beats haben einen starken Einfluss auf das Gehirn und k\u00f6nnen zur Entspannung, zur Schmerzlinderung und zur Herbeif\u00fchrung verschiedener Bewusstseinszust\u00e4nde eingesetzt werden.<\/p>\n","protected":false},"excerpt":{"rendered":"Name\u00a0 und Funktion\r\n<ul>\r\n \t<li>Deltawellen: tiefe Tr\u00e4ume, Verlassen des K\u00f6rpers &#8211; 258 Hz<\/li>\r\n \t<li>Thetawellen: Tr\u00e4ume, tiefe Meditation, REM-Phase &#8211; 262 Hz<\/li>\r\n \t<li>Alphawellen: Entspannung (Wachheit), Schlafzustand und Schl\u00e4frigkeit &#8211; 265 Hz<\/li>\r\n \t<li>Betawellen: Aktivit\u00e4t, Denken und aktive Konzentration, Erregung, kognitive Funktion &#8211; 269 Hz<\/li>\r\n \t<li>Grundwellen: &#8211; 256 Hz<\/li>\r\n<\/ul>","protected":false},"featured_media":34079,"template":"","meta":[],"product_brand":[],"product_cat":[503],"product_tag":[],"class_list":{"0":"post-34414","1":"product","2":"type-product","3":"status-publish","4":"has-post-thumbnail","6":"product_cat-stimmgabeln","7":"product_shipping_class-kostenloser-versand-innerhalb-der-schweiz","9":"first","10":"instock","11":"sold-individually","12":"taxable","13":"shipping-taxable","14":"purchasable","15":"product-type-simple"},"yoast_head":"<!-- This site is optimized with the Yoast SEO plugin v27.0 - https:\/\/yoast.com\/product\/yoast-seo-wordpress\/ -->\n<title>Bioresonanz Stimmgabeln Set - Gong Center Schweiz I Dein Gong und Klanginstrumente Fachgesch\u00e4ft<\/title>\n<meta name=\"robots\" content=\"index, follow, max-snippet:-1, max-image-preview:large, max-video-preview:-1\" \/>\n<link rel=\"canonical\" href=\"https:\/\/gongcenter.ch\/produkt\/bioresonanz-stimmgabeln-set\/\" \/>\n<meta property=\"og:locale\" content=\"en_US\" \/>\n<meta property=\"og:type\" content=\"article\" \/>\n<meta property=\"og:title\" content=\"Bioresonanz Stimmgabeln Set - Gong Center Schweiz I Dein Gong und Klanginstrumente Fachgesch\u00e4ft\" \/>\n<meta property=\"og:description\" content=\"Name\u00a0 und Funktion   Deltawellen: tiefe Tr\u00e4ume, Verlassen des K\u00f6rpers - 258 Hz  Thetawellen: Tr\u00e4ume, tiefe Meditation, REM-Phase - 262 Hz  Alphawellen: Entspannung (Wachheit), Schlafzustand und Schl\u00e4frigkeit - 265 Hz  Betawellen: Aktivit\u00e4t, Denken und aktive Konzentration, Erregung, kognitive Funktion - 269 Hz  Grundwellen: - 256 Hz\" \/>\n<meta property=\"og:url\" content=\"https:\/\/gongcenter.ch\/produkt\/bioresonanz-stimmgabeln-set\/\" \/>\n<meta property=\"og:site_name\" content=\"Gong Center Schweiz I Dein Gong und Klanginstrumente Fachgesch\u00e4ft\" \/>\n<meta property=\"article:modified_time\" content=\"2024-02-03T18:01:29+00:00\" \/>\n<meta property=\"og:image\" content=\"https:\/\/gongcenter.ch\/app\/uploads\/2023\/11\/bio-resonance-tuning-fork-set.jpg\" \/>\n\t<meta property=\"og:image:width\" content=\"1100\" \/>\n\t<meta property=\"og:image:height\" content=\"1422\" \/>\n\t<meta property=\"og:image:type\" content=\"image\/jpeg\" \/>\n<meta name=\"twitter:card\" content=\"summary_large_image\" \/>\n<meta name=\"twitter:label1\" content=\"Est. reading time\" \/>\n\t<meta name=\"twitter:data1\" content=\"1 minute\" \/>\n<!-- \/ Yoast SEO plugin. -->","yoast_head_json":{"title":"Bioresonanz Stimmgabeln Set - Gong Center Schweiz I Dein Gong und Klanginstrumente Fachgesch\u00e4ft","robots":{"index":"index","follow":"follow","max-snippet":"max-snippet:-1","max-image-preview":"max-image-preview:large","max-video-preview":"max-video-preview:-1"},"canonical":"https:\/\/gongcenter.ch\/produkt\/bioresonanz-stimmgabeln-set\/","og_locale":"en_US","og_type":"article","og_title":"Bioresonanz Stimmgabeln Set - Gong Center Schweiz I Dein Gong und Klanginstrumente Fachgesch\u00e4ft","og_description":"Name\u00a0 und Funktion   Deltawellen: tiefe Tr\u00e4ume, Verlassen des K\u00f6rpers - 258 Hz  Thetawellen: Tr\u00e4ume, tiefe Meditation, REM-Phase - 262 Hz  Alphawellen: Entspannung (Wachheit), Schlafzustand und Schl\u00e4frigkeit - 265 Hz  Betawellen: Aktivit\u00e4t, Denken und aktive Konzentration, Erregung, kognitive Funktion - 269 Hz  Grundwellen: - 256 Hz","og_url":"https:\/\/gongcenter.ch\/produkt\/bioresonanz-stimmgabeln-set\/","og_site_name":"Gong Center Schweiz I Dein Gong und Klanginstrumente Fachgesch\u00e4ft","article_modified_time":"2024-02-03T18:01:29+00:00","og_image":[{"width":1100,"height":1422,"url":"https:\/\/gongcenter.ch\/app\/uploads\/2023\/11\/bio-resonance-tuning-fork-set.jpg","type":"image\/jpeg"}],"twitter_card":"summary_large_image","twitter_misc":{"Est. reading time":"1 minute"},"schema":{"@context":"https:\/\/schema.org","@graph":[{"@type":"WebPage","@id":"https:\/\/gongcenter.ch\/produkt\/bioresonanz-stimmgabeln-set\/","url":"https:\/\/gongcenter.ch\/produkt\/bioresonanz-stimmgabeln-set\/","name":"Bioresonanz Stimmgabeln Set - Gong Center Schweiz I Dein Gong und Klanginstrumente Fachgesch\u00e4ft","isPartOf":{"@id":"https:\/\/gongcenter.ch\/#website"},"primaryImageOfPage":{"@id":"https:\/\/gongcenter.ch\/produkt\/bioresonanz-stimmgabeln-set\/#primaryimage"},"image":{"@id":"https:\/\/gongcenter.ch\/produkt\/bioresonanz-stimmgabeln-set\/#primaryimage"},"thumbnailUrl":"https:\/\/gongcenter.ch\/app\/uploads\/2023\/11\/bio-resonance-tuning-fork-set.jpg","datePublished":"2023-11-22T17:37:55+00:00","dateModified":"2024-02-03T18:01:29+00:00","breadcrumb":{"@id":"https:\/\/gongcenter.ch\/produkt\/bioresonanz-stimmgabeln-set\/#breadcrumb"},"inLanguage":"en-US","potentialAction":[{"@type":"ReadAction","target":["https:\/\/gongcenter.ch\/produkt\/bioresonanz-stimmgabeln-set\/"]}]},{"@type":"ImageObject","inLanguage":"en-US","@id":"https:\/\/gongcenter.ch\/produkt\/bioresonanz-stimmgabeln-set\/#primaryimage","url":"https:\/\/gongcenter.ch\/app\/uploads\/2023\/11\/bio-resonance-tuning-fork-set.jpg","contentUrl":"https:\/\/gongcenter.ch\/app\/uploads\/2023\/11\/bio-resonance-tuning-fork-set.jpg","width":1100,"height":1422},{"@type":"BreadcrumbList","@id":"https:\/\/gongcenter.ch\/produkt\/bioresonanz-stimmgabeln-set\/#breadcrumb","itemListElement":[{"@type":"ListItem","position":1,"name":"Startseite","item":"https:\/\/gongcenter.ch\/en\/"},{"@type":"ListItem","position":2,"name":"Shop","item":"https:\/\/gongcenter.ch\/en\/shop\/"},{"@type":"ListItem","position":3,"name":"Bioresonanz Stimmgabeln Set"}]},{"@type":"WebSite","@id":"https:\/\/gongcenter.ch\/#website","url":"https:\/\/gongcenter.ch\/","name":"Gong Center Schweiz I Dein Gong und Klanginstrumente Fachgesch\u00e4ft","description":"Entdecke eine grosse Gong Auswahl sowie weitere Klanginstrumente - Wir sind Gong Klangtherapeut und bieten dir Top Qualit\u00e4t und Beratung.","publisher":{"@id":"https:\/\/gongcenter.ch\/#organization"},"potentialAction":[{"@type":"SearchAction","target":{"@type":"EntryPoint","urlTemplate":"https:\/\/gongcenter.ch\/?s={search_term_string}"},"query-input":{"@type":"PropertyValueSpecification","valueRequired":true,"valueName":"search_term_string"}}],"inLanguage":"en-US"},{"@type":"Organization","@id":"https:\/\/gongcenter.ch\/#organization","name":"Gongcenter Z\u00fcrich I Das Fachgesch\u00e4ft f\u00fcr Gong und Klang","url":"https:\/\/gongcenter.ch\/","logo":{"@type":"ImageObject","inLanguage":"en-US","@id":"https:\/\/gongcenter.ch\/#\/schema\/logo\/image\/","url":"https:\/\/gongcenter.ch\/app\/uploads\/2018\/05\/Gong-Center_Logo_2000_black.png","contentUrl":"https:\/\/gongcenter.ch\/app\/uploads\/2018\/05\/Gong-Center_Logo_2000_black.png","width":2000,"height":600,"caption":"Gongcenter Z\u00fcrich I Das Fachgesch\u00e4ft f\u00fcr Gong und Klang"},"image":{"@id":"https:\/\/gongcenter.ch\/#\/schema\/logo\/image\/"}}]}},"acf":[],"_links":{"self":[{"href":"https:\/\/gongcenter.ch\/en\/wp-json\/wp\/v2\/product\/34414","targetHints":{"allow":["GET"]}}],"collection":[{"href":"https:\/\/gongcenter.ch\/en\/wp-json\/wp\/v2\/product"}],"about":[{"href":"https:\/\/gongcenter.ch\/en\/wp-json\/wp\/v2\/types\/product"}],"wp:featuredmedia":[{"embeddable":true,"href":"https:\/\/gongcenter.ch\/en\/wp-json\/wp\/v2\/media\/34079"}],"wp:attachment":[{"href":"https:\/\/gongcenter.ch\/en\/wp-json\/wp\/v2\/media?parent=34414"}],"wp:term":[{"taxonomy":"product_brand","embeddable":true,"href":"https:\/\/gongcenter.ch\/en\/wp-json\/wp\/v2\/product_brand?post=34414"},{"taxonomy":"product_cat","embeddable":true,"href":"https:\/\/gongcenter.ch\/en\/wp-json\/wp\/v2\/product_cat?post=34414"},{"taxonomy":"product_tag","embeddable":true,"href":"https:\/\/gongcenter.ch\/en\/wp-json\/wp\/v2\/product_tag?post=34414"}],"curies":[{"name":"wp","href":"https:\/\/api.w.org\/{rel}","templated":true}]}}