{"id":34415,"date":"2023-11-22T18:37:56","date_gmt":"2023-11-22T17:37:56","guid":{"rendered":"https:\/\/gongcenter.ch\/product\/chakra-stimmgabel-set\/"},"modified":"2024-02-03T19:00:49","modified_gmt":"2024-02-03T18:00:49","slug":"chakra-stimmgabel-set","status":"publish","type":"product","link":"https:\/\/gongcenter.ch\/en\/product\/chakra-stimmgabel-set\/","title":{"rendered":"Chakra Stimmgabel Set"},"content":{"rendered":"<p>Chakren sind &#8211; in der Tradition des Hinduismus und des tantrischen Buddhismus &#8211; Energiezentren im menschlichen K\u00f6rper. Jedem Chakra werden eine Farbe, ein Element sowie Planeten und astronomische Ph\u00e4nomene zugeordnet. Die Entwicklung der einzelnen Chakren f\u00fchrt zum pers\u00f6nlichen Wachstum eines Menschen in verschiedenen Bereichen.<\/p>\n<p>Der Schweizer Mathematiker und Musikwissenschaftler Hans Cousto entwickelte diese Frequenzen auf der Grundlage mathematischer Berechnungen der Planetenbewegungen.<\/p>\n","protected":false},"excerpt":{"rendered":"Jede Stimmgabel ist sowohl mit der Frequenz des emittierten Tons als auch mit dem entsprechenden Chakra beschriftet. Diese sind\r\n\r\n1. Wurzelchakra &#8211; auch Erdentag 194,18 Hz Instinkt, \u00dcberleben, Sicherheit\r\n\r\n2. Sakralchakra (Unterleib) &#8211; auch Synodaler Monat 210,42 Hz Emotionen, sch\u00f6pferische Kraft\r\n\r\n3. Sonnenchakra (Solarplexus) &#8211; Sonne 126,22 Hz mentale Funktionen, Macht,\r\n\r\nKontrolle, Ehrgeiz, Karriere\r\n\r\n4. Herzchakra &#8211; Erdenjahr (auch OM-Schwingung) 136,10 Hz Hingabe, Liebe, Mitgef\u00fchl, Heilung\r\n\r\n5. Hals-Chakra &#8211; Merkur 141,27 Hz Sprache, Selbstausdruck\r\n\r\n6. drittes Augenchakra &#8211; Wenus 221,23 Hz Intuition, Analyse, \u00fcbersinnliche Wahrnehmung\r\n\r\n7. Kronenchakra &#8211; Platonisches Jahr 172,06 Hz Ganzheitliches Denken, paranormale Funktionen\r\n\r\nDas Set wird in einem praktischen Etui geliefert.","protected":false},"featured_media":33855,"template":"","meta":[],"product_brand":[],"product_cat":[503],"product_tag":[],"class_list":{"0":"post-34415","1":"product","2":"type-product","3":"status-publish","4":"has-post-thumbnail","6":"product_cat-stimmgabeln","7":"product_shipping_class-kostenloser-versand-innerhalb-der-schweiz","9":"first","10":"instock","11":"sold-individually","12":"taxable","13":"shipping-taxable","14":"purchasable","15":"product-type-simple"},"yoast_head":"<!-- This site is optimized with the Yoast SEO plugin v27.0 - https:\/\/yoast.com\/product\/yoast-seo-wordpress\/ -->\n<title>Chakra Stimmgabel Set - Gong Center Schweiz I Dein Gong und Klanginstrumente Fachgesch\u00e4ft<\/title>\n<meta name=\"robots\" content=\"index, follow, max-snippet:-1, max-image-preview:large, max-video-preview:-1\" \/>\n<link rel=\"canonical\" href=\"https:\/\/gongcenter.ch\/produkt\/chakra-stimmgabel-set\/\" \/>\n<meta property=\"og:locale\" content=\"en_US\" \/>\n<meta property=\"og:type\" content=\"article\" \/>\n<meta property=\"og:title\" content=\"Chakra Stimmgabel Set - Gong Center Schweiz I Dein Gong und Klanginstrumente Fachgesch\u00e4ft\" \/>\n<meta property=\"og:description\" content=\"Jede Stimmgabel ist sowohl mit der Frequenz des emittierten Tons als auch mit dem entsprechenden Chakra beschriftet. Diese sind  1. Wurzelchakra - auch Erdentag 194,18 Hz Instinkt, \u00dcberleben, Sicherheit  2. Sakralchakra (Unterleib) - auch Synodaler Monat 210,42 Hz Emotionen, sch\u00f6pferische Kraft  3. Sonnenchakra (Solarplexus) - Sonne 126,22 Hz mentale Funktionen, Macht,  Kontrolle, Ehrgeiz, Karriere  4. Herzchakra - Erdenjahr (auch OM-Schwingung) 136,10 Hz Hingabe, Liebe, Mitgef\u00fchl, Heilung  5. Hals-Chakra - Merkur 141,27 Hz Sprache, Selbstausdruck  6. drittes Augenchakra - Wenus 221,23 Hz Intuition, Analyse, \u00fcbersinnliche Wahrnehmung  7. Kronenchakra - Platonisches Jahr 172,06 Hz Ganzheitliches Denken, paranormale Funktionen  Das Set wird in einem praktischen Etui geliefert.\" \/>\n<meta property=\"og:url\" content=\"https:\/\/gongcenter.ch\/produkt\/chakra-stimmgabel-set\/\" \/>\n<meta property=\"og:site_name\" content=\"Gong Center Schweiz I Dein Gong und Klanginstrumente Fachgesch\u00e4ft\" \/>\n<meta property=\"article:modified_time\" content=\"2024-02-03T18:00:49+00:00\" \/>\n<meta property=\"og:image\" content=\"https:\/\/gongcenter.ch\/app\/uploads\/2023\/11\/tuning-forks-seven-chakras-ppc-2.jpg\" \/>\n\t<meta property=\"og:image:width\" content=\"1100\" \/>\n\t<meta property=\"og:image:height\" content=\"1422\" \/>\n\t<meta property=\"og:image:type\" content=\"image\/jpeg\" \/>\n<meta name=\"twitter:card\" content=\"summary_large_image\" \/>\n<meta name=\"twitter:label1\" content=\"Est. reading time\" \/>\n\t<meta name=\"twitter:data1\" content=\"1 minute\" \/>\n<!-- \/ Yoast SEO plugin. -->","yoast_head_json":{"title":"Chakra Stimmgabel Set - Gong Center Schweiz I Dein Gong und Klanginstrumente Fachgesch\u00e4ft","robots":{"index":"index","follow":"follow","max-snippet":"max-snippet:-1","max-image-preview":"max-image-preview:large","max-video-preview":"max-video-preview:-1"},"canonical":"https:\/\/gongcenter.ch\/produkt\/chakra-stimmgabel-set\/","og_locale":"en_US","og_type":"article","og_title":"Chakra Stimmgabel Set - Gong Center Schweiz I Dein Gong und Klanginstrumente Fachgesch\u00e4ft","og_description":"Jede Stimmgabel ist sowohl mit der Frequenz des emittierten Tons als auch mit dem entsprechenden Chakra beschriftet. Diese sind  1. Wurzelchakra - auch Erdentag 194,18 Hz Instinkt, \u00dcberleben, Sicherheit  2. Sakralchakra (Unterleib) - auch Synodaler Monat 210,42 Hz Emotionen, sch\u00f6pferische Kraft  3. Sonnenchakra (Solarplexus) - Sonne 126,22 Hz mentale Funktionen, Macht,  Kontrolle, Ehrgeiz, Karriere  4. Herzchakra - Erdenjahr (auch OM-Schwingung) 136,10 Hz Hingabe, Liebe, Mitgef\u00fchl, Heilung  5. Hals-Chakra - Merkur 141,27 Hz Sprache, Selbstausdruck  6. drittes Augenchakra - Wenus 221,23 Hz Intuition, Analyse, \u00fcbersinnliche Wahrnehmung  7. Kronenchakra - Platonisches Jahr 172,06 Hz Ganzheitliches Denken, paranormale Funktionen  Das Set wird in einem praktischen Etui geliefert.","og_url":"https:\/\/gongcenter.ch\/produkt\/chakra-stimmgabel-set\/","og_site_name":"Gong Center Schweiz I Dein Gong und Klanginstrumente Fachgesch\u00e4ft","article_modified_time":"2024-02-03T18:00:49+00:00","og_image":[{"width":1100,"height":1422,"url":"https:\/\/gongcenter.ch\/app\/uploads\/2023\/11\/tuning-forks-seven-chakras-ppc-2.jpg","type":"image\/jpeg"}],"twitter_card":"summary_large_image","twitter_misc":{"Est. reading time":"1 minute"},"schema":{"@context":"https:\/\/schema.org","@graph":[{"@type":"WebPage","@id":"https:\/\/gongcenter.ch\/produkt\/chakra-stimmgabel-set\/","url":"https:\/\/gongcenter.ch\/produkt\/chakra-stimmgabel-set\/","name":"Chakra Stimmgabel Set - Gong Center Schweiz I Dein Gong und Klanginstrumente Fachgesch\u00e4ft","isPartOf":{"@id":"https:\/\/gongcenter.ch\/#website"},"primaryImageOfPage":{"@id":"https:\/\/gongcenter.ch\/produkt\/chakra-stimmgabel-set\/#primaryimage"},"image":{"@id":"https:\/\/gongcenter.ch\/produkt\/chakra-stimmgabel-set\/#primaryimage"},"thumbnailUrl":"https:\/\/gongcenter.ch\/app\/uploads\/2023\/11\/tuning-forks-seven-chakras-ppc-2.jpg","datePublished":"2023-11-22T17:37:56+00:00","dateModified":"2024-02-03T18:00:49+00:00","breadcrumb":{"@id":"https:\/\/gongcenter.ch\/produkt\/chakra-stimmgabel-set\/#breadcrumb"},"inLanguage":"en-US","potentialAction":[{"@type":"ReadAction","target":["https:\/\/gongcenter.ch\/produkt\/chakra-stimmgabel-set\/"]}]},{"@type":"ImageObject","inLanguage":"en-US","@id":"https:\/\/gongcenter.ch\/produkt\/chakra-stimmgabel-set\/#primaryimage","url":"https:\/\/gongcenter.ch\/app\/uploads\/2023\/11\/tuning-forks-seven-chakras-ppc-2.jpg","contentUrl":"https:\/\/gongcenter.ch\/app\/uploads\/2023\/11\/tuning-forks-seven-chakras-ppc-2.jpg","width":1100,"height":1422},{"@type":"BreadcrumbList","@id":"https:\/\/gongcenter.ch\/produkt\/chakra-stimmgabel-set\/#breadcrumb","itemListElement":[{"@type":"ListItem","position":1,"name":"Startseite","item":"https:\/\/gongcenter.ch\/en\/"},{"@type":"ListItem","position":2,"name":"Shop","item":"https:\/\/gongcenter.ch\/en\/shop\/"},{"@type":"ListItem","position":3,"name":"Chakra Stimmgabel Set"}]},{"@type":"WebSite","@id":"https:\/\/gongcenter.ch\/#website","url":"https:\/\/gongcenter.ch\/","name":"Gong Center Schweiz I Dein Gong und Klanginstrumente Fachgesch\u00e4ft","description":"Entdecke eine grosse Gong Auswahl sowie weitere Klanginstrumente - Wir sind Gong Klangtherapeut und bieten dir Top Qualit\u00e4t und Beratung.","publisher":{"@id":"https:\/\/gongcenter.ch\/#organization"},"potentialAction":[{"@type":"SearchAction","target":{"@type":"EntryPoint","urlTemplate":"https:\/\/gongcenter.ch\/?s={search_term_string}"},"query-input":{"@type":"PropertyValueSpecification","valueRequired":true,"valueName":"search_term_string"}}],"inLanguage":"en-US"},{"@type":"Organization","@id":"https:\/\/gongcenter.ch\/#organization","name":"Gongcenter Z\u00fcrich I Das Fachgesch\u00e4ft f\u00fcr Gong und Klang","url":"https:\/\/gongcenter.ch\/","logo":{"@type":"ImageObject","inLanguage":"en-US","@id":"https:\/\/gongcenter.ch\/#\/schema\/logo\/image\/","url":"https:\/\/gongcenter.ch\/app\/uploads\/2018\/05\/Gong-Center_Logo_2000_black.png","contentUrl":"https:\/\/gongcenter.ch\/app\/uploads\/2018\/05\/Gong-Center_Logo_2000_black.png","width":2000,"height":600,"caption":"Gongcenter Z\u00fcrich I Das Fachgesch\u00e4ft f\u00fcr Gong und Klang"},"image":{"@id":"https:\/\/gongcenter.ch\/#\/schema\/logo\/image\/"}}]}},"acf":[],"_links":{"self":[{"href":"https:\/\/gongcenter.ch\/en\/wp-json\/wp\/v2\/product\/34415","targetHints":{"allow":["GET"]}}],"collection":[{"href":"https:\/\/gongcenter.ch\/en\/wp-json\/wp\/v2\/product"}],"about":[{"href":"https:\/\/gongcenter.ch\/en\/wp-json\/wp\/v2\/types\/product"}],"wp:featuredmedia":[{"embeddable":true,"href":"https:\/\/gongcenter.ch\/en\/wp-json\/wp\/v2\/media\/33855"}],"wp:attachment":[{"href":"https:\/\/gongcenter.ch\/en\/wp-json\/wp\/v2\/media?parent=34415"}],"wp:term":[{"taxonomy":"product_brand","embeddable":true,"href":"https:\/\/gongcenter.ch\/en\/wp-json\/wp\/v2\/product_brand?post=34415"},{"taxonomy":"product_cat","embeddable":true,"href":"https:\/\/gongcenter.ch\/en\/wp-json\/wp\/v2\/product_cat?post=34415"},{"taxonomy":"product_tag","embeddable":true,"href":"https:\/\/gongcenter.ch\/en\/wp-json\/wp\/v2\/product_tag?post=34415"}],"curies":[{"name":"wp","href":"https:\/\/api.w.org\/{rel}","templated":true}]}}