{"id":34416,"date":"2023-11-22T18:37:56","date_gmt":"2023-11-22T17:37:56","guid":{"rendered":"https:\/\/gongcenter.ch\/product\/solfeggio-stimmgabel-set\/"},"modified":"2023-11-30T22:31:23","modified_gmt":"2023-11-30T21:31:23","slug":"solfeggio-stimmgabel-set","status":"publish","type":"product","link":"https:\/\/gongcenter.ch\/en\/product\/solfeggio-stimmgabel-set\/","title":{"rendered":"Solfeggio Stimmgabel Set"},"content":{"rendered":"<p>Die Solfeggio-Frequenzen sind seit der Antike bekannt und basieren auf der pythagoreischen Tonleiter. Das Set von neun Frequenzen ist ein ideales Werkzeug, um sowohl auf der geistigen als auch auf der k\u00f6rperlichen Ebene zu arbeiten. Ihre Schwingungen haben eine heilende und entspannende Wirkung und helfen, \u00c4ngste und Stress abzubauen. Die Schwingungen der Solfeggio-Stimmgabeln st\u00e4rken die Lebensenergie und stellen Gleichgewicht und Harmonie wieder her.<\/p>\n<p>Die uralten Frequenzen wurden von Dr. Joseph Puleo wiederentdeckt. Ausf\u00fchrlich beschrieben sind sie in dem Buch von Dr. Leonard Horowitz &#8211; &#8220;Healing Codes for the Biological Apocalypse&#8221;. Gleichzeitig sind die Solfeggio-Frequenzen der Bereich der musikalischen Tonleiter. Grosse K\u00fcnstler wie Beethoven oder Mozart haben sie als Grundlage f\u00fcr ihre Werke verwendet, und ihre St\u00fccke regen auch heute noch die Sinne an und wecken starke Emotionen.<\/p>\n","protected":false},"excerpt":{"rendered":"Das Sacred Solfeggio Stimmgabel Set enth\u00e4lt alle 6 Frequenzen, die als Sacred Solfeggio bekannt sind, 3 zus\u00e4tzliche geheime Solfeggio Frequenzen und eine 1122 Hz Frequenz, um das Set abzurunden. Die sechs Grundt\u00f6ne sind:\r\n<ul>\r\n \t<li>Ut &#8211; \u00dcberwindung von Schuld und Angst &#8211; 396 Hz<\/li>\r\n \t<li>Re &#8211; Erleichterung von Ver\u00e4nderung und Unterst\u00fctzung &#8211; 417 Hz<\/li>\r\n \t<li>Mi &#8211; Transformation, Tr\u00e4ume und DNA-Reparatur &#8211; 528 Hz<\/li>\r\n \t<li>Fa &#8211; menschliche Verbindungen und Beziehungen &#8211; 639 Hz<\/li>\r\n \t<li>Sol &#8211; eine Intuition wecken &#8211; 741 Hz<\/li>\r\n \t<li>La &#8211; R\u00fcckkehr zum Geist &#8211; 852 Hz<\/li>\r\n<\/ul>\r\nDrei weitere T\u00f6ne:\r\n\r\n174 Hz (=3) 285 Hz (=6), 963 Hz (=9) und 1122 Hz.\r\nSie vereinen alle Vorteile der anderen Solfeggio-Frequenzen.\r\n\r\nDas Set wird in einem praktischen Etui geliefert.","protected":false},"featured_media":33740,"template":"","meta":[],"product_brand":[],"product_cat":[503],"product_tag":[],"class_list":{"0":"post-34416","1":"product","2":"type-product","3":"status-publish","4":"has-post-thumbnail","6":"product_cat-stimmgabeln","7":"product_shipping_class-kostenloser-versand-innerhalb-der-schweiz","9":"first","10":"instock","11":"sold-individually","12":"taxable","13":"shipping-taxable","14":"purchasable","15":"product-type-simple"},"yoast_head":"<!-- This site is optimized with the Yoast SEO plugin v27.0 - https:\/\/yoast.com\/product\/yoast-seo-wordpress\/ -->\n<title>Solfeggio Stimmgabel Set - Gong Center Schweiz I Dein Gong und Klanginstrumente Fachgesch\u00e4ft<\/title>\n<meta name=\"robots\" content=\"index, follow, max-snippet:-1, max-image-preview:large, max-video-preview:-1\" \/>\n<link rel=\"canonical\" href=\"https:\/\/gongcenter.ch\/produkt\/solfeggio-stimmgabel-set\/\" \/>\n<meta property=\"og:locale\" content=\"en_US\" \/>\n<meta property=\"og:type\" content=\"article\" \/>\n<meta property=\"og:title\" content=\"Solfeggio Stimmgabel Set - Gong Center Schweiz I Dein Gong und Klanginstrumente Fachgesch\u00e4ft\" \/>\n<meta property=\"og:description\" content=\"Das Sacred Solfeggio Stimmgabel Set enth\u00e4lt alle 6 Frequenzen, die als Sacred Solfeggio bekannt sind, 3 zus\u00e4tzliche geheime Solfeggio Frequenzen und eine 1122 Hz Frequenz, um das Set abzurunden. Die sechs Grundt\u00f6ne sind:   Ut - \u00dcberwindung von Schuld und Angst - 396 Hz  Re - Erleichterung von Ver\u00e4nderung und Unterst\u00fctzung - 417 Hz  Mi - Transformation, Tr\u00e4ume und DNA-Reparatur - 528 Hz  Fa - menschliche Verbindungen und Beziehungen - 639 Hz  Sol - eine Intuition wecken - 741 Hz  La - R\u00fcckkehr zum Geist - 852 Hz  Drei weitere T\u00f6ne:  174 Hz (=3) 285 Hz (=6), 963 Hz (=9) und 1122 Hz. Sie vereinen alle Vorteile der anderen Solfeggio-Frequenzen.  Das Set wird in einem praktischen Etui geliefert.\" \/>\n<meta property=\"og:url\" content=\"https:\/\/gongcenter.ch\/produkt\/solfeggio-stimmgabel-set\/\" \/>\n<meta property=\"og:site_name\" content=\"Gong Center Schweiz I Dein Gong und Klanginstrumente Fachgesch\u00e4ft\" \/>\n<meta property=\"article:modified_time\" content=\"2023-11-30T21:31:23+00:00\" \/>\n<meta property=\"og:image\" content=\"https:\/\/gongcenter.ch\/app\/uploads\/2023\/11\/brass-solfeggio-tuning-forks-1.jpg\" \/>\n\t<meta property=\"og:image:width\" content=\"1100\" \/>\n\t<meta property=\"og:image:height\" content=\"1422\" \/>\n\t<meta property=\"og:image:type\" content=\"image\/jpeg\" \/>\n<meta name=\"twitter:card\" content=\"summary_large_image\" \/>\n<meta name=\"twitter:label1\" content=\"Est. reading time\" \/>\n\t<meta name=\"twitter:data1\" content=\"1 minute\" \/>\n<!-- \/ Yoast SEO plugin. -->","yoast_head_json":{"title":"Solfeggio Stimmgabel Set - Gong Center Schweiz I Dein Gong und Klanginstrumente Fachgesch\u00e4ft","robots":{"index":"index","follow":"follow","max-snippet":"max-snippet:-1","max-image-preview":"max-image-preview:large","max-video-preview":"max-video-preview:-1"},"canonical":"https:\/\/gongcenter.ch\/produkt\/solfeggio-stimmgabel-set\/","og_locale":"en_US","og_type":"article","og_title":"Solfeggio Stimmgabel Set - Gong Center Schweiz I Dein Gong und Klanginstrumente Fachgesch\u00e4ft","og_description":"Das Sacred Solfeggio Stimmgabel Set enth\u00e4lt alle 6 Frequenzen, die als Sacred Solfeggio bekannt sind, 3 zus\u00e4tzliche geheime Solfeggio Frequenzen und eine 1122 Hz Frequenz, um das Set abzurunden. Die sechs Grundt\u00f6ne sind:   Ut - \u00dcberwindung von Schuld und Angst - 396 Hz  Re - Erleichterung von Ver\u00e4nderung und Unterst\u00fctzung - 417 Hz  Mi - Transformation, Tr\u00e4ume und DNA-Reparatur - 528 Hz  Fa - menschliche Verbindungen und Beziehungen - 639 Hz  Sol - eine Intuition wecken - 741 Hz  La - R\u00fcckkehr zum Geist - 852 Hz  Drei weitere T\u00f6ne:  174 Hz (=3) 285 Hz (=6), 963 Hz (=9) und 1122 Hz. Sie vereinen alle Vorteile der anderen Solfeggio-Frequenzen.  Das Set wird in einem praktischen Etui geliefert.","og_url":"https:\/\/gongcenter.ch\/produkt\/solfeggio-stimmgabel-set\/","og_site_name":"Gong Center Schweiz I Dein Gong und Klanginstrumente Fachgesch\u00e4ft","article_modified_time":"2023-11-30T21:31:23+00:00","og_image":[{"width":1100,"height":1422,"url":"https:\/\/gongcenter.ch\/app\/uploads\/2023\/11\/brass-solfeggio-tuning-forks-1.jpg","type":"image\/jpeg"}],"twitter_card":"summary_large_image","twitter_misc":{"Est. reading time":"1 minute"},"schema":{"@context":"https:\/\/schema.org","@graph":[{"@type":"WebPage","@id":"https:\/\/gongcenter.ch\/produkt\/solfeggio-stimmgabel-set\/","url":"https:\/\/gongcenter.ch\/produkt\/solfeggio-stimmgabel-set\/","name":"Solfeggio Stimmgabel Set - Gong Center Schweiz I Dein Gong und Klanginstrumente Fachgesch\u00e4ft","isPartOf":{"@id":"https:\/\/gongcenter.ch\/#website"},"primaryImageOfPage":{"@id":"https:\/\/gongcenter.ch\/produkt\/solfeggio-stimmgabel-set\/#primaryimage"},"image":{"@id":"https:\/\/gongcenter.ch\/produkt\/solfeggio-stimmgabel-set\/#primaryimage"},"thumbnailUrl":"https:\/\/gongcenter.ch\/app\/uploads\/2023\/11\/brass-solfeggio-tuning-forks-1.jpg","datePublished":"2023-11-22T17:37:56+00:00","dateModified":"2023-11-30T21:31:23+00:00","breadcrumb":{"@id":"https:\/\/gongcenter.ch\/produkt\/solfeggio-stimmgabel-set\/#breadcrumb"},"inLanguage":"en-US","potentialAction":[{"@type":"ReadAction","target":["https:\/\/gongcenter.ch\/produkt\/solfeggio-stimmgabel-set\/"]}]},{"@type":"ImageObject","inLanguage":"en-US","@id":"https:\/\/gongcenter.ch\/produkt\/solfeggio-stimmgabel-set\/#primaryimage","url":"https:\/\/gongcenter.ch\/app\/uploads\/2023\/11\/brass-solfeggio-tuning-forks-1.jpg","contentUrl":"https:\/\/gongcenter.ch\/app\/uploads\/2023\/11\/brass-solfeggio-tuning-forks-1.jpg","width":1100,"height":1422},{"@type":"BreadcrumbList","@id":"https:\/\/gongcenter.ch\/produkt\/solfeggio-stimmgabel-set\/#breadcrumb","itemListElement":[{"@type":"ListItem","position":1,"name":"Startseite","item":"https:\/\/gongcenter.ch\/en\/"},{"@type":"ListItem","position":2,"name":"Shop","item":"https:\/\/gongcenter.ch\/en\/shop\/"},{"@type":"ListItem","position":3,"name":"Solfeggio Stimmgabel Set"}]},{"@type":"WebSite","@id":"https:\/\/gongcenter.ch\/#website","url":"https:\/\/gongcenter.ch\/","name":"Gong Center Schweiz I Dein Gong und Klanginstrumente Fachgesch\u00e4ft","description":"Entdecke eine grosse Gong Auswahl sowie weitere Klanginstrumente - Wir sind Gong Klangtherapeut und bieten dir Top Qualit\u00e4t und Beratung.","publisher":{"@id":"https:\/\/gongcenter.ch\/#organization"},"potentialAction":[{"@type":"SearchAction","target":{"@type":"EntryPoint","urlTemplate":"https:\/\/gongcenter.ch\/?s={search_term_string}"},"query-input":{"@type":"PropertyValueSpecification","valueRequired":true,"valueName":"search_term_string"}}],"inLanguage":"en-US"},{"@type":"Organization","@id":"https:\/\/gongcenter.ch\/#organization","name":"Gongcenter Z\u00fcrich I Das Fachgesch\u00e4ft f\u00fcr Gong und Klang","url":"https:\/\/gongcenter.ch\/","logo":{"@type":"ImageObject","inLanguage":"en-US","@id":"https:\/\/gongcenter.ch\/#\/schema\/logo\/image\/","url":"https:\/\/gongcenter.ch\/app\/uploads\/2018\/05\/Gong-Center_Logo_2000_black.png","contentUrl":"https:\/\/gongcenter.ch\/app\/uploads\/2018\/05\/Gong-Center_Logo_2000_black.png","width":2000,"height":600,"caption":"Gongcenter Z\u00fcrich I Das Fachgesch\u00e4ft f\u00fcr Gong und Klang"},"image":{"@id":"https:\/\/gongcenter.ch\/#\/schema\/logo\/image\/"}}]}},"acf":[],"_links":{"self":[{"href":"https:\/\/gongcenter.ch\/en\/wp-json\/wp\/v2\/product\/34416","targetHints":{"allow":["GET"]}}],"collection":[{"href":"https:\/\/gongcenter.ch\/en\/wp-json\/wp\/v2\/product"}],"about":[{"href":"https:\/\/gongcenter.ch\/en\/wp-json\/wp\/v2\/types\/product"}],"wp:featuredmedia":[{"embeddable":true,"href":"https:\/\/gongcenter.ch\/en\/wp-json\/wp\/v2\/media\/33740"}],"wp:attachment":[{"href":"https:\/\/gongcenter.ch\/en\/wp-json\/wp\/v2\/media?parent=34416"}],"wp:term":[{"taxonomy":"product_brand","embeddable":true,"href":"https:\/\/gongcenter.ch\/en\/wp-json\/wp\/v2\/product_brand?post=34416"},{"taxonomy":"product_cat","embeddable":true,"href":"https:\/\/gongcenter.ch\/en\/wp-json\/wp\/v2\/product_cat?post=34416"},{"taxonomy":"product_tag","embeddable":true,"href":"https:\/\/gongcenter.ch\/en\/wp-json\/wp\/v2\/product_tag?post=34416"}],"curies":[{"name":"wp","href":"https:\/\/api.w.org\/{rel}","templated":true}]}}