{"id":34417,"date":"2023-11-22T18:37:57","date_gmt":"2023-11-22T17:37:57","guid":{"rendered":"https:\/\/gongcenter.ch\/product\/mineralien-stimmgabel-set\/"},"modified":"2023-11-30T22:22:58","modified_gmt":"2023-11-30T21:22:58","slug":"mineralien-stimmgabel-set","status":"publish","type":"product","link":"https:\/\/gongcenter.ch\/en\/product\/mineralien-stimmgabel-set\/","title":{"rendered":"Mineralien Stimmgabel Set"},"content":{"rendered":"<p>Mineralien-Stimmgabeln k\u00f6nnen verwendet werden, um Mineralien mit dem K\u00f6rper zu harmonisieren.<\/p>\n<p>Die Frequenzen dieser Mineralien wurden von Dr. Barbara Hero und dem Lambdoba Institut ermittelt.<\/p>\n<p>Dieses Set enth\u00e4lt folgende 11 Stimmgabeln:<\/p>\n<ul>\n<li>Kalzium &#8211; 320 Hz &#8211; wichtig f\u00fcr den Aufbau gesunder, starker Knochen, hilft den Nerven bei der Kommunikation, erm\u00f6glicht die Kontraktion der Muskeln und ist notwendig f\u00fcr die Blutgerinnung.<\/li>\n<li>Chrom &#8211; 384 Hz &#8211; ist ein Mineral, das eine wichtige Rolle bei der Regulierung der Insulinwirkung spielt.<\/li>\n<li>Kupfer &#8211; 464 Hz &#8211; ist ein wichtiger N\u00e4hrstoff f\u00fcr den K\u00f6rper. Es tr\u00e4gt zur Erhaltung gesunder Knochen, Blutgef\u00e4\u00dfe, Nerven und der Immunfunktion bei.<\/li>\n<li>Jod &#8211; 424 Hz &#8211; ist ein wichtiger Mineralstoff f\u00fcr die Produktion von Schilddr\u00fcsenhormonen und kann unter anderem bei der Behandlung von Schilddr\u00fcsenunterfunktion helfen.<\/li>\n<li>Eisen &#8211; 416 Hz &#8211; hilft, das H\u00e4moglobin zu beschleunigen, damit es den Sauerstoff zu den verschiedenen K\u00f6rperteilen transportieren kann. Sauerstoff ist f\u00fcr alle K\u00f6rperzellen wichtig, und Eisen unterst\u00fctzt den Prozess der Sauerstoffversorgung.<\/li>\n<li>Mangan &#8211; 400 Hz &#8211; ist ein Mineral, das zur Entspannung der Muskeln und zur Erhaltung der Knochen beitr\u00e4gt.<\/li>\n<li>Molybd\u00e4n &#8211; 336 Hz &#8211; spielt eine wichtige Rolle im enzymatischen Prozess der Eisenverwertung im K\u00f6rper, beugt Blutarmut vor und f\u00f6rdert das allgemeine Wohlbefinden.<\/li>\n<li>Phosphor &#8211; 480 Hz &#8211; ist notwendig f\u00fcr den Aufbau von Knochen und Z\u00e4hnen, sorgt f\u00fcr die richtige Verdauung von B-Vitaminen, hilft bei der \u00dcbertragung von Nervenimpulsen und unterst\u00fctzt die Nierenfunktion.<\/li>\n<li>Kalium &#8211; 304 Hz &#8211; ist verantwortlich f\u00fcr die \u00dcbertragung elektrischer Impulse zwischen den Zellen, steuert die Skelettmuskulatur und die Herzfunktion.<\/li>\n<li>Selen &#8211; 272 Hz &#8211; ist ein Antioxidans, das hilft, freie Radikale zu beseitigen. Ohne dieses Mineral w\u00e4re der K\u00f6rper nicht in der Lage, sch\u00e4dliche Partikel abzuwehren.<\/li>\n<li>Zink &#8211; 480 Hz &#8211; ist ein Mineral, das das Immunsystem unterst\u00fctzt. Ein unausgewogener Zinkgehalt im K\u00f6rper tr\u00e4gt zu einer verminderten Immunit\u00e4t bei und erh\u00f6ht somit das Risiko von Krankheiten und Beschwerden.<\/li>\n<li>Natrium &#8211; 352 Hz &#8211; unterst\u00fctzt die Funktion von Nerven und Muskeln, erh\u00f6ht die L\u00f6slichkeit von Kalzium und anderen Mineralien und unterst\u00fctzt die Nierenfunktion.<\/li>\n<\/ul>\n","protected":false},"excerpt":{"rendered":"Dies Stimmgabel Set wird mit einem praktischen Etui geliefert.","protected":false},"featured_media":33696,"template":"","meta":[],"product_brand":[],"product_cat":[503],"product_tag":[],"class_list":{"0":"post-34417","1":"product","2":"type-product","3":"status-publish","4":"has-post-thumbnail","6":"product_cat-stimmgabeln","7":"product_shipping_class-kostenloser-versand-innerhalb-der-schweiz","9":"first","10":"instock","11":"sold-individually","12":"taxable","13":"shipping-taxable","14":"purchasable","15":"product-type-simple"},"yoast_head":"<!-- This site is optimized with the Yoast SEO plugin v27.0 - https:\/\/yoast.com\/product\/yoast-seo-wordpress\/ -->\n<title>Mineralien Stimmgabel Set - Gong Center Schweiz I Dein Gong und Klanginstrumente Fachgesch\u00e4ft<\/title>\n<meta name=\"robots\" content=\"index, follow, max-snippet:-1, max-image-preview:large, max-video-preview:-1\" \/>\n<link rel=\"canonical\" href=\"https:\/\/gongcenter.ch\/produkt\/mineralien-stimmgabel-set\/\" \/>\n<meta property=\"og:locale\" content=\"en_US\" \/>\n<meta property=\"og:type\" content=\"article\" \/>\n<meta property=\"og:title\" content=\"Mineralien Stimmgabel Set - Gong Center Schweiz I Dein Gong und Klanginstrumente Fachgesch\u00e4ft\" \/>\n<meta property=\"og:description\" content=\"Dies Stimmgabel Set wird mit einem praktischen Etui geliefert.\" \/>\n<meta property=\"og:url\" content=\"https:\/\/gongcenter.ch\/produkt\/mineralien-stimmgabel-set\/\" \/>\n<meta property=\"og:site_name\" content=\"Gong Center Schweiz I Dein Gong und Klanginstrumente Fachgesch\u00e4ft\" \/>\n<meta property=\"article:modified_time\" content=\"2023-11-30T21:22:58+00:00\" \/>\n<meta property=\"og:image\" content=\"https:\/\/gongcenter.ch\/app\/uploads\/2023\/11\/mineral-tuning-forks-set-1.jpg\" \/>\n\t<meta property=\"og:image:width\" content=\"1100\" \/>\n\t<meta property=\"og:image:height\" content=\"1422\" \/>\n\t<meta property=\"og:image:type\" content=\"image\/jpeg\" \/>\n<meta name=\"twitter:card\" content=\"summary_large_image\" \/>\n<meta name=\"twitter:label1\" content=\"Est. reading time\" \/>\n\t<meta name=\"twitter:data1\" content=\"2 minutes\" \/>\n<!-- \/ Yoast SEO plugin. -->","yoast_head_json":{"title":"Mineralien Stimmgabel Set - Gong Center Schweiz I Dein Gong und Klanginstrumente Fachgesch\u00e4ft","robots":{"index":"index","follow":"follow","max-snippet":"max-snippet:-1","max-image-preview":"max-image-preview:large","max-video-preview":"max-video-preview:-1"},"canonical":"https:\/\/gongcenter.ch\/produkt\/mineralien-stimmgabel-set\/","og_locale":"en_US","og_type":"article","og_title":"Mineralien Stimmgabel Set - Gong Center Schweiz I Dein Gong und Klanginstrumente Fachgesch\u00e4ft","og_description":"Dies Stimmgabel Set wird mit einem praktischen Etui geliefert.","og_url":"https:\/\/gongcenter.ch\/produkt\/mineralien-stimmgabel-set\/","og_site_name":"Gong Center Schweiz I Dein Gong und Klanginstrumente Fachgesch\u00e4ft","article_modified_time":"2023-11-30T21:22:58+00:00","og_image":[{"width":1100,"height":1422,"url":"https:\/\/gongcenter.ch\/app\/uploads\/2023\/11\/mineral-tuning-forks-set-1.jpg","type":"image\/jpeg"}],"twitter_card":"summary_large_image","twitter_misc":{"Est. reading time":"2 minutes"},"schema":{"@context":"https:\/\/schema.org","@graph":[{"@type":"WebPage","@id":"https:\/\/gongcenter.ch\/produkt\/mineralien-stimmgabel-set\/","url":"https:\/\/gongcenter.ch\/produkt\/mineralien-stimmgabel-set\/","name":"Mineralien Stimmgabel Set - Gong Center Schweiz I Dein Gong und Klanginstrumente Fachgesch\u00e4ft","isPartOf":{"@id":"https:\/\/gongcenter.ch\/#website"},"primaryImageOfPage":{"@id":"https:\/\/gongcenter.ch\/produkt\/mineralien-stimmgabel-set\/#primaryimage"},"image":{"@id":"https:\/\/gongcenter.ch\/produkt\/mineralien-stimmgabel-set\/#primaryimage"},"thumbnailUrl":"https:\/\/gongcenter.ch\/app\/uploads\/2023\/11\/mineral-tuning-forks-set-1.jpg","datePublished":"2023-11-22T17:37:57+00:00","dateModified":"2023-11-30T21:22:58+00:00","breadcrumb":{"@id":"https:\/\/gongcenter.ch\/produkt\/mineralien-stimmgabel-set\/#breadcrumb"},"inLanguage":"en-US","potentialAction":[{"@type":"ReadAction","target":["https:\/\/gongcenter.ch\/produkt\/mineralien-stimmgabel-set\/"]}]},{"@type":"ImageObject","inLanguage":"en-US","@id":"https:\/\/gongcenter.ch\/produkt\/mineralien-stimmgabel-set\/#primaryimage","url":"https:\/\/gongcenter.ch\/app\/uploads\/2023\/11\/mineral-tuning-forks-set-1.jpg","contentUrl":"https:\/\/gongcenter.ch\/app\/uploads\/2023\/11\/mineral-tuning-forks-set-1.jpg","width":1100,"height":1422},{"@type":"BreadcrumbList","@id":"https:\/\/gongcenter.ch\/produkt\/mineralien-stimmgabel-set\/#breadcrumb","itemListElement":[{"@type":"ListItem","position":1,"name":"Startseite","item":"https:\/\/gongcenter.ch\/en\/"},{"@type":"ListItem","position":2,"name":"Shop","item":"https:\/\/gongcenter.ch\/en\/shop\/"},{"@type":"ListItem","position":3,"name":"Mineralien Stimmgabel Set"}]},{"@type":"WebSite","@id":"https:\/\/gongcenter.ch\/#website","url":"https:\/\/gongcenter.ch\/","name":"Gong Center Schweiz I Dein Gong und Klanginstrumente Fachgesch\u00e4ft","description":"Entdecke eine grosse Gong Auswahl sowie weitere Klanginstrumente - Wir sind Gong Klangtherapeut und bieten dir Top Qualit\u00e4t und Beratung.","publisher":{"@id":"https:\/\/gongcenter.ch\/#organization"},"potentialAction":[{"@type":"SearchAction","target":{"@type":"EntryPoint","urlTemplate":"https:\/\/gongcenter.ch\/?s={search_term_string}"},"query-input":{"@type":"PropertyValueSpecification","valueRequired":true,"valueName":"search_term_string"}}],"inLanguage":"en-US"},{"@type":"Organization","@id":"https:\/\/gongcenter.ch\/#organization","name":"Gongcenter Z\u00fcrich I Das Fachgesch\u00e4ft f\u00fcr Gong und Klang","url":"https:\/\/gongcenter.ch\/","logo":{"@type":"ImageObject","inLanguage":"en-US","@id":"https:\/\/gongcenter.ch\/#\/schema\/logo\/image\/","url":"https:\/\/gongcenter.ch\/app\/uploads\/2018\/05\/Gong-Center_Logo_2000_black.png","contentUrl":"https:\/\/gongcenter.ch\/app\/uploads\/2018\/05\/Gong-Center_Logo_2000_black.png","width":2000,"height":600,"caption":"Gongcenter Z\u00fcrich I Das Fachgesch\u00e4ft f\u00fcr Gong und Klang"},"image":{"@id":"https:\/\/gongcenter.ch\/#\/schema\/logo\/image\/"}}]}},"acf":[],"_links":{"self":[{"href":"https:\/\/gongcenter.ch\/en\/wp-json\/wp\/v2\/product\/34417","targetHints":{"allow":["GET"]}}],"collection":[{"href":"https:\/\/gongcenter.ch\/en\/wp-json\/wp\/v2\/product"}],"about":[{"href":"https:\/\/gongcenter.ch\/en\/wp-json\/wp\/v2\/types\/product"}],"wp:featuredmedia":[{"embeddable":true,"href":"https:\/\/gongcenter.ch\/en\/wp-json\/wp\/v2\/media\/33696"}],"wp:attachment":[{"href":"https:\/\/gongcenter.ch\/en\/wp-json\/wp\/v2\/media?parent=34417"}],"wp:term":[{"taxonomy":"product_brand","embeddable":true,"href":"https:\/\/gongcenter.ch\/en\/wp-json\/wp\/v2\/product_brand?post=34417"},{"taxonomy":"product_cat","embeddable":true,"href":"https:\/\/gongcenter.ch\/en\/wp-json\/wp\/v2\/product_cat?post=34417"},{"taxonomy":"product_tag","embeddable":true,"href":"https:\/\/gongcenter.ch\/en\/wp-json\/wp\/v2\/product_tag?post=34417"}],"curies":[{"name":"wp","href":"https:\/\/api.w.org\/{rel}","templated":true}]}}