{"id":34418,"date":"2023-11-22T18:37:57","date_gmt":"2023-11-22T17:37:57","guid":{"rendered":"https:\/\/gongcenter.ch\/product\/planeten-stimmgabel-set\/"},"modified":"2024-02-03T18:57:22","modified_gmt":"2024-02-03T17:57:22","slug":"planeten-stimmgabel-set","status":"publish","type":"product","link":"https:\/\/gongcenter.ch\/en\/product\/planeten-stimmgabel-set\/","title":{"rendered":"Planeten Stimmgabel Set"},"content":{"rendered":"<p>Mit den Kl\u00e4ngen der planetarischen Stimmgabeln k\u00f6nnen wir die urspr\u00fcnglichen Frequenzen unseres K\u00f6rpers wiederherstellen.<\/p>\n<p>Viele Krankheiten haben ihre Ursache in einem energetischen Ungleichgewicht. Deshalb stellt die Anwendung der grundlegenden Reinigungs- und Regulationstechniken oft das Gleichgewicht wieder her, reinigt die zentralen Energiezentren und reguliert ihre Arbeit.<\/p>\n<p>W\u00e4hrend wir zuh\u00f6ren, stellt sich unser K\u00f6rper allm\u00e4hlich auf die Kl\u00e4nge ein. Die Frequenz wird von jeder Zelle des gesamten K\u00f6rpers aufgenommen. Die Stimmgabeltherapie ist besonders empfehlenswert f\u00fcr Menschen mit folgenden St\u00f6rungen:<\/p>\n<ul>\n<li>Konzentration; Schlaf; neurotisch; depressiv; mit Kreislauf- und Verdauungsst\u00f6rungen<\/li>\n<li>Aufmerksamkeitsdefizit-Hyperaktivit\u00e4tsst\u00f6rung (ADHS)<\/li>\n<li>Down-Syndrom<\/li>\n<li>Zerebralparese<\/li>\n<li>Alzheimer-Krankheit;<\/li>\n<li>Multiple Sklerose<\/li>\n<\/ul>\n","protected":false},"excerpt":{"rendered":"Auf jeder Stimmgabel sind sowohl die Frequenz des ausgesandten Tons als auch die entsprechenden Himmelsk\u00f6rper angegeben. Diese sind:\r\n<ul>\r\n \t<li>Erde &#8211; 136,10 Hz<\/li>\r\n \t<li>Sonne &#8211; 126,22 Hz<\/li>\r\n \t<li>Pluto &#8211; 140,25 Hz<\/li>\r\n \t<li>Merkur &#8211; 141,27 Hz<\/li>\r\n \t<li>Mars &#8211; 144,72 Hz<\/li>\r\n \t<li>Saturn &#8211; 147,85 Hz<\/li>\r\n \t<li>Platonisches Jahr &#8211; 172,06 Hz<\/li>\r\n \t<li>Iuppiter &#8211; 183,58 Hz<\/li>\r\n \t<li>Synodischer Tag &#8211; 194,18 Hz<\/li>\r\n \t<li>Uranus &#8211; 207,36 Hz<\/li>\r\n \t<li>Mond (neu) &#8211; 210,42 Hz<\/li>\r\n \t<li>Neptun &#8211; 211,44 Hz<\/li>\r\n \t<li>Venus &#8211; 221,23 Hz<\/li>\r\n \t<li>Mond (voll) &#8211; 227,43 Hz<\/li>\r\n<\/ul>","protected":false},"featured_media":33859,"template":"","meta":[],"product_brand":[],"product_cat":[503],"product_tag":[],"class_list":{"0":"post-34418","1":"product","2":"type-product","3":"status-publish","4":"has-post-thumbnail","6":"product_cat-stimmgabeln","7":"product_shipping_class-kostenloser-versand-innerhalb-der-schweiz","9":"first","10":"instock","11":"sold-individually","12":"taxable","13":"shipping-taxable","14":"purchasable","15":"product-type-simple"},"yoast_head":"<!-- This site is optimized with the Yoast SEO plugin v27.0 - https:\/\/yoast.com\/product\/yoast-seo-wordpress\/ -->\n<title>Planeten Stimmgabel Set - Gong Center Schweiz I Dein Gong und Klanginstrumente Fachgesch\u00e4ft<\/title>\n<meta name=\"robots\" content=\"index, follow, max-snippet:-1, max-image-preview:large, max-video-preview:-1\" \/>\n<link rel=\"canonical\" href=\"https:\/\/gongcenter.ch\/produkt\/planeten-stimmgabel-set\/\" \/>\n<meta property=\"og:locale\" content=\"en_US\" \/>\n<meta property=\"og:type\" content=\"article\" \/>\n<meta property=\"og:title\" content=\"Planeten Stimmgabel Set - Gong Center Schweiz I Dein Gong und Klanginstrumente Fachgesch\u00e4ft\" \/>\n<meta property=\"og:description\" content=\"Auf jeder Stimmgabel sind sowohl die Frequenz des ausgesandten Tons als auch die entsprechenden Himmelsk\u00f6rper angegeben. Diese sind:   Erde - 136,10 Hz  Sonne - 126,22 Hz  Pluto - 140,25 Hz  Merkur - 141,27 Hz  Mars - 144,72 Hz  Saturn - 147,85 Hz  Platonisches Jahr - 172,06 Hz  Iuppiter - 183,58 Hz  Synodischer Tag - 194,18 Hz  Uranus - 207,36 Hz  Mond (neu) - 210,42 Hz  Neptun - 211,44 Hz  Venus - 221,23 Hz  Mond (voll) - 227,43 Hz\" \/>\n<meta property=\"og:url\" content=\"https:\/\/gongcenter.ch\/produkt\/planeten-stimmgabel-set\/\" \/>\n<meta property=\"og:site_name\" content=\"Gong Center Schweiz I Dein Gong und Klanginstrumente Fachgesch\u00e4ft\" \/>\n<meta property=\"article:modified_time\" content=\"2024-02-03T17:57:22+00:00\" \/>\n<meta property=\"og:image\" content=\"https:\/\/gongcenter.ch\/app\/uploads\/2023\/11\/planetary-tuning-forks-set-2.jpg\" \/>\n\t<meta property=\"og:image:width\" content=\"236\" \/>\n\t<meta property=\"og:image:height\" content=\"305\" \/>\n\t<meta property=\"og:image:type\" content=\"image\/jpeg\" \/>\n<meta name=\"twitter:card\" content=\"summary_large_image\" \/>\n<meta name=\"twitter:label1\" content=\"Est. reading time\" \/>\n\t<meta name=\"twitter:data1\" content=\"1 minute\" \/>\n<!-- \/ Yoast SEO plugin. -->","yoast_head_json":{"title":"Planeten Stimmgabel Set - Gong Center Schweiz I Dein Gong und Klanginstrumente Fachgesch\u00e4ft","robots":{"index":"index","follow":"follow","max-snippet":"max-snippet:-1","max-image-preview":"max-image-preview:large","max-video-preview":"max-video-preview:-1"},"canonical":"https:\/\/gongcenter.ch\/produkt\/planeten-stimmgabel-set\/","og_locale":"en_US","og_type":"article","og_title":"Planeten Stimmgabel Set - Gong Center Schweiz I Dein Gong und Klanginstrumente Fachgesch\u00e4ft","og_description":"Auf jeder Stimmgabel sind sowohl die Frequenz des ausgesandten Tons als auch die entsprechenden Himmelsk\u00f6rper angegeben. Diese sind:   Erde - 136,10 Hz  Sonne - 126,22 Hz  Pluto - 140,25 Hz  Merkur - 141,27 Hz  Mars - 144,72 Hz  Saturn - 147,85 Hz  Platonisches Jahr - 172,06 Hz  Iuppiter - 183,58 Hz  Synodischer Tag - 194,18 Hz  Uranus - 207,36 Hz  Mond (neu) - 210,42 Hz  Neptun - 211,44 Hz  Venus - 221,23 Hz  Mond (voll) - 227,43 Hz","og_url":"https:\/\/gongcenter.ch\/produkt\/planeten-stimmgabel-set\/","og_site_name":"Gong Center Schweiz I Dein Gong und Klanginstrumente Fachgesch\u00e4ft","article_modified_time":"2024-02-03T17:57:22+00:00","og_image":[{"width":236,"height":305,"url":"https:\/\/gongcenter.ch\/app\/uploads\/2023\/11\/planetary-tuning-forks-set-2.jpg","type":"image\/jpeg"}],"twitter_card":"summary_large_image","twitter_misc":{"Est. reading time":"1 minute"},"schema":{"@context":"https:\/\/schema.org","@graph":[{"@type":"WebPage","@id":"https:\/\/gongcenter.ch\/produkt\/planeten-stimmgabel-set\/","url":"https:\/\/gongcenter.ch\/produkt\/planeten-stimmgabel-set\/","name":"Planeten Stimmgabel Set - Gong Center Schweiz I Dein Gong und Klanginstrumente Fachgesch\u00e4ft","isPartOf":{"@id":"https:\/\/gongcenter.ch\/#website"},"primaryImageOfPage":{"@id":"https:\/\/gongcenter.ch\/produkt\/planeten-stimmgabel-set\/#primaryimage"},"image":{"@id":"https:\/\/gongcenter.ch\/produkt\/planeten-stimmgabel-set\/#primaryimage"},"thumbnailUrl":"https:\/\/gongcenter.ch\/app\/uploads\/2023\/11\/planetary-tuning-forks-set-2.jpg","datePublished":"2023-11-22T17:37:57+00:00","dateModified":"2024-02-03T17:57:22+00:00","breadcrumb":{"@id":"https:\/\/gongcenter.ch\/produkt\/planeten-stimmgabel-set\/#breadcrumb"},"inLanguage":"en-US","potentialAction":[{"@type":"ReadAction","target":["https:\/\/gongcenter.ch\/produkt\/planeten-stimmgabel-set\/"]}]},{"@type":"ImageObject","inLanguage":"en-US","@id":"https:\/\/gongcenter.ch\/produkt\/planeten-stimmgabel-set\/#primaryimage","url":"https:\/\/gongcenter.ch\/app\/uploads\/2023\/11\/planetary-tuning-forks-set-2.jpg","contentUrl":"https:\/\/gongcenter.ch\/app\/uploads\/2023\/11\/planetary-tuning-forks-set-2.jpg","width":236,"height":305},{"@type":"BreadcrumbList","@id":"https:\/\/gongcenter.ch\/produkt\/planeten-stimmgabel-set\/#breadcrumb","itemListElement":[{"@type":"ListItem","position":1,"name":"Startseite","item":"https:\/\/gongcenter.ch\/en\/"},{"@type":"ListItem","position":2,"name":"Shop","item":"https:\/\/gongcenter.ch\/en\/shop\/"},{"@type":"ListItem","position":3,"name":"Planeten Stimmgabel Set"}]},{"@type":"WebSite","@id":"https:\/\/gongcenter.ch\/#website","url":"https:\/\/gongcenter.ch\/","name":"Gong Center Schweiz I Dein Gong und Klanginstrumente Fachgesch\u00e4ft","description":"Entdecke eine grosse Gong Auswahl sowie weitere Klanginstrumente - Wir sind Gong Klangtherapeut und bieten dir Top Qualit\u00e4t und Beratung.","publisher":{"@id":"https:\/\/gongcenter.ch\/#organization"},"potentialAction":[{"@type":"SearchAction","target":{"@type":"EntryPoint","urlTemplate":"https:\/\/gongcenter.ch\/?s={search_term_string}"},"query-input":{"@type":"PropertyValueSpecification","valueRequired":true,"valueName":"search_term_string"}}],"inLanguage":"en-US"},{"@type":"Organization","@id":"https:\/\/gongcenter.ch\/#organization","name":"Gongcenter Z\u00fcrich I Das Fachgesch\u00e4ft f\u00fcr Gong und Klang","url":"https:\/\/gongcenter.ch\/","logo":{"@type":"ImageObject","inLanguage":"en-US","@id":"https:\/\/gongcenter.ch\/#\/schema\/logo\/image\/","url":"https:\/\/gongcenter.ch\/app\/uploads\/2018\/05\/Gong-Center_Logo_2000_black.png","contentUrl":"https:\/\/gongcenter.ch\/app\/uploads\/2018\/05\/Gong-Center_Logo_2000_black.png","width":2000,"height":600,"caption":"Gongcenter Z\u00fcrich I Das Fachgesch\u00e4ft f\u00fcr Gong und Klang"},"image":{"@id":"https:\/\/gongcenter.ch\/#\/schema\/logo\/image\/"}}]}},"acf":[],"_links":{"self":[{"href":"https:\/\/gongcenter.ch\/en\/wp-json\/wp\/v2\/product\/34418","targetHints":{"allow":["GET"]}}],"collection":[{"href":"https:\/\/gongcenter.ch\/en\/wp-json\/wp\/v2\/product"}],"about":[{"href":"https:\/\/gongcenter.ch\/en\/wp-json\/wp\/v2\/types\/product"}],"wp:featuredmedia":[{"embeddable":true,"href":"https:\/\/gongcenter.ch\/en\/wp-json\/wp\/v2\/media\/33859"}],"wp:attachment":[{"href":"https:\/\/gongcenter.ch\/en\/wp-json\/wp\/v2\/media?parent=34418"}],"wp:term":[{"taxonomy":"product_brand","embeddable":true,"href":"https:\/\/gongcenter.ch\/en\/wp-json\/wp\/v2\/product_brand?post=34418"},{"taxonomy":"product_cat","embeddable":true,"href":"https:\/\/gongcenter.ch\/en\/wp-json\/wp\/v2\/product_cat?post=34418"},{"taxonomy":"product_tag","embeddable":true,"href":"https:\/\/gongcenter.ch\/en\/wp-json\/wp\/v2\/product_tag?post=34418"}],"curies":[{"name":"wp","href":"https:\/\/api.w.org\/{rel}","templated":true}]}}