{"id":34433,"date":"2023-11-22T18:38:03","date_gmt":"2023-11-22T17:38:03","guid":{"rendered":"https:\/\/gongcenter.ch\/?post_type=product&#038;p=34433"},"modified":"2023-12-01T19:48:08","modified_gmt":"2023-12-01T18:48:08","slug":"koshi-und-zaphir-beutel","status":"publish","type":"product","link":"https:\/\/gongcenter.ch\/en\/product\/koshi-und-zaphir-beutel\/","title":{"rendered":"Koshi und Zaphir Beutel"},"content":{"rendered":"<p>Diese exquisiten Beutel sind aus hochwertigem Leinen gefertigt oder mit kunstvollen Batiken verziert. Diese Beutel sind nicht nur eine stilvolle Aufbewahrungsl\u00f6sung, sondern verleihen Ihren Klangspielen auch eine besondere Note.<\/p>\n<p>Die aus hochwertigem Leinen handgefertigten Beutel bieten nicht nur Schutz vor Staub und Kratzern, sondern verleihen den Klangspielen auch eine \u00e4sthetische Pr\u00e4sentation. Die Batikverzierung mit ihren kunstvollen Mustern verleiht ihnen eine einzigartige Note und macht sie zu einem echten Hingucker.<\/p>\n<p>Ob man die Koshi- und Zaphir-Klangspiele im Wohnzimmer, im Garten oder im Meditationsraum benutzt, diese Taschen sind die perfekte Erg\u00e4nzung, um die Klanginstrumente stilvoll aufzubewahren. Schenke dir selbst oder einem geliebten Menschen diese wunderbaren Taschen und lass dich von den harmonischen Kl\u00e4ngen und der \u00e4sthetischen Sch\u00f6nheit verzaubern. Genie\u00dfe den Zauber der Musik und schaffe eine Atmosph\u00e4re der Ruhe und Harmonie mit diesen einzigartigen Klangspieltaschen aus Leinen und Batik.<\/p>\n","protected":false},"excerpt":{"rendered":"Mandala Muster aus Samt oder Nature aus Leine.\r\n\r\nMasse:\r\n<ul>\r\n \t<li>17cm in der L\u00e4nge<\/li>\r\n \t<li>11 cm in der Breite<\/li>\r\n<\/ul>","protected":false},"featured_media":33795,"template":"","meta":[],"product_brand":[],"product_cat":[507],"product_tag":[],"class_list":{"0":"post-34433","1":"product","2":"type-product","3":"status-publish","4":"has-post-thumbnail","6":"product_cat-koshi-heloa-zaphir-klangpiele","7":"product_shipping_class-bis-199-chf-9-90-chf","8":"pa_modell-koshi-tasche-leinen","9":"pa_modell-koshi-tasche-mandala","10":"pa_modell-zaphir-tasche-leinen","11":"pa_modell-zaphir-tasche-mandala","13":"first","14":"instock","15":"sold-individually","16":"taxable","17":"shipping-taxable","18":"purchasable","19":"product-type-variable"},"yoast_head":"<!-- This site is optimized with the Yoast SEO plugin v27.0 - https:\/\/yoast.com\/product\/yoast-seo-wordpress\/ -->\n<title>Koshi und Zaphir Beutel - Gong Center Schweiz I Dein Gong und Klanginstrumente Fachgesch\u00e4ft<\/title>\n<meta name=\"robots\" content=\"index, follow, max-snippet:-1, max-image-preview:large, max-video-preview:-1\" \/>\n<link rel=\"canonical\" href=\"https:\/\/gongcenter.ch\/produkt\/koshi-und-zaphir-beutel\/\" \/>\n<meta property=\"og:locale\" content=\"en_US\" \/>\n<meta property=\"og:type\" content=\"article\" \/>\n<meta property=\"og:title\" content=\"Koshi und Zaphir Beutel - Gong Center Schweiz I Dein Gong und Klanginstrumente Fachgesch\u00e4ft\" \/>\n<meta property=\"og:description\" content=\"Mandala Muster aus Samt oder Nature aus Leine.  Masse:   17cm in der L\u00e4nge  11 cm in der Breite\" \/>\n<meta property=\"og:url\" content=\"https:\/\/gongcenter.ch\/produkt\/koshi-und-zaphir-beutel\/\" \/>\n<meta property=\"og:site_name\" content=\"Gong Center Schweiz I Dein Gong und Klanginstrumente Fachgesch\u00e4ft\" \/>\n<meta property=\"article:modified_time\" content=\"2023-12-01T18:48:08+00:00\" \/>\n<meta property=\"og:image\" content=\"https:\/\/gongcenter.ch\/app\/uploads\/2023\/11\/koshi-chime-bag-mandala-pattern-1-2.jpg\" \/>\n\t<meta property=\"og:image:width\" content=\"1100\" \/>\n\t<meta property=\"og:image:height\" content=\"1422\" \/>\n\t<meta property=\"og:image:type\" content=\"image\/jpeg\" \/>\n<meta name=\"twitter:card\" content=\"summary_large_image\" \/>\n<meta name=\"twitter:label1\" content=\"Est. reading time\" \/>\n\t<meta name=\"twitter:data1\" content=\"1 minute\" \/>\n<!-- \/ Yoast SEO plugin. -->","yoast_head_json":{"title":"Koshi und Zaphir Beutel - Gong Center Schweiz I Dein Gong und Klanginstrumente Fachgesch\u00e4ft","robots":{"index":"index","follow":"follow","max-snippet":"max-snippet:-1","max-image-preview":"max-image-preview:large","max-video-preview":"max-video-preview:-1"},"canonical":"https:\/\/gongcenter.ch\/produkt\/koshi-und-zaphir-beutel\/","og_locale":"en_US","og_type":"article","og_title":"Koshi und Zaphir Beutel - Gong Center Schweiz I Dein Gong und Klanginstrumente Fachgesch\u00e4ft","og_description":"Mandala Muster aus Samt oder Nature aus Leine.  Masse:   17cm in der L\u00e4nge  11 cm in der Breite","og_url":"https:\/\/gongcenter.ch\/produkt\/koshi-und-zaphir-beutel\/","og_site_name":"Gong Center Schweiz I Dein Gong und Klanginstrumente Fachgesch\u00e4ft","article_modified_time":"2023-12-01T18:48:08+00:00","og_image":[{"width":1100,"height":1422,"url":"https:\/\/gongcenter.ch\/app\/uploads\/2023\/11\/koshi-chime-bag-mandala-pattern-1-2.jpg","type":"image\/jpeg"}],"twitter_card":"summary_large_image","twitter_misc":{"Est. reading time":"1 minute"},"schema":{"@context":"https:\/\/schema.org","@graph":[{"@type":"WebPage","@id":"https:\/\/gongcenter.ch\/produkt\/koshi-und-zaphir-beutel\/","url":"https:\/\/gongcenter.ch\/produkt\/koshi-und-zaphir-beutel\/","name":"Koshi und Zaphir Beutel - Gong Center Schweiz I Dein Gong und Klanginstrumente Fachgesch\u00e4ft","isPartOf":{"@id":"https:\/\/gongcenter.ch\/#website"},"primaryImageOfPage":{"@id":"https:\/\/gongcenter.ch\/produkt\/koshi-und-zaphir-beutel\/#primaryimage"},"image":{"@id":"https:\/\/gongcenter.ch\/produkt\/koshi-und-zaphir-beutel\/#primaryimage"},"thumbnailUrl":"https:\/\/gongcenter.ch\/app\/uploads\/2023\/11\/koshi-chime-bag-mandala-pattern-1-2.jpg","datePublished":"2023-11-22T17:38:03+00:00","dateModified":"2023-12-01T18:48:08+00:00","breadcrumb":{"@id":"https:\/\/gongcenter.ch\/produkt\/koshi-und-zaphir-beutel\/#breadcrumb"},"inLanguage":"en-US","potentialAction":[{"@type":"ReadAction","target":["https:\/\/gongcenter.ch\/produkt\/koshi-und-zaphir-beutel\/"]}]},{"@type":"ImageObject","inLanguage":"en-US","@id":"https:\/\/gongcenter.ch\/produkt\/koshi-und-zaphir-beutel\/#primaryimage","url":"https:\/\/gongcenter.ch\/app\/uploads\/2023\/11\/koshi-chime-bag-mandala-pattern-1-2.jpg","contentUrl":"https:\/\/gongcenter.ch\/app\/uploads\/2023\/11\/koshi-chime-bag-mandala-pattern-1-2.jpg","width":1100,"height":1422},{"@type":"BreadcrumbList","@id":"https:\/\/gongcenter.ch\/produkt\/koshi-und-zaphir-beutel\/#breadcrumb","itemListElement":[{"@type":"ListItem","position":1,"name":"Startseite","item":"https:\/\/gongcenter.ch\/en\/"},{"@type":"ListItem","position":2,"name":"Shop","item":"https:\/\/gongcenter.ch\/en\/shop\/"},{"@type":"ListItem","position":3,"name":"Koshi und Zaphir Beutel"}]},{"@type":"WebSite","@id":"https:\/\/gongcenter.ch\/#website","url":"https:\/\/gongcenter.ch\/","name":"Gong Center Schweiz I Dein Gong und Klanginstrumente Fachgesch\u00e4ft","description":"Entdecke eine grosse Gong Auswahl sowie weitere Klanginstrumente - Wir sind Gong Klangtherapeut und bieten dir Top Qualit\u00e4t und Beratung.","publisher":{"@id":"https:\/\/gongcenter.ch\/#organization"},"potentialAction":[{"@type":"SearchAction","target":{"@type":"EntryPoint","urlTemplate":"https:\/\/gongcenter.ch\/?s={search_term_string}"},"query-input":{"@type":"PropertyValueSpecification","valueRequired":true,"valueName":"search_term_string"}}],"inLanguage":"en-US"},{"@type":"Organization","@id":"https:\/\/gongcenter.ch\/#organization","name":"Gongcenter Z\u00fcrich I Das Fachgesch\u00e4ft f\u00fcr Gong und Klang","url":"https:\/\/gongcenter.ch\/","logo":{"@type":"ImageObject","inLanguage":"en-US","@id":"https:\/\/gongcenter.ch\/#\/schema\/logo\/image\/","url":"https:\/\/gongcenter.ch\/app\/uploads\/2018\/05\/Gong-Center_Logo_2000_black.png","contentUrl":"https:\/\/gongcenter.ch\/app\/uploads\/2018\/05\/Gong-Center_Logo_2000_black.png","width":2000,"height":600,"caption":"Gongcenter Z\u00fcrich I Das Fachgesch\u00e4ft f\u00fcr Gong und Klang"},"image":{"@id":"https:\/\/gongcenter.ch\/#\/schema\/logo\/image\/"}}]}},"acf":[],"_links":{"self":[{"href":"https:\/\/gongcenter.ch\/en\/wp-json\/wp\/v2\/product\/34433","targetHints":{"allow":["GET"]}}],"collection":[{"href":"https:\/\/gongcenter.ch\/en\/wp-json\/wp\/v2\/product"}],"about":[{"href":"https:\/\/gongcenter.ch\/en\/wp-json\/wp\/v2\/types\/product"}],"wp:featuredmedia":[{"embeddable":true,"href":"https:\/\/gongcenter.ch\/en\/wp-json\/wp\/v2\/media\/33795"}],"wp:attachment":[{"href":"https:\/\/gongcenter.ch\/en\/wp-json\/wp\/v2\/media?parent=34433"}],"wp:term":[{"taxonomy":"product_brand","embeddable":true,"href":"https:\/\/gongcenter.ch\/en\/wp-json\/wp\/v2\/product_brand?post=34433"},{"taxonomy":"product_cat","embeddable":true,"href":"https:\/\/gongcenter.ch\/en\/wp-json\/wp\/v2\/product_cat?post=34433"},{"taxonomy":"product_tag","embeddable":true,"href":"https:\/\/gongcenter.ch\/en\/wp-json\/wp\/v2\/product_tag?post=34433"}],"curies":[{"name":"wp","href":"https:\/\/api.w.org\/{rel}","templated":true}]}}