{"id":34461,"date":"2023-11-22T18:38:11","date_gmt":"2023-11-22T17:38:11","guid":{"rendered":"https:\/\/gongcenter.ch\/product\/planetarische-klangroehren-set-mit-staender\/"},"modified":"2023-12-03T23:36:44","modified_gmt":"2023-12-03T22:36:44","slug":"planetarische-klangroehren-set-mit-staender","status":"publish","type":"product","link":"https:\/\/gongcenter.ch\/en\/product\/planetarische-klangroehren-set-mit-staender\/","title":{"rendered":"Planetarische Klangr\u00f6hren Set mit St\u00e4nder"},"content":{"rendered":"<p>Der Klang der Klangr\u00f6hren \u00e4hnelt dem der Tibetischen Klangschalen, ist aber lauter und reiner. Jede Klangr\u00f6hren besteht aus einer Aluminiumlegierung und h\u00e4ngt an einem robusten Gurt, der an verst\u00e4rkten Ringen befestigt ist, so dass sie frei schwingen kann. Ein kompletter Klangr\u00f6hren Satz hypnotisiert durch seinen Rhythmus und seine Bewegung.<\/p>\n","protected":false},"excerpt":{"rendered":"Auf jeder Klangr\u00f6hre sind sowohl die Frequenz des ausgesandten Tons und auch die entsprechenden Himmelsk\u00f6rper angegeben.\r\n\r\nDas Set enth\u00e4lt zwei St\u00e4nder mit folgenden Abmessungen:\r\n<ul>\r\n \t<li>Beine 172 cm<\/li>\r\n \t<li>F\u00fcsse 55 cm<\/li>\r\n \t<li>Querstange 164 cm<\/li>\r\n<\/ul>\r\n15 Klangr\u00f6hren mit 5 cm Durchmesser, 3 mm Wandst\u00e4rke und folgenden Frequenzen und L\u00e4ngen:\r\n<ul>\r\n \t<li>Erde Jahreston 136,10 Hz \/ 147,7 cm<\/li>\r\n \t<li>Sonne 126,22 Hz \/ 152,9 cm<\/li>\r\n \t<li>Pluto 140,25 Hz \/ 145,6 cm<\/li>\r\n \t<li>Merkur 141,27 Hz \/ 144,5 cm<\/li>\r\n \t<li>Mars 144,72 Hz \/ 142,7 cm<\/li>\r\n \t<li>Saturn 147,85 Hz \/ 141,1 cm<\/li>\r\n \t<li>Platonisches Jahr 172,06 Hz \/ 130,7 cm<\/li>\r\n \t<li>Jupiter 183,58 Hz \/ 126,6 cm<\/li>\r\n \t<li>Synodischer Tag 194,18 Hz \/ 123,2 cm<\/li>\r\n \t<li>Uranus 20736 Hz \/ 119 cm<\/li>\r\n \t<li>Mond (neu) 210,42 Hz \/ 118,2 cm<\/li>\r\n \t<li>Neptun 211,44 Hz \/ 117,9 cm<\/li>\r\n \t<li>Venus 221,23 Hz \/ 115,4 cm<\/li>\r\n \t<li>Mond (voll) 227,43 Hz \/ 113,5 cm<\/li>\r\n<\/ul>\r\n<ul>\r\n \t<li>Erde &#8211; 136,10 Hz<\/li>\r\n \t<li>Sonne &#8211; 126,22 Hz<\/li>\r\n \t<li>Pluto &#8211; 140,25 Hz<\/li>\r\n \t<li>Merkur &#8211; 141,27 Hz<\/li>\r\n \t<li>Mars &#8211; 144,72 Hz<\/li>\r\n \t<li>Saturn &#8211; 147,85 Hz<\/li>\r\n \t<li>Platon &#8211; 172,06 Hz<\/li>\r\n \t<li>Jupiter &#8211; 183,58 Hz<\/li>\r\n \t<li>Erde &#8211; 194,18 Hz<\/li>\r\n \t<li>Uranus &#8211; 207,36 Hz<\/li>\r\n \t<li>Mond &#8211; 210,42 Hz<\/li>\r\n \t<li>Neptun &#8211; 211,44 Hz<\/li>\r\n \t<li>Venus &#8211; 221,23 Hz<\/li>\r\n \t<li>Mond &#8211; 227,43 Hz<\/li>\r\n<\/ul>\r\nUnd einen Schl\u00e4gel.","protected":false},"featured_media":33702,"template":"","meta":[],"product_brand":[],"product_cat":[1380],"product_tag":[],"class_list":{"0":"post-34461","1":"product","2":"type-product","3":"status-publish","4":"has-post-thumbnail","6":"product_cat-klangroehre","7":"product_shipping_class-kostenloser-versand-innerhalb-der-schweiz","9":"first","10":"instock","11":"sold-individually","12":"taxable","13":"shipping-taxable","14":"purchasable","15":"product-type-simple"},"yoast_head":"<!-- This site is optimized with the Yoast SEO plugin v27.0 - https:\/\/yoast.com\/product\/yoast-seo-wordpress\/ -->\n<title>Planetarische Klangr\u00f6hren Set mit St\u00e4nder - Gong Center Schweiz I Dein Gong und Klanginstrumente Fachgesch\u00e4ft<\/title>\n<meta name=\"robots\" content=\"index, follow, max-snippet:-1, max-image-preview:large, max-video-preview:-1\" \/>\n<link rel=\"canonical\" href=\"https:\/\/gongcenter.ch\/produkt\/planetarische-klangroehren-set-mit-staender\/\" \/>\n<meta property=\"og:locale\" content=\"en_US\" \/>\n<meta property=\"og:type\" content=\"article\" \/>\n<meta property=\"og:title\" content=\"Planetarische Klangr\u00f6hren Set mit St\u00e4nder - Gong Center Schweiz I Dein Gong und Klanginstrumente Fachgesch\u00e4ft\" \/>\n<meta property=\"og:description\" content=\"Auf jeder Klangr\u00f6hre sind sowohl die Frequenz des ausgesandten Tons und auch die entsprechenden Himmelsk\u00f6rper angegeben.  Das Set enth\u00e4lt zwei St\u00e4nder mit folgenden Abmessungen:   Beine 172 cm  F\u00fcsse 55 cm  Querstange 164 cm  15 Klangr\u00f6hren mit 5 cm Durchmesser, 3 mm Wandst\u00e4rke und folgenden Frequenzen und L\u00e4ngen:   Erde Jahreston 136,10 Hz \/ 147,7 cm  Sonne 126,22 Hz \/ 152,9 cm  Pluto 140,25 Hz \/ 145,6 cm  Merkur 141,27 Hz \/ 144,5 cm  Mars 144,72 Hz \/ 142,7 cm  Saturn 147,85 Hz \/ 141,1 cm  Platonisches Jahr 172,06 Hz \/ 130,7 cm  Jupiter 183,58 Hz \/ 126,6 cm  Synodischer Tag 194,18 Hz \/ 123,2 cm  Uranus 20736 Hz \/ 119 cm  Mond (neu) 210,42 Hz \/ 118,2 cm  Neptun 211,44 Hz \/ 117,9 cm  Venus 221,23 Hz \/ 115,4 cm  Mond (voll) 227,43 Hz \/ 113,5 cm    Erde - 136,10 Hz  Sonne - 126,22 Hz  Pluto - 140,25 Hz  Merkur - 141,27 Hz  Mars - 144,72 Hz  Saturn - 147,85 Hz  Platon - 172,06 Hz  Jupiter - 183,58 Hz  Erde - 194,18 Hz  Uranus - 207,36 Hz  Mond - 210,42 Hz  Neptun - 211,44 Hz  Venus - 221,23 Hz  Mond - 227,43 Hz  Und einen Schl\u00e4gel.\" \/>\n<meta property=\"og:url\" content=\"https:\/\/gongcenter.ch\/produkt\/planetarische-klangroehren-set-mit-staender\/\" \/>\n<meta property=\"og:site_name\" content=\"Gong Center Schweiz I Dein Gong und Klanginstrumente Fachgesch\u00e4ft\" \/>\n<meta property=\"article:modified_time\" content=\"2023-12-03T22:36:44+00:00\" \/>\n<meta property=\"og:image\" content=\"https:\/\/gongcenter.ch\/app\/uploads\/2023\/11\/planetary-tuned-tubes-set-1.jpg\" \/>\n\t<meta property=\"og:image:width\" content=\"1100\" \/>\n\t<meta property=\"og:image:height\" content=\"1422\" \/>\n\t<meta property=\"og:image:type\" content=\"image\/jpeg\" \/>\n<meta name=\"twitter:card\" content=\"summary_large_image\" \/>\n<meta name=\"twitter:label1\" content=\"Est. reading time\" \/>\n\t<meta name=\"twitter:data1\" content=\"1 minute\" \/>\n<!-- \/ Yoast SEO plugin. -->","yoast_head_json":{"title":"Planetarische Klangr\u00f6hren Set mit St\u00e4nder - Gong Center Schweiz I Dein Gong und Klanginstrumente Fachgesch\u00e4ft","robots":{"index":"index","follow":"follow","max-snippet":"max-snippet:-1","max-image-preview":"max-image-preview:large","max-video-preview":"max-video-preview:-1"},"canonical":"https:\/\/gongcenter.ch\/produkt\/planetarische-klangroehren-set-mit-staender\/","og_locale":"en_US","og_type":"article","og_title":"Planetarische Klangr\u00f6hren Set mit St\u00e4nder - Gong Center Schweiz I Dein Gong und Klanginstrumente Fachgesch\u00e4ft","og_description":"Auf jeder Klangr\u00f6hre sind sowohl die Frequenz des ausgesandten Tons und auch die entsprechenden Himmelsk\u00f6rper angegeben.  Das Set enth\u00e4lt zwei St\u00e4nder mit folgenden Abmessungen:   Beine 172 cm  F\u00fcsse 55 cm  Querstange 164 cm  15 Klangr\u00f6hren mit 5 cm Durchmesser, 3 mm Wandst\u00e4rke und folgenden Frequenzen und L\u00e4ngen:   Erde Jahreston 136,10 Hz \/ 147,7 cm  Sonne 126,22 Hz \/ 152,9 cm  Pluto 140,25 Hz \/ 145,6 cm  Merkur 141,27 Hz \/ 144,5 cm  Mars 144,72 Hz \/ 142,7 cm  Saturn 147,85 Hz \/ 141,1 cm  Platonisches Jahr 172,06 Hz \/ 130,7 cm  Jupiter 183,58 Hz \/ 126,6 cm  Synodischer Tag 194,18 Hz \/ 123,2 cm  Uranus 20736 Hz \/ 119 cm  Mond (neu) 210,42 Hz \/ 118,2 cm  Neptun 211,44 Hz \/ 117,9 cm  Venus 221,23 Hz \/ 115,4 cm  Mond (voll) 227,43 Hz \/ 113,5 cm    Erde - 136,10 Hz  Sonne - 126,22 Hz  Pluto - 140,25 Hz  Merkur - 141,27 Hz  Mars - 144,72 Hz  Saturn - 147,85 Hz  Platon - 172,06 Hz  Jupiter - 183,58 Hz  Erde - 194,18 Hz  Uranus - 207,36 Hz  Mond - 210,42 Hz  Neptun - 211,44 Hz  Venus - 221,23 Hz  Mond - 227,43 Hz  Und einen Schl\u00e4gel.","og_url":"https:\/\/gongcenter.ch\/produkt\/planetarische-klangroehren-set-mit-staender\/","og_site_name":"Gong Center Schweiz I Dein Gong und Klanginstrumente Fachgesch\u00e4ft","article_modified_time":"2023-12-03T22:36:44+00:00","og_image":[{"width":1100,"height":1422,"url":"https:\/\/gongcenter.ch\/app\/uploads\/2023\/11\/planetary-tuned-tubes-set-1.jpg","type":"image\/jpeg"}],"twitter_card":"summary_large_image","twitter_misc":{"Est. reading time":"1 minute"},"schema":{"@context":"https:\/\/schema.org","@graph":[{"@type":"WebPage","@id":"https:\/\/gongcenter.ch\/produkt\/planetarische-klangroehren-set-mit-staender\/","url":"https:\/\/gongcenter.ch\/produkt\/planetarische-klangroehren-set-mit-staender\/","name":"Planetarische Klangr\u00f6hren Set mit St\u00e4nder - Gong Center Schweiz I Dein Gong und Klanginstrumente Fachgesch\u00e4ft","isPartOf":{"@id":"https:\/\/gongcenter.ch\/#website"},"primaryImageOfPage":{"@id":"https:\/\/gongcenter.ch\/produkt\/planetarische-klangroehren-set-mit-staender\/#primaryimage"},"image":{"@id":"https:\/\/gongcenter.ch\/produkt\/planetarische-klangroehren-set-mit-staender\/#primaryimage"},"thumbnailUrl":"https:\/\/gongcenter.ch\/app\/uploads\/2023\/11\/planetary-tuned-tubes-set-1.jpg","datePublished":"2023-11-22T17:38:11+00:00","dateModified":"2023-12-03T22:36:44+00:00","breadcrumb":{"@id":"https:\/\/gongcenter.ch\/produkt\/planetarische-klangroehren-set-mit-staender\/#breadcrumb"},"inLanguage":"en-US","potentialAction":[{"@type":"ReadAction","target":["https:\/\/gongcenter.ch\/produkt\/planetarische-klangroehren-set-mit-staender\/"]}]},{"@type":"ImageObject","inLanguage":"en-US","@id":"https:\/\/gongcenter.ch\/produkt\/planetarische-klangroehren-set-mit-staender\/#primaryimage","url":"https:\/\/gongcenter.ch\/app\/uploads\/2023\/11\/planetary-tuned-tubes-set-1.jpg","contentUrl":"https:\/\/gongcenter.ch\/app\/uploads\/2023\/11\/planetary-tuned-tubes-set-1.jpg","width":1100,"height":1422},{"@type":"BreadcrumbList","@id":"https:\/\/gongcenter.ch\/produkt\/planetarische-klangroehren-set-mit-staender\/#breadcrumb","itemListElement":[{"@type":"ListItem","position":1,"name":"Startseite","item":"https:\/\/gongcenter.ch\/en\/"},{"@type":"ListItem","position":2,"name":"Shop","item":"https:\/\/gongcenter.ch\/en\/shop\/"},{"@type":"ListItem","position":3,"name":"Planetarische Klangr\u00f6hren Set mit St\u00e4nder"}]},{"@type":"WebSite","@id":"https:\/\/gongcenter.ch\/#website","url":"https:\/\/gongcenter.ch\/","name":"Gong Center Schweiz I Dein Gong und Klanginstrumente Fachgesch\u00e4ft","description":"Entdecke eine grosse Gong Auswahl sowie weitere Klanginstrumente - Wir sind Gong Klangtherapeut und bieten dir Top Qualit\u00e4t und Beratung.","publisher":{"@id":"https:\/\/gongcenter.ch\/#organization"},"potentialAction":[{"@type":"SearchAction","target":{"@type":"EntryPoint","urlTemplate":"https:\/\/gongcenter.ch\/?s={search_term_string}"},"query-input":{"@type":"PropertyValueSpecification","valueRequired":true,"valueName":"search_term_string"}}],"inLanguage":"en-US"},{"@type":"Organization","@id":"https:\/\/gongcenter.ch\/#organization","name":"Gongcenter Z\u00fcrich I Das Fachgesch\u00e4ft f\u00fcr Gong und Klang","url":"https:\/\/gongcenter.ch\/","logo":{"@type":"ImageObject","inLanguage":"en-US","@id":"https:\/\/gongcenter.ch\/#\/schema\/logo\/image\/","url":"https:\/\/gongcenter.ch\/app\/uploads\/2018\/05\/Gong-Center_Logo_2000_black.png","contentUrl":"https:\/\/gongcenter.ch\/app\/uploads\/2018\/05\/Gong-Center_Logo_2000_black.png","width":2000,"height":600,"caption":"Gongcenter Z\u00fcrich I Das Fachgesch\u00e4ft f\u00fcr Gong und Klang"},"image":{"@id":"https:\/\/gongcenter.ch\/#\/schema\/logo\/image\/"}}]}},"acf":[],"_links":{"self":[{"href":"https:\/\/gongcenter.ch\/en\/wp-json\/wp\/v2\/product\/34461","targetHints":{"allow":["GET"]}}],"collection":[{"href":"https:\/\/gongcenter.ch\/en\/wp-json\/wp\/v2\/product"}],"about":[{"href":"https:\/\/gongcenter.ch\/en\/wp-json\/wp\/v2\/types\/product"}],"wp:featuredmedia":[{"embeddable":true,"href":"https:\/\/gongcenter.ch\/en\/wp-json\/wp\/v2\/media\/33702"}],"wp:attachment":[{"href":"https:\/\/gongcenter.ch\/en\/wp-json\/wp\/v2\/media?parent=34461"}],"wp:term":[{"taxonomy":"product_brand","embeddable":true,"href":"https:\/\/gongcenter.ch\/en\/wp-json\/wp\/v2\/product_brand?post=34461"},{"taxonomy":"product_cat","embeddable":true,"href":"https:\/\/gongcenter.ch\/en\/wp-json\/wp\/v2\/product_cat?post=34461"},{"taxonomy":"product_tag","embeddable":true,"href":"https:\/\/gongcenter.ch\/en\/wp-json\/wp\/v2\/product_tag?post=34461"}],"curies":[{"name":"wp","href":"https:\/\/api.w.org\/{rel}","templated":true}]}}