{"id":34858,"date":"2023-11-27T10:46:06","date_gmt":"2023-11-27T09:46:06","guid":{"rendered":"https:\/\/gongcenter.ch\/?post_type=product&#038;p=34858"},"modified":"2023-11-27T18:11:01","modified_gmt":"2023-11-27T17:11:01","slug":"therapie-stimmgabel-planetarisch-meinl","status":"publish","type":"product","link":"https:\/\/gongcenter.ch\/en\/product\/therapie-stimmgabel-planetarisch-meinl\/","title":{"rendered":"Meinl Therapie Stimmgabel | Planetarisch"},"content":{"rendered":"<p>Die planetarisch gestimmten <strong>Therapie-Stimmgabel<\/strong>n von MEINL Sonic Energy werden nach den Berechnungen von Hans Cousto (Die Kosmische Oktave) in Deutschland hergestellt. Dabei wird jede Stimmgabel exakt auf die Frequenz des jeweiligen Himmelsk\u00f6rpers gestimmt, um eine therapeutische Wirkung zu erzielen.<\/p>\n<p>Die Therapiestimmgabeln sind im Gegensatz zu den Standardstimmgabeln gr\u00f6\u00dfer und schwerer. Dadurch k\u00f6nnen sie l\u00e4nger schwingen und m\u00fcssen w\u00e4hrend einer Behandlung oder im professionellen Therapiebereich weniger oft angeschlagen werden.<\/p>\n<p>Die <strong>Therapie-Stimmgabeln<\/strong> sind aus hochwertigem Werkzeugstahl gefertigt, vernickelt und haben eine matte<br \/>\nhaben eine matte Oberfl\u00e4che.<\/p>\n<p><strong>Therapeutische Wirkung:<\/strong><\/p>\n<ul>\n<li>Steht f\u00fcr das Magische und Transzendentale<\/li>\n<li>f\u00fcr Menschen, deren Seele von Heiterkeit und deren Geist von Klarheit erf\u00fcllt ist<\/li>\n<li>F\u00fchrt zum Loslassen ohne Wehmut<\/li>\n<\/ul>\n","protected":false},"excerpt":{"rendered":"Die planetarisch gestimmten Therapie-Stimmgabeln von MEINL Sonic Energy werden nach den Berechnungen von Hans Cousto (Die Kosmische Oktave) in Deutschland hergestellt. Dabei wird jede Stimmgabel exakt auf die Frequenz des jeweiligen Himmelsk\u00f6rpers gestimmt, um eine therapeutische Wirkung zu erzielen. Die Therapiestimmgabeln sind im Gegensatz zu den Standardstimmgabeln gr\u00f6\u00dfer und schwerer. Dadurch k\u00f6nnen sie l\u00e4nger schwingen<a href=\"https:\/\/gongcenter.ch\/en\/product\/therapie-stimmgabel-planetarisch-meinl\/\" class=\"readmore\">Mehr  <i class=\"fa fa-angle-double-right\"><\/i><\/a>","protected":false},"featured_media":31141,"template":"","meta":[],"product_brand":[],"product_cat":[503],"product_tag":[],"class_list":{"0":"post-34858","1":"product","2":"type-product","3":"status-publish","4":"has-post-thumbnail","6":"product_cat-stimmgabeln","7":"product_shipping_class-bis-199-chf-9-90-chf","9":"first","10":"instock","11":"sold-individually","12":"taxable","13":"shipping-taxable","14":"purchasable","15":"product-type-variable"},"yoast_head":"<!-- This site is optimized with the Yoast SEO plugin v27.0 - https:\/\/yoast.com\/product\/yoast-seo-wordpress\/ -->\n<title>Meinl Therapie Stimmgabel | Planetarisch - Gong Center Schweiz I Dein Gong und Klanginstrumente Fachgesch\u00e4ft<\/title>\n<meta name=\"robots\" content=\"index, follow, max-snippet:-1, max-image-preview:large, max-video-preview:-1\" \/>\n<link rel=\"canonical\" href=\"https:\/\/gongcenter.ch\/produkt\/therapie-stimmgabel-planetarisch-meinl\/\" \/>\n<meta property=\"og:locale\" content=\"en_US\" \/>\n<meta property=\"og:type\" content=\"article\" \/>\n<meta property=\"og:title\" content=\"Meinl Therapie Stimmgabel | Planetarisch - Gong Center Schweiz I Dein Gong und Klanginstrumente Fachgesch\u00e4ft\" \/>\n<meta property=\"og:description\" content=\"Die planetarisch gestimmten Therapie-Stimmgabeln von MEINL Sonic Energy werden nach den Berechnungen von Hans Cousto (Die Kosmische Oktave) in Deutschland hergestellt. Dabei wird jede Stimmgabel exakt auf die Frequenz des jeweiligen Himmelsk\u00f6rpers gestimmt, um eine therapeutische Wirkung zu erzielen. Die Therapiestimmgabeln sind im Gegensatz zu den Standardstimmgabeln gr\u00f6\u00dfer und schwerer. Dadurch k\u00f6nnen sie l\u00e4nger schwingenMehr\" \/>\n<meta property=\"og:url\" content=\"https:\/\/gongcenter.ch\/produkt\/therapie-stimmgabel-planetarisch-meinl\/\" \/>\n<meta property=\"og:site_name\" content=\"Gong Center Schweiz I Dein Gong und Klanginstrumente Fachgesch\u00e4ft\" \/>\n<meta property=\"article:modified_time\" content=\"2023-11-27T17:11:01+00:00\" \/>\n<meta property=\"og:image\" content=\"https:\/\/gongcenter.ch\/app\/uploads\/2023\/02\/therapy-stimmgabel-erde.jpg\" \/>\n\t<meta property=\"og:image:width\" content=\"900\" \/>\n\t<meta property=\"og:image:height\" content=\"900\" \/>\n\t<meta property=\"og:image:type\" content=\"image\/jpeg\" \/>\n<meta name=\"twitter:card\" content=\"summary_large_image\" \/>\n<meta name=\"twitter:label1\" content=\"Est. reading time\" \/>\n\t<meta name=\"twitter:data1\" content=\"1 minute\" \/>\n<!-- \/ Yoast SEO plugin. -->","yoast_head_json":{"title":"Meinl Therapie Stimmgabel | Planetarisch - Gong Center Schweiz I Dein Gong und Klanginstrumente Fachgesch\u00e4ft","robots":{"index":"index","follow":"follow","max-snippet":"max-snippet:-1","max-image-preview":"max-image-preview:large","max-video-preview":"max-video-preview:-1"},"canonical":"https:\/\/gongcenter.ch\/produkt\/therapie-stimmgabel-planetarisch-meinl\/","og_locale":"en_US","og_type":"article","og_title":"Meinl Therapie Stimmgabel | Planetarisch - Gong Center Schweiz I Dein Gong und Klanginstrumente Fachgesch\u00e4ft","og_description":"Die planetarisch gestimmten Therapie-Stimmgabeln von MEINL Sonic Energy werden nach den Berechnungen von Hans Cousto (Die Kosmische Oktave) in Deutschland hergestellt. Dabei wird jede Stimmgabel exakt auf die Frequenz des jeweiligen Himmelsk\u00f6rpers gestimmt, um eine therapeutische Wirkung zu erzielen. Die Therapiestimmgabeln sind im Gegensatz zu den Standardstimmgabeln gr\u00f6\u00dfer und schwerer. Dadurch k\u00f6nnen sie l\u00e4nger schwingenMehr","og_url":"https:\/\/gongcenter.ch\/produkt\/therapie-stimmgabel-planetarisch-meinl\/","og_site_name":"Gong Center Schweiz I Dein Gong und Klanginstrumente Fachgesch\u00e4ft","article_modified_time":"2023-11-27T17:11:01+00:00","og_image":[{"width":900,"height":900,"url":"https:\/\/gongcenter.ch\/app\/uploads\/2023\/02\/therapy-stimmgabel-erde.jpg","type":"image\/jpeg"}],"twitter_card":"summary_large_image","twitter_misc":{"Est. reading time":"1 minute"},"schema":{"@context":"https:\/\/schema.org","@graph":[{"@type":"WebPage","@id":"https:\/\/gongcenter.ch\/produkt\/therapie-stimmgabel-planetarisch-meinl\/","url":"https:\/\/gongcenter.ch\/produkt\/therapie-stimmgabel-planetarisch-meinl\/","name":"Meinl Therapie Stimmgabel | Planetarisch - Gong Center Schweiz I Dein Gong und Klanginstrumente Fachgesch\u00e4ft","isPartOf":{"@id":"https:\/\/gongcenter.ch\/#website"},"primaryImageOfPage":{"@id":"https:\/\/gongcenter.ch\/produkt\/therapie-stimmgabel-planetarisch-meinl\/#primaryimage"},"image":{"@id":"https:\/\/gongcenter.ch\/produkt\/therapie-stimmgabel-planetarisch-meinl\/#primaryimage"},"thumbnailUrl":"https:\/\/gongcenter.ch\/app\/uploads\/2023\/02\/therapy-stimmgabel-erde.jpg","datePublished":"2023-11-27T09:46:06+00:00","dateModified":"2023-11-27T17:11:01+00:00","breadcrumb":{"@id":"https:\/\/gongcenter.ch\/produkt\/therapie-stimmgabel-planetarisch-meinl\/#breadcrumb"},"inLanguage":"en-US","potentialAction":[{"@type":"ReadAction","target":["https:\/\/gongcenter.ch\/produkt\/therapie-stimmgabel-planetarisch-meinl\/"]}]},{"@type":"ImageObject","inLanguage":"en-US","@id":"https:\/\/gongcenter.ch\/produkt\/therapie-stimmgabel-planetarisch-meinl\/#primaryimage","url":"https:\/\/gongcenter.ch\/app\/uploads\/2023\/02\/therapy-stimmgabel-erde.jpg","contentUrl":"https:\/\/gongcenter.ch\/app\/uploads\/2023\/02\/therapy-stimmgabel-erde.jpg","width":900,"height":900},{"@type":"BreadcrumbList","@id":"https:\/\/gongcenter.ch\/produkt\/therapie-stimmgabel-planetarisch-meinl\/#breadcrumb","itemListElement":[{"@type":"ListItem","position":1,"name":"Startseite","item":"https:\/\/gongcenter.ch\/en\/"},{"@type":"ListItem","position":2,"name":"Shop","item":"https:\/\/gongcenter.ch\/en\/shop\/"},{"@type":"ListItem","position":3,"name":"Meinl Therapie Stimmgabel | Planetarisch"}]},{"@type":"WebSite","@id":"https:\/\/gongcenter.ch\/#website","url":"https:\/\/gongcenter.ch\/","name":"Gong Center Schweiz I Dein Gong und Klanginstrumente Fachgesch\u00e4ft","description":"Entdecke eine grosse Gong Auswahl sowie weitere Klanginstrumente - Wir sind Gong Klangtherapeut und bieten dir Top Qualit\u00e4t und Beratung.","publisher":{"@id":"https:\/\/gongcenter.ch\/#organization"},"potentialAction":[{"@type":"SearchAction","target":{"@type":"EntryPoint","urlTemplate":"https:\/\/gongcenter.ch\/?s={search_term_string}"},"query-input":{"@type":"PropertyValueSpecification","valueRequired":true,"valueName":"search_term_string"}}],"inLanguage":"en-US"},{"@type":"Organization","@id":"https:\/\/gongcenter.ch\/#organization","name":"Gongcenter Z\u00fcrich I Das Fachgesch\u00e4ft f\u00fcr Gong und Klang","url":"https:\/\/gongcenter.ch\/","logo":{"@type":"ImageObject","inLanguage":"en-US","@id":"https:\/\/gongcenter.ch\/#\/schema\/logo\/image\/","url":"https:\/\/gongcenter.ch\/app\/uploads\/2018\/05\/Gong-Center_Logo_2000_black.png","contentUrl":"https:\/\/gongcenter.ch\/app\/uploads\/2018\/05\/Gong-Center_Logo_2000_black.png","width":2000,"height":600,"caption":"Gongcenter Z\u00fcrich I Das Fachgesch\u00e4ft f\u00fcr Gong und Klang"},"image":{"@id":"https:\/\/gongcenter.ch\/#\/schema\/logo\/image\/"}}]}},"acf":[],"_links":{"self":[{"href":"https:\/\/gongcenter.ch\/en\/wp-json\/wp\/v2\/product\/34858","targetHints":{"allow":["GET"]}}],"collection":[{"href":"https:\/\/gongcenter.ch\/en\/wp-json\/wp\/v2\/product"}],"about":[{"href":"https:\/\/gongcenter.ch\/en\/wp-json\/wp\/v2\/types\/product"}],"wp:featuredmedia":[{"embeddable":true,"href":"https:\/\/gongcenter.ch\/en\/wp-json\/wp\/v2\/media\/31141"}],"wp:attachment":[{"href":"https:\/\/gongcenter.ch\/en\/wp-json\/wp\/v2\/media?parent=34858"}],"wp:term":[{"taxonomy":"product_brand","embeddable":true,"href":"https:\/\/gongcenter.ch\/en\/wp-json\/wp\/v2\/product_brand?post=34858"},{"taxonomy":"product_cat","embeddable":true,"href":"https:\/\/gongcenter.ch\/en\/wp-json\/wp\/v2\/product_cat?post=34858"},{"taxonomy":"product_tag","embeddable":true,"href":"https:\/\/gongcenter.ch\/en\/wp-json\/wp\/v2\/product_tag?post=34858"}],"curies":[{"name":"wp","href":"https:\/\/api.w.org\/{rel}","templated":true}]}}