{"id":34938,"date":"2023-12-04T16:11:45","date_gmt":"2023-12-04T15:11:45","guid":{"rendered":"https:\/\/gongcenter.ch\/?post_type=product&#038;p=34938"},"modified":"2023-12-04T16:22:14","modified_gmt":"2023-12-04T15:22:14","slug":"cosmic-tube-set","status":"publish","type":"product","link":"https:\/\/gongcenter.ch\/en\/product\/cosmic-tube-set\/","title":{"rendered":"Cosmic Tube Set"},"content":{"rendered":"<p>Die Cosmic Tubes des Silberschmiedemeisters Martin Bl\u00e4se sind Klangr\u00f6hren aus Titan in den Planeten-Frequenzen exakt gestimmt. Die au\u00dfergew\u00f6hnlichen Klangeigenschaften dieses besonderen Instruments entstehen durch das hexagonales Gef\u00fcge von Titan, die wundersch\u00f6ne Regenborgenf\u00e4rbung durch eine Feuerbehandlung der Oberfl\u00e4che.<\/p>\n<p>Diese Klangr\u00f6hren eignen sich sehr gut f\u00fcr die Erdakupunktur. Sie werden geliefert in einer Stoftasche mit dem jeweiligen Planetensymbol. Angeraten ist ein Handgriff aus Holz, den Sie unter Zubeh\u00f6r finden, um das Instrument sch\u00f6n schwingen zu k\u00f6nnen. Dadurch entsehen sehr sch\u00f6ne, schwebende T\u00f6ne, die weit tragen.<\/p>\n","protected":false},"excerpt":{"rendered":"Das Cosmic Tubes Set des Silberschmiedemeisters Martin Bl\u00e4se sind Klangr\u00f6hren aus Titan in den Planeten-Frequenzen:\r\n<ul>\r\n \t<li>Sonne 505 Hz<\/li>\r\n \t<li>Erdenjahr 544 Hz<\/li>\r\n \t<li>Pluto 562 Hz<\/li>\r\n \t<li>Merkur 565 Hz<\/li>\r\n \t<li>Mars 579 Hz<\/li>\r\n \t<li>Saturn 591 Hz<\/li>\r\n \t<li>Platonisches Jahr 688 Hz<\/li>\r\n \t<li>Jupiter 734 Hz<\/li>\r\n \t<li>Synodischer Tag 777 Hz<\/li>\r\n \t<li>Siderischer Tag 779 Hz<\/li>\r\n \t<li>Uranus 829 Hz<\/li>\r\n \t<li>Synodischer Mond 842 Hz<\/li>\r\n \t<li>Neptun 846 Hz<\/li>\r\n \t<li>Venus 885 Hz<\/li>\r\n \t<li>Siderischer Mond 910 Hz<\/li>\r\n<\/ul>\r\nMitgeliefert wird ein Schlegel.\r\n\r\nSt\u00e4nder kann auf Anfrage besorgt werden.","protected":false},"featured_media":29246,"template":"","meta":[],"product_brand":[],"product_cat":[1380],"product_tag":[],"class_list":{"0":"post-34938","1":"product","2":"type-product","3":"status-publish","4":"has-post-thumbnail","6":"product_cat-klangroehre","7":"product_shipping_class-bis-199-chf-9-90-chf","8":"pa_planeten-edentag-synodisch","9":"pa_planeten-erde-jahreston","10":"pa_planeten-erdentag-siderisch","11":"pa_planeten-jupiter","12":"pa_planeten-mars","13":"pa_planeten-merkur","14":"pa_planeten-mond-siderisch","15":"pa_planeten-mond-synodisch","16":"pa_planeten-neptun","17":"pa_planeten-plat-erdenjahr","18":"pa_planeten-pluto","19":"pa_planeten-saturn","20":"pa_planeten-sonne","21":"pa_planeten-uranus","22":"pa_planeten-venus","24":"first","25":"instock","26":"taxable","27":"shipping-taxable","28":"purchasable","29":"product-type-simple"},"yoast_head":"<!-- This site is optimized with the Yoast SEO plugin v27.0 - https:\/\/yoast.com\/product\/yoast-seo-wordpress\/ -->\n<title>Cosmic Tube - Erh\u00e4ltlich in 14 verschiedenen Stimmungen.<\/title>\n<meta name=\"description\" content=\"Diese Titan Klangr\u00f6hren sind besonders geeignet f\u00fcr kosmische Klangmeditationen und Erd-Akupunktur. Made in Germany\" \/>\n<meta name=\"robots\" content=\"index, follow, max-snippet:-1, max-image-preview:large, max-video-preview:-1\" \/>\n<link rel=\"canonical\" href=\"https:\/\/gongcenter.ch\/produkt\/cosmic-tube-set\/\" \/>\n<meta property=\"og:locale\" content=\"en_US\" \/>\n<meta property=\"og:type\" content=\"article\" \/>\n<meta property=\"og:title\" content=\"Cosmic Tube - Erh\u00e4ltlich in 14 verschiedenen Stimmungen.\" \/>\n<meta property=\"og:description\" content=\"Diese Titan Klangr\u00f6hren sind besonders geeignet f\u00fcr kosmische Klangmeditationen und Erd-Akupunktur. Made in Germany\" \/>\n<meta property=\"og:url\" content=\"https:\/\/gongcenter.ch\/produkt\/cosmic-tube-set\/\" \/>\n<meta property=\"og:site_name\" content=\"Gong Center Schweiz I Dein Gong und Klanginstrumente Fachgesch\u00e4ft\" \/>\n<meta property=\"article:modified_time\" content=\"2023-12-04T15:22:14+00:00\" \/>\n<meta property=\"og:image\" content=\"https:\/\/gongcenter.ch\/app\/uploads\/2022\/09\/Cosmic-Tubes-Set-1.png\" \/>\n\t<meta property=\"og:image:width\" content=\"600\" \/>\n\t<meta property=\"og:image:height\" content=\"600\" \/>\n\t<meta property=\"og:image:type\" content=\"image\/png\" \/>\n<meta name=\"twitter:card\" content=\"summary_large_image\" \/>\n<meta name=\"twitter:label1\" content=\"Est. reading time\" \/>\n\t<meta name=\"twitter:data1\" content=\"1 minute\" \/>\n<!-- \/ Yoast SEO plugin. -->","yoast_head_json":{"title":"Cosmic Tube - Erh\u00e4ltlich in 14 verschiedenen Stimmungen.","description":"Diese Titan Klangr\u00f6hren sind besonders geeignet f\u00fcr kosmische Klangmeditationen und Erd-Akupunktur. Made in Germany","robots":{"index":"index","follow":"follow","max-snippet":"max-snippet:-1","max-image-preview":"max-image-preview:large","max-video-preview":"max-video-preview:-1"},"canonical":"https:\/\/gongcenter.ch\/produkt\/cosmic-tube-set\/","og_locale":"en_US","og_type":"article","og_title":"Cosmic Tube - Erh\u00e4ltlich in 14 verschiedenen Stimmungen.","og_description":"Diese Titan Klangr\u00f6hren sind besonders geeignet f\u00fcr kosmische Klangmeditationen und Erd-Akupunktur. Made in Germany","og_url":"https:\/\/gongcenter.ch\/produkt\/cosmic-tube-set\/","og_site_name":"Gong Center Schweiz I Dein Gong und Klanginstrumente Fachgesch\u00e4ft","article_modified_time":"2023-12-04T15:22:14+00:00","og_image":[{"width":600,"height":600,"url":"https:\/\/gongcenter.ch\/app\/uploads\/2022\/09\/Cosmic-Tubes-Set-1.png","type":"image\/png"}],"twitter_card":"summary_large_image","twitter_misc":{"Est. reading time":"1 minute"},"schema":{"@context":"https:\/\/schema.org","@graph":[{"@type":"WebPage","@id":"https:\/\/gongcenter.ch\/produkt\/cosmic-tube-set\/","url":"https:\/\/gongcenter.ch\/produkt\/cosmic-tube-set\/","name":"Cosmic Tube - Erh\u00e4ltlich in 14 verschiedenen Stimmungen.","isPartOf":{"@id":"https:\/\/gongcenter.ch\/#website"},"primaryImageOfPage":{"@id":"https:\/\/gongcenter.ch\/produkt\/cosmic-tube-set\/#primaryimage"},"image":{"@id":"https:\/\/gongcenter.ch\/produkt\/cosmic-tube-set\/#primaryimage"},"thumbnailUrl":"https:\/\/gongcenter.ch\/app\/uploads\/2022\/09\/Cosmic-Tubes-Set-1.png","datePublished":"2023-12-04T15:11:45+00:00","dateModified":"2023-12-04T15:22:14+00:00","description":"Diese Titan Klangr\u00f6hren sind besonders geeignet f\u00fcr kosmische Klangmeditationen und Erd-Akupunktur. Made in Germany","breadcrumb":{"@id":"https:\/\/gongcenter.ch\/produkt\/cosmic-tube-set\/#breadcrumb"},"inLanguage":"en-US","potentialAction":[{"@type":"ReadAction","target":["https:\/\/gongcenter.ch\/produkt\/cosmic-tube-set\/"]}]},{"@type":"ImageObject","inLanguage":"en-US","@id":"https:\/\/gongcenter.ch\/produkt\/cosmic-tube-set\/#primaryimage","url":"https:\/\/gongcenter.ch\/app\/uploads\/2022\/09\/Cosmic-Tubes-Set-1.png","contentUrl":"https:\/\/gongcenter.ch\/app\/uploads\/2022\/09\/Cosmic-Tubes-Set-1.png","width":600,"height":600},{"@type":"BreadcrumbList","@id":"https:\/\/gongcenter.ch\/produkt\/cosmic-tube-set\/#breadcrumb","itemListElement":[{"@type":"ListItem","position":1,"name":"Startseite","item":"https:\/\/gongcenter.ch\/en\/"},{"@type":"ListItem","position":2,"name":"Shop","item":"https:\/\/gongcenter.ch\/en\/shop\/"},{"@type":"ListItem","position":3,"name":"Cosmic Tube Set"}]},{"@type":"WebSite","@id":"https:\/\/gongcenter.ch\/#website","url":"https:\/\/gongcenter.ch\/","name":"Gong Center Schweiz I Dein Gong und Klanginstrumente Fachgesch\u00e4ft","description":"Entdecke eine grosse Gong Auswahl sowie weitere Klanginstrumente - Wir sind Gong Klangtherapeut und bieten dir Top Qualit\u00e4t und Beratung.","publisher":{"@id":"https:\/\/gongcenter.ch\/#organization"},"potentialAction":[{"@type":"SearchAction","target":{"@type":"EntryPoint","urlTemplate":"https:\/\/gongcenter.ch\/?s={search_term_string}"},"query-input":{"@type":"PropertyValueSpecification","valueRequired":true,"valueName":"search_term_string"}}],"inLanguage":"en-US"},{"@type":"Organization","@id":"https:\/\/gongcenter.ch\/#organization","name":"Gongcenter Z\u00fcrich I Das Fachgesch\u00e4ft f\u00fcr Gong und Klang","url":"https:\/\/gongcenter.ch\/","logo":{"@type":"ImageObject","inLanguage":"en-US","@id":"https:\/\/gongcenter.ch\/#\/schema\/logo\/image\/","url":"https:\/\/gongcenter.ch\/app\/uploads\/2018\/05\/Gong-Center_Logo_2000_black.png","contentUrl":"https:\/\/gongcenter.ch\/app\/uploads\/2018\/05\/Gong-Center_Logo_2000_black.png","width":2000,"height":600,"caption":"Gongcenter Z\u00fcrich I Das Fachgesch\u00e4ft f\u00fcr Gong und Klang"},"image":{"@id":"https:\/\/gongcenter.ch\/#\/schema\/logo\/image\/"}}]}},"acf":[],"_links":{"self":[{"href":"https:\/\/gongcenter.ch\/en\/wp-json\/wp\/v2\/product\/34938","targetHints":{"allow":["GET"]}}],"collection":[{"href":"https:\/\/gongcenter.ch\/en\/wp-json\/wp\/v2\/product"}],"about":[{"href":"https:\/\/gongcenter.ch\/en\/wp-json\/wp\/v2\/types\/product"}],"wp:featuredmedia":[{"embeddable":true,"href":"https:\/\/gongcenter.ch\/en\/wp-json\/wp\/v2\/media\/29246"}],"wp:attachment":[{"href":"https:\/\/gongcenter.ch\/en\/wp-json\/wp\/v2\/media?parent=34938"}],"wp:term":[{"taxonomy":"product_brand","embeddable":true,"href":"https:\/\/gongcenter.ch\/en\/wp-json\/wp\/v2\/product_brand?post=34938"},{"taxonomy":"product_cat","embeddable":true,"href":"https:\/\/gongcenter.ch\/en\/wp-json\/wp\/v2\/product_cat?post=34938"},{"taxonomy":"product_tag","embeddable":true,"href":"https:\/\/gongcenter.ch\/en\/wp-json\/wp\/v2\/product_tag?post=34938"}],"curies":[{"name":"wp","href":"https:\/\/api.w.org\/{rel}","templated":true}]}}