{"id":34995,"date":"2024-01-09T21:45:41","date_gmt":"2024-01-09T20:45:41","guid":{"rendered":"https:\/\/gongcenter.ch\/?post_type=product&#038;p=34995"},"modified":"2024-06-09T15:39:09","modified_gmt":"2024-06-09T14:39:09","slug":"regenklangsaeule-120-cm-aus-okoume-60-min","status":"publish","type":"product","link":"https:\/\/gongcenter.ch\/en\/product\/regenklangsaeule-120-cm-aus-okoume-60-min\/","title":{"rendered":"Regenklangs\u00e4ule 120 cm Okoume 75 min"},"content":{"rendered":"<p>Eine neue Generation Regenklangs\u00e4ule, der einmal umgedreht mehrere Minuten sanftes Wasserfliesen erklingen l\u00e4sst!<\/p>\n<p>Die 90 cm hohe Regenklangs\u00e4ule rieselt rund 22 Minuten lang &#8211; f\u00fcr jeden Seminarraum ein Hingucker und ein tolles Instrument f\u00fcr entspannende Begleitung von Klangreisen, Aufmerksamkeits- und Entspannungs\u00fcbungen, Meditation&#8230;<\/p>\n<p>Einfach die Regenklangs\u00e4ule einmal umdrehen und senkrecht hinstellen: Dann ert\u00f6nt wie von Zauberhand mehrere Minuten der Klang eines feinen Sommerregens oder sanften Bachrieselns ohne dass man etwas dazu tun muss. Das Lauschen dieses Klanges beruhigt, entspannt, harmonisiert und wirkt wohltuend.<\/p>\n<p>Die Regenklang-S\u00e4ule ist sehr gut geeignet zur Einstimmung oder Begleitung einer Klangreise oder Meditation. Zu dem entspannenden Wasserrieseln kann man sehr sch\u00f6n improvisieren mit den verschiedensten Klanginstrumenten: z.B. mit Monochord, Leier, Kalimba, Klangschalen, Aureliophon, Fl\u00f6te, Shrutibox und Gesang.<\/p>\n<p>Lausche dem Ger\u00e4usch von fliessendem Wasser, beruhige deinen zerstreuten Geist und entspanne deinen verspannten K\u00f6rper.<\/p>\n<p>Dank der unterschiedlichen Mischung, mit der die Regens\u00e4ule gef\u00fcllt ist, erzeugt sie einen reichen und \u00fcberraschend vielf\u00e4ltigen Klang.<\/p>\n<p>Das Erkennen einer harmonisierenden S\u00e4ule ist ganz einfach. Fasse die S\u00e4ule einfach vorsichtig an und drehe sie um. Dann bleibt nur noch, die sanften, beruhigenden Kl\u00e4nge zu geniessen.<\/p>\n<h2>Wie das Ger\u00e4usch von fliessendem Wasser auf uns wirkt<\/h2>\n<p>Das H\u00f6ren von fliessendem Wasser hat positive Auswirkungen auf die menschliche Psyche. Viele M\u00fctter wissen, wie magisch das sogenannte weisse Rauschen wirkt, wenn es darum geht, kleine Babys in den Schlaf zu wiegen und sie zu beruhigen. Das Ger\u00e4usch von fliessendem Wasser hat die gleiche Wirkung.<\/p>\n<p>Dazu geh\u00f6ren:<\/p>\n<ul>\n<li>Verbesserung der Konzentration<\/li>\n<li>beruhigende Wirkung<\/li>\n<li>Abbau von \u00c4ngsten<\/li>\n<li>Stressabbau<\/li>\n<li>Verbesserung der Schlafqualit\u00e4t<\/li>\n<li>nat\u00fcrliche Meditationshilfe<\/li>\n<li>ein Gef\u00fchl der Entspannung hervorrufen<\/li>\n<\/ul>\n<p>Der Klang einer harmonisierenden Regenklang-S\u00e4ule kann den Umgebungsl\u00e4rm \u00fcbert\u00f6nen, den wir zum Beispiel vom Verkehr vor unserem Fenster oder in Gro\u00dfraumb\u00fcros h\u00f6ren. Die Wahrnehmung des konstanten Ger\u00e4usches kann den Geist entspannen und lenken und so helfen, sich zu konzentrieren.<\/p>\n<p>Die Regenklang-S\u00e4ule macht eine unverwechselbare Kombination aus verschiedenen Ger\u00e4uschen. Du h\u00f6rst ein leises Summen, das gelegentlich von einem lauteren Klirren unterbrochen wird. Genauso wie unterschiedlich grosse Tropfen aus den Wolken fallen, ist der Regen an der S\u00e4ule nicht immer gleich.<\/p>\n","protected":false},"excerpt":{"rendered":"<ul>\r\n \t<li>Gewicht: 11 kg<\/li>\r\n \t<li>Durchmesser: 16 cm<\/li>\r\n \t<li>H\u00f6he: 120 cm<\/li>\r\n \t<li>Holz: Okoume\/Kork (nat\u00fcrliches Hart\u00f6l, das f\u00fcr Kinderspielzeug zertifiziert ist.)<\/li>\r\n<\/ul>","protected":false},"featured_media":34997,"template":"","meta":[],"product_brand":[],"product_cat":[1314],"product_tag":[],"class_list":{"0":"post-34995","1":"product","2":"type-product","3":"status-publish","4":"has-post-thumbnail","6":"product_cat-regenklangsaeule","7":"product_shipping_class-kostenloser-versand-innerhalb-der-schweiz","9":"first","10":"instock","11":"taxable","12":"shipping-taxable","13":"purchasable","14":"product-type-simple"},"yoast_head":"<!-- This site is optimized with the Yoast SEO plugin v27.0 - https:\/\/yoast.com\/product\/yoast-seo-wordpress\/ -->\n<title>Regen Klangs\u00e4ule 120 cm - ca. 75 Minuten Klang<\/title>\n<meta name=\"description\" content=\"Eine neue Generation von Regen Klangs\u00e4ulen, die \u00fcber 60 Minuten lang sanftes Rieseln erklingen l\u00e4sst! Jetzt Termin vereinbaren oder online bestellen.\" \/>\n<meta name=\"robots\" content=\"index, follow, max-snippet:-1, max-image-preview:large, max-video-preview:-1\" \/>\n<link rel=\"canonical\" href=\"https:\/\/gongcenter.ch\/produkt\/regenklangsaeule-120-cm-aus-okoume-60-min\/\" \/>\n<meta property=\"og:locale\" content=\"en_US\" \/>\n<meta property=\"og:type\" content=\"article\" \/>\n<meta property=\"og:title\" content=\"Regen Klangs\u00e4ule 120 cm - ca. 75 Minuten Klang\" \/>\n<meta property=\"og:description\" content=\"Eine neue Generation von Regen Klangs\u00e4ulen, die \u00fcber 60 Minuten lang sanftes Rieseln erklingen l\u00e4sst! Jetzt Termin vereinbaren oder online bestellen.\" \/>\n<meta property=\"og:url\" content=\"https:\/\/gongcenter.ch\/produkt\/regenklangsaeule-120-cm-aus-okoume-60-min\/\" \/>\n<meta property=\"og:site_name\" content=\"Gong Center Schweiz I Dein Gong und Klanginstrumente Fachgesch\u00e4ft\" \/>\n<meta property=\"article:modified_time\" content=\"2024-06-09T14:39:09+00:00\" \/>\n<meta property=\"og:image\" content=\"https:\/\/gongcenter.ch\/app\/uploads\/2024\/01\/regensaeule-120cm-60min.jpeg\" \/>\n\t<meta property=\"og:image:width\" content=\"1500\" \/>\n\t<meta property=\"og:image:height\" content=\"2000\" \/>\n\t<meta property=\"og:image:type\" content=\"image\/jpeg\" \/>\n<meta name=\"twitter:card\" content=\"summary_large_image\" \/>\n<meta name=\"twitter:label1\" content=\"Est. reading time\" \/>\n\t<meta name=\"twitter:data1\" content=\"3 minutes\" \/>\n<!-- \/ Yoast SEO plugin. -->","yoast_head_json":{"title":"Regen Klangs\u00e4ule 120 cm - ca. 75 Minuten Klang","description":"Eine neue Generation von Regen Klangs\u00e4ulen, die \u00fcber 60 Minuten lang sanftes Rieseln erklingen l\u00e4sst! Jetzt Termin vereinbaren oder online bestellen.","robots":{"index":"index","follow":"follow","max-snippet":"max-snippet:-1","max-image-preview":"max-image-preview:large","max-video-preview":"max-video-preview:-1"},"canonical":"https:\/\/gongcenter.ch\/produkt\/regenklangsaeule-120-cm-aus-okoume-60-min\/","og_locale":"en_US","og_type":"article","og_title":"Regen Klangs\u00e4ule 120 cm - ca. 75 Minuten Klang","og_description":"Eine neue Generation von Regen Klangs\u00e4ulen, die \u00fcber 60 Minuten lang sanftes Rieseln erklingen l\u00e4sst! Jetzt Termin vereinbaren oder online bestellen.","og_url":"https:\/\/gongcenter.ch\/produkt\/regenklangsaeule-120-cm-aus-okoume-60-min\/","og_site_name":"Gong Center Schweiz I Dein Gong und Klanginstrumente Fachgesch\u00e4ft","article_modified_time":"2024-06-09T14:39:09+00:00","og_image":[{"width":1500,"height":2000,"url":"https:\/\/gongcenter.ch\/app\/uploads\/2024\/01\/regensaeule-120cm-60min.jpeg","type":"image\/jpeg"}],"twitter_card":"summary_large_image","twitter_misc":{"Est. reading time":"3 minutes"},"schema":{"@context":"https:\/\/schema.org","@graph":[{"@type":"WebPage","@id":"https:\/\/gongcenter.ch\/produkt\/regenklangsaeule-120-cm-aus-okoume-60-min\/","url":"https:\/\/gongcenter.ch\/produkt\/regenklangsaeule-120-cm-aus-okoume-60-min\/","name":"Regen Klangs\u00e4ule 120 cm - ca. 75 Minuten Klang","isPartOf":{"@id":"https:\/\/gongcenter.ch\/#website"},"primaryImageOfPage":{"@id":"https:\/\/gongcenter.ch\/produkt\/regenklangsaeule-120-cm-aus-okoume-60-min\/#primaryimage"},"image":{"@id":"https:\/\/gongcenter.ch\/produkt\/regenklangsaeule-120-cm-aus-okoume-60-min\/#primaryimage"},"thumbnailUrl":"https:\/\/gongcenter.ch\/app\/uploads\/2024\/01\/regensaeule-120cm-60min.jpeg","datePublished":"2024-01-09T20:45:41+00:00","dateModified":"2024-06-09T14:39:09+00:00","description":"Eine neue Generation von Regen Klangs\u00e4ulen, die \u00fcber 60 Minuten lang sanftes Rieseln erklingen l\u00e4sst! Jetzt Termin vereinbaren oder online bestellen.","breadcrumb":{"@id":"https:\/\/gongcenter.ch\/produkt\/regenklangsaeule-120-cm-aus-okoume-60-min\/#breadcrumb"},"inLanguage":"en-US","potentialAction":[{"@type":"ReadAction","target":["https:\/\/gongcenter.ch\/produkt\/regenklangsaeule-120-cm-aus-okoume-60-min\/"]}]},{"@type":"ImageObject","inLanguage":"en-US","@id":"https:\/\/gongcenter.ch\/produkt\/regenklangsaeule-120-cm-aus-okoume-60-min\/#primaryimage","url":"https:\/\/gongcenter.ch\/app\/uploads\/2024\/01\/regensaeule-120cm-60min.jpeg","contentUrl":"https:\/\/gongcenter.ch\/app\/uploads\/2024\/01\/regensaeule-120cm-60min.jpeg","width":1500,"height":2000},{"@type":"BreadcrumbList","@id":"https:\/\/gongcenter.ch\/produkt\/regenklangsaeule-120-cm-aus-okoume-60-min\/#breadcrumb","itemListElement":[{"@type":"ListItem","position":1,"name":"Startseite","item":"https:\/\/gongcenter.ch\/en\/"},{"@type":"ListItem","position":2,"name":"Shop","item":"https:\/\/gongcenter.ch\/en\/shop\/"},{"@type":"ListItem","position":3,"name":"Regenklangs\u00e4ule 120 cm Okoume 75 min"}]},{"@type":"WebSite","@id":"https:\/\/gongcenter.ch\/#website","url":"https:\/\/gongcenter.ch\/","name":"Gong Center Schweiz I Dein Gong und Klanginstrumente Fachgesch\u00e4ft","description":"Entdecke eine grosse Gong Auswahl sowie weitere Klanginstrumente - Wir sind Gong Klangtherapeut und bieten dir Top Qualit\u00e4t und Beratung.","publisher":{"@id":"https:\/\/gongcenter.ch\/#organization"},"potentialAction":[{"@type":"SearchAction","target":{"@type":"EntryPoint","urlTemplate":"https:\/\/gongcenter.ch\/?s={search_term_string}"},"query-input":{"@type":"PropertyValueSpecification","valueRequired":true,"valueName":"search_term_string"}}],"inLanguage":"en-US"},{"@type":"Organization","@id":"https:\/\/gongcenter.ch\/#organization","name":"Gongcenter Z\u00fcrich I Das Fachgesch\u00e4ft f\u00fcr Gong und Klang","url":"https:\/\/gongcenter.ch\/","logo":{"@type":"ImageObject","inLanguage":"en-US","@id":"https:\/\/gongcenter.ch\/#\/schema\/logo\/image\/","url":"https:\/\/gongcenter.ch\/app\/uploads\/2018\/05\/Gong-Center_Logo_2000_black.png","contentUrl":"https:\/\/gongcenter.ch\/app\/uploads\/2018\/05\/Gong-Center_Logo_2000_black.png","width":2000,"height":600,"caption":"Gongcenter Z\u00fcrich I Das Fachgesch\u00e4ft f\u00fcr Gong und Klang"},"image":{"@id":"https:\/\/gongcenter.ch\/#\/schema\/logo\/image\/"}}]}},"acf":[],"_links":{"self":[{"href":"https:\/\/gongcenter.ch\/en\/wp-json\/wp\/v2\/product\/34995","targetHints":{"allow":["GET"]}}],"collection":[{"href":"https:\/\/gongcenter.ch\/en\/wp-json\/wp\/v2\/product"}],"about":[{"href":"https:\/\/gongcenter.ch\/en\/wp-json\/wp\/v2\/types\/product"}],"wp:featuredmedia":[{"embeddable":true,"href":"https:\/\/gongcenter.ch\/en\/wp-json\/wp\/v2\/media\/34997"}],"wp:attachment":[{"href":"https:\/\/gongcenter.ch\/en\/wp-json\/wp\/v2\/media?parent=34995"}],"wp:term":[{"taxonomy":"product_brand","embeddable":true,"href":"https:\/\/gongcenter.ch\/en\/wp-json\/wp\/v2\/product_brand?post=34995"},{"taxonomy":"product_cat","embeddable":true,"href":"https:\/\/gongcenter.ch\/en\/wp-json\/wp\/v2\/product_cat?post=34995"},{"taxonomy":"product_tag","embeddable":true,"href":"https:\/\/gongcenter.ch\/en\/wp-json\/wp\/v2\/product_tag?post=34995"}],"curies":[{"name":"wp","href":"https:\/\/api.w.org\/{rel}","templated":true}]}}