{"id":35015,"date":"2024-01-25T11:09:07","date_gmt":"2024-01-25T10:09:07","guid":{"rendered":"https:\/\/gongcenter.ch\/?post_type=product&#038;p=35015"},"modified":"2025-08-21T16:33:03","modified_gmt":"2025-08-21T15:33:03","slug":"deep-universe-gong-c2","status":"publish","type":"product","link":"https:\/\/gongcenter.ch\/en\/product\/deep-universe-gong-c2\/","title":{"rendered":"Gongland Deep Universe Gong &#8211; 32&#8243; \/ 81 cm"},"content":{"rendered":"<h2>Der Deep Universe Gong ist ein wunderbar tief gestimmter Universe Gong, dessen Tonh\u00f6he sich um das C2 bewegt.<\/h2>\n<p>INFO<br \/>\nAuch wenn Sie hier und bei anderen Gong-Beschreibungen Wirkungen und Entsprechungen finden werden, handelt es sich immer um Beschreibungen von Erfahrungen, die im Verlaufe vieler Jahre gemacht worden sind und sich mitunter auch nur im Kontext der jeweiligen Begrifflichkeiten erschliessen. Alle Texte hier sollen Anregungen und Inspirationen f\u00fcr Ihre Gongarbeit sein. In dem Moment, wo Sie sich mit einer Frequenz besch\u00e4ftigen, erst dann k\u00f6nnen Sie sagen, was diese Frequenz f\u00fcr Sie leisten kann. Fakt ist, jede dieser Frequenzen hat eine spezifische Wirkung \u2013 da alle Menschen verschieden sind, wirken sich diese eben auch unterschiedlich aus. Erst die eigene Erfahrung wird eigenes, wertvolles Wissen generieren k\u00f6nnen.<\/p>\n<p>PFLEGE<br \/>\nGongs laden dazu ein, angefasst zu werden. Das Material ist grunds\u00e4tzlich extrem trocken und hat die Eigenschaft, sofort die nat\u00fcrlichen Fette und \u00d6le aus der Haut aufzusaugen. Der Gong entwickelt dadurch eine leicht unansehnliche Optik. Umgehen Sie dies, indem sie das Pflegen der Oberfl\u00e4che zur Routine werden lassen. Geeignet zur Plege sind Silber- und Metallputzmittel. Seien Sie sorgsam mit dem Nachpolieren, damit die Mallets nicht dunkel werden durch Reste von Putzmittel. Der Klang wird durch die Optik eines Gongs in keinem Fall beeintr\u00e4chtigt.<\/p>\n","protected":false},"excerpt":{"rendered":"<ul>\r\n \t<li aria-level=\"1\"><b>Wirkung: <\/b>wirkt als Resonanzvertiefer und verst\u00e4rkt alles, was Sie durch diese multiplizierenden und zunehmenden Harmonien manifestieren m\u00f6chten.<\/li>\r\n \t<li aria-level=\"1\"><b>Anwendungsgebiete: <\/b>f\u00fcr Meditation, Yoga, Reiki, Zen, Hypnose, Astralprojektion und extrakorporale Zirkulation, erh\u00f6ht die Harmonie, Verbesserung von Allem, Initiator aller anderen Frequenzen<\/li>\r\n<\/ul>\r\n&nbsp;","protected":false},"featured_media":20034,"template":"","meta":[],"product_brand":[],"product_cat":[1252],"product_tag":[],"class_list":{"0":"post-35015","1":"product","2":"type-product","3":"status-publish","4":"has-post-thumbnail","6":"product_cat-special-edition","7":"product_shipping_class-kostenloser-versand-innerhalb-der-schweiz","9":"first","10":"instock","11":"sale","12":"sold-individually","13":"taxable","14":"shipping-taxable","15":"purchasable","16":"product-type-simple"},"yoast_head":"<!-- This site is optimized with the Yoast SEO plugin v27.0 - https:\/\/yoast.com\/product\/yoast-seo-wordpress\/ -->\n<title>Deep Universe Gong 81 cm \/ 32&quot; mit Tonh\u00f6he nahe C2<\/title>\n<meta name=\"description\" content=\"Dieser Gong steht f\u00fcr den transzendenten Urklang, aus dessen Schwingungen das gesamte Universum entstanden ist. Anordnung Wurzelchakra. Jetzt reservieren.\" \/>\n<meta name=\"robots\" content=\"index, follow, max-snippet:-1, max-image-preview:large, max-video-preview:-1\" \/>\n<link rel=\"canonical\" href=\"https:\/\/gongcenter.ch\/produkt\/deep-universe-gong-c2\/\" \/>\n<meta property=\"og:locale\" content=\"en_US\" \/>\n<meta property=\"og:type\" content=\"article\" \/>\n<meta property=\"og:title\" content=\"Deep Universe Gong 81 cm \/ 32&quot; mit Tonh\u00f6he nahe C2\" \/>\n<meta property=\"og:description\" content=\"Dieser Gong steht f\u00fcr den transzendenten Urklang, aus dessen Schwingungen das gesamte Universum entstanden ist. Anordnung Wurzelchakra. Jetzt reservieren.\" \/>\n<meta property=\"og:url\" content=\"https:\/\/gongcenter.ch\/produkt\/deep-universe-gong-c2\/\" \/>\n<meta property=\"og:site_name\" content=\"Gong Center Schweiz I Dein Gong und Klanginstrumente Fachgesch\u00e4ft\" \/>\n<meta property=\"article:modified_time\" content=\"2025-08-21T15:33:03+00:00\" \/>\n<meta property=\"og:image\" content=\"https:\/\/gongcenter.ch\/app\/uploads\/2020\/03\/gongland_universe_gong.jpg\" \/>\n\t<meta property=\"og:image:width\" content=\"600\" \/>\n\t<meta property=\"og:image:height\" content=\"600\" \/>\n\t<meta property=\"og:image:type\" content=\"image\/jpeg\" \/>\n<meta name=\"twitter:card\" content=\"summary_large_image\" \/>\n<meta name=\"twitter:label1\" content=\"Est. reading time\" \/>\n\t<meta name=\"twitter:data1\" content=\"2 minutes\" \/>\n<!-- \/ Yoast SEO plugin. -->","yoast_head_json":{"title":"Deep Universe Gong 81 cm \/ 32\" mit Tonh\u00f6he nahe C2","description":"Dieser Gong steht f\u00fcr den transzendenten Urklang, aus dessen Schwingungen das gesamte Universum entstanden ist. Anordnung Wurzelchakra. Jetzt reservieren.","robots":{"index":"index","follow":"follow","max-snippet":"max-snippet:-1","max-image-preview":"max-image-preview:large","max-video-preview":"max-video-preview:-1"},"canonical":"https:\/\/gongcenter.ch\/produkt\/deep-universe-gong-c2\/","og_locale":"en_US","og_type":"article","og_title":"Deep Universe Gong 81 cm \/ 32\" mit Tonh\u00f6he nahe C2","og_description":"Dieser Gong steht f\u00fcr den transzendenten Urklang, aus dessen Schwingungen das gesamte Universum entstanden ist. Anordnung Wurzelchakra. Jetzt reservieren.","og_url":"https:\/\/gongcenter.ch\/produkt\/deep-universe-gong-c2\/","og_site_name":"Gong Center Schweiz I Dein Gong und Klanginstrumente Fachgesch\u00e4ft","article_modified_time":"2025-08-21T15:33:03+00:00","og_image":[{"width":600,"height":600,"url":"https:\/\/gongcenter.ch\/app\/uploads\/2020\/03\/gongland_universe_gong.jpg","type":"image\/jpeg"}],"twitter_card":"summary_large_image","twitter_misc":{"Est. reading time":"2 minutes"},"schema":{"@context":"https:\/\/schema.org","@graph":[{"@type":"WebPage","@id":"https:\/\/gongcenter.ch\/produkt\/deep-universe-gong-c2\/","url":"https:\/\/gongcenter.ch\/produkt\/deep-universe-gong-c2\/","name":"Deep Universe Gong 81 cm \/ 32\" mit Tonh\u00f6he nahe C2","isPartOf":{"@id":"https:\/\/gongcenter.ch\/#website"},"primaryImageOfPage":{"@id":"https:\/\/gongcenter.ch\/produkt\/deep-universe-gong-c2\/#primaryimage"},"image":{"@id":"https:\/\/gongcenter.ch\/produkt\/deep-universe-gong-c2\/#primaryimage"},"thumbnailUrl":"https:\/\/gongcenter.ch\/app\/uploads\/2020\/03\/gongland_universe_gong.jpg","datePublished":"2024-01-25T10:09:07+00:00","dateModified":"2025-08-21T15:33:03+00:00","description":"Dieser Gong steht f\u00fcr den transzendenten Urklang, aus dessen Schwingungen das gesamte Universum entstanden ist. Anordnung Wurzelchakra. Jetzt reservieren.","breadcrumb":{"@id":"https:\/\/gongcenter.ch\/produkt\/deep-universe-gong-c2\/#breadcrumb"},"inLanguage":"en-US","potentialAction":[{"@type":"ReadAction","target":["https:\/\/gongcenter.ch\/produkt\/deep-universe-gong-c2\/"]}]},{"@type":"ImageObject","inLanguage":"en-US","@id":"https:\/\/gongcenter.ch\/produkt\/deep-universe-gong-c2\/#primaryimage","url":"https:\/\/gongcenter.ch\/app\/uploads\/2020\/03\/gongland_universe_gong.jpg","contentUrl":"https:\/\/gongcenter.ch\/app\/uploads\/2020\/03\/gongland_universe_gong.jpg","width":600,"height":600},{"@type":"BreadcrumbList","@id":"https:\/\/gongcenter.ch\/produkt\/deep-universe-gong-c2\/#breadcrumb","itemListElement":[{"@type":"ListItem","position":1,"name":"Startseite","item":"https:\/\/gongcenter.ch\/en\/"},{"@type":"ListItem","position":2,"name":"Shop","item":"https:\/\/gongcenter.ch\/en\/shop\/"},{"@type":"ListItem","position":3,"name":"Gongland Deep Universe Gong &#8211; 32&#8243; \/ 81 cm"}]},{"@type":"WebSite","@id":"https:\/\/gongcenter.ch\/#website","url":"https:\/\/gongcenter.ch\/","name":"Gong Center Schweiz I Dein Gong und Klanginstrumente Fachgesch\u00e4ft","description":"Entdecke eine grosse Gong Auswahl sowie weitere Klanginstrumente - Wir sind Gong Klangtherapeut und bieten dir Top Qualit\u00e4t und Beratung.","publisher":{"@id":"https:\/\/gongcenter.ch\/#organization"},"potentialAction":[{"@type":"SearchAction","target":{"@type":"EntryPoint","urlTemplate":"https:\/\/gongcenter.ch\/?s={search_term_string}"},"query-input":{"@type":"PropertyValueSpecification","valueRequired":true,"valueName":"search_term_string"}}],"inLanguage":"en-US"},{"@type":"Organization","@id":"https:\/\/gongcenter.ch\/#organization","name":"Gongcenter Z\u00fcrich I Das Fachgesch\u00e4ft f\u00fcr Gong und Klang","url":"https:\/\/gongcenter.ch\/","logo":{"@type":"ImageObject","inLanguage":"en-US","@id":"https:\/\/gongcenter.ch\/#\/schema\/logo\/image\/","url":"https:\/\/gongcenter.ch\/app\/uploads\/2018\/05\/Gong-Center_Logo_2000_black.png","contentUrl":"https:\/\/gongcenter.ch\/app\/uploads\/2018\/05\/Gong-Center_Logo_2000_black.png","width":2000,"height":600,"caption":"Gongcenter Z\u00fcrich I Das Fachgesch\u00e4ft f\u00fcr Gong und Klang"},"image":{"@id":"https:\/\/gongcenter.ch\/#\/schema\/logo\/image\/"}}]}},"acf":[],"_links":{"self":[{"href":"https:\/\/gongcenter.ch\/en\/wp-json\/wp\/v2\/product\/35015","targetHints":{"allow":["GET"]}}],"collection":[{"href":"https:\/\/gongcenter.ch\/en\/wp-json\/wp\/v2\/product"}],"about":[{"href":"https:\/\/gongcenter.ch\/en\/wp-json\/wp\/v2\/types\/product"}],"wp:featuredmedia":[{"embeddable":true,"href":"https:\/\/gongcenter.ch\/en\/wp-json\/wp\/v2\/media\/20034"}],"wp:attachment":[{"href":"https:\/\/gongcenter.ch\/en\/wp-json\/wp\/v2\/media?parent=35015"}],"wp:term":[{"taxonomy":"product_brand","embeddable":true,"href":"https:\/\/gongcenter.ch\/en\/wp-json\/wp\/v2\/product_brand?post=35015"},{"taxonomy":"product_cat","embeddable":true,"href":"https:\/\/gongcenter.ch\/en\/wp-json\/wp\/v2\/product_cat?post=35015"},{"taxonomy":"product_tag","embeddable":true,"href":"https:\/\/gongcenter.ch\/en\/wp-json\/wp\/v2\/product_tag?post=35015"}],"curies":[{"name":"wp","href":"https:\/\/api.w.org\/{rel}","templated":true}]}}