{"id":35069,"date":"2024-02-27T14:46:29","date_gmt":"2024-02-27T13:46:29","guid":{"rendered":"https:\/\/gongcenter.ch\/?post_type=product&#038;p=35069"},"modified":"2025-12-25T03:09:15","modified_gmt":"2025-12-25T02:09:15","slug":"wind-feng-gong-110-cm","status":"publish","type":"product","link":"https:\/\/gongcenter.ch\/en\/product\/wind-feng-gong-110-cm\/","title":{"rendered":"Wind &#8211; Feng Gong 110 cm"},"content":{"rendered":"<p>Der Wind- oder Feng-Gong ist eine nahezu flache Scheibe aus poliertem Messing. Wegen seinem strahlenden Glanz wird er manchmal auch als Sonnengong bezeichnet. Sein Klangcharakter ist eher tief und er f\u00e4ngt bei st\u00e4rker werdendem Anspiel kr\u00e4ftig an zu vibrieren. Dadurch entstehen wellenf\u00f6rmige Kl\u00e4nge mit grossem Volumen.<\/p>\n<p>Der Wind- oder Feng-Gong eignet sich gut zur energetischen Reinigung von gr\u00f6sseren R\u00e4umen und ist auch optisch ein Schmuckst\u00fcck.<\/p>\n<p>INFO<br \/>\nAuch wenn Sie hier und bei anderen Gong-Beschreibungen Wirkungen und Entsprechungen finden werden, handelt es sich immer um Beschreibungen von Erfahrungen, die im Verlaufe vieler Jahre gemacht worden sind und sich mitunter auch nur im Kontext der jeweiligen Begrifflichkeiten erschliessen. Alle Texte hier sollen Anregungen und Inspirationen f\u00fcr Ihre Gongarbeit sein. In dem Moment, wo Sie sich mit einer Frequenz besch\u00e4ftigen, erst dann k\u00f6nnen Sie sagen, was diese Frequenz f\u00fcr Sie leisten kann. Fakt ist, jede dieser Frequenzen hat eine spezifische Wirkung \u2013 da alle Menschen verschieden sind, wirken sich diese eben auch unterschiedlich aus. Erst die eigene Erfahrung wird eigenes, wertvolles Wissen generieren k\u00f6nnen.<\/p>\n<p>PFLEGE<br \/>\nGongs laden dazu ein, angefasst zu werden. Das Material ist grunds\u00e4tzlich extrem trocken und hat die Eigenschaft, sofort die nat\u00fcrlichen Fette und \u00d6le aus der Haut aufzusaugen. Der Gong entwickelt dadurch eine leicht unansehnliche Optik. Umgehen Sie dies, indem sie das Pflegen der Oberfl\u00e4che zur Routine werden lassen. Geeignet zur Plege sind Silber- und Metallputzmittel. Seien Sie sorgsam mit dem Nachpolieren, damit die Mallets nicht dunkel werden durch Reste von Putzmittel. Der Klang wird durch die Optik eines Gongs in keinem Fall beeintr\u00e4chtigt.<\/p>\n","protected":false},"excerpt":{"rendered":"Wind &#8211; Feng\u00a0 Gong\r\n<ul>\r\n \t<li>Material: handgeh\u00e4mmertem Messing,<\/li>\r\n \t<li>Klang: reich, voll<\/li>\r\n \t<li>Lieferumfang: mit Schl\u00e4gel<\/li>\r\n<\/ul>\r\n&nbsp;","protected":false},"featured_media":35065,"template":"","meta":[],"product_brand":[],"product_cat":[1422,29,264],"product_tag":[456],"class_list":{"0":"post-35069","1":"product","2":"type-product","3":"status-publish","4":"has-post-thumbnail","6":"product_cat-gongs-auf-lager","7":"product_cat-gongs","8":"product_cat-feng-wind-gong","9":"product_tag-gong","10":"product_shipping_class-bis-199-chf-9-90-chf","11":"pa_groesse-418","12":"pa_groesse-419","13":"pa_groesse-463","14":"pa_groesse-56-cm-o-22","15":"pa_groesse-71-cm-o-28","16":"pa_groesse-102-cm-40","18":"first","19":"instock","20":"taxable","21":"shipping-taxable","22":"purchasable","23":"product-type-simple"},"yoast_head":"<!-- This site is optimized with the Yoast SEO plugin v27.0 - https:\/\/yoast.com\/product\/yoast-seo-wordpress\/ -->\n<title>Wind-Gong oder Feng Gong | F\u00fcr wellenf\u00f6rmige Kl\u00e4nge<\/title>\n<meta name=\"description\" content=\"Wind- oder Feng-Gong ist eine flache Scheibe aus Messing. Handgefertigt in China. Wegen seinem Glanz wird er auch Sonnengong genannt.\" \/>\n<meta name=\"robots\" content=\"index, follow, max-snippet:-1, max-image-preview:large, max-video-preview:-1\" \/>\n<link rel=\"canonical\" href=\"https:\/\/gongcenter.ch\/produkt\/wind-feng-gong-110-cm\/\" \/>\n<meta property=\"og:locale\" content=\"en_US\" \/>\n<meta property=\"og:type\" content=\"article\" \/>\n<meta property=\"og:title\" content=\"Wind-Gong oder Feng Gong | F\u00fcr wellenf\u00f6rmige Kl\u00e4nge\" \/>\n<meta property=\"og:description\" content=\"Wind- oder Feng-Gong ist eine flache Scheibe aus Messing. Handgefertigt in China. Wegen seinem Glanz wird er auch Sonnengong genannt.\" \/>\n<meta property=\"og:url\" content=\"https:\/\/gongcenter.ch\/produkt\/wind-feng-gong-110-cm\/\" \/>\n<meta property=\"og:site_name\" content=\"Gong Center Schweiz I Dein Gong und Klanginstrumente Fachgesch\u00e4ft\" \/>\n<meta property=\"article:modified_time\" content=\"2025-12-25T02:09:15+00:00\" \/>\n<meta property=\"og:image\" content=\"https:\/\/gongcenter.ch\/app\/uploads\/2024\/02\/feng-wind-gong.jpg\" \/>\n\t<meta property=\"og:image:width\" content=\"575\" \/>\n\t<meta property=\"og:image:height\" content=\"575\" \/>\n\t<meta property=\"og:image:type\" content=\"image\/jpeg\" \/>\n<meta name=\"twitter:card\" content=\"summary_large_image\" \/>\n<meta name=\"twitter:label1\" content=\"Est. reading time\" \/>\n\t<meta name=\"twitter:data1\" content=\"2 minutes\" \/>\n<!-- \/ Yoast SEO plugin. -->","yoast_head_json":{"title":"Wind-Gong oder Feng Gong | F\u00fcr wellenf\u00f6rmige Kl\u00e4nge","description":"Wind- oder Feng-Gong ist eine flache Scheibe aus Messing. Handgefertigt in China. Wegen seinem Glanz wird er auch Sonnengong genannt.","robots":{"index":"index","follow":"follow","max-snippet":"max-snippet:-1","max-image-preview":"max-image-preview:large","max-video-preview":"max-video-preview:-1"},"canonical":"https:\/\/gongcenter.ch\/produkt\/wind-feng-gong-110-cm\/","og_locale":"en_US","og_type":"article","og_title":"Wind-Gong oder Feng Gong | F\u00fcr wellenf\u00f6rmige Kl\u00e4nge","og_description":"Wind- oder Feng-Gong ist eine flache Scheibe aus Messing. Handgefertigt in China. Wegen seinem Glanz wird er auch Sonnengong genannt.","og_url":"https:\/\/gongcenter.ch\/produkt\/wind-feng-gong-110-cm\/","og_site_name":"Gong Center Schweiz I Dein Gong und Klanginstrumente Fachgesch\u00e4ft","article_modified_time":"2025-12-25T02:09:15+00:00","og_image":[{"width":575,"height":575,"url":"https:\/\/gongcenter.ch\/app\/uploads\/2024\/02\/feng-wind-gong.jpg","type":"image\/jpeg"}],"twitter_card":"summary_large_image","twitter_misc":{"Est. reading time":"2 minutes"},"schema":{"@context":"https:\/\/schema.org","@graph":[{"@type":"WebPage","@id":"https:\/\/gongcenter.ch\/produkt\/wind-feng-gong-110-cm\/","url":"https:\/\/gongcenter.ch\/produkt\/wind-feng-gong-110-cm\/","name":"Wind-Gong oder Feng Gong | F\u00fcr wellenf\u00f6rmige Kl\u00e4nge","isPartOf":{"@id":"https:\/\/gongcenter.ch\/#website"},"primaryImageOfPage":{"@id":"https:\/\/gongcenter.ch\/produkt\/wind-feng-gong-110-cm\/#primaryimage"},"image":{"@id":"https:\/\/gongcenter.ch\/produkt\/wind-feng-gong-110-cm\/#primaryimage"},"thumbnailUrl":"https:\/\/gongcenter.ch\/app\/uploads\/2024\/02\/feng-wind-gong.jpg","datePublished":"2024-02-27T13:46:29+00:00","dateModified":"2025-12-25T02:09:15+00:00","description":"Wind- oder Feng-Gong ist eine flache Scheibe aus Messing. Handgefertigt in China. Wegen seinem Glanz wird er auch Sonnengong genannt.","breadcrumb":{"@id":"https:\/\/gongcenter.ch\/produkt\/wind-feng-gong-110-cm\/#breadcrumb"},"inLanguage":"en-US","potentialAction":[{"@type":"ReadAction","target":["https:\/\/gongcenter.ch\/produkt\/wind-feng-gong-110-cm\/"]}]},{"@type":"ImageObject","inLanguage":"en-US","@id":"https:\/\/gongcenter.ch\/produkt\/wind-feng-gong-110-cm\/#primaryimage","url":"https:\/\/gongcenter.ch\/app\/uploads\/2024\/02\/feng-wind-gong.jpg","contentUrl":"https:\/\/gongcenter.ch\/app\/uploads\/2024\/02\/feng-wind-gong.jpg","width":575,"height":575},{"@type":"BreadcrumbList","@id":"https:\/\/gongcenter.ch\/produkt\/wind-feng-gong-110-cm\/#breadcrumb","itemListElement":[{"@type":"ListItem","position":1,"name":"Startseite","item":"https:\/\/gongcenter.ch\/en\/"},{"@type":"ListItem","position":2,"name":"Shop","item":"https:\/\/gongcenter.ch\/en\/shop\/"},{"@type":"ListItem","position":3,"name":"Wind &#8211; Feng Gong 110 cm"}]},{"@type":"WebSite","@id":"https:\/\/gongcenter.ch\/#website","url":"https:\/\/gongcenter.ch\/","name":"Gong Center Schweiz I Dein Gong und Klanginstrumente Fachgesch\u00e4ft","description":"Entdecke eine grosse Gong Auswahl sowie weitere Klanginstrumente - Wir sind Gong Klangtherapeut und bieten dir Top Qualit\u00e4t und Beratung.","publisher":{"@id":"https:\/\/gongcenter.ch\/#organization"},"potentialAction":[{"@type":"SearchAction","target":{"@type":"EntryPoint","urlTemplate":"https:\/\/gongcenter.ch\/?s={search_term_string}"},"query-input":{"@type":"PropertyValueSpecification","valueRequired":true,"valueName":"search_term_string"}}],"inLanguage":"en-US"},{"@type":"Organization","@id":"https:\/\/gongcenter.ch\/#organization","name":"Gongcenter Z\u00fcrich I Das Fachgesch\u00e4ft f\u00fcr Gong und Klang","url":"https:\/\/gongcenter.ch\/","logo":{"@type":"ImageObject","inLanguage":"en-US","@id":"https:\/\/gongcenter.ch\/#\/schema\/logo\/image\/","url":"https:\/\/gongcenter.ch\/app\/uploads\/2018\/05\/Gong-Center_Logo_2000_black.png","contentUrl":"https:\/\/gongcenter.ch\/app\/uploads\/2018\/05\/Gong-Center_Logo_2000_black.png","width":2000,"height":600,"caption":"Gongcenter Z\u00fcrich I Das Fachgesch\u00e4ft f\u00fcr Gong und Klang"},"image":{"@id":"https:\/\/gongcenter.ch\/#\/schema\/logo\/image\/"}}]}},"acf":[],"_links":{"self":[{"href":"https:\/\/gongcenter.ch\/en\/wp-json\/wp\/v2\/product\/35069","targetHints":{"allow":["GET"]}}],"collection":[{"href":"https:\/\/gongcenter.ch\/en\/wp-json\/wp\/v2\/product"}],"about":[{"href":"https:\/\/gongcenter.ch\/en\/wp-json\/wp\/v2\/types\/product"}],"wp:featuredmedia":[{"embeddable":true,"href":"https:\/\/gongcenter.ch\/en\/wp-json\/wp\/v2\/media\/35065"}],"wp:attachment":[{"href":"https:\/\/gongcenter.ch\/en\/wp-json\/wp\/v2\/media?parent=35069"}],"wp:term":[{"taxonomy":"product_brand","embeddable":true,"href":"https:\/\/gongcenter.ch\/en\/wp-json\/wp\/v2\/product_brand?post=35069"},{"taxonomy":"product_cat","embeddable":true,"href":"https:\/\/gongcenter.ch\/en\/wp-json\/wp\/v2\/product_cat?post=35069"},{"taxonomy":"product_tag","embeddable":true,"href":"https:\/\/gongcenter.ch\/en\/wp-json\/wp\/v2\/product_tag?post=35069"}],"curies":[{"name":"wp","href":"https:\/\/api.w.org\/{rel}","templated":true}]}}