{"id":35070,"date":"2024-02-27T14:58:58","date_gmt":"2024-02-27T13:58:58","guid":{"rendered":"https:\/\/gongcenter.ch\/?post_type=product&#038;p=35070"},"modified":"2025-07-14T17:53:20","modified_gmt":"2025-07-14T16:53:20","slug":"chau-gong-130-cm","status":"publish","type":"product","link":"https:\/\/gongcenter.ch\/en\/product\/chau-gong-130-cm\/","title":{"rendered":"Chau Gong 130 cm"},"content":{"rendered":"<p>Der Chau Gong oder Tam-Tam Gong ist einer der bekanntesten Gongs. Er wird heute weltweit in Symphonieorchestern, Rockbands und in der Klangtherapie eingesetzt. Sein Klang ist kr\u00e4ftig, tief und hat ein breites Obertonspektrum.<\/p>\n<p>Chinesische Chau Gongs haben einen sehr kr\u00e4ftigen Klang, besonders die gr\u00f6\u00dferen. Gute Chau Gongs haben eine Mischung aus Grundton und einem sch\u00f6nen Crash- oder Wash-Sound. Versuche, dein Talent mit einem Chau Gong zu kombinieren und sei erstaunt, was du erschaffst.<\/p>\n<p>Das Gong Center hat verschiedene Gr\u00f6ssen auf Lager und freut sich auf deinen Besuch.<\/p>\n<p>PFLEGE<br \/>\nGongs laden dazu ein, angefasst zu werden. Das Material ist grunds\u00e4tzlich extrem trocken und hat die Eigenschaft, sofort die nat\u00fcrlichen Fette und \u00d6le aus der Haut aufzusaugen. Der Gong entwickelt dadurch eine leicht unansehnliche Optik. Umgehen Sie dies, indem sie das Pflegen der Oberfl\u00e4che zur Routine werden lassen. Geeignet zur Plege sind Silber- und Metallputzmittel. Seien Sie sorgsam mit dem Nachpolieren, damit die Mallets nicht dunkel werden durch Reste von Putzmittel. Der Klang wird durch die Optik eines Gongs in keinem Fall beeintr\u00e4chtigt.<\/p>\n<p>&nbsp;<\/p>\n","protected":false},"excerpt":{"rendered":"Der Chau Gong oder Tam-Tam Gong ist einer der bekanntesten Gongs. Er wird heute weltweit in Symphonieorchestern, Rockbands und in der Klangtherapie eingesetzt. Sein Klang ist kr\u00e4ftig, tief und hat ein breites Obertonspektrum. Chinesische Chau Gongs haben einen sehr kr\u00e4ftigen Klang, besonders die gr\u00f6\u00dferen. Gute Chau Gongs haben eine Mischung aus Grundton und einem sch\u00f6nen<a href=\"https:\/\/gongcenter.ch\/en\/product\/chau-gong-130-cm\/\" class=\"readmore\">Mehr  <i class=\"fa fa-angle-double-right\"><\/i><\/a>","protected":false},"featured_media":35051,"template":"","meta":[],"product_brand":[],"product_cat":[1231,712],"product_tag":[],"class_list":{"0":"post-35070","1":"product","2":"type-product","3":"status-publish","4":"has-post-thumbnail","6":"product_cat-chinese-gongs","7":"product_cat-tam-tam-chao-gong","8":"product_shipping_class-kostenloser-versand-innerhalb-der-schweiz","9":"pa_groesse-10-25-cm","10":"pa_groesse-31-cm","11":"pa_groesse-55-cm-o","12":"pa_groesse-26-66-cm","13":"pa_groesse-30-75-cm","14":"pa_groesse-34-86cm","15":"pa_groesse-36-90-cm-o","16":"pa_groesse-40-100-cm-o","17":"pa_groesse-42-106-cm-o","18":"pa_groesse-50-127-cm-o","19":"pa_groesse-56-cm-o-22","20":"pa_groesse-66-cm-o-26","21":"pa_groesse-76-cm-o-30","22":"pa_groesse-86-cm-o-34","23":"pa_groesse-102-cm-40","24":"pa_groesse-41-cm","26":"first","27":"onbackorder","28":"taxable","29":"shipping-taxable","30":"purchasable","31":"product-type-simple"},"yoast_head":"<!-- This site is optimized with the Yoast SEO plugin v27.0 - https:\/\/yoast.com\/product\/yoast-seo-wordpress\/ -->\n<title>Chau Gong | Der Gong der weltweit besten Sinfonien.<\/title>\n<meta name=\"description\" content=\"Die Chau oder Tam-Tam Gongs werden nach jahrhundertealter Tradition in China von Hand gefertigt. Sie sorgen in vielen Musikst\u00fccken f\u00fcr Tiefe.\" \/>\n<meta name=\"robots\" content=\"index, follow, max-snippet:-1, max-image-preview:large, max-video-preview:-1\" \/>\n<link rel=\"canonical\" href=\"https:\/\/gongcenter.ch\/produkt\/chau-gong-130-cm\/\" \/>\n<meta property=\"og:locale\" content=\"en_US\" \/>\n<meta property=\"og:type\" content=\"article\" \/>\n<meta property=\"og:title\" content=\"Chau Gong | Der Gong der weltweit besten Sinfonien.\" \/>\n<meta property=\"og:description\" content=\"Die Chau oder Tam-Tam Gongs werden nach jahrhundertealter Tradition in China von Hand gefertigt. Sie sorgen in vielen Musikst\u00fccken f\u00fcr Tiefe.\" \/>\n<meta property=\"og:url\" content=\"https:\/\/gongcenter.ch\/produkt\/chau-gong-130-cm\/\" \/>\n<meta property=\"og:site_name\" content=\"Gong Center Schweiz I Dein Gong und Klanginstrumente Fachgesch\u00e4ft\" \/>\n<meta property=\"article:modified_time\" content=\"2025-07-14T16:53:20+00:00\" \/>\n<meta property=\"og:image\" content=\"https:\/\/gongcenter.ch\/app\/uploads\/2024\/02\/chau-gong.webp\" \/>\n\t<meta property=\"og:image:width\" content=\"823\" \/>\n\t<meta property=\"og:image:height\" content=\"823\" \/>\n\t<meta property=\"og:image:type\" content=\"image\/webp\" \/>\n<meta name=\"twitter:card\" content=\"summary_large_image\" \/>\n<meta name=\"twitter:label1\" content=\"Est. reading time\" \/>\n\t<meta name=\"twitter:data1\" content=\"2 minutes\" \/>\n<!-- \/ Yoast SEO plugin. -->","yoast_head_json":{"title":"Chau Gong | Der Gong der weltweit besten Sinfonien.","description":"Die Chau oder Tam-Tam Gongs werden nach jahrhundertealter Tradition in China von Hand gefertigt. Sie sorgen in vielen Musikst\u00fccken f\u00fcr Tiefe.","robots":{"index":"index","follow":"follow","max-snippet":"max-snippet:-1","max-image-preview":"max-image-preview:large","max-video-preview":"max-video-preview:-1"},"canonical":"https:\/\/gongcenter.ch\/produkt\/chau-gong-130-cm\/","og_locale":"en_US","og_type":"article","og_title":"Chau Gong | Der Gong der weltweit besten Sinfonien.","og_description":"Die Chau oder Tam-Tam Gongs werden nach jahrhundertealter Tradition in China von Hand gefertigt. Sie sorgen in vielen Musikst\u00fccken f\u00fcr Tiefe.","og_url":"https:\/\/gongcenter.ch\/produkt\/chau-gong-130-cm\/","og_site_name":"Gong Center Schweiz I Dein Gong und Klanginstrumente Fachgesch\u00e4ft","article_modified_time":"2025-07-14T16:53:20+00:00","og_image":[{"width":823,"height":823,"url":"https:\/\/gongcenter.ch\/app\/uploads\/2024\/02\/chau-gong.webp","type":"image\/webp"}],"twitter_card":"summary_large_image","twitter_misc":{"Est. reading time":"2 minutes"},"schema":{"@context":"https:\/\/schema.org","@graph":[{"@type":"WebPage","@id":"https:\/\/gongcenter.ch\/produkt\/chau-gong-130-cm\/","url":"https:\/\/gongcenter.ch\/produkt\/chau-gong-130-cm\/","name":"Chau Gong | Der Gong der weltweit besten Sinfonien.","isPartOf":{"@id":"https:\/\/gongcenter.ch\/#website"},"primaryImageOfPage":{"@id":"https:\/\/gongcenter.ch\/produkt\/chau-gong-130-cm\/#primaryimage"},"image":{"@id":"https:\/\/gongcenter.ch\/produkt\/chau-gong-130-cm\/#primaryimage"},"thumbnailUrl":"https:\/\/gongcenter.ch\/app\/uploads\/2024\/02\/chau-gong.webp","datePublished":"2024-02-27T13:58:58+00:00","dateModified":"2025-07-14T16:53:20+00:00","description":"Die Chau oder Tam-Tam Gongs werden nach jahrhundertealter Tradition in China von Hand gefertigt. Sie sorgen in vielen Musikst\u00fccken f\u00fcr Tiefe.","breadcrumb":{"@id":"https:\/\/gongcenter.ch\/produkt\/chau-gong-130-cm\/#breadcrumb"},"inLanguage":"en-US","potentialAction":[{"@type":"ReadAction","target":["https:\/\/gongcenter.ch\/produkt\/chau-gong-130-cm\/"]}]},{"@type":"ImageObject","inLanguage":"en-US","@id":"https:\/\/gongcenter.ch\/produkt\/chau-gong-130-cm\/#primaryimage","url":"https:\/\/gongcenter.ch\/app\/uploads\/2024\/02\/chau-gong.webp","contentUrl":"https:\/\/gongcenter.ch\/app\/uploads\/2024\/02\/chau-gong.webp","width":823,"height":823},{"@type":"BreadcrumbList","@id":"https:\/\/gongcenter.ch\/produkt\/chau-gong-130-cm\/#breadcrumb","itemListElement":[{"@type":"ListItem","position":1,"name":"Startseite","item":"https:\/\/gongcenter.ch\/en\/"},{"@type":"ListItem","position":2,"name":"Shop","item":"https:\/\/gongcenter.ch\/en\/shop\/"},{"@type":"ListItem","position":3,"name":"Chau Gong 130 cm"}]},{"@type":"WebSite","@id":"https:\/\/gongcenter.ch\/#website","url":"https:\/\/gongcenter.ch\/","name":"Gong Center Schweiz I Dein Gong und Klanginstrumente Fachgesch\u00e4ft","description":"Entdecke eine grosse Gong Auswahl sowie weitere Klanginstrumente - Wir sind Gong Klangtherapeut und bieten dir Top Qualit\u00e4t und Beratung.","publisher":{"@id":"https:\/\/gongcenter.ch\/#organization"},"potentialAction":[{"@type":"SearchAction","target":{"@type":"EntryPoint","urlTemplate":"https:\/\/gongcenter.ch\/?s={search_term_string}"},"query-input":{"@type":"PropertyValueSpecification","valueRequired":true,"valueName":"search_term_string"}}],"inLanguage":"en-US"},{"@type":"Organization","@id":"https:\/\/gongcenter.ch\/#organization","name":"Gongcenter Z\u00fcrich I Das Fachgesch\u00e4ft f\u00fcr Gong und Klang","url":"https:\/\/gongcenter.ch\/","logo":{"@type":"ImageObject","inLanguage":"en-US","@id":"https:\/\/gongcenter.ch\/#\/schema\/logo\/image\/","url":"https:\/\/gongcenter.ch\/app\/uploads\/2018\/05\/Gong-Center_Logo_2000_black.png","contentUrl":"https:\/\/gongcenter.ch\/app\/uploads\/2018\/05\/Gong-Center_Logo_2000_black.png","width":2000,"height":600,"caption":"Gongcenter Z\u00fcrich I Das Fachgesch\u00e4ft f\u00fcr Gong und Klang"},"image":{"@id":"https:\/\/gongcenter.ch\/#\/schema\/logo\/image\/"}}]}},"acf":[],"_links":{"self":[{"href":"https:\/\/gongcenter.ch\/en\/wp-json\/wp\/v2\/product\/35070","targetHints":{"allow":["GET"]}}],"collection":[{"href":"https:\/\/gongcenter.ch\/en\/wp-json\/wp\/v2\/product"}],"about":[{"href":"https:\/\/gongcenter.ch\/en\/wp-json\/wp\/v2\/types\/product"}],"wp:featuredmedia":[{"embeddable":true,"href":"https:\/\/gongcenter.ch\/en\/wp-json\/wp\/v2\/media\/35051"}],"wp:attachment":[{"href":"https:\/\/gongcenter.ch\/en\/wp-json\/wp\/v2\/media?parent=35070"}],"wp:term":[{"taxonomy":"product_brand","embeddable":true,"href":"https:\/\/gongcenter.ch\/en\/wp-json\/wp\/v2\/product_brand?post=35070"},{"taxonomy":"product_cat","embeddable":true,"href":"https:\/\/gongcenter.ch\/en\/wp-json\/wp\/v2\/product_cat?post=35070"},{"taxonomy":"product_tag","embeddable":true,"href":"https:\/\/gongcenter.ch\/en\/wp-json\/wp\/v2\/product_tag?post=35070"}],"curies":[{"name":"wp","href":"https:\/\/api.w.org\/{rel}","templated":true}]}}