{"id":35353,"date":"2024-05-08T16:29:26","date_gmt":"2024-05-08T15:29:26","guid":{"rendered":"https:\/\/gongcenter.ch\/?post_type=product&#038;p=35353"},"modified":"2025-09-11T10:20:41","modified_gmt":"2025-09-11T09:20:41","slug":"windspiel-heola-mond","status":"publish","type":"product","link":"https:\/\/gongcenter.ch\/en\/product\/windspiel-heola-mond\/","title":{"rendered":"Windspiel Heola Mond"},"content":{"rendered":"<p>Jedes Heola-Windspiel ist ein handgefertigtes Unikat. Die perfekte Verarbeitung von Holz und Metall macht es zu einem eigenst\u00e4ndigen Musikinstrument.<\/p>\n<p>Die Walze, das Ergebnis feiner Schreinerarbeit, \u00fcbernimmt die Funktion des Resonanzk\u00f6rpers. Das Buchenholz wurde wegen seines warmen Klanges und der Pr\u00e4zision der erzeugten T\u00f6ne gew\u00e4hlt.<br \/>\n8 Stahlst\u00e4be werden durch Silberl\u00f6ten verbunden und dann fein gestimmt. Die erzeugten T\u00f6ne und der Reichtum der Obert\u00f6ne schaffen eine Klangwelt voller Emotionen.<\/p>\n<p>Die Inbetriebnahme ist einfach: das Glockenspiel aufh\u00e4ngen und mit sanften, leichten Bewegungen bewegen.<br \/>\nJedes Heola-Glockenspiel erz\u00e4hlt eine Geschichte und seine Melodien ver\u00e4ndern sich mit jeder Bewegung.<\/p>\n<p>Ein Gebet oder ein Wunsch auf einem Zettel kann am Gewicht befestigt werden.<\/p>\n<p>Empfohlen zur Entspannung, Meditation, Musiktherapie&#8230; Es wird auch als p\u00e4dagogisches Mittel eingesetzt, um Kinder zur Ruhe zu bringen.<br \/>\nMit diesem Glockenspiel taucht man schnell in die F\u00fclle ein.<\/p>\n<p>Vollst\u00e4ndig in der Vend\u00e9e &#8211; Frankreich &#8211; mit Materialien von lokalen Lieferanten hergestellt. Kontrolliertes Holz aus europ\u00e4ischen W\u00e4ldern.<\/p>\n<p>Vor Feuchtigkeit sch\u00fctzen &#8211; darf nicht im Freien stehen. Konservierung der Holzr\u00f6hre mit nat\u00fcrlichem \u00d6l. F\u00fcr Kinder unter 3 Jahren nicht geeignet.<\/p>\n","protected":false},"excerpt":{"rendered":"<strong>Details:<\/strong>\r\n<ul>\r\n \t<li>Stimmung: Mond E G B D 432Hz<\/li>\r\n \t<li>Klangst\u00e4be: Kohlenstoff-Stahl<\/li>\r\n \t<li>Holz: Buchenholz<\/li>\r\n \t<li>Pendel: Acryl<\/li>\r\n<\/ul>\r\n<strong>Masse:<\/strong>\r\n<ul>\r\n \t<li>Gewicht: 150 g<\/li>\r\n \t<li>L\u00e4nge: 16.5 cm ( ohne Pendel)<\/li>\r\n \t<li>Durchmesser: 6,3 cm<\/li>\r\n<\/ul>\r\n<strong>Herkunft:<\/strong>\r\n<ul>\r\n \t<li>Montaigu-Vend\u00e9e,\u00a0Frankreich<\/li>\r\n<\/ul>\r\n&nbsp;","protected":false},"featured_media":35271,"template":"","meta":[],"product_brand":[],"product_cat":[507],"product_tag":[],"class_list":{"0":"post-35353","1":"product","2":"type-product","3":"status-publish","4":"has-post-thumbnail","6":"product_cat-koshi-heloa-zaphir-klangpiele","7":"product_shipping_class-bis-199-chf-9-90-chf","9":"first","10":"instock","11":"taxable","12":"shipping-taxable","13":"purchasable","14":"product-type-simple"},"yoast_head":"<!-- This site is optimized with the Yoast SEO plugin v27.0 - https:\/\/yoast.com\/product\/yoast-seo-wordpress\/ -->\n<title>Windspiel - Klangspiel von Heola im Planetenton Mond<\/title>\n<meta name=\"description\" content=\"Dieses Windspiel von Heola hat einen tiefen, obertonreichen Klang und eine lange Resonanz. Es erfreut Kinder und Erwachsene gleichwohl.\" \/>\n<meta name=\"robots\" content=\"index, follow, max-snippet:-1, max-image-preview:large, max-video-preview:-1\" \/>\n<link rel=\"canonical\" href=\"https:\/\/gongcenter.ch\/produkt\/windspiel-heola-mond\/\" \/>\n<meta property=\"og:locale\" content=\"en_US\" \/>\n<meta property=\"og:type\" content=\"article\" \/>\n<meta property=\"og:title\" content=\"Windspiel - Klangspiel von Heola im Planetenton Mond\" \/>\n<meta property=\"og:description\" content=\"Dieses Windspiel von Heola hat einen tiefen, obertonreichen Klang und eine lange Resonanz. Es erfreut Kinder und Erwachsene gleichwohl.\" \/>\n<meta property=\"og:url\" content=\"https:\/\/gongcenter.ch\/produkt\/windspiel-heola-mond\/\" \/>\n<meta property=\"og:site_name\" content=\"Gong Center Schweiz I Dein Gong und Klanginstrumente Fachgesch\u00e4ft\" \/>\n<meta property=\"article:modified_time\" content=\"2025-09-11T09:20:41+00:00\" \/>\n<meta property=\"og:image\" content=\"https:\/\/gongcenter.ch\/app\/uploads\/2024\/05\/heoven-3.jpg\" \/>\n\t<meta property=\"og:image:width\" content=\"1600\" \/>\n\t<meta property=\"og:image:height\" content=\"990\" \/>\n\t<meta property=\"og:image:type\" content=\"image\/jpeg\" \/>\n<meta name=\"twitter:card\" content=\"summary_large_image\" \/>\n<meta name=\"twitter:label1\" content=\"Est. reading time\" \/>\n\t<meta name=\"twitter:data1\" content=\"2 minutes\" \/>\n<!-- \/ Yoast SEO plugin. -->","yoast_head_json":{"title":"Windspiel - Klangspiel von Heola im Planetenton Mond","description":"Dieses Windspiel von Heola hat einen tiefen, obertonreichen Klang und eine lange Resonanz. Es erfreut Kinder und Erwachsene gleichwohl.","robots":{"index":"index","follow":"follow","max-snippet":"max-snippet:-1","max-image-preview":"max-image-preview:large","max-video-preview":"max-video-preview:-1"},"canonical":"https:\/\/gongcenter.ch\/produkt\/windspiel-heola-mond\/","og_locale":"en_US","og_type":"article","og_title":"Windspiel - Klangspiel von Heola im Planetenton Mond","og_description":"Dieses Windspiel von Heola hat einen tiefen, obertonreichen Klang und eine lange Resonanz. Es erfreut Kinder und Erwachsene gleichwohl.","og_url":"https:\/\/gongcenter.ch\/produkt\/windspiel-heola-mond\/","og_site_name":"Gong Center Schweiz I Dein Gong und Klanginstrumente Fachgesch\u00e4ft","article_modified_time":"2025-09-11T09:20:41+00:00","og_image":[{"width":1600,"height":990,"url":"https:\/\/gongcenter.ch\/app\/uploads\/2024\/05\/heoven-3.jpg","type":"image\/jpeg"}],"twitter_card":"summary_large_image","twitter_misc":{"Est. reading time":"2 minutes"},"schema":{"@context":"https:\/\/schema.org","@graph":[{"@type":"WebPage","@id":"https:\/\/gongcenter.ch\/produkt\/windspiel-heola-mond\/","url":"https:\/\/gongcenter.ch\/produkt\/windspiel-heola-mond\/","name":"Windspiel - Klangspiel von Heola im Planetenton Mond","isPartOf":{"@id":"https:\/\/gongcenter.ch\/#website"},"primaryImageOfPage":{"@id":"https:\/\/gongcenter.ch\/produkt\/windspiel-heola-mond\/#primaryimage"},"image":{"@id":"https:\/\/gongcenter.ch\/produkt\/windspiel-heola-mond\/#primaryimage"},"thumbnailUrl":"https:\/\/gongcenter.ch\/app\/uploads\/2024\/05\/heoven-3.jpg","datePublished":"2024-05-08T15:29:26+00:00","dateModified":"2025-09-11T09:20:41+00:00","description":"Dieses Windspiel von Heola hat einen tiefen, obertonreichen Klang und eine lange Resonanz. Es erfreut Kinder und Erwachsene gleichwohl.","breadcrumb":{"@id":"https:\/\/gongcenter.ch\/produkt\/windspiel-heola-mond\/#breadcrumb"},"inLanguage":"en-US","potentialAction":[{"@type":"ReadAction","target":["https:\/\/gongcenter.ch\/produkt\/windspiel-heola-mond\/"]}]},{"@type":"ImageObject","inLanguage":"en-US","@id":"https:\/\/gongcenter.ch\/produkt\/windspiel-heola-mond\/#primaryimage","url":"https:\/\/gongcenter.ch\/app\/uploads\/2024\/05\/heoven-3.jpg","contentUrl":"https:\/\/gongcenter.ch\/app\/uploads\/2024\/05\/heoven-3.jpg","width":1600,"height":990},{"@type":"BreadcrumbList","@id":"https:\/\/gongcenter.ch\/produkt\/windspiel-heola-mond\/#breadcrumb","itemListElement":[{"@type":"ListItem","position":1,"name":"Startseite","item":"https:\/\/gongcenter.ch\/en\/"},{"@type":"ListItem","position":2,"name":"Shop","item":"https:\/\/gongcenter.ch\/en\/shop\/"},{"@type":"ListItem","position":3,"name":"Windspiel Heola Mond"}]},{"@type":"WebSite","@id":"https:\/\/gongcenter.ch\/#website","url":"https:\/\/gongcenter.ch\/","name":"Gong Center Schweiz I Dein Gong und Klanginstrumente Fachgesch\u00e4ft","description":"Entdecke eine grosse Gong Auswahl sowie weitere Klanginstrumente - Wir sind Gong Klangtherapeut und bieten dir Top Qualit\u00e4t und Beratung.","publisher":{"@id":"https:\/\/gongcenter.ch\/#organization"},"potentialAction":[{"@type":"SearchAction","target":{"@type":"EntryPoint","urlTemplate":"https:\/\/gongcenter.ch\/?s={search_term_string}"},"query-input":{"@type":"PropertyValueSpecification","valueRequired":true,"valueName":"search_term_string"}}],"inLanguage":"en-US"},{"@type":"Organization","@id":"https:\/\/gongcenter.ch\/#organization","name":"Gongcenter Z\u00fcrich I Das Fachgesch\u00e4ft f\u00fcr Gong und Klang","url":"https:\/\/gongcenter.ch\/","logo":{"@type":"ImageObject","inLanguage":"en-US","@id":"https:\/\/gongcenter.ch\/#\/schema\/logo\/image\/","url":"https:\/\/gongcenter.ch\/app\/uploads\/2018\/05\/Gong-Center_Logo_2000_black.png","contentUrl":"https:\/\/gongcenter.ch\/app\/uploads\/2018\/05\/Gong-Center_Logo_2000_black.png","width":2000,"height":600,"caption":"Gongcenter Z\u00fcrich I Das Fachgesch\u00e4ft f\u00fcr Gong und Klang"},"image":{"@id":"https:\/\/gongcenter.ch\/#\/schema\/logo\/image\/"}}]}},"acf":[],"_links":{"self":[{"href":"https:\/\/gongcenter.ch\/en\/wp-json\/wp\/v2\/product\/35353","targetHints":{"allow":["GET"]}}],"collection":[{"href":"https:\/\/gongcenter.ch\/en\/wp-json\/wp\/v2\/product"}],"about":[{"href":"https:\/\/gongcenter.ch\/en\/wp-json\/wp\/v2\/types\/product"}],"wp:featuredmedia":[{"embeddable":true,"href":"https:\/\/gongcenter.ch\/en\/wp-json\/wp\/v2\/media\/35271"}],"wp:attachment":[{"href":"https:\/\/gongcenter.ch\/en\/wp-json\/wp\/v2\/media?parent=35353"}],"wp:term":[{"taxonomy":"product_brand","embeddable":true,"href":"https:\/\/gongcenter.ch\/en\/wp-json\/wp\/v2\/product_brand?post=35353"},{"taxonomy":"product_cat","embeddable":true,"href":"https:\/\/gongcenter.ch\/en\/wp-json\/wp\/v2\/product_cat?post=35353"},{"taxonomy":"product_tag","embeddable":true,"href":"https:\/\/gongcenter.ch\/en\/wp-json\/wp\/v2\/product_tag?post=35353"}],"curies":[{"name":"wp","href":"https:\/\/api.w.org\/{rel}","templated":true}]}}