{"id":35386,"date":"2024-05-15T17:41:39","date_gmt":"2024-05-15T16:41:39","guid":{"rendered":"https:\/\/gongcenter.ch\/?post_type=product&#038;p=35386"},"modified":"2025-03-24T13:25:49","modified_gmt":"2025-03-24T12:25:49","slug":"triquetra-gong-36-90-cm","status":"publish","type":"product","link":"https:\/\/gongcenter.ch\/en\/product\/triquetra-gong-36-90-cm\/","title":{"rendered":"Gongland Triquetra Gong 36&#8243;"},"content":{"rendered":"<p><b>Die Triquetra ist einfach eine wunderbare Vereinigung einer m\u00e4chtigen Dreieinigkeit und passt dadurch hervorragend zu 54 Hz \/ 432\u00a0\u00a0<\/b><\/p>\n<p>Die Triquetta ist der Knoten der Dreisamkeit und steht wie die Triskele f\u00fcr die mystische Zahl Drei. Bei den Kelten ist die Triquetta das Symbol f\u00fcr Geburt, Leben, Tod, f\u00fcr die Elemente Erde, Luft, Wasser aber auch ein Symbol f\u00fcr Weiblichkeit.<\/p>\n<p>Schon vor 5000 Jahren findet sich die Triquetta in der indigenen Kunst wieder. Wegen der N\u00e4he der keltischen und germanischen Kultur ist eine genaue Herkunft nicht wirklich zu bestimmen. Auch im Christententum, so zum Beipiel in der gotischen Kunst, findet sich die Triqueta wieder.<\/p>\n<p>INFO<br \/>\nAuch wenn Sie hier und bei anderen Gong-Beschreibungen Wirkungen und Entsprechungen finden werden, handelt es sich immer um Beschreibungen von Erfahrungen, die im Verlaufe vieler Jahre gemacht worden sind und sich mitunter auch nur im Kontext der jeweiligen Begrifflichkeiten erschliessen. Alle Texte hier sollen Anregungen und Inspirationen f\u00fcr Ihre Gongarbeit sein. In dem Moment, wo Sie sich mit einer Frequenz besch\u00e4ftigen, erst dann k\u00f6nnen Sie sagen, was diese Frequenz f\u00fcr Sie leisten kann. Fakt ist, jede dieser Frequenzen hat eine spezifische Wirkung \u2013 da alle Menschen verschieden sind, wirken sich diese eben auch unterschiedlich aus. Erst die eigene Erfahrung wird eigenes, wertvolles Wissen generieren k\u00f6nnen.<\/p>\n<p>PFLEGE<br \/>\nGongs laden dazu ein, angefasst zu werden. Das Material ist grunds\u00e4tzlich extrem trocken und hat die Eigenschaft, sofort die nat\u00fcrlichen Fette und \u00d6le aus der Haut aufzusaugen. Der Gong entwickelt dadurch eine leicht unansehnliche Optik. Umgehen Sie dies, indem sie das Pflegen der Oberfl\u00e4che zur Routine werden lassen. Geeignet zur Plege sind Silber- und Metallputzmittel. Seien Sie sorgsam mit dem Nachpolieren, damit die Mallets nicht dunkel werden durch Reste von Putzmittel. Der Klang wird durch die Optik eines Gongs in keinem Fall beeintr\u00e4chtigt.<\/p>\n","protected":false},"excerpt":{"rendered":"<ul>\r\n \t<li><b>Ton:<\/b> 54 Hz &#8211;\u00a0Der 54 H Ton ist gleich 432 \/ 8. Er ist eine heilende Frequenz wie die 432 Hz<\/li>\r\n \t<li aria-level=\"1\"><b>Wirkung: <\/b>wirkt als Resonanzvertiefer und verst\u00e4rkt alles, was Sie durch diese multiplizierenden und zunehmenden Harmonien manifestieren m\u00f6chten. Sie ist die Basis, der Aufbruch, der Initiator aller anderen Frequenzen. Diese Frequenz steht f\u00fcr Verwirklichung, Tr\u00e4ume und Ziele in die Tat umzusetzen.<\/li>\r\n \t<li aria-level=\"1\"><b>Anwendungsgebiete: <\/b>f\u00fcr Meditation, Yoga, Reiki, Zen, Hypnose, Astralprojektion und extrakorporale Zirkulation, erh\u00f6ht die Harmonie, Verbesserung von Allem, Initiator aller anderen Frequenzen<\/li>\r\n<\/ul>\r\n&nbsp;","protected":false},"featured_media":35387,"template":"","meta":[],"product_brand":[],"product_cat":[1252,493],"product_tag":[],"class_list":{"0":"post-35386","1":"product","2":"type-product","3":"status-publish","4":"has-post-thumbnail","6":"product_cat-special-edition","7":"product_cat-tuned-gongs","8":"product_shipping_class-kostenloser-versand-innerhalb-der-schweiz","10":"first","11":"instock","12":"sold-individually","13":"taxable","14":"shipping-taxable","15":"purchasable","16":"product-type-simple"},"yoast_head":"<!-- This site is optimized with the Yoast SEO plugin v27.0 - https:\/\/yoast.com\/product\/yoast-seo-wordpress\/ -->\n<title>Triquetra - Deep Universe Gong I Frequenz -A \/54 Hz<\/title>\n<meta name=\"description\" content=\"Deep Universe Gong - 54 Hz Heilfrequenz (Nervensystem, Meditation, Gehirn- und K\u00f6rperheilung). Erh\u00e4ltlich im Gong Center bei Z\u00fcrich oder online.\" \/>\n<meta name=\"robots\" content=\"index, follow, max-snippet:-1, max-image-preview:large, max-video-preview:-1\" \/>\n<link rel=\"canonical\" href=\"https:\/\/gongcenter.ch\/produkt\/triquetra-gong-36-90-cm\/\" \/>\n<meta property=\"og:locale\" content=\"en_US\" \/>\n<meta property=\"og:type\" content=\"article\" \/>\n<meta property=\"og:title\" content=\"Triquetra - Deep Universe Gong I Frequenz -A \/54 Hz\" \/>\n<meta property=\"og:description\" content=\"Deep Universe Gong - 54 Hz Heilfrequenz (Nervensystem, Meditation, Gehirn- und K\u00f6rperheilung). Erh\u00e4ltlich im Gong Center bei Z\u00fcrich oder online.\" \/>\n<meta property=\"og:url\" content=\"https:\/\/gongcenter.ch\/produkt\/triquetra-gong-36-90-cm\/\" \/>\n<meta property=\"og:site_name\" content=\"Gong Center Schweiz I Dein Gong und Klanginstrumente Fachgesch\u00e4ft\" \/>\n<meta property=\"article:modified_time\" content=\"2025-03-24T12:25:49+00:00\" \/>\n<meta property=\"og:image\" content=\"https:\/\/gongcenter.ch\/app\/uploads\/2024\/05\/triqueta-gong.png\" \/>\n\t<meta property=\"og:image:width\" content=\"766\" \/>\n\t<meta property=\"og:image:height\" content=\"812\" \/>\n\t<meta property=\"og:image:type\" content=\"image\/png\" \/>\n<meta name=\"twitter:card\" content=\"summary_large_image\" \/>\n<meta name=\"twitter:label1\" content=\"Est. reading time\" \/>\n\t<meta name=\"twitter:data1\" content=\"2 minutes\" \/>\n<!-- \/ Yoast SEO plugin. -->","yoast_head_json":{"title":"Triquetra - Deep Universe Gong I Frequenz -A \/54 Hz","description":"Deep Universe Gong - 54 Hz Heilfrequenz (Nervensystem, Meditation, Gehirn- und K\u00f6rperheilung). Erh\u00e4ltlich im Gong Center bei Z\u00fcrich oder online.","robots":{"index":"index","follow":"follow","max-snippet":"max-snippet:-1","max-image-preview":"max-image-preview:large","max-video-preview":"max-video-preview:-1"},"canonical":"https:\/\/gongcenter.ch\/produkt\/triquetra-gong-36-90-cm\/","og_locale":"en_US","og_type":"article","og_title":"Triquetra - Deep Universe Gong I Frequenz -A \/54 Hz","og_description":"Deep Universe Gong - 54 Hz Heilfrequenz (Nervensystem, Meditation, Gehirn- und K\u00f6rperheilung). Erh\u00e4ltlich im Gong Center bei Z\u00fcrich oder online.","og_url":"https:\/\/gongcenter.ch\/produkt\/triquetra-gong-36-90-cm\/","og_site_name":"Gong Center Schweiz I Dein Gong und Klanginstrumente Fachgesch\u00e4ft","article_modified_time":"2025-03-24T12:25:49+00:00","og_image":[{"width":766,"height":812,"url":"https:\/\/gongcenter.ch\/app\/uploads\/2024\/05\/triqueta-gong.png","type":"image\/png"}],"twitter_card":"summary_large_image","twitter_misc":{"Est. reading time":"2 minutes"},"schema":{"@context":"https:\/\/schema.org","@graph":[{"@type":"WebPage","@id":"https:\/\/gongcenter.ch\/produkt\/triquetra-gong-36-90-cm\/","url":"https:\/\/gongcenter.ch\/produkt\/triquetra-gong-36-90-cm\/","name":"Triquetra - Deep Universe Gong I Frequenz -A \/54 Hz","isPartOf":{"@id":"https:\/\/gongcenter.ch\/#website"},"primaryImageOfPage":{"@id":"https:\/\/gongcenter.ch\/produkt\/triquetra-gong-36-90-cm\/#primaryimage"},"image":{"@id":"https:\/\/gongcenter.ch\/produkt\/triquetra-gong-36-90-cm\/#primaryimage"},"thumbnailUrl":"https:\/\/gongcenter.ch\/app\/uploads\/2024\/05\/triqueta-gong.png","datePublished":"2024-05-15T16:41:39+00:00","dateModified":"2025-03-24T12:25:49+00:00","description":"Deep Universe Gong - 54 Hz Heilfrequenz (Nervensystem, Meditation, Gehirn- und K\u00f6rperheilung). Erh\u00e4ltlich im Gong Center bei Z\u00fcrich oder online.","breadcrumb":{"@id":"https:\/\/gongcenter.ch\/produkt\/triquetra-gong-36-90-cm\/#breadcrumb"},"inLanguage":"en-US","potentialAction":[{"@type":"ReadAction","target":["https:\/\/gongcenter.ch\/produkt\/triquetra-gong-36-90-cm\/"]}]},{"@type":"ImageObject","inLanguage":"en-US","@id":"https:\/\/gongcenter.ch\/produkt\/triquetra-gong-36-90-cm\/#primaryimage","url":"https:\/\/gongcenter.ch\/app\/uploads\/2024\/05\/triqueta-gong.png","contentUrl":"https:\/\/gongcenter.ch\/app\/uploads\/2024\/05\/triqueta-gong.png","width":766,"height":812},{"@type":"BreadcrumbList","@id":"https:\/\/gongcenter.ch\/produkt\/triquetra-gong-36-90-cm\/#breadcrumb","itemListElement":[{"@type":"ListItem","position":1,"name":"Startseite","item":"https:\/\/gongcenter.ch\/en\/"},{"@type":"ListItem","position":2,"name":"Shop","item":"https:\/\/gongcenter.ch\/en\/shop\/"},{"@type":"ListItem","position":3,"name":"Gongland Triquetra Gong 36&#8243;"}]},{"@type":"WebSite","@id":"https:\/\/gongcenter.ch\/#website","url":"https:\/\/gongcenter.ch\/","name":"Gong Center Schweiz I Dein Gong und Klanginstrumente Fachgesch\u00e4ft","description":"Entdecke eine grosse Gong Auswahl sowie weitere Klanginstrumente - Wir sind Gong Klangtherapeut und bieten dir Top Qualit\u00e4t und Beratung.","publisher":{"@id":"https:\/\/gongcenter.ch\/#organization"},"potentialAction":[{"@type":"SearchAction","target":{"@type":"EntryPoint","urlTemplate":"https:\/\/gongcenter.ch\/?s={search_term_string}"},"query-input":{"@type":"PropertyValueSpecification","valueRequired":true,"valueName":"search_term_string"}}],"inLanguage":"en-US"},{"@type":"Organization","@id":"https:\/\/gongcenter.ch\/#organization","name":"Gongcenter Z\u00fcrich I Das Fachgesch\u00e4ft f\u00fcr Gong und Klang","url":"https:\/\/gongcenter.ch\/","logo":{"@type":"ImageObject","inLanguage":"en-US","@id":"https:\/\/gongcenter.ch\/#\/schema\/logo\/image\/","url":"https:\/\/gongcenter.ch\/app\/uploads\/2018\/05\/Gong-Center_Logo_2000_black.png","contentUrl":"https:\/\/gongcenter.ch\/app\/uploads\/2018\/05\/Gong-Center_Logo_2000_black.png","width":2000,"height":600,"caption":"Gongcenter Z\u00fcrich I Das Fachgesch\u00e4ft f\u00fcr Gong und Klang"},"image":{"@id":"https:\/\/gongcenter.ch\/#\/schema\/logo\/image\/"}}]}},"acf":[],"_links":{"self":[{"href":"https:\/\/gongcenter.ch\/en\/wp-json\/wp\/v2\/product\/35386","targetHints":{"allow":["GET"]}}],"collection":[{"href":"https:\/\/gongcenter.ch\/en\/wp-json\/wp\/v2\/product"}],"about":[{"href":"https:\/\/gongcenter.ch\/en\/wp-json\/wp\/v2\/types\/product"}],"wp:featuredmedia":[{"embeddable":true,"href":"https:\/\/gongcenter.ch\/en\/wp-json\/wp\/v2\/media\/35387"}],"wp:attachment":[{"href":"https:\/\/gongcenter.ch\/en\/wp-json\/wp\/v2\/media?parent=35386"}],"wp:term":[{"taxonomy":"product_brand","embeddable":true,"href":"https:\/\/gongcenter.ch\/en\/wp-json\/wp\/v2\/product_brand?post=35386"},{"taxonomy":"product_cat","embeddable":true,"href":"https:\/\/gongcenter.ch\/en\/wp-json\/wp\/v2\/product_cat?post=35386"},{"taxonomy":"product_tag","embeddable":true,"href":"https:\/\/gongcenter.ch\/en\/wp-json\/wp\/v2\/product_tag?post=35386"}],"curies":[{"name":"wp","href":"https:\/\/api.w.org\/{rel}","templated":true}]}}