{"id":35444,"date":"2024-05-29T14:59:14","date_gmt":"2024-05-29T13:59:14","guid":{"rendered":"https:\/\/gongcenter.ch\/?post_type=product&#038;p=35444"},"modified":"2024-05-29T15:08:47","modified_gmt":"2024-05-29T14:08:47","slug":"stimmgabel-planetenton-lton","status":"publish","type":"product","link":"https:\/\/gongcenter.ch\/en\/product\/stimmgabel-planetenton-lton\/","title":{"rendered":"Stimmgabel Planetenton L"},"content":{"rendered":"<p>Die planetarisch gestimmten <strong>Stimmgabeln<\/strong> von Barthelmes werden nach den Berechnungen von Hans Cousto (Die Kosmische Oktave) in Deutschland hergestellt. Dabei wird jede Stimmgabel exakt auf die Frequenz des jeweiligen Himmelsk\u00f6rpers gestimmt, um eine therapeutische Wirkung zu erzielen.<\/p>\n<p>Diese Stimmgabeln sind im Gegensatz zu den Standardstimmgabeln gr\u00f6sser und schwerer. Dadurch k\u00f6nnen sie l\u00e4nger schwingen und m\u00fcssen w\u00e4hrend einer Behandlung oder im professionellen Therapiebereich weniger oft angeschlagen werden.<\/p>\n<p>Die <strong>Stimmgabeln<\/strong> sind aus hochwertigem Werkzeugstahl gefertigt, vernickelt und haben eine matte haben eine matte Oberfl\u00e4che.<\/p>\n<p><strong>Therapeutische Wirkung:<\/strong><\/p>\n<ul>\n<li>Steht f\u00fcr das Magische und Transzendentale<\/li>\n<li>f\u00fcr Menschen, deren Seele von Heiterkeit und deren Geist von Klarheit erf\u00fcllt ist<\/li>\n<li>F\u00fchrt zum Loslassen ohne Wehmut<\/li>\n<\/ul>\n<p>Arno Barthelmes &amp; Co. GmbH ist ein Unternehmen mit bereits 140 j\u00e4hriger Erfahrung in der Produktion von hochwertigen Stimmgabeln. Die Klangdauer und Verarbeitung sind von h\u00f6chster Qualit\u00e4t. Alle Stimmgabeln werden aus einem Block gefertigt und nur besonders geeigneter Stahl kommt hierf\u00fcr zum Einsatz.<\/p>\n","protected":false},"excerpt":{"rendered":"Kurzbeschreibung\r\n<ul>\r\n \t<li>\r\n<div>Hohe Frequenzgenauigkeit<\/div><\/li>\r\n \t<li>\r\n<div>Lange nachschwingend<\/div><\/li>\r\n \t<li>\r\n<div>Aus einem St\u00fcck hochwertigem Werkzeugstahl gefr\u00e4st und vernickelt<\/div><\/li>\r\n \t<li>\r\n<div>Gabelarme 5 x 8 mm<\/div><\/li>\r\n \t<li>\r\n<div>Feinmatte Oberfl\u00e4che<\/div><\/li>\r\n<\/ul>","protected":false},"featured_media":35472,"template":"","meta":[],"product_brand":[],"product_cat":[503],"product_tag":[],"class_list":{"0":"post-35444","1":"product","2":"type-product","3":"status-publish","4":"has-post-thumbnail","6":"product_cat-stimmgabeln","7":"product_shipping_class-bis-199-chf-9-90-chf","9":"first","10":"instock","11":"sold-individually","12":"taxable","13":"shipping-taxable","14":"purchasable","15":"product-type-variable"},"yoast_head":"<!-- This site is optimized with the Yoast SEO plugin v27.0 - https:\/\/yoast.com\/product\/yoast-seo-wordpress\/ -->\n<title>Barthelmes Stimmgabel | Planetarisch<\/title>\n<meta name=\"description\" content=\"Diese Stimmgabeln sind im Gegensatz zu den Standardstimmgabeln gr\u00f6sser und schwerer. Jetzt Planetenton ausw\u00e4hlen und online bestellen.\" \/>\n<meta name=\"robots\" content=\"index, follow, max-snippet:-1, max-image-preview:large, max-video-preview:-1\" \/>\n<link rel=\"canonical\" href=\"https:\/\/gongcenter.ch\/produkt\/stimmgabel-planetenton-lton\/\" \/>\n<meta property=\"og:locale\" content=\"en_US\" \/>\n<meta property=\"og:type\" content=\"article\" \/>\n<meta property=\"og:title\" content=\"Barthelmes Stimmgabel | Planetarisch\" \/>\n<meta property=\"og:description\" content=\"Diese Stimmgabeln sind im Gegensatz zu den Standardstimmgabeln gr\u00f6sser und schwerer. Jetzt Planetenton ausw\u00e4hlen und online bestellen.\" \/>\n<meta property=\"og:url\" content=\"https:\/\/gongcenter.ch\/produkt\/stimmgabel-planetenton-lton\/\" \/>\n<meta property=\"og:site_name\" content=\"Gong Center Schweiz I Dein Gong und Klanginstrumente Fachgesch\u00e4ft\" \/>\n<meta property=\"article:modified_time\" content=\"2024-05-29T14:08:47+00:00\" \/>\n<meta property=\"og:image\" content=\"https:\/\/gongcenter.ch\/app\/uploads\/2024\/05\/kosmische_stimmgabeln_sonne.jpg\" \/>\n\t<meta property=\"og:image:width\" content=\"1330\" \/>\n\t<meta property=\"og:image:height\" content=\"800\" \/>\n\t<meta property=\"og:image:type\" content=\"image\/jpeg\" \/>\n<meta name=\"twitter:card\" content=\"summary_large_image\" \/>\n<meta name=\"twitter:label1\" content=\"Est. reading time\" \/>\n\t<meta name=\"twitter:data1\" content=\"2 minutes\" \/>\n<!-- \/ Yoast SEO plugin. -->","yoast_head_json":{"title":"Barthelmes Stimmgabel | Planetarisch","description":"Diese Stimmgabeln sind im Gegensatz zu den Standardstimmgabeln gr\u00f6sser und schwerer. Jetzt Planetenton ausw\u00e4hlen und online bestellen.","robots":{"index":"index","follow":"follow","max-snippet":"max-snippet:-1","max-image-preview":"max-image-preview:large","max-video-preview":"max-video-preview:-1"},"canonical":"https:\/\/gongcenter.ch\/produkt\/stimmgabel-planetenton-lton\/","og_locale":"en_US","og_type":"article","og_title":"Barthelmes Stimmgabel | Planetarisch","og_description":"Diese Stimmgabeln sind im Gegensatz zu den Standardstimmgabeln gr\u00f6sser und schwerer. Jetzt Planetenton ausw\u00e4hlen und online bestellen.","og_url":"https:\/\/gongcenter.ch\/produkt\/stimmgabel-planetenton-lton\/","og_site_name":"Gong Center Schweiz I Dein Gong und Klanginstrumente Fachgesch\u00e4ft","article_modified_time":"2024-05-29T14:08:47+00:00","og_image":[{"width":1330,"height":800,"url":"https:\/\/gongcenter.ch\/app\/uploads\/2024\/05\/kosmische_stimmgabeln_sonne.jpg","type":"image\/jpeg"}],"twitter_card":"summary_large_image","twitter_misc":{"Est. reading time":"2 minutes"},"schema":{"@context":"https:\/\/schema.org","@graph":[{"@type":"WebPage","@id":"https:\/\/gongcenter.ch\/produkt\/stimmgabel-planetenton-lton\/","url":"https:\/\/gongcenter.ch\/produkt\/stimmgabel-planetenton-lton\/","name":"Barthelmes Stimmgabel | Planetarisch","isPartOf":{"@id":"https:\/\/gongcenter.ch\/#website"},"primaryImageOfPage":{"@id":"https:\/\/gongcenter.ch\/produkt\/stimmgabel-planetenton-lton\/#primaryimage"},"image":{"@id":"https:\/\/gongcenter.ch\/produkt\/stimmgabel-planetenton-lton\/#primaryimage"},"thumbnailUrl":"https:\/\/gongcenter.ch\/app\/uploads\/2024\/05\/kosmische_stimmgabeln_sonne.jpg","datePublished":"2024-05-29T13:59:14+00:00","dateModified":"2024-05-29T14:08:47+00:00","description":"Diese Stimmgabeln sind im Gegensatz zu den Standardstimmgabeln gr\u00f6sser und schwerer. Jetzt Planetenton ausw\u00e4hlen und online bestellen.","breadcrumb":{"@id":"https:\/\/gongcenter.ch\/produkt\/stimmgabel-planetenton-lton\/#breadcrumb"},"inLanguage":"en-US","potentialAction":[{"@type":"ReadAction","target":["https:\/\/gongcenter.ch\/produkt\/stimmgabel-planetenton-lton\/"]}]},{"@type":"ImageObject","inLanguage":"en-US","@id":"https:\/\/gongcenter.ch\/produkt\/stimmgabel-planetenton-lton\/#primaryimage","url":"https:\/\/gongcenter.ch\/app\/uploads\/2024\/05\/kosmische_stimmgabeln_sonne.jpg","contentUrl":"https:\/\/gongcenter.ch\/app\/uploads\/2024\/05\/kosmische_stimmgabeln_sonne.jpg","width":1330,"height":800},{"@type":"BreadcrumbList","@id":"https:\/\/gongcenter.ch\/produkt\/stimmgabel-planetenton-lton\/#breadcrumb","itemListElement":[{"@type":"ListItem","position":1,"name":"Startseite","item":"https:\/\/gongcenter.ch\/en\/"},{"@type":"ListItem","position":2,"name":"Shop","item":"https:\/\/gongcenter.ch\/en\/shop\/"},{"@type":"ListItem","position":3,"name":"Stimmgabel Planetenton L"}]},{"@type":"WebSite","@id":"https:\/\/gongcenter.ch\/#website","url":"https:\/\/gongcenter.ch\/","name":"Gong Center Schweiz I Dein Gong und Klanginstrumente Fachgesch\u00e4ft","description":"Entdecke eine grosse Gong Auswahl sowie weitere Klanginstrumente - Wir sind Gong Klangtherapeut und bieten dir Top Qualit\u00e4t und Beratung.","publisher":{"@id":"https:\/\/gongcenter.ch\/#organization"},"potentialAction":[{"@type":"SearchAction","target":{"@type":"EntryPoint","urlTemplate":"https:\/\/gongcenter.ch\/?s={search_term_string}"},"query-input":{"@type":"PropertyValueSpecification","valueRequired":true,"valueName":"search_term_string"}}],"inLanguage":"en-US"},{"@type":"Organization","@id":"https:\/\/gongcenter.ch\/#organization","name":"Gongcenter Z\u00fcrich I Das Fachgesch\u00e4ft f\u00fcr Gong und Klang","url":"https:\/\/gongcenter.ch\/","logo":{"@type":"ImageObject","inLanguage":"en-US","@id":"https:\/\/gongcenter.ch\/#\/schema\/logo\/image\/","url":"https:\/\/gongcenter.ch\/app\/uploads\/2018\/05\/Gong-Center_Logo_2000_black.png","contentUrl":"https:\/\/gongcenter.ch\/app\/uploads\/2018\/05\/Gong-Center_Logo_2000_black.png","width":2000,"height":600,"caption":"Gongcenter Z\u00fcrich I Das Fachgesch\u00e4ft f\u00fcr Gong und Klang"},"image":{"@id":"https:\/\/gongcenter.ch\/#\/schema\/logo\/image\/"}}]}},"acf":[],"_links":{"self":[{"href":"https:\/\/gongcenter.ch\/en\/wp-json\/wp\/v2\/product\/35444","targetHints":{"allow":["GET"]}}],"collection":[{"href":"https:\/\/gongcenter.ch\/en\/wp-json\/wp\/v2\/product"}],"about":[{"href":"https:\/\/gongcenter.ch\/en\/wp-json\/wp\/v2\/types\/product"}],"wp:featuredmedia":[{"embeddable":true,"href":"https:\/\/gongcenter.ch\/en\/wp-json\/wp\/v2\/media\/35472"}],"wp:attachment":[{"href":"https:\/\/gongcenter.ch\/en\/wp-json\/wp\/v2\/media?parent=35444"}],"wp:term":[{"taxonomy":"product_brand","embeddable":true,"href":"https:\/\/gongcenter.ch\/en\/wp-json\/wp\/v2\/product_brand?post=35444"},{"taxonomy":"product_cat","embeddable":true,"href":"https:\/\/gongcenter.ch\/en\/wp-json\/wp\/v2\/product_cat?post=35444"},{"taxonomy":"product_tag","embeddable":true,"href":"https:\/\/gongcenter.ch\/en\/wp-json\/wp\/v2\/product_tag?post=35444"}],"curies":[{"name":"wp","href":"https:\/\/api.w.org\/{rel}","templated":true}]}}