{"id":35552,"date":"2024-07-15T12:05:34","date_gmt":"2024-07-15T11:05:34","guid":{"rendered":"https:\/\/gongcenter.ch\/?post_type=product&#038;p=35552"},"modified":"2026-03-03T13:01:14","modified_gmt":"2026-03-03T12:01:14","slug":"goike-gong-sonne-90-cm","status":"publish","type":"product","link":"https:\/\/gongcenter.ch\/en\/product\/goike-gong-sonne-90-cm\/","title":{"rendered":"Goike Gong Sonne 90 cm"},"content":{"rendered":"<p class=\"\" data-start=\"455\" data-end=\"658\">Der <strong data-start=\"459\" data-end=\"480\">Goike Sonnen-Gong<\/strong> ist ein tief klingender, archaischer und kraftvoller Gong \u2013 gefertigt im europ\u00e4ischen Gongmacher-Stil aus Neusilber und von Hand <strong data-start=\"610\" data-end=\"657\">auf die Planetenfrequenz der Sonne gestimmt<\/strong>.<\/p>\n<p class=\"\" data-start=\"660\" data-end=\"938\">Die Sonne war seit jeher Quelle des Lebens, Lichtbringerin, Nahrungsgeberin und Symbol f\u00fcr Kraft und Bewusstsein. Ihr Licht l\u00e4sst uns sehen, wachsen und verstehen. Der Klang dieses Gongs tr\u00e4gt diese Qualit\u00e4t weiter: <strong data-start=\"876\" data-end=\"937\">warm, zentrierend, strahlend und zugleich tief verwurzelt<\/strong>.<\/p>\n<p class=\"\" data-start=\"940\" data-end=\"1167\">Er unterst\u00fctzt dich dabei, <strong data-start=\"967\" data-end=\"1069\">in deine Mitte zu kommen, spirituelle Tiefe zu erfahren und die Magie des Lebens bewusst zu sp\u00fcren<\/strong>. Ein wertvolles Instrument f\u00fcr Klangtherapie, energetisches Arbeiten oder tiefgehende Meditation.<\/p>\n<blockquote data-start=\"1169\" data-end=\"1289\">\n<p class=\"\" data-start=\"1171\" data-end=\"1289\"><strong data-start=\"1171\" data-end=\"1289\">F\u00fcge diesen leuchtenden Gong deinem Klangwerkzeugkasten hinzu \u2013 f\u00fcr kraftvolle, heilende Impulse auf allen Ebenen.<\/strong><\/p>\n<p data-start=\"1171\" data-end=\"1289\">\n<\/blockquote>\n<hr class=\"\" data-start=\"1291\" data-end=\"1294\" \/>\n<h3 class=\"\" data-start=\"1296\" data-end=\"1329\">&#x2139;&#xfe0f; <strong data-start=\"1303\" data-end=\"1327\">Hinweis zur Wirkung:<\/strong><\/h3>\n<p class=\"\" data-start=\"1330\" data-end=\"1498\">Alle Angaben zur Wirkung basieren auf langj\u00e4hriger Erfahrung. Jede Frequenz wirkt individuell \u2013 und erst durch dein eigenes Erleben entfaltet sich ihre wahre Bedeutung.<\/p>\n<hr class=\"\" data-start=\"1500\" data-end=\"1503\" \/>\n<h3 data-start=\"1505\" data-end=\"1532\"><\/h3>\n<h3 class=\"\" data-start=\"1505\" data-end=\"1532\"><strong data-start=\"1512\" data-end=\"1530\">Pflegehinweis:<\/strong><\/h3>\n<p class=\"\" data-start=\"1533\" data-end=\"1828\">Gongs nehmen Hautfette schnell auf, was die Oberfl\u00e4che optisch ver\u00e4ndern kann. Regelm\u00e4ssige Pflege mit Silber- oder Metallpolitur hilft, die Oberfl\u00e4che sch\u00f6n zu halten. R\u00fcckst\u00e4nde sollten entfernt werden, um Verf\u00e4rbungen der Mallets zu vermeiden. Die Klangqualit\u00e4t bleibt stets unbeeintr\u00e4chtigt.<\/p>\n","protected":false},"excerpt":{"rendered":"<strong data-start=\"376\" data-end=\"387\">Gr\u00f6sse:<\/strong> 90\u202fcm \/ 36&#8243;<br data-start=\"399\" data-end=\"402\" \/><strong data-start=\"402\" data-end=\"415\">Grundton:<\/strong> 63,11\u202fHz (Sonnenton nach Hans Cousto)","protected":false},"featured_media":36576,"template":"","meta":[],"product_brand":[],"product_cat":[1409,1410,1422,493],"product_tag":[],"class_list":{"0":"post-35552","1":"product","2":"type-product","3":"status-publish","4":"has-post-thumbnail","6":"product_cat-goike-gongs","7":"product_cat-goike-planeten-gongs","8":"product_cat-gongs-auf-lager","9":"product_cat-tuned-gongs","10":"product_shipping_class-kostenloser-versand-innerhalb-der-schweiz","11":"pa_modell-new-planet-sonne-gong","12":"pa_modell-sonne-gong","14":"first","15":"instock","16":"sold-individually","17":"taxable","18":"shipping-taxable","19":"purchasable","20":"product-type-simple"},"yoast_head":"<!-- This site is optimized with the Yoast SEO plugin v27.0 - https:\/\/yoast.com\/product\/yoast-seo-wordpress\/ -->\n<title>Goike gestimmter Planet Sonne Gong 36&quot; \/ 90 cm<\/title>\n<meta name=\"description\" content=\"Der Goike Planeten Gong Sonne ist so kraftvoll wie die Sonne selbst. Der Sonnenton wird er auch der k\u00f6rperlichen Mitte zugeordnet. Jetzt Anfrage senden\" \/>\n<meta name=\"robots\" content=\"index, follow, max-snippet:-1, max-image-preview:large, max-video-preview:-1\" \/>\n<link rel=\"canonical\" href=\"https:\/\/gongcenter.ch\/produkt\/goike-gong-sonne-90-cm\/\" \/>\n<meta property=\"og:locale\" content=\"en_US\" \/>\n<meta property=\"og:type\" content=\"article\" \/>\n<meta property=\"og:title\" content=\"Goike gestimmter Planet Sonne Gong 36&quot; \/ 90 cm\" \/>\n<meta property=\"og:description\" content=\"Der Goike Planeten Gong Sonne ist so kraftvoll wie die Sonne selbst. Der Sonnenton wird er auch der k\u00f6rperlichen Mitte zugeordnet. Jetzt Anfrage senden\" \/>\n<meta property=\"og:url\" content=\"https:\/\/gongcenter.ch\/produkt\/goike-gong-sonne-90-cm\/\" \/>\n<meta property=\"og:site_name\" content=\"Gong Center Schweiz I Dein Gong und Klanginstrumente Fachgesch\u00e4ft\" \/>\n<meta property=\"article:modified_time\" content=\"2026-03-03T12:01:14+00:00\" \/>\n<meta property=\"og:image\" content=\"https:\/\/gongcenter.ch\/app\/uploads\/2025\/03\/goike-gong-sun-ex.png\" \/>\n\t<meta property=\"og:image:width\" content=\"1260\" \/>\n\t<meta property=\"og:image:height\" content=\"1260\" \/>\n\t<meta property=\"og:image:type\" content=\"image\/png\" \/>\n<meta name=\"twitter:card\" content=\"summary_large_image\" \/>\n<meta name=\"twitter:label1\" content=\"Est. reading time\" \/>\n\t<meta name=\"twitter:data1\" content=\"2 minutes\" \/>\n<!-- \/ Yoast SEO plugin. -->","yoast_head_json":{"title":"Goike gestimmter Planet Sonne Gong 36\" \/ 90 cm","description":"Der Goike Planeten Gong Sonne ist so kraftvoll wie die Sonne selbst. Der Sonnenton wird er auch der k\u00f6rperlichen Mitte zugeordnet. Jetzt Anfrage senden","robots":{"index":"index","follow":"follow","max-snippet":"max-snippet:-1","max-image-preview":"max-image-preview:large","max-video-preview":"max-video-preview:-1"},"canonical":"https:\/\/gongcenter.ch\/produkt\/goike-gong-sonne-90-cm\/","og_locale":"en_US","og_type":"article","og_title":"Goike gestimmter Planet Sonne Gong 36\" \/ 90 cm","og_description":"Der Goike Planeten Gong Sonne ist so kraftvoll wie die Sonne selbst. Der Sonnenton wird er auch der k\u00f6rperlichen Mitte zugeordnet. Jetzt Anfrage senden","og_url":"https:\/\/gongcenter.ch\/produkt\/goike-gong-sonne-90-cm\/","og_site_name":"Gong Center Schweiz I Dein Gong und Klanginstrumente Fachgesch\u00e4ft","article_modified_time":"2026-03-03T12:01:14+00:00","og_image":[{"width":1260,"height":1260,"url":"https:\/\/gongcenter.ch\/app\/uploads\/2025\/03\/goike-gong-sun-ex.png","type":"image\/png"}],"twitter_card":"summary_large_image","twitter_misc":{"Est. reading time":"2 minutes"},"schema":{"@context":"https:\/\/schema.org","@graph":[{"@type":"WebPage","@id":"https:\/\/gongcenter.ch\/produkt\/goike-gong-sonne-90-cm\/","url":"https:\/\/gongcenter.ch\/produkt\/goike-gong-sonne-90-cm\/","name":"Goike gestimmter Planet Sonne Gong 36\" \/ 90 cm","isPartOf":{"@id":"https:\/\/gongcenter.ch\/#website"},"primaryImageOfPage":{"@id":"https:\/\/gongcenter.ch\/produkt\/goike-gong-sonne-90-cm\/#primaryimage"},"image":{"@id":"https:\/\/gongcenter.ch\/produkt\/goike-gong-sonne-90-cm\/#primaryimage"},"thumbnailUrl":"https:\/\/gongcenter.ch\/app\/uploads\/2025\/03\/goike-gong-sun-ex.png","datePublished":"2024-07-15T11:05:34+00:00","dateModified":"2026-03-03T12:01:14+00:00","description":"Der Goike Planeten Gong Sonne ist so kraftvoll wie die Sonne selbst. Der Sonnenton wird er auch der k\u00f6rperlichen Mitte zugeordnet. Jetzt Anfrage senden","breadcrumb":{"@id":"https:\/\/gongcenter.ch\/produkt\/goike-gong-sonne-90-cm\/#breadcrumb"},"inLanguage":"en-US","potentialAction":[{"@type":"ReadAction","target":["https:\/\/gongcenter.ch\/produkt\/goike-gong-sonne-90-cm\/"]}]},{"@type":"ImageObject","inLanguage":"en-US","@id":"https:\/\/gongcenter.ch\/produkt\/goike-gong-sonne-90-cm\/#primaryimage","url":"https:\/\/gongcenter.ch\/app\/uploads\/2025\/03\/goike-gong-sun-ex.png","contentUrl":"https:\/\/gongcenter.ch\/app\/uploads\/2025\/03\/goike-gong-sun-ex.png","width":1260,"height":1260},{"@type":"BreadcrumbList","@id":"https:\/\/gongcenter.ch\/produkt\/goike-gong-sonne-90-cm\/#breadcrumb","itemListElement":[{"@type":"ListItem","position":1,"name":"Startseite","item":"https:\/\/gongcenter.ch\/en\/"},{"@type":"ListItem","position":2,"name":"Shop","item":"https:\/\/gongcenter.ch\/en\/shop\/"},{"@type":"ListItem","position":3,"name":"Goike Gong Sonne 90 cm"}]},{"@type":"WebSite","@id":"https:\/\/gongcenter.ch\/#website","url":"https:\/\/gongcenter.ch\/","name":"Gong Center Schweiz I Dein Gong und Klanginstrumente Fachgesch\u00e4ft","description":"Entdecke eine grosse Gong Auswahl sowie weitere Klanginstrumente - Wir sind Gong Klangtherapeut und bieten dir Top Qualit\u00e4t und Beratung.","publisher":{"@id":"https:\/\/gongcenter.ch\/#organization"},"potentialAction":[{"@type":"SearchAction","target":{"@type":"EntryPoint","urlTemplate":"https:\/\/gongcenter.ch\/?s={search_term_string}"},"query-input":{"@type":"PropertyValueSpecification","valueRequired":true,"valueName":"search_term_string"}}],"inLanguage":"en-US"},{"@type":"Organization","@id":"https:\/\/gongcenter.ch\/#organization","name":"Gongcenter Z\u00fcrich I Das Fachgesch\u00e4ft f\u00fcr Gong und Klang","url":"https:\/\/gongcenter.ch\/","logo":{"@type":"ImageObject","inLanguage":"en-US","@id":"https:\/\/gongcenter.ch\/#\/schema\/logo\/image\/","url":"https:\/\/gongcenter.ch\/app\/uploads\/2018\/05\/Gong-Center_Logo_2000_black.png","contentUrl":"https:\/\/gongcenter.ch\/app\/uploads\/2018\/05\/Gong-Center_Logo_2000_black.png","width":2000,"height":600,"caption":"Gongcenter Z\u00fcrich I Das Fachgesch\u00e4ft f\u00fcr Gong und Klang"},"image":{"@id":"https:\/\/gongcenter.ch\/#\/schema\/logo\/image\/"}}]}},"acf":[],"_links":{"self":[{"href":"https:\/\/gongcenter.ch\/en\/wp-json\/wp\/v2\/product\/35552","targetHints":{"allow":["GET"]}}],"collection":[{"href":"https:\/\/gongcenter.ch\/en\/wp-json\/wp\/v2\/product"}],"about":[{"href":"https:\/\/gongcenter.ch\/en\/wp-json\/wp\/v2\/types\/product"}],"wp:featuredmedia":[{"embeddable":true,"href":"https:\/\/gongcenter.ch\/en\/wp-json\/wp\/v2\/media\/36576"}],"wp:attachment":[{"href":"https:\/\/gongcenter.ch\/en\/wp-json\/wp\/v2\/media?parent=35552"}],"wp:term":[{"taxonomy":"product_brand","embeddable":true,"href":"https:\/\/gongcenter.ch\/en\/wp-json\/wp\/v2\/product_brand?post=35552"},{"taxonomy":"product_cat","embeddable":true,"href":"https:\/\/gongcenter.ch\/en\/wp-json\/wp\/v2\/product_cat?post=35552"},{"taxonomy":"product_tag","embeddable":true,"href":"https:\/\/gongcenter.ch\/en\/wp-json\/wp\/v2\/product_tag?post=35552"}],"curies":[{"name":"wp","href":"https:\/\/api.w.org\/{rel}","templated":true}]}}