{"id":35582,"date":"2024-07-15T12:06:32","date_gmt":"2024-07-15T11:06:32","guid":{"rendered":"https:\/\/gongcenter.ch\/?post_type=product&#038;p=35582"},"modified":"2024-07-29T15:02:30","modified_gmt":"2024-07-29T14:02:30","slug":"goike-gong-sedna","status":"publish","type":"product","link":"https:\/\/gongcenter.ch\/en\/product\/goike-gong-sedna\/","title":{"rendered":"Goike Gong Sedna 81 cm"},"content":{"rendered":"<p>Der Planet Sedna ist der zehnte Planet in unserem Sonnensystem. Sein Name stammt von einer Eskimog\u00f6ttin. Denn Sedna ist 12 Lichtstunden von der Sonne entfernt und hat an der Oberfl\u00e4che eine Temperatur von 240 Grad Celsius &#8211; unter Null.<\/p>\n<p>INFO<br \/>\nAuch wenn Sie hier und bei anderen Gong-Beschreibungen Wirkungen und Entsprechungen finden werden, handelt es sich immer um Beschreibungen von Erfahrungen, die im Verlaufe vieler Jahre gemacht worden sind und sich mitunter auch nur im Kontext der jeweiligen Begrifflichkeiten erschliessen. Alle Texte hier sollen Anregungen und Inspirationen f\u00fcr Ihre Gongarbeit sein. In dem Moment, wo Sie sich mit einer Frequenz besch\u00e4ftigen, erst dann k\u00f6nnen Sie sagen, was diese Frequenz f\u00fcr Sie leisten kann. Fakt ist, jede dieser Frequenzen hat eine spezifische Wirkung \u2013 da alle Menschen verschieden sind, wirken sich diese eben auch unterschiedlich aus. Erst die eigene Erfahrung wird eigenes, wertvolles Wissen generieren k\u00f6nnen.<\/p>\n<p>PFLEGE<br \/>\nGongs laden dazu ein, angefasst zu werden. Das Material ist grunds\u00e4tzlich extrem trocken und hat die Eigenschaft, sofort die nat\u00fcrlichen Fette und \u00d6le aus der Haut aufzusaugen. Der Gong entwickelt dadurch eine leicht unansehnliche Optik. Umgehen Sie dies, indem sie das Pflegen der Oberfl\u00e4che zur Routine werden lassen. Geeignet zur Plege sind Silber- und Metallputzmittel. Seien Sie sorgsam mit dem Nachpolieren, damit die Mallets nicht dunkel werden durch Reste von Putzmittel. Der Klang wird durch die Optik eines Gongs in keinem Fall beeintr\u00e4chtigt.<\/p>\n","protected":false},"excerpt":{"rendered":"<ul>\r\n \t<li>Gr\u00f6sse: 81 cm &#8211; 32&#8243;<\/li>\r\n \t<li>Frequenz: 209,88 Hz &#8211; 104,94 Hz<\/li>\r\n<\/ul>","protected":false},"featured_media":0,"template":"","meta":[],"product_brand":[],"product_cat":[1409,1410,493],"product_tag":[],"class_list":{"0":"post-35582","1":"product","2":"type-product","3":"status-publish","5":"product_cat-goike-gongs","6":"product_cat-goike-planeten-gongs","7":"product_cat-tuned-gongs","8":"product_shipping_class-kostenloser-versand-innerhalb-der-schweiz","9":"pa_modell-new-planet-sedna-gong","10":"pa_modell-sedna-gong","12":"first","13":"instock","14":"sold-individually","15":"taxable","16":"shipping-taxable","17":"purchasable","18":"product-type-simple"},"yoast_head":"<!-- This site is optimized with the Yoast SEO plugin v27.0 - https:\/\/yoast.com\/product\/yoast-seo-wordpress\/ -->\n<title>Goike Planeten Gong Sedna | die Meeresg\u00f6ttin der Inuit<\/title>\n<meta name=\"description\" content=\"Sedna, die Meeresg\u00f6ttin der Eskimos. Der Klang dieses Gongs klingt wie die kalten Tiefen des Atlantiks.Jetzt Anfrage senden.\" \/>\n<meta name=\"robots\" content=\"index, follow, max-snippet:-1, max-image-preview:large, max-video-preview:-1\" \/>\n<link rel=\"canonical\" href=\"https:\/\/gongcenter.ch\/produkt\/goike-gong-sedna\/\" \/>\n<meta property=\"og:locale\" content=\"en_US\" \/>\n<meta property=\"og:type\" content=\"article\" \/>\n<meta property=\"og:title\" content=\"Goike Planeten Gong Sedna | die Meeresg\u00f6ttin der Inuit\" \/>\n<meta property=\"og:description\" content=\"Sedna, die Meeresg\u00f6ttin der Eskimos. Der Klang dieses Gongs klingt wie die kalten Tiefen des Atlantiks.Jetzt Anfrage senden.\" \/>\n<meta property=\"og:url\" content=\"https:\/\/gongcenter.ch\/produkt\/goike-gong-sedna\/\" \/>\n<meta property=\"og:site_name\" content=\"Gong Center Schweiz I Dein Gong und Klanginstrumente Fachgesch\u00e4ft\" \/>\n<meta property=\"article:modified_time\" content=\"2024-07-29T14:02:30+00:00\" \/>\n<meta name=\"twitter:card\" content=\"summary_large_image\" \/>\n<meta name=\"twitter:label1\" content=\"Est. reading time\" \/>\n\t<meta name=\"twitter:data1\" content=\"2 minutes\" \/>\n<!-- \/ Yoast SEO plugin. -->","yoast_head_json":{"title":"Goike Planeten Gong Sedna | die Meeresg\u00f6ttin der Inuit","description":"Sedna, die Meeresg\u00f6ttin der Eskimos. Der Klang dieses Gongs klingt wie die kalten Tiefen des Atlantiks.Jetzt Anfrage senden.","robots":{"index":"index","follow":"follow","max-snippet":"max-snippet:-1","max-image-preview":"max-image-preview:large","max-video-preview":"max-video-preview:-1"},"canonical":"https:\/\/gongcenter.ch\/produkt\/goike-gong-sedna\/","og_locale":"en_US","og_type":"article","og_title":"Goike Planeten Gong Sedna | die Meeresg\u00f6ttin der Inuit","og_description":"Sedna, die Meeresg\u00f6ttin der Eskimos. Der Klang dieses Gongs klingt wie die kalten Tiefen des Atlantiks.Jetzt Anfrage senden.","og_url":"https:\/\/gongcenter.ch\/produkt\/goike-gong-sedna\/","og_site_name":"Gong Center Schweiz I Dein Gong und Klanginstrumente Fachgesch\u00e4ft","article_modified_time":"2024-07-29T14:02:30+00:00","twitter_card":"summary_large_image","twitter_misc":{"Est. reading time":"2 minutes"},"schema":{"@context":"https:\/\/schema.org","@graph":[{"@type":"WebPage","@id":"https:\/\/gongcenter.ch\/produkt\/goike-gong-sedna\/","url":"https:\/\/gongcenter.ch\/produkt\/goike-gong-sedna\/","name":"Goike Planeten Gong Sedna | die Meeresg\u00f6ttin der Inuit","isPartOf":{"@id":"https:\/\/gongcenter.ch\/#website"},"datePublished":"2024-07-15T11:06:32+00:00","dateModified":"2024-07-29T14:02:30+00:00","description":"Sedna, die Meeresg\u00f6ttin der Eskimos. Der Klang dieses Gongs klingt wie die kalten Tiefen des Atlantiks.Jetzt Anfrage senden.","breadcrumb":{"@id":"https:\/\/gongcenter.ch\/produkt\/goike-gong-sedna\/#breadcrumb"},"inLanguage":"en-US","potentialAction":[{"@type":"ReadAction","target":["https:\/\/gongcenter.ch\/produkt\/goike-gong-sedna\/"]}]},{"@type":"BreadcrumbList","@id":"https:\/\/gongcenter.ch\/produkt\/goike-gong-sedna\/#breadcrumb","itemListElement":[{"@type":"ListItem","position":1,"name":"Startseite","item":"https:\/\/gongcenter.ch\/en\/"},{"@type":"ListItem","position":2,"name":"Shop","item":"https:\/\/gongcenter.ch\/en\/shop\/"},{"@type":"ListItem","position":3,"name":"Goike Gong Sedna 81 cm"}]},{"@type":"WebSite","@id":"https:\/\/gongcenter.ch\/#website","url":"https:\/\/gongcenter.ch\/","name":"Gong Center Schweiz I Dein Gong und Klanginstrumente Fachgesch\u00e4ft","description":"Entdecke eine grosse Gong Auswahl sowie weitere Klanginstrumente - Wir sind Gong Klangtherapeut und bieten dir Top Qualit\u00e4t und Beratung.","publisher":{"@id":"https:\/\/gongcenter.ch\/#organization"},"potentialAction":[{"@type":"SearchAction","target":{"@type":"EntryPoint","urlTemplate":"https:\/\/gongcenter.ch\/?s={search_term_string}"},"query-input":{"@type":"PropertyValueSpecification","valueRequired":true,"valueName":"search_term_string"}}],"inLanguage":"en-US"},{"@type":"Organization","@id":"https:\/\/gongcenter.ch\/#organization","name":"Gongcenter Z\u00fcrich I Das Fachgesch\u00e4ft f\u00fcr Gong und Klang","url":"https:\/\/gongcenter.ch\/","logo":{"@type":"ImageObject","inLanguage":"en-US","@id":"https:\/\/gongcenter.ch\/#\/schema\/logo\/image\/","url":"https:\/\/gongcenter.ch\/app\/uploads\/2018\/05\/Gong-Center_Logo_2000_black.png","contentUrl":"https:\/\/gongcenter.ch\/app\/uploads\/2018\/05\/Gong-Center_Logo_2000_black.png","width":2000,"height":600,"caption":"Gongcenter Z\u00fcrich I Das Fachgesch\u00e4ft f\u00fcr Gong und Klang"},"image":{"@id":"https:\/\/gongcenter.ch\/#\/schema\/logo\/image\/"}}]}},"acf":[],"_links":{"self":[{"href":"https:\/\/gongcenter.ch\/en\/wp-json\/wp\/v2\/product\/35582","targetHints":{"allow":["GET"]}}],"collection":[{"href":"https:\/\/gongcenter.ch\/en\/wp-json\/wp\/v2\/product"}],"about":[{"href":"https:\/\/gongcenter.ch\/en\/wp-json\/wp\/v2\/types\/product"}],"wp:attachment":[{"href":"https:\/\/gongcenter.ch\/en\/wp-json\/wp\/v2\/media?parent=35582"}],"wp:term":[{"taxonomy":"product_brand","embeddable":true,"href":"https:\/\/gongcenter.ch\/en\/wp-json\/wp\/v2\/product_brand?post=35582"},{"taxonomy":"product_cat","embeddable":true,"href":"https:\/\/gongcenter.ch\/en\/wp-json\/wp\/v2\/product_cat?post=35582"},{"taxonomy":"product_tag","embeddable":true,"href":"https:\/\/gongcenter.ch\/en\/wp-json\/wp\/v2\/product_tag?post=35582"}],"curies":[{"name":"wp","href":"https:\/\/api.w.org\/{rel}","templated":true}]}}