{"id":35642,"date":"2024-07-17T08:18:11","date_gmt":"2024-07-17T07:18:11","guid":{"rendered":"https:\/\/gongcenter.ch\/product\/shruti-box-medium-teak-vollholz\/"},"modified":"2025-02-04T15:30:44","modified_gmt":"2025-02-04T14:30:44","slug":"shruti-box-medium-teak-vollholz","status":"publish","type":"product","link":"https:\/\/gongcenter.ch\/en\/product\/shruti-box-medium-teak-vollholz\/","title":{"rendered":"Shruti Box medium \u2013 Vollholz &#038; Holzklappen"},"content":{"rendered":"<div class=\"product-description-text\">\n<p>Ein Klanginstrument mit grossem Balgvolumen und weit tragendem Klang. Auch wenn mehrere Klappen ge\u00f6ffnet sind, muss nur langsam gepumpt werden.<\/p>\n<p>Durch ihren grossen Balg hat diese Box hat einen sehr weiten Dynamikbereich &#8211; kann also nach Bedarf sehr laut, aber auch extrem leise gespielt werden. Zum Transport lassen sich die Balgfl\u00fcgel durch kleine Riegel fixieren.<\/p>\n<p>Durch die handwerklichen Fertigung kann das Holz oder die Farbe des Balges von der Abbildung leicht abweichen.<\/p>\n<p><strong>Die indische Shrutibox <\/strong>auch \u2018Surpeti\u2019 genannt, erzeugt einen anhaltenden Bordunklang (ein Dauerton, \u00e4hnlich einem Dudelsack) und eignet sich ideal zur Stimmimprovisation oder zum Obertonsingen. Klang und Tonerzeugung sind dem indischen Harmonium oder Akkordeon sehr \u00e4hnlich: durch Bet\u00e4tigung eines Blasebalgs wird im Innern Luft an Metallzungen vorbei geblasen und bringt diese zum Schwingen.<\/p>\n<p>Beide Seiten des Instrumentes funktionieren als Balg. Auf der einen Seite sind Ventile angeordnet. Wird ein Ventil ge\u00f6ffnet, so kann dort Luft entweichen und bringt die dahinter liegende Metallzunge zum Schwingen.<\/p>\n<p><strong>Tonbereich und Stimmung<\/strong><\/p>\n<p>Im Bereich einer Oktave stehen alle 12 chromatischen T\u00f6ne zu Verf\u00fcgung. So kann die Tonh\u00f6he jeder Stimmlage angepasst werden. Im Normalfall w\u00e4hlt man f\u00fcr einen f\u00fclligen Klang zum Grundton noch mindestens die Quinte oder, falls der Grundton h\u00f6her als G sein soll, die Unterquart. Bei Bedarf kann auch noch eine Moll- oder Dur-Terz dazu kommen. Zum tiefsten Ton c kann mit der 13. Klappe auch die Oktave ge\u00f6ffnet werden.<\/p>\n<p><strong>Spielweise<\/strong><\/p>\n<p>F\u00fcr das Spielen der Shrutibox sind keinerlei Vorkenntnisse notwendig! Es kann einh\u00e4ndig im Sitzen, oder auch im Stehen gespielt werden. Im Sitzen ruht der Handballen einer Hand auf dem oberen Rand des Instrumentes und die Finger ziehen die obere Kante des Balges zum Spieler hin. Hierdurch wird der Balg mit Luft gef\u00fcllt und die T\u00f6ne der ge\u00f6ffneten Ventile erklingen. Das \u2018Luftholen\u2019 erfolgt durch pl\u00f6tzliches Loslassen des Balges. In dieser Zeit sorgt der gef\u00fcllte Balg auf der anderen Seite daf\u00fcr, dass der Klang weiter klingt und nicht abrei\u00dft. Beim Spiel im Stehen kann man das Instrument am Griff an der Oberseite halten und gleichzeitig mit dem Zeigefinger den Balg bet\u00e4tigen. Wem das Gewicht auf die Dauer zu schwer ist, sollte einen Gurt durch den Griff ziehen und die Box \u00fcber der Schulter tragen.<\/p>\n<p><strong>Einsatzzweck<\/strong><\/p>\n<p>Neben der Begleitung in der indischen Musik, dient die Shrutibox bei uns vorwiegend zur Erzeugung eines Grundtons beim Obertonsingen, beim Mantra- und Bajansingen, bei Stimm- und Instrumental -Improvisationen aller Art und als Ambiente bei Meditationsmusik.<\/p>\n<div class=\"moz-signature\"><\/div>\n<\/div>\n","protected":false},"excerpt":{"rendered":"<div class=\"product-detail-description-text\">\r\n<ul>\r\n \t<li>Holzkasten mit mittlerem Blasebalg<\/li>\r\n \t<li>12 tiefe Klangstimmen<\/li>\r\n \t<li>chromatisch<\/li>\r\n \t<li>starker Klang<\/li>\r\n \t<li>um Gesang und Soloinstrumente zu begleiten wird die Shrutibox gleichm\u00e4ssig mit einer Hand &#8216;gepumpt&#8217;<\/li>\r\n \t<li>mit den Reglern werden Akkorde eingestellt<\/li>\r\n \t<li>perfekt f\u00fcr Yoga, Meditation, Chanting und Rituale<\/li>\r\n \t<li>Hergestellt in Indien<\/li>\r\n \t<li>Masse <span class=\"selectable-text copyable-text\">33 x 24 x 8 cm<\/span><\/li>\r\n \t<li>Gewicht ca. 2,9kg, Tasche ca. 0,5kg<\/li>\r\n<\/ul>\r\n<\/div>","protected":false},"featured_media":36359,"template":"","meta":[],"product_brand":[],"product_cat":[1190],"product_tag":[],"class_list":{"0":"post-35642","1":"product","2":"type-product","3":"status-publish","4":"has-post-thumbnail","6":"product_cat-shruti-box-surpeti","8":"first","9":"instock","10":"taxable","11":"shipping-taxable","12":"purchasable","13":"product-type-variable"},"yoast_head":"<!-- This site is optimized with the Yoast SEO plugin v27.0 - https:\/\/yoast.com\/product\/yoast-seo-wordpress\/ -->\n<title>Shruti Box Medium \u2013 Vollholz &amp; Holzklappen | Kraftvoller Klang<\/title>\n<meta name=\"description\" content=\"Hochwertige Shruti Box mit tragendem Klang &amp; vielseitiger Spielweise. Perfekt f\u00fcr Obertonsingen, Mantras &amp; Meditation. Jetzt bestellen oder Termin buchen!\" \/>\n<meta name=\"robots\" content=\"index, follow, max-snippet:-1, max-image-preview:large, max-video-preview:-1\" \/>\n<link rel=\"canonical\" href=\"https:\/\/gongcenter.ch\/produkt\/shruti-box-medium-teak-vollholz\/\" \/>\n<meta property=\"og:locale\" content=\"en_US\" \/>\n<meta property=\"og:type\" content=\"article\" \/>\n<meta property=\"og:title\" content=\"Shruti Box Medium \u2013 Vollholz &amp; Holzklappen | Kraftvoller Klang\" \/>\n<meta property=\"og:description\" content=\"Hochwertige Shruti Box mit tragendem Klang &amp; vielseitiger Spielweise. Perfekt f\u00fcr Obertonsingen, Mantras &amp; Meditation. Jetzt bestellen oder Termin buchen!\" \/>\n<meta property=\"og:url\" content=\"https:\/\/gongcenter.ch\/produkt\/shruti-box-medium-teak-vollholz\/\" \/>\n<meta property=\"og:site_name\" content=\"Gong Center Schweiz I Dein Gong und Klanginstrumente Fachgesch\u00e4ft\" \/>\n<meta property=\"article:modified_time\" content=\"2025-02-04T14:30:44+00:00\" \/>\n<meta property=\"og:image\" content=\"https:\/\/gongcenter.ch\/app\/uploads\/2025\/02\/shruti-box-medium-vollholz-holz-schieber-fg.png\" \/>\n\t<meta property=\"og:image:width\" content=\"1200\" \/>\n\t<meta property=\"og:image:height\" content=\"900\" \/>\n\t<meta property=\"og:image:type\" content=\"image\/png\" \/>\n<meta name=\"twitter:card\" content=\"summary_large_image\" \/>\n<meta name=\"twitter:label1\" content=\"Est. reading time\" \/>\n\t<meta name=\"twitter:data1\" content=\"3 minutes\" \/>\n<!-- \/ Yoast SEO plugin. -->","yoast_head_json":{"title":"Shruti Box Medium \u2013 Vollholz & Holzklappen | Kraftvoller Klang","description":"Hochwertige Shruti Box mit tragendem Klang & vielseitiger Spielweise. Perfekt f\u00fcr Obertonsingen, Mantras & Meditation. Jetzt bestellen oder Termin buchen!","robots":{"index":"index","follow":"follow","max-snippet":"max-snippet:-1","max-image-preview":"max-image-preview:large","max-video-preview":"max-video-preview:-1"},"canonical":"https:\/\/gongcenter.ch\/produkt\/shruti-box-medium-teak-vollholz\/","og_locale":"en_US","og_type":"article","og_title":"Shruti Box Medium \u2013 Vollholz & Holzklappen | Kraftvoller Klang","og_description":"Hochwertige Shruti Box mit tragendem Klang & vielseitiger Spielweise. Perfekt f\u00fcr Obertonsingen, Mantras & Meditation. Jetzt bestellen oder Termin buchen!","og_url":"https:\/\/gongcenter.ch\/produkt\/shruti-box-medium-teak-vollholz\/","og_site_name":"Gong Center Schweiz I Dein Gong und Klanginstrumente Fachgesch\u00e4ft","article_modified_time":"2025-02-04T14:30:44+00:00","og_image":[{"width":1200,"height":900,"url":"https:\/\/gongcenter.ch\/app\/uploads\/2025\/02\/shruti-box-medium-vollholz-holz-schieber-fg.png","type":"image\/png"}],"twitter_card":"summary_large_image","twitter_misc":{"Est. reading time":"3 minutes"},"schema":{"@context":"https:\/\/schema.org","@graph":[{"@type":"WebPage","@id":"https:\/\/gongcenter.ch\/produkt\/shruti-box-medium-teak-vollholz\/","url":"https:\/\/gongcenter.ch\/produkt\/shruti-box-medium-teak-vollholz\/","name":"Shruti Box Medium \u2013 Vollholz & Holzklappen | Kraftvoller Klang","isPartOf":{"@id":"https:\/\/gongcenter.ch\/#website"},"primaryImageOfPage":{"@id":"https:\/\/gongcenter.ch\/produkt\/shruti-box-medium-teak-vollholz\/#primaryimage"},"image":{"@id":"https:\/\/gongcenter.ch\/produkt\/shruti-box-medium-teak-vollholz\/#primaryimage"},"thumbnailUrl":"https:\/\/gongcenter.ch\/app\/uploads\/2025\/02\/shruti-box-medium-vollholz-holz-schieber-fg.png","datePublished":"2024-07-17T07:18:11+00:00","dateModified":"2025-02-04T14:30:44+00:00","description":"Hochwertige Shruti Box mit tragendem Klang & vielseitiger Spielweise. Perfekt f\u00fcr Obertonsingen, Mantras & Meditation. Jetzt bestellen oder Termin buchen!","breadcrumb":{"@id":"https:\/\/gongcenter.ch\/produkt\/shruti-box-medium-teak-vollholz\/#breadcrumb"},"inLanguage":"en-US","potentialAction":[{"@type":"ReadAction","target":["https:\/\/gongcenter.ch\/produkt\/shruti-box-medium-teak-vollholz\/"]}]},{"@type":"ImageObject","inLanguage":"en-US","@id":"https:\/\/gongcenter.ch\/produkt\/shruti-box-medium-teak-vollholz\/#primaryimage","url":"https:\/\/gongcenter.ch\/app\/uploads\/2025\/02\/shruti-box-medium-vollholz-holz-schieber-fg.png","contentUrl":"https:\/\/gongcenter.ch\/app\/uploads\/2025\/02\/shruti-box-medium-vollholz-holz-schieber-fg.png","width":1200,"height":900},{"@type":"BreadcrumbList","@id":"https:\/\/gongcenter.ch\/produkt\/shruti-box-medium-teak-vollholz\/#breadcrumb","itemListElement":[{"@type":"ListItem","position":1,"name":"Startseite","item":"https:\/\/gongcenter.ch\/en\/"},{"@type":"ListItem","position":2,"name":"Shop","item":"https:\/\/gongcenter.ch\/en\/shop\/"},{"@type":"ListItem","position":3,"name":"Shruti Box medium \u2013 Vollholz &#038; Holzklappen"}]},{"@type":"WebSite","@id":"https:\/\/gongcenter.ch\/#website","url":"https:\/\/gongcenter.ch\/","name":"Gong Center Schweiz I Dein Gong und Klanginstrumente Fachgesch\u00e4ft","description":"Entdecke eine grosse Gong Auswahl sowie weitere Klanginstrumente - Wir sind Gong Klangtherapeut und bieten dir Top Qualit\u00e4t und Beratung.","publisher":{"@id":"https:\/\/gongcenter.ch\/#organization"},"potentialAction":[{"@type":"SearchAction","target":{"@type":"EntryPoint","urlTemplate":"https:\/\/gongcenter.ch\/?s={search_term_string}"},"query-input":{"@type":"PropertyValueSpecification","valueRequired":true,"valueName":"search_term_string"}}],"inLanguage":"en-US"},{"@type":"Organization","@id":"https:\/\/gongcenter.ch\/#organization","name":"Gongcenter Z\u00fcrich I Das Fachgesch\u00e4ft f\u00fcr Gong und Klang","url":"https:\/\/gongcenter.ch\/","logo":{"@type":"ImageObject","inLanguage":"en-US","@id":"https:\/\/gongcenter.ch\/#\/schema\/logo\/image\/","url":"https:\/\/gongcenter.ch\/app\/uploads\/2018\/05\/Gong-Center_Logo_2000_black.png","contentUrl":"https:\/\/gongcenter.ch\/app\/uploads\/2018\/05\/Gong-Center_Logo_2000_black.png","width":2000,"height":600,"caption":"Gongcenter Z\u00fcrich I Das Fachgesch\u00e4ft f\u00fcr Gong und Klang"},"image":{"@id":"https:\/\/gongcenter.ch\/#\/schema\/logo\/image\/"}}]}},"acf":[],"_links":{"self":[{"href":"https:\/\/gongcenter.ch\/en\/wp-json\/wp\/v2\/product\/35642","targetHints":{"allow":["GET"]}}],"collection":[{"href":"https:\/\/gongcenter.ch\/en\/wp-json\/wp\/v2\/product"}],"about":[{"href":"https:\/\/gongcenter.ch\/en\/wp-json\/wp\/v2\/types\/product"}],"wp:featuredmedia":[{"embeddable":true,"href":"https:\/\/gongcenter.ch\/en\/wp-json\/wp\/v2\/media\/36359"}],"wp:attachment":[{"href":"https:\/\/gongcenter.ch\/en\/wp-json\/wp\/v2\/media?parent=35642"}],"wp:term":[{"taxonomy":"product_brand","embeddable":true,"href":"https:\/\/gongcenter.ch\/en\/wp-json\/wp\/v2\/product_brand?post=35642"},{"taxonomy":"product_cat","embeddable":true,"href":"https:\/\/gongcenter.ch\/en\/wp-json\/wp\/v2\/product_cat?post=35642"},{"taxonomy":"product_tag","embeddable":true,"href":"https:\/\/gongcenter.ch\/en\/wp-json\/wp\/v2\/product_tag?post=35642"}],"curies":[{"name":"wp","href":"https:\/\/api.w.org\/{rel}","templated":true}]}}