{"id":35678,"date":"2024-07-17T08:18:17","date_gmt":"2024-07-17T07:18:17","guid":{"rendered":"https:\/\/gongcenter.ch\/product\/shruti-box-klein-teak-vollholz-2\/"},"modified":"2024-08-01T16:13:34","modified_gmt":"2024-08-01T15:13:34","slug":"shruti-box-klein-teak-vollholz-2","status":"publish","type":"product","link":"https:\/\/gongcenter.ch\/en\/product\/shruti-box-klein-teak-vollholz-2\/","title":{"rendered":"Shruti Box klein \u2013 Teak-Vollholz"},"content":{"rendered":"<div class=\"product-description-text\">\n<p>Diese kleine Shruti-Box ist dann empfehlenswert, wenn du damit viel unterwegs bist und desshalb ein m\u00f6glichst kompaktes Instrument ben\u00f6tigen.<\/p>\n<p>Da das Balgvolumen ebenfalls kleiner ist, muss h\u00e4ufiger gepumpt werden und es bedarf etwas \u00dcbung, um einen gleichm\u00e4ssigen Ton ohne eine Schwankung der Lautst\u00e4rke zu erreichen. Hier empfehlen wir nur zwei Ventile zu \u00f6ffnen (Grundton + Quinte oder Quarte), was f\u00fcr den klassischen Bordunklang auch v\u00f6llig ausreicht.<\/p>\n<p>Die Tonlage und die Zungen sind identisch wie beim grossen Modell. Durch den kleineren Resonanzraum und das kleinere Luftvolumen ist die maximale Lautst\u00e4rke jedoch etwas geringer, ebenso ist es nur begrenzt m\u00f6glich sehr leise zu spielen.<\/p>\n<p>Durch die handwerklichen Fertigung kann das Holz oder die Farbe des Balges von der Abbildung leicht abweichen.<\/p>\n<p><strong>Die indische Shrutibox <\/strong>auch \u2018Surpeti\u2019 genannt, erzeugt einen anhaltenden Bordunklang (ein Dauerton, \u00e4hnlich einem Dudelsack) und eignet sich ideal zur Stimmimprovisation oder zum Obertonsingen. Klang und Tonerzeugung sind dem indischen Harmonium oder Akkordeon sehr \u00e4hnlich: durch Bet\u00e4tigung eines Blasebalgs wird im Innern Luft an Metallzungen vorbei geblasen und bringt diese zum Schwingen.<\/p>\n<p>Beide Seiten des Instrumentes funktionieren als Balg. Auf der einen Seite sind Ventile angeordnet. Wird ein Ventil ge\u00f6ffnet, so kann dort Luft entweichen und bringt die dahinter liegende Metallzunge zum Schwingen.<\/p>\n<p><strong>Tonbereich und Stimmung<\/strong><\/p>\n<p>Im Bereich einer Oktave stehen alle 12 chromatischen T\u00f6ne zu Verf\u00fcgung. So kann die Tonh\u00f6he jeder Stimmlage angepasst werden. Im Normalfall w\u00e4hlt man f\u00fcr einen f\u00fclligen Klang zum Grundton noch mindestens die Quinte oder, falls der Grundton h\u00f6her als G sein soll, die Unterquart. Bei Bedarf kann auch noch eine Moll- oder Dur-Terz dazu kommen. Zum tiefsten Ton c kann mit der 13. Klappe auch die Oktave ge\u00f6ffnet werden.<\/p>\n<p><strong>Spielweise<\/strong><\/p>\n<p>F\u00fcr das Spielen der Shrutibox sind keinerlei Vorkenntnisse notwendig! Es kann einh\u00e4ndig im Sitzen, oder auch im Stehen gespielt werden. Im Sitzen ruht der Handballen einer Hand auf dem oberen Rand des Instrumentes und die Finger ziehen die obere Kante des Balges zum Spieler hin. Hierdurch wird der Balg mit Luft gef\u00fcllt und die T\u00f6ne der ge\u00f6ffneten Ventile erklingen. Das \u2018Luftholen\u2019 erfolgt durch pl\u00f6tzliches Loslassen des Balges. In dieser Zeit sorgt der gef\u00fcllte Balg auf der anderen Seite daf\u00fcr, dass der Klang weiter klingt und nicht abrei\u00dft. Beim Spiel im Stehen kann man das Instrument am Griff an der Oberseite halten und gleichzeitig mit dem Zeigefinger den Balg bet\u00e4tigen. Wem das Gewicht auf die Dauer zu schwer ist, sollte einen Gurt durch den Griff ziehen und die Box \u00fcber der Schulter tragen.<\/p>\n<p><strong>Einsatzzweck<\/strong><\/p>\n<p>Neben der Begleitung in der indischen Musik, dient die Shrutibox bei uns vorwiegend zur Erzeugung eines Grundtons beim Obertonsingen, beim Mantra- und Bajansingen, bei Stimm- und Instrumental -Improvisationen aller Art und als Ambiente bei Meditationsmusik.<\/p>\n<div class=\"moz-signature\"><\/div>\n<\/div>\n","protected":false},"excerpt":{"rendered":"<div class=\"product-detail-description-text\">\r\n<ul>\r\n \t<li>Holzkasten mit kleinem Blasebalg<\/li>\r\n \t<li>12 tiefe Klangstimmen<\/li>\r\n \t<li>chromatisch<\/li>\r\n \t<li>Zur Begleitung von Gesang und Soloinstrumenten wird die Shrutibox mit einer Hand gleichm\u00e4\u00dfig &#8216;gepumpt&#8217;.<\/li>\r\n \t<li>Akkorde werden mit den Reglern eingestellt<\/li>\r\n \t<li>Ideal f\u00fcr Yoga, Meditation, Gesang und Rituale<\/li>\r\n \t<li>hergestellt in Indien<\/li>\r\n \t<li>Masse 33 x 24 x 8 cm<\/li>\r\n \t<li>Gewicht ca. 2,3 kg + Tasche 0,5 kg<\/li>\r\n<\/ul>\r\n<\/div>","protected":false},"featured_media":35612,"template":"","meta":[],"product_brand":[],"product_cat":[1190],"product_tag":[],"class_list":{"0":"post-35678","1":"product","2":"type-product","3":"status-publish","4":"has-post-thumbnail","6":"product_cat-shruti-box-surpeti","8":"first","9":"instock","10":"taxable","11":"shipping-taxable","12":"purchasable","13":"product-type-variable"},"yoast_head":"<!-- This site is optimized with the Yoast SEO plugin v27.0 - https:\/\/yoast.com\/product\/yoast-seo-wordpress\/ -->\n<title>Shruti Box klein \u2013 Teak-Vollholz - Gong Center Schweiz I Dein Gong und Klanginstrumente Fachgesch\u00e4ft<\/title>\n<meta name=\"robots\" content=\"index, follow, max-snippet:-1, max-image-preview:large, max-video-preview:-1\" \/>\n<link rel=\"canonical\" href=\"https:\/\/gongcenter.ch\/produkt\/shruti-box-klein-teak-vollholz-2\/\" \/>\n<meta property=\"og:locale\" content=\"en_US\" \/>\n<meta property=\"og:type\" content=\"article\" \/>\n<meta property=\"og:title\" content=\"Shruti Box klein \u2013 Teak-Vollholz - Gong Center Schweiz I Dein Gong und Klanginstrumente Fachgesch\u00e4ft\" \/>\n<meta property=\"og:description\" content=\"Holzkasten mit kleinem Blasebalg  12 tiefe Klangstimmen  chromatisch  Zur Begleitung von Gesang und Soloinstrumenten wird die Shrutibox mit einer Hand gleichm\u00e4\u00dfig &#039;gepumpt&#039;.  Akkorde werden mit den Reglern eingestellt  Ideal f\u00fcr Yoga, Meditation, Gesang und Rituale  hergestellt in Indien  Masse 33 x 24 x 8 cm  Gewicht ca. 2,3 kg + Tasche 0,5 kg\" \/>\n<meta property=\"og:url\" content=\"https:\/\/gongcenter.ch\/produkt\/shruti-box-klein-teak-vollholz-2\/\" \/>\n<meta property=\"og:site_name\" content=\"Gong Center Schweiz I Dein Gong und Klanginstrumente Fachgesch\u00e4ft\" \/>\n<meta property=\"article:modified_time\" content=\"2024-08-01T15:13:34+00:00\" \/>\n<meta property=\"og:image\" content=\"https:\/\/gongcenter.ch\/app\/uploads\/2024\/07\/shruti-vollholz-hinten.jpg\" \/>\n\t<meta property=\"og:image:width\" content=\"2000\" \/>\n\t<meta property=\"og:image:height\" content=\"2000\" \/>\n\t<meta property=\"og:image:type\" content=\"image\/jpeg\" \/>\n<meta name=\"twitter:card\" content=\"summary_large_image\" \/>\n<meta name=\"twitter:label1\" content=\"Est. reading time\" \/>\n\t<meta name=\"twitter:data1\" content=\"3 minutes\" \/>\n<!-- \/ Yoast SEO plugin. -->","yoast_head_json":{"title":"Shruti Box klein \u2013 Teak-Vollholz - Gong Center Schweiz I Dein Gong und Klanginstrumente Fachgesch\u00e4ft","robots":{"index":"index","follow":"follow","max-snippet":"max-snippet:-1","max-image-preview":"max-image-preview:large","max-video-preview":"max-video-preview:-1"},"canonical":"https:\/\/gongcenter.ch\/produkt\/shruti-box-klein-teak-vollholz-2\/","og_locale":"en_US","og_type":"article","og_title":"Shruti Box klein \u2013 Teak-Vollholz - Gong Center Schweiz I Dein Gong und Klanginstrumente Fachgesch\u00e4ft","og_description":"Holzkasten mit kleinem Blasebalg  12 tiefe Klangstimmen  chromatisch  Zur Begleitung von Gesang und Soloinstrumenten wird die Shrutibox mit einer Hand gleichm\u00e4\u00dfig 'gepumpt'.  Akkorde werden mit den Reglern eingestellt  Ideal f\u00fcr Yoga, Meditation, Gesang und Rituale  hergestellt in Indien  Masse 33 x 24 x 8 cm  Gewicht ca. 2,3 kg + Tasche 0,5 kg","og_url":"https:\/\/gongcenter.ch\/produkt\/shruti-box-klein-teak-vollholz-2\/","og_site_name":"Gong Center Schweiz I Dein Gong und Klanginstrumente Fachgesch\u00e4ft","article_modified_time":"2024-08-01T15:13:34+00:00","og_image":[{"width":2000,"height":2000,"url":"https:\/\/gongcenter.ch\/app\/uploads\/2024\/07\/shruti-vollholz-hinten.jpg","type":"image\/jpeg"}],"twitter_card":"summary_large_image","twitter_misc":{"Est. reading time":"3 minutes"},"schema":{"@context":"https:\/\/schema.org","@graph":[{"@type":"WebPage","@id":"https:\/\/gongcenter.ch\/produkt\/shruti-box-klein-teak-vollholz-2\/","url":"https:\/\/gongcenter.ch\/produkt\/shruti-box-klein-teak-vollholz-2\/","name":"Shruti Box klein \u2013 Teak-Vollholz - Gong Center Schweiz I Dein Gong und Klanginstrumente Fachgesch\u00e4ft","isPartOf":{"@id":"https:\/\/gongcenter.ch\/#website"},"primaryImageOfPage":{"@id":"https:\/\/gongcenter.ch\/produkt\/shruti-box-klein-teak-vollholz-2\/#primaryimage"},"image":{"@id":"https:\/\/gongcenter.ch\/produkt\/shruti-box-klein-teak-vollholz-2\/#primaryimage"},"thumbnailUrl":"https:\/\/gongcenter.ch\/app\/uploads\/2024\/07\/shruti-vollholz-hinten.jpg","datePublished":"2024-07-17T07:18:17+00:00","dateModified":"2024-08-01T15:13:34+00:00","breadcrumb":{"@id":"https:\/\/gongcenter.ch\/produkt\/shruti-box-klein-teak-vollholz-2\/#breadcrumb"},"inLanguage":"en-US","potentialAction":[{"@type":"ReadAction","target":["https:\/\/gongcenter.ch\/produkt\/shruti-box-klein-teak-vollholz-2\/"]}]},{"@type":"ImageObject","inLanguage":"en-US","@id":"https:\/\/gongcenter.ch\/produkt\/shruti-box-klein-teak-vollholz-2\/#primaryimage","url":"https:\/\/gongcenter.ch\/app\/uploads\/2024\/07\/shruti-vollholz-hinten.jpg","contentUrl":"https:\/\/gongcenter.ch\/app\/uploads\/2024\/07\/shruti-vollholz-hinten.jpg","width":2000,"height":2000},{"@type":"BreadcrumbList","@id":"https:\/\/gongcenter.ch\/produkt\/shruti-box-klein-teak-vollholz-2\/#breadcrumb","itemListElement":[{"@type":"ListItem","position":1,"name":"Startseite","item":"https:\/\/gongcenter.ch\/en\/"},{"@type":"ListItem","position":2,"name":"Shop","item":"https:\/\/gongcenter.ch\/en\/shop\/"},{"@type":"ListItem","position":3,"name":"Shruti Box klein \u2013 Teak-Vollholz"}]},{"@type":"WebSite","@id":"https:\/\/gongcenter.ch\/#website","url":"https:\/\/gongcenter.ch\/","name":"Gong Center Schweiz I Dein Gong und Klanginstrumente Fachgesch\u00e4ft","description":"Entdecke eine grosse Gong Auswahl sowie weitere Klanginstrumente - Wir sind Gong Klangtherapeut und bieten dir Top Qualit\u00e4t und Beratung.","publisher":{"@id":"https:\/\/gongcenter.ch\/#organization"},"potentialAction":[{"@type":"SearchAction","target":{"@type":"EntryPoint","urlTemplate":"https:\/\/gongcenter.ch\/?s={search_term_string}"},"query-input":{"@type":"PropertyValueSpecification","valueRequired":true,"valueName":"search_term_string"}}],"inLanguage":"en-US"},{"@type":"Organization","@id":"https:\/\/gongcenter.ch\/#organization","name":"Gongcenter Z\u00fcrich I Das Fachgesch\u00e4ft f\u00fcr Gong und Klang","url":"https:\/\/gongcenter.ch\/","logo":{"@type":"ImageObject","inLanguage":"en-US","@id":"https:\/\/gongcenter.ch\/#\/schema\/logo\/image\/","url":"https:\/\/gongcenter.ch\/app\/uploads\/2018\/05\/Gong-Center_Logo_2000_black.png","contentUrl":"https:\/\/gongcenter.ch\/app\/uploads\/2018\/05\/Gong-Center_Logo_2000_black.png","width":2000,"height":600,"caption":"Gongcenter Z\u00fcrich I Das Fachgesch\u00e4ft f\u00fcr Gong und Klang"},"image":{"@id":"https:\/\/gongcenter.ch\/#\/schema\/logo\/image\/"}}]}},"acf":[],"_links":{"self":[{"href":"https:\/\/gongcenter.ch\/en\/wp-json\/wp\/v2\/product\/35678","targetHints":{"allow":["GET"]}}],"collection":[{"href":"https:\/\/gongcenter.ch\/en\/wp-json\/wp\/v2\/product"}],"about":[{"href":"https:\/\/gongcenter.ch\/en\/wp-json\/wp\/v2\/types\/product"}],"wp:featuredmedia":[{"embeddable":true,"href":"https:\/\/gongcenter.ch\/en\/wp-json\/wp\/v2\/media\/35612"}],"wp:attachment":[{"href":"https:\/\/gongcenter.ch\/en\/wp-json\/wp\/v2\/media?parent=35678"}],"wp:term":[{"taxonomy":"product_brand","embeddable":true,"href":"https:\/\/gongcenter.ch\/en\/wp-json\/wp\/v2\/product_brand?post=35678"},{"taxonomy":"product_cat","embeddable":true,"href":"https:\/\/gongcenter.ch\/en\/wp-json\/wp\/v2\/product_cat?post=35678"},{"taxonomy":"product_tag","embeddable":true,"href":"https:\/\/gongcenter.ch\/en\/wp-json\/wp\/v2\/product_tag?post=35678"}],"curies":[{"name":"wp","href":"https:\/\/api.w.org\/{rel}","templated":true}]}}