{"id":35953,"date":"2024-08-13T17:20:10","date_gmt":"2024-08-13T16:20:10","guid":{"rendered":"https:\/\/gongcenter.ch\/?post_type=product&#038;p=35953"},"modified":"2025-04-08T20:24:40","modified_gmt":"2025-04-08T19:24:40","slug":"cassis-cornuta-muschelhorn","status":"publish","type":"product","link":"https:\/\/gongcenter.ch\/en\/product\/cassis-cornuta-muschelhorn\/","title":{"rendered":"Cassis Cornuta Muschelhorn"},"content":{"rendered":"<p>Entdecke die atemberaubenden Wunder der Natur mit der faszinierenden Meeresschnecke Cassis cornuta! Diese atemberaubende, naturbelassene Geh\u00f6rnte Helmschnecke entf\u00fchrt Dich direkt in die unbeschreibliche Sch\u00f6nheit des Indo-Pazifiks!<\/p>\n<p>Stell dir vor, du holst ein St\u00fcck der atemberaubenden Unterwasserwelt in dein Zuhause, das nicht nur als exklusives Dekorationsobjekt dient, sondern auch Geschichten von exotischen Meeren und geheimnisvollen Tiefen erz\u00e4hlt. Jede Kurve und jede Struktur dieser atemberaubenden Schnecke ist einzigartig und bringt die Magie der Meere direkt zu dir. Erlebe die pure Inspiration und f\u00fcge deiner Sammlung ein au\u00dfergew\u00f6hnliches Highlight hinzu.<\/p>\n<p>Die Cassis cornuta ist mehr als nur ein Objekt \u2013 sie ist ein Muschelhorn, dass dich Tag f\u00fcr Tag aufs Neue verzaubern wird.<\/p>\n<p>Das Schneckenhorn, auch Schneckentrompete genannt, ist eine nat\u00fcrliche Trompete aus dem Geh\u00e4use einer grossen Meeresschnecke, die seit der Jungsteinzeit bei religi\u00f6sen Ritualen, als Signalinstrument beim Milit\u00e4r und bei Fischern und seltener in der Musik verwendet wird.<\/p>\n<p>Die Muschel ist an der Spitze abgeschnitten und wird wie eine Trompete mit zusammengepressten Lippen und hohem Anblasdruck geblasen.<\/p>\n","protected":false},"excerpt":{"rendered":"Entdecke die atemberaubenden Wunder der Natur mit der faszinierenden Meeresschnecke Cassis cornuta! Diese atemberaubende, naturbelassene Geh\u00f6rnte Helmschnecke entf\u00fchrt Dich direkt in die unbeschreibliche Sch\u00f6nheit des Indo-Pazifiks! Stell dir vor, du holst ein St\u00fcck der atemberaubenden Unterwasserwelt in dein Zuhause, das nicht nur als exklusives Dekorationsobjekt dient, sondern auch Geschichten von exotischen Meeren und geheimnisvollen Tiefen<a href=\"https:\/\/gongcenter.ch\/en\/product\/cassis-cornuta-muschelhorn\/\" class=\"readmore\">Mehr  <i class=\"fa fa-angle-double-right\"><\/i><\/a>","protected":false},"featured_media":0,"template":"","meta":[],"product_brand":[],"product_cat":[1412,40],"product_tag":[],"class_list":{"0":"post-35953","1":"product","2":"type-product","3":"status-publish","5":"product_cat-muschelhorn-muscheltrompete","6":"product_cat-klanginstrumente","8":"first","9":"instock","10":"taxable","11":"shipping-taxable","12":"purchasable","13":"product-type-simple"},"yoast_head":"<!-- This site is optimized with the Yoast SEO plugin v27.0 - https:\/\/yoast.com\/product\/yoast-seo-wordpress\/ -->\n<title>Cassis Cornuta Muschelhorn - Gong Center Schweiz I Dein Gong und Klanginstrumente Fachgesch\u00e4ft<\/title>\n<meta name=\"robots\" content=\"index, follow, max-snippet:-1, max-image-preview:large, max-video-preview:-1\" \/>\n<link rel=\"canonical\" href=\"https:\/\/gongcenter.ch\/produkt\/cassis-cornuta-muschelhorn\/\" \/>\n<meta property=\"og:locale\" content=\"en_US\" \/>\n<meta property=\"og:type\" content=\"article\" \/>\n<meta property=\"og:title\" content=\"Cassis Cornuta Muschelhorn - Gong Center Schweiz I Dein Gong und Klanginstrumente Fachgesch\u00e4ft\" \/>\n<meta property=\"og:description\" content=\"Entdecke die atemberaubenden Wunder der Natur mit der faszinierenden Meeresschnecke Cassis cornuta! Diese atemberaubende, naturbelassene Geh\u00f6rnte Helmschnecke entf\u00fchrt Dich direkt in die unbeschreibliche Sch\u00f6nheit des Indo-Pazifiks! Stell dir vor, du holst ein St\u00fcck der atemberaubenden Unterwasserwelt in dein Zuhause, das nicht nur als exklusives Dekorationsobjekt dient, sondern auch Geschichten von exotischen Meeren und geheimnisvollen TiefenMehr\" \/>\n<meta property=\"og:url\" content=\"https:\/\/gongcenter.ch\/produkt\/cassis-cornuta-muschelhorn\/\" \/>\n<meta property=\"og:site_name\" content=\"Gong Center Schweiz I Dein Gong und Klanginstrumente Fachgesch\u00e4ft\" \/>\n<meta property=\"article:modified_time\" content=\"2025-04-08T19:24:40+00:00\" \/>\n<meta name=\"twitter:card\" content=\"summary_large_image\" \/>\n<meta name=\"twitter:label1\" content=\"Est. reading time\" \/>\n\t<meta name=\"twitter:data1\" content=\"1 minute\" \/>\n<!-- \/ Yoast SEO plugin. -->","yoast_head_json":{"title":"Cassis Cornuta Muschelhorn - Gong Center Schweiz I Dein Gong und Klanginstrumente Fachgesch\u00e4ft","robots":{"index":"index","follow":"follow","max-snippet":"max-snippet:-1","max-image-preview":"max-image-preview:large","max-video-preview":"max-video-preview:-1"},"canonical":"https:\/\/gongcenter.ch\/produkt\/cassis-cornuta-muschelhorn\/","og_locale":"en_US","og_type":"article","og_title":"Cassis Cornuta Muschelhorn - Gong Center Schweiz I Dein Gong und Klanginstrumente Fachgesch\u00e4ft","og_description":"Entdecke die atemberaubenden Wunder der Natur mit der faszinierenden Meeresschnecke Cassis cornuta! Diese atemberaubende, naturbelassene Geh\u00f6rnte Helmschnecke entf\u00fchrt Dich direkt in die unbeschreibliche Sch\u00f6nheit des Indo-Pazifiks! Stell dir vor, du holst ein St\u00fcck der atemberaubenden Unterwasserwelt in dein Zuhause, das nicht nur als exklusives Dekorationsobjekt dient, sondern auch Geschichten von exotischen Meeren und geheimnisvollen TiefenMehr","og_url":"https:\/\/gongcenter.ch\/produkt\/cassis-cornuta-muschelhorn\/","og_site_name":"Gong Center Schweiz I Dein Gong und Klanginstrumente Fachgesch\u00e4ft","article_modified_time":"2025-04-08T19:24:40+00:00","twitter_card":"summary_large_image","twitter_misc":{"Est. reading time":"1 minute"},"schema":{"@context":"https:\/\/schema.org","@graph":[{"@type":"WebPage","@id":"https:\/\/gongcenter.ch\/produkt\/cassis-cornuta-muschelhorn\/","url":"https:\/\/gongcenter.ch\/produkt\/cassis-cornuta-muschelhorn\/","name":"Cassis Cornuta Muschelhorn - Gong Center Schweiz I Dein Gong und Klanginstrumente Fachgesch\u00e4ft","isPartOf":{"@id":"https:\/\/gongcenter.ch\/#website"},"datePublished":"2024-08-13T16:20:10+00:00","dateModified":"2025-04-08T19:24:40+00:00","breadcrumb":{"@id":"https:\/\/gongcenter.ch\/produkt\/cassis-cornuta-muschelhorn\/#breadcrumb"},"inLanguage":"en-US","potentialAction":[{"@type":"ReadAction","target":["https:\/\/gongcenter.ch\/produkt\/cassis-cornuta-muschelhorn\/"]}]},{"@type":"BreadcrumbList","@id":"https:\/\/gongcenter.ch\/produkt\/cassis-cornuta-muschelhorn\/#breadcrumb","itemListElement":[{"@type":"ListItem","position":1,"name":"Startseite","item":"https:\/\/gongcenter.ch\/en\/"},{"@type":"ListItem","position":2,"name":"Shop","item":"https:\/\/gongcenter.ch\/en\/shop\/"},{"@type":"ListItem","position":3,"name":"Cassis Cornuta Muschelhorn"}]},{"@type":"WebSite","@id":"https:\/\/gongcenter.ch\/#website","url":"https:\/\/gongcenter.ch\/","name":"Gong Center Schweiz I Dein Gong und Klanginstrumente Fachgesch\u00e4ft","description":"Entdecke eine grosse Gong Auswahl sowie weitere Klanginstrumente - Wir sind Gong Klangtherapeut und bieten dir Top Qualit\u00e4t und Beratung.","publisher":{"@id":"https:\/\/gongcenter.ch\/#organization"},"potentialAction":[{"@type":"SearchAction","target":{"@type":"EntryPoint","urlTemplate":"https:\/\/gongcenter.ch\/?s={search_term_string}"},"query-input":{"@type":"PropertyValueSpecification","valueRequired":true,"valueName":"search_term_string"}}],"inLanguage":"en-US"},{"@type":"Organization","@id":"https:\/\/gongcenter.ch\/#organization","name":"Gongcenter Z\u00fcrich I Das Fachgesch\u00e4ft f\u00fcr Gong und Klang","url":"https:\/\/gongcenter.ch\/","logo":{"@type":"ImageObject","inLanguage":"en-US","@id":"https:\/\/gongcenter.ch\/#\/schema\/logo\/image\/","url":"https:\/\/gongcenter.ch\/app\/uploads\/2018\/05\/Gong-Center_Logo_2000_black.png","contentUrl":"https:\/\/gongcenter.ch\/app\/uploads\/2018\/05\/Gong-Center_Logo_2000_black.png","width":2000,"height":600,"caption":"Gongcenter Z\u00fcrich I Das Fachgesch\u00e4ft f\u00fcr Gong und Klang"},"image":{"@id":"https:\/\/gongcenter.ch\/#\/schema\/logo\/image\/"}}]}},"acf":[],"_links":{"self":[{"href":"https:\/\/gongcenter.ch\/en\/wp-json\/wp\/v2\/product\/35953","targetHints":{"allow":["GET"]}}],"collection":[{"href":"https:\/\/gongcenter.ch\/en\/wp-json\/wp\/v2\/product"}],"about":[{"href":"https:\/\/gongcenter.ch\/en\/wp-json\/wp\/v2\/types\/product"}],"wp:attachment":[{"href":"https:\/\/gongcenter.ch\/en\/wp-json\/wp\/v2\/media?parent=35953"}],"wp:term":[{"taxonomy":"product_brand","embeddable":true,"href":"https:\/\/gongcenter.ch\/en\/wp-json\/wp\/v2\/product_brand?post=35953"},{"taxonomy":"product_cat","embeddable":true,"href":"https:\/\/gongcenter.ch\/en\/wp-json\/wp\/v2\/product_cat?post=35953"},{"taxonomy":"product_tag","embeddable":true,"href":"https:\/\/gongcenter.ch\/en\/wp-json\/wp\/v2\/product_tag?post=35953"}],"curies":[{"name":"wp","href":"https:\/\/api.w.org\/{rel}","templated":true}]}}