{"id":35954,"date":"2024-08-13T17:24:05","date_gmt":"2024-08-13T16:24:05","guid":{"rendered":"https:\/\/gongcenter.ch\/?post_type=product&#038;p=35954"},"modified":"2025-04-08T20:54:30","modified_gmt":"2025-04-08T19:54:30","slug":"charonia-tritonis-muschelhorn","status":"publish","type":"product","link":"https:\/\/gongcenter.ch\/en\/product\/charonia-tritonis-muschelhorn\/","title":{"rendered":"Charonia Tritonis Muschelhorn"},"content":{"rendered":"<p>Entdecke die Faszination des Meeres mit der majest\u00e4tischen Tritonshorn Meeresschnecke Charonia tritonis!<\/p>\n<p>Die imposante Meeresschnecke aus der Familie der Charonidae wird in ihrer nat\u00fcrlichen Form gezeigt und erreicht eine beeindruckende Gr\u00f6\u00dfe.<\/p>\n<p>Das Tritonshorn, benannt nach dem Meeresgott Triton, besticht durch seine elegante Form und nat\u00fcrliche Sch\u00f6nheit &#8211; ein wahres Meisterwerk der Natur. Ob als einzigartiges Sammlerst\u00fcck oder als Dekorationsobjekt, diese Meeresschnecke verleiht jedem Raum eine maritime Eleganz und bringt die Sch\u00f6nheit der Tiefsee direkt zu Dir nach Hause.<\/p>\n<p>Das Schneckenhorn, auch Schneckentrompete genannt, ist eine nat\u00fcrliche Trompete aus dem Geh\u00e4use einer gro\u00dfen Meeresschnecke, die seit der Jungsteinzeit bei religi\u00f6sen Ritualen, als Signalinstrument beim Milit\u00e4r und bei Fischern und seltener in der Musik verwendet wird.<\/p>\n<p>Die Muschel ist an der Spitze abgeschnitten und wird wie eine Trompete mit zusammengepressten Lippen und hohem Anblasdruck geblasen.<\/p>\n<p>Lass dich von der Exklusivit\u00e4t und der unvergleichlichen \u00c4sthetik der Charonia tritonis verzaubern und erlebe den Zauber des Meeres in deinen eigenen vier W\u00e4nden.<\/p>\n","protected":false},"excerpt":{"rendered":"Entdecke die Faszination des Meeres mit der majest\u00e4tischen Tritonshorn Meeresschnecke Charonia tritonis! Die imposante Meeresschnecke aus der Familie der Charonidae wird in ihrer nat\u00fcrlichen Form gezeigt und erreicht eine beeindruckende Gr\u00f6\u00dfe. Das Tritonshorn, benannt nach dem Meeresgott Triton, besticht durch seine elegante Form und nat\u00fcrliche Sch\u00f6nheit &#8211; ein wahres Meisterwerk der Natur. Ob als einzigartiges<a href=\"https:\/\/gongcenter.ch\/en\/product\/charonia-tritonis-muschelhorn\/\" class=\"readmore\">Mehr  <i class=\"fa fa-angle-double-right\"><\/i><\/a>","protected":false},"featured_media":0,"template":"","meta":[],"product_brand":[],"product_cat":[1412,40],"product_tag":[],"class_list":{"0":"post-35954","1":"product","2":"type-product","3":"status-publish","5":"product_cat-muschelhorn-muscheltrompete","6":"product_cat-klanginstrumente","8":"first","9":"instock","10":"taxable","11":"shipping-taxable","12":"purchasable","13":"product-type-simple"},"yoast_head":"<!-- This site is optimized with the Yoast SEO plugin v27.0 - https:\/\/yoast.com\/product\/yoast-seo-wordpress\/ -->\n<title>Charonia Tritonis Muschelhorn - Gong Center Schweiz I Dein Gong und Klanginstrumente Fachgesch\u00e4ft<\/title>\n<meta name=\"robots\" content=\"index, follow, max-snippet:-1, max-image-preview:large, max-video-preview:-1\" \/>\n<link rel=\"canonical\" href=\"https:\/\/gongcenter.ch\/produkt\/charonia-tritonis-muschelhorn\/\" \/>\n<meta property=\"og:locale\" content=\"en_US\" \/>\n<meta property=\"og:type\" content=\"article\" \/>\n<meta property=\"og:title\" content=\"Charonia Tritonis Muschelhorn - Gong Center Schweiz I Dein Gong und Klanginstrumente Fachgesch\u00e4ft\" \/>\n<meta property=\"og:description\" content=\"Entdecke die Faszination des Meeres mit der majest\u00e4tischen Tritonshorn Meeresschnecke Charonia tritonis! Die imposante Meeresschnecke aus der Familie der Charonidae wird in ihrer nat\u00fcrlichen Form gezeigt und erreicht eine beeindruckende Gr\u00f6\u00dfe. Das Tritonshorn, benannt nach dem Meeresgott Triton, besticht durch seine elegante Form und nat\u00fcrliche Sch\u00f6nheit &#8211; ein wahres Meisterwerk der Natur. Ob als einzigartigesMehr\" \/>\n<meta property=\"og:url\" content=\"https:\/\/gongcenter.ch\/produkt\/charonia-tritonis-muschelhorn\/\" \/>\n<meta property=\"og:site_name\" content=\"Gong Center Schweiz I Dein Gong und Klanginstrumente Fachgesch\u00e4ft\" \/>\n<meta property=\"article:modified_time\" content=\"2025-04-08T19:54:30+00:00\" \/>\n<meta name=\"twitter:card\" content=\"summary_large_image\" \/>\n<meta name=\"twitter:label1\" content=\"Est. reading time\" \/>\n\t<meta name=\"twitter:data1\" content=\"1 minute\" \/>\n<!-- \/ Yoast SEO plugin. -->","yoast_head_json":{"title":"Charonia Tritonis Muschelhorn - Gong Center Schweiz I Dein Gong und Klanginstrumente Fachgesch\u00e4ft","robots":{"index":"index","follow":"follow","max-snippet":"max-snippet:-1","max-image-preview":"max-image-preview:large","max-video-preview":"max-video-preview:-1"},"canonical":"https:\/\/gongcenter.ch\/produkt\/charonia-tritonis-muschelhorn\/","og_locale":"en_US","og_type":"article","og_title":"Charonia Tritonis Muschelhorn - Gong Center Schweiz I Dein Gong und Klanginstrumente Fachgesch\u00e4ft","og_description":"Entdecke die Faszination des Meeres mit der majest\u00e4tischen Tritonshorn Meeresschnecke Charonia tritonis! Die imposante Meeresschnecke aus der Familie der Charonidae wird in ihrer nat\u00fcrlichen Form gezeigt und erreicht eine beeindruckende Gr\u00f6\u00dfe. Das Tritonshorn, benannt nach dem Meeresgott Triton, besticht durch seine elegante Form und nat\u00fcrliche Sch\u00f6nheit &#8211; ein wahres Meisterwerk der Natur. Ob als einzigartigesMehr","og_url":"https:\/\/gongcenter.ch\/produkt\/charonia-tritonis-muschelhorn\/","og_site_name":"Gong Center Schweiz I Dein Gong und Klanginstrumente Fachgesch\u00e4ft","article_modified_time":"2025-04-08T19:54:30+00:00","twitter_card":"summary_large_image","twitter_misc":{"Est. reading time":"1 minute"},"schema":{"@context":"https:\/\/schema.org","@graph":[{"@type":"WebPage","@id":"https:\/\/gongcenter.ch\/produkt\/charonia-tritonis-muschelhorn\/","url":"https:\/\/gongcenter.ch\/produkt\/charonia-tritonis-muschelhorn\/","name":"Charonia Tritonis Muschelhorn - Gong Center Schweiz I Dein Gong und Klanginstrumente Fachgesch\u00e4ft","isPartOf":{"@id":"https:\/\/gongcenter.ch\/#website"},"datePublished":"2024-08-13T16:24:05+00:00","dateModified":"2025-04-08T19:54:30+00:00","breadcrumb":{"@id":"https:\/\/gongcenter.ch\/produkt\/charonia-tritonis-muschelhorn\/#breadcrumb"},"inLanguage":"en-US","potentialAction":[{"@type":"ReadAction","target":["https:\/\/gongcenter.ch\/produkt\/charonia-tritonis-muschelhorn\/"]}]},{"@type":"BreadcrumbList","@id":"https:\/\/gongcenter.ch\/produkt\/charonia-tritonis-muschelhorn\/#breadcrumb","itemListElement":[{"@type":"ListItem","position":1,"name":"Startseite","item":"https:\/\/gongcenter.ch\/en\/"},{"@type":"ListItem","position":2,"name":"Shop","item":"https:\/\/gongcenter.ch\/en\/shop\/"},{"@type":"ListItem","position":3,"name":"Charonia Tritonis Muschelhorn"}]},{"@type":"WebSite","@id":"https:\/\/gongcenter.ch\/#website","url":"https:\/\/gongcenter.ch\/","name":"Gong Center Schweiz I Dein Gong und Klanginstrumente Fachgesch\u00e4ft","description":"Entdecke eine grosse Gong Auswahl sowie weitere Klanginstrumente - Wir sind Gong Klangtherapeut und bieten dir Top Qualit\u00e4t und Beratung.","publisher":{"@id":"https:\/\/gongcenter.ch\/#organization"},"potentialAction":[{"@type":"SearchAction","target":{"@type":"EntryPoint","urlTemplate":"https:\/\/gongcenter.ch\/?s={search_term_string}"},"query-input":{"@type":"PropertyValueSpecification","valueRequired":true,"valueName":"search_term_string"}}],"inLanguage":"en-US"},{"@type":"Organization","@id":"https:\/\/gongcenter.ch\/#organization","name":"Gongcenter Z\u00fcrich I Das Fachgesch\u00e4ft f\u00fcr Gong und Klang","url":"https:\/\/gongcenter.ch\/","logo":{"@type":"ImageObject","inLanguage":"en-US","@id":"https:\/\/gongcenter.ch\/#\/schema\/logo\/image\/","url":"https:\/\/gongcenter.ch\/app\/uploads\/2018\/05\/Gong-Center_Logo_2000_black.png","contentUrl":"https:\/\/gongcenter.ch\/app\/uploads\/2018\/05\/Gong-Center_Logo_2000_black.png","width":2000,"height":600,"caption":"Gongcenter Z\u00fcrich I Das Fachgesch\u00e4ft f\u00fcr Gong und Klang"},"image":{"@id":"https:\/\/gongcenter.ch\/#\/schema\/logo\/image\/"}}]}},"acf":[],"_links":{"self":[{"href":"https:\/\/gongcenter.ch\/en\/wp-json\/wp\/v2\/product\/35954","targetHints":{"allow":["GET"]}}],"collection":[{"href":"https:\/\/gongcenter.ch\/en\/wp-json\/wp\/v2\/product"}],"about":[{"href":"https:\/\/gongcenter.ch\/en\/wp-json\/wp\/v2\/types\/product"}],"wp:attachment":[{"href":"https:\/\/gongcenter.ch\/en\/wp-json\/wp\/v2\/media?parent=35954"}],"wp:term":[{"taxonomy":"product_brand","embeddable":true,"href":"https:\/\/gongcenter.ch\/en\/wp-json\/wp\/v2\/product_brand?post=35954"},{"taxonomy":"product_cat","embeddable":true,"href":"https:\/\/gongcenter.ch\/en\/wp-json\/wp\/v2\/product_cat?post=35954"},{"taxonomy":"product_tag","embeddable":true,"href":"https:\/\/gongcenter.ch\/en\/wp-json\/wp\/v2\/product_tag?post=35954"}],"curies":[{"name":"wp","href":"https:\/\/api.w.org\/{rel}","templated":true}]}}