{"id":35956,"date":"2024-08-13T17:29:12","date_gmt":"2024-08-13T16:29:12","guid":{"rendered":"https:\/\/gongcenter.ch\/?post_type=product&#038;p=35956"},"modified":"2025-04-08T20:52:46","modified_gmt":"2025-04-08T19:52:46","slug":"syrinx-aruanus-muschelhorn","status":"publish","type":"product","link":"https:\/\/gongcenter.ch\/en\/product\/syrinx-aruanus-muschelhorn\/","title":{"rendered":"Syrinx Aruanus Muschelhorn"},"content":{"rendered":"<p>Tauche ein in die atemberaubende Welt der Meeresbewohner mit der Syrinx aruanus, auch bekannt als die beeindruckende R\u00fcsselschnecke in ihrer ganzen, naturbelassenen Pracht. Diese beeindruckende Schnecke aus der Familie der Turbinellidae ist ein wahrer Gigant und erreicht eine bemerkenswerte Gr\u00f6\u00dfe von 160 mm. Sie stammt aus den klaren Gew\u00e4ssern Australiens.<\/p>\n<p>Diese seltene und au\u00dfergew\u00f6hnliche R\u00fcsselschnecke ist ein echtes Meisterwerk der Natur! Ihre eindrucksvolle Gr\u00f6\u00dfe und die fein detaillierte Struktur machen sie zu einem absoluten Highlight f\u00fcr alle Sammler maritimer Sch\u00e4tze! Die Syrinx aruanus ist ein absoluter Blickfang und steht f\u00fcr die atemberaubende Sch\u00f6nheit und Vielfalt des Ozeans.<\/p>\n<p>Mit der naturbelassenen R\u00fcsselschnecke holst Du Dir ein St\u00fcck australischer Unterwasserwelt direkt zu Dir nach Hause. Ob als Deko, Lehrmaterial oder wertvolles Sammlerst\u00fcck \u2013 diese Schnecke wird Dich und Deine G\u00e4ste gleicherma\u00dfen in Staunen versetzen. Lass Dich von der majest\u00e4tischen Pr\u00e4senz der Syrinx aruanus inspirieren und entdecke die pure Faszination des Meeres!<\/p>\n<p>Das Schneckenhorn, auch Schneckentrompete genannt, ist eine nat\u00fcrliche Trompete aus dem Geh\u00e4use einer gro\u00dfen Meeresschnecke, die seit der Jungsteinzeit bei religi\u00f6sen Ritualen, als Signalinstrument beim Milit\u00e4r und bei Fischern und seltener in der Musik verwendet wird.<\/p>\n<p>Die Muschel ist an der Spitze abgeschnitten und wird wie eine Trompete mit zusammengepressten Lippen und hohem Anblasdruck geblasen.<\/p>\n<p>Lass dich von der Exklusivit\u00e4t und der unvergleichlichen \u00c4sthetik der Syrinx Aruanus &#8211; R\u00fcsselschnecke verzaubern und erlebe den Zauber des Meeres in deinen eigenen vier W\u00e4nden.<\/p>\n","protected":false},"excerpt":{"rendered":"Tauche ein in die atemberaubende Welt der Meeresbewohner mit der Syrinx aruanus, auch bekannt als die beeindruckende R\u00fcsselschnecke in ihrer ganzen, naturbelassenen Pracht. Diese beeindruckende Schnecke aus der Familie der Turbinellidae ist ein wahrer Gigant und erreicht eine bemerkenswerte Gr\u00f6\u00dfe von 160 mm. Sie stammt aus den klaren Gew\u00e4ssern Australiens. Diese seltene und au\u00dfergew\u00f6hnliche R\u00fcsselschnecke<a href=\"https:\/\/gongcenter.ch\/en\/product\/syrinx-aruanus-muschelhorn\/\" class=\"readmore\">Mehr  <i class=\"fa fa-angle-double-right\"><\/i><\/a>","protected":false},"featured_media":0,"template":"","meta":[],"product_brand":[],"product_cat":[1412,40],"product_tag":[],"class_list":{"0":"post-35956","1":"product","2":"type-product","3":"status-publish","5":"product_cat-muschelhorn-muscheltrompete","6":"product_cat-klanginstrumente","8":"first","9":"instock","10":"taxable","11":"shipping-taxable","12":"purchasable","13":"product-type-simple"},"yoast_head":"<!-- This site is optimized with the Yoast SEO plugin v27.0 - https:\/\/yoast.com\/product\/yoast-seo-wordpress\/ -->\n<title>Syrinx Aruanus Muschelhorn - Gong Center Schweiz I Dein Gong und Klanginstrumente Fachgesch\u00e4ft<\/title>\n<meta name=\"robots\" content=\"index, follow, max-snippet:-1, max-image-preview:large, max-video-preview:-1\" \/>\n<link rel=\"canonical\" href=\"https:\/\/gongcenter.ch\/produkt\/syrinx-aruanus-muschelhorn\/\" \/>\n<meta property=\"og:locale\" content=\"en_US\" \/>\n<meta property=\"og:type\" content=\"article\" \/>\n<meta property=\"og:title\" content=\"Syrinx Aruanus Muschelhorn - Gong Center Schweiz I Dein Gong und Klanginstrumente Fachgesch\u00e4ft\" \/>\n<meta property=\"og:description\" content=\"Tauche ein in die atemberaubende Welt der Meeresbewohner mit der Syrinx aruanus, auch bekannt als die beeindruckende R\u00fcsselschnecke in ihrer ganzen, naturbelassenen Pracht. Diese beeindruckende Schnecke aus der Familie der Turbinellidae ist ein wahrer Gigant und erreicht eine bemerkenswerte Gr\u00f6\u00dfe von 160 mm. Sie stammt aus den klaren Gew\u00e4ssern Australiens. Diese seltene und au\u00dfergew\u00f6hnliche R\u00fcsselschneckeMehr\" \/>\n<meta property=\"og:url\" content=\"https:\/\/gongcenter.ch\/produkt\/syrinx-aruanus-muschelhorn\/\" \/>\n<meta property=\"og:site_name\" content=\"Gong Center Schweiz I Dein Gong und Klanginstrumente Fachgesch\u00e4ft\" \/>\n<meta property=\"article:modified_time\" content=\"2025-04-08T19:52:46+00:00\" \/>\n<meta name=\"twitter:card\" content=\"summary_large_image\" \/>\n<meta name=\"twitter:label1\" content=\"Est. reading time\" \/>\n\t<meta name=\"twitter:data1\" content=\"2 minutes\" \/>\n<!-- \/ Yoast SEO plugin. -->","yoast_head_json":{"title":"Syrinx Aruanus Muschelhorn - Gong Center Schweiz I Dein Gong und Klanginstrumente Fachgesch\u00e4ft","robots":{"index":"index","follow":"follow","max-snippet":"max-snippet:-1","max-image-preview":"max-image-preview:large","max-video-preview":"max-video-preview:-1"},"canonical":"https:\/\/gongcenter.ch\/produkt\/syrinx-aruanus-muschelhorn\/","og_locale":"en_US","og_type":"article","og_title":"Syrinx Aruanus Muschelhorn - Gong Center Schweiz I Dein Gong und Klanginstrumente Fachgesch\u00e4ft","og_description":"Tauche ein in die atemberaubende Welt der Meeresbewohner mit der Syrinx aruanus, auch bekannt als die beeindruckende R\u00fcsselschnecke in ihrer ganzen, naturbelassenen Pracht. Diese beeindruckende Schnecke aus der Familie der Turbinellidae ist ein wahrer Gigant und erreicht eine bemerkenswerte Gr\u00f6\u00dfe von 160 mm. Sie stammt aus den klaren Gew\u00e4ssern Australiens. Diese seltene und au\u00dfergew\u00f6hnliche R\u00fcsselschneckeMehr","og_url":"https:\/\/gongcenter.ch\/produkt\/syrinx-aruanus-muschelhorn\/","og_site_name":"Gong Center Schweiz I Dein Gong und Klanginstrumente Fachgesch\u00e4ft","article_modified_time":"2025-04-08T19:52:46+00:00","twitter_card":"summary_large_image","twitter_misc":{"Est. reading time":"2 minutes"},"schema":{"@context":"https:\/\/schema.org","@graph":[{"@type":"WebPage","@id":"https:\/\/gongcenter.ch\/produkt\/syrinx-aruanus-muschelhorn\/","url":"https:\/\/gongcenter.ch\/produkt\/syrinx-aruanus-muschelhorn\/","name":"Syrinx Aruanus Muschelhorn - Gong Center Schweiz I Dein Gong und Klanginstrumente Fachgesch\u00e4ft","isPartOf":{"@id":"https:\/\/gongcenter.ch\/#website"},"datePublished":"2024-08-13T16:29:12+00:00","dateModified":"2025-04-08T19:52:46+00:00","breadcrumb":{"@id":"https:\/\/gongcenter.ch\/produkt\/syrinx-aruanus-muschelhorn\/#breadcrumb"},"inLanguage":"en-US","potentialAction":[{"@type":"ReadAction","target":["https:\/\/gongcenter.ch\/produkt\/syrinx-aruanus-muschelhorn\/"]}]},{"@type":"BreadcrumbList","@id":"https:\/\/gongcenter.ch\/produkt\/syrinx-aruanus-muschelhorn\/#breadcrumb","itemListElement":[{"@type":"ListItem","position":1,"name":"Startseite","item":"https:\/\/gongcenter.ch\/en\/"},{"@type":"ListItem","position":2,"name":"Shop","item":"https:\/\/gongcenter.ch\/en\/shop\/"},{"@type":"ListItem","position":3,"name":"Syrinx Aruanus Muschelhorn"}]},{"@type":"WebSite","@id":"https:\/\/gongcenter.ch\/#website","url":"https:\/\/gongcenter.ch\/","name":"Gong Center Schweiz I Dein Gong und Klanginstrumente Fachgesch\u00e4ft","description":"Entdecke eine grosse Gong Auswahl sowie weitere Klanginstrumente - Wir sind Gong Klangtherapeut und bieten dir Top Qualit\u00e4t und Beratung.","publisher":{"@id":"https:\/\/gongcenter.ch\/#organization"},"potentialAction":[{"@type":"SearchAction","target":{"@type":"EntryPoint","urlTemplate":"https:\/\/gongcenter.ch\/?s={search_term_string}"},"query-input":{"@type":"PropertyValueSpecification","valueRequired":true,"valueName":"search_term_string"}}],"inLanguage":"en-US"},{"@type":"Organization","@id":"https:\/\/gongcenter.ch\/#organization","name":"Gongcenter Z\u00fcrich I Das Fachgesch\u00e4ft f\u00fcr Gong und Klang","url":"https:\/\/gongcenter.ch\/","logo":{"@type":"ImageObject","inLanguage":"en-US","@id":"https:\/\/gongcenter.ch\/#\/schema\/logo\/image\/","url":"https:\/\/gongcenter.ch\/app\/uploads\/2018\/05\/Gong-Center_Logo_2000_black.png","contentUrl":"https:\/\/gongcenter.ch\/app\/uploads\/2018\/05\/Gong-Center_Logo_2000_black.png","width":2000,"height":600,"caption":"Gongcenter Z\u00fcrich I Das Fachgesch\u00e4ft f\u00fcr Gong und Klang"},"image":{"@id":"https:\/\/gongcenter.ch\/#\/schema\/logo\/image\/"}}]}},"acf":[],"_links":{"self":[{"href":"https:\/\/gongcenter.ch\/en\/wp-json\/wp\/v2\/product\/35956","targetHints":{"allow":["GET"]}}],"collection":[{"href":"https:\/\/gongcenter.ch\/en\/wp-json\/wp\/v2\/product"}],"about":[{"href":"https:\/\/gongcenter.ch\/en\/wp-json\/wp\/v2\/types\/product"}],"wp:attachment":[{"href":"https:\/\/gongcenter.ch\/en\/wp-json\/wp\/v2\/media?parent=35956"}],"wp:term":[{"taxonomy":"product_brand","embeddable":true,"href":"https:\/\/gongcenter.ch\/en\/wp-json\/wp\/v2\/product_brand?post=35956"},{"taxonomy":"product_cat","embeddable":true,"href":"https:\/\/gongcenter.ch\/en\/wp-json\/wp\/v2\/product_cat?post=35956"},{"taxonomy":"product_tag","embeddable":true,"href":"https:\/\/gongcenter.ch\/en\/wp-json\/wp\/v2\/product_tag?post=35956"}],"curies":[{"name":"wp","href":"https:\/\/api.w.org\/{rel}","templated":true}]}}