{"id":35958,"date":"2024-08-13T17:36:08","date_gmt":"2024-08-13T16:36:08","guid":{"rendered":"https:\/\/gongcenter.ch\/?post_type=product&#038;p=35958"},"modified":"2025-08-16T16:12:07","modified_gmt":"2025-08-16T15:12:07","slug":"protection-racket-gongtasche","status":"publish","type":"product","link":"https:\/\/gongcenter.ch\/en\/product\/protection-racket-gongtasche\/","title":{"rendered":"Protection Racket Gongtasche"},"content":{"rendered":"<p>Absolut wetter- und stossfest \u2013 ein echtes Multitalent!<\/p>\n<p>Mit diesem fantastischen Produkt kannst du deinen Gong jetzt ganz einfach und sicher transportieren! Die Protection Racket Gong-Case ist die perfekte L\u00f6sung f\u00fcr alle, die gerne stressfrei reisen \u2013 auch mit ihrem Gong!<\/p>\n<p>Doch damit nicht genug: Auf der Innenseite sorgt ein abriebfreies Synthetik-Fleece-Futter daf\u00fcr, dass Ihr Gong w\u00e4hrend der Fahrt nicht besch\u00e4digt wird. Das wasserdichte Polyester macht das Reisen mit Ihrem Gong zum reinsten Vergn\u00fcgen! Egal, welches Wetter \u2013 mit diesem Rucksack sind Sie f\u00fcr alle Abenteuer gewappnet. Und auch der doppelte Schaumstoff mit hoher Dichte kann nur eines: Ihr Gong sicher vor St\u00f6ssen sch\u00fctzen und dabei super leicht sein. Die gepolsterten Rucksackgurte sorgen f\u00fcr einen reibungslosen Ablauf und machen die Bef\u00f6rderung zum n\u00e4chsten Ziel zu einem echten Kinderspiel.<\/p>\n","protected":false},"excerpt":{"rendered":"Die Gongtaschen von Protection Racket sind der perfekte Begleiter f\u00fcr unterwegs. Sie sind komplett gef\u00fcttert und bieten so Schutz vor Kratzern und Besch\u00e4digungen.","protected":false},"featured_media":35966,"template":"","meta":[],"product_brand":[],"product_cat":[1206,63],"product_tag":[],"class_list":{"0":"post-35958","1":"product","2":"type-product","3":"status-publish","4":"has-post-thumbnail","6":"product_cat-zubehoer-2","7":"product_cat-gong-taschen-huellen","8":"product_shipping_class-bis-199-chf-9-90-chf","9":"pa_groesse-24-62-cm","10":"pa_groesse-28-60-cm-o","11":"pa_groesse-30-75-cm","12":"pa_groesse-32-81-cm-o","13":"pa_groesse-36-90-cm-o","14":"pa_groesse-38-95-cm-o","15":"pa_groesse-40-100-cm-o","16":"pa_groesse-42-106-cm-o","17":"pa_groesse-50-127-cm-o","19":"first","20":"instock","21":"taxable","22":"shipping-taxable","23":"purchasable","24":"product-type-variable","25":"has-default-attributes"},"yoast_head":"<!-- This site is optimized with the Yoast SEO plugin v27.0 - https:\/\/yoast.com\/product\/yoast-seo-wordpress\/ -->\n<title>Protection Racket Gongtasch I Diverse Gr\u00f6ssen I perfekter Schutz<\/title>\n<meta name=\"description\" content=\"Die gef\u00fctterten Gongtaschen sch\u00fctzen deinen Gong zuverl\u00e4ssig vor Kratzern und Besch\u00e4digungen. Sie sind ideal um deinen Gong zu transportieren.\" \/>\n<meta name=\"robots\" content=\"index, follow, max-snippet:-1, max-image-preview:large, max-video-preview:-1\" \/>\n<link rel=\"canonical\" href=\"https:\/\/gongcenter.ch\/produkt\/protection-racket-gongtasche\/\" \/>\n<meta property=\"og:locale\" content=\"en_US\" \/>\n<meta property=\"og:type\" content=\"article\" \/>\n<meta property=\"og:title\" content=\"Protection Racket Gongtasch I Diverse Gr\u00f6ssen I perfekter Schutz\" \/>\n<meta property=\"og:description\" content=\"Die gef\u00fctterten Gongtaschen sch\u00fctzen deinen Gong zuverl\u00e4ssig vor Kratzern und Besch\u00e4digungen. Sie sind ideal um deinen Gong zu transportieren.\" \/>\n<meta property=\"og:url\" content=\"https:\/\/gongcenter.ch\/produkt\/protection-racket-gongtasche\/\" \/>\n<meta property=\"og:site_name\" content=\"Gong Center Schweiz I Dein Gong und Klanginstrumente Fachgesch\u00e4ft\" \/>\n<meta property=\"article:modified_time\" content=\"2025-08-16T15:12:07+00:00\" \/>\n<meta property=\"og:image\" content=\"https:\/\/gongcenter.ch\/app\/uploads\/2024\/08\/protection-racket-gong-bag.jpg\" \/>\n\t<meta property=\"og:image:width\" content=\"1000\" \/>\n\t<meta property=\"og:image:height\" content=\"1000\" \/>\n\t<meta property=\"og:image:type\" content=\"image\/jpeg\" \/>\n<meta name=\"twitter:card\" content=\"summary_large_image\" \/>\n<meta name=\"twitter:label1\" content=\"Est. reading time\" \/>\n\t<meta name=\"twitter:data1\" content=\"1 minute\" \/>\n<!-- \/ Yoast SEO plugin. -->","yoast_head_json":{"title":"Protection Racket Gongtasch I Diverse Gr\u00f6ssen I perfekter Schutz","description":"Die gef\u00fctterten Gongtaschen sch\u00fctzen deinen Gong zuverl\u00e4ssig vor Kratzern und Besch\u00e4digungen. Sie sind ideal um deinen Gong zu transportieren.","robots":{"index":"index","follow":"follow","max-snippet":"max-snippet:-1","max-image-preview":"max-image-preview:large","max-video-preview":"max-video-preview:-1"},"canonical":"https:\/\/gongcenter.ch\/produkt\/protection-racket-gongtasche\/","og_locale":"en_US","og_type":"article","og_title":"Protection Racket Gongtasch I Diverse Gr\u00f6ssen I perfekter Schutz","og_description":"Die gef\u00fctterten Gongtaschen sch\u00fctzen deinen Gong zuverl\u00e4ssig vor Kratzern und Besch\u00e4digungen. Sie sind ideal um deinen Gong zu transportieren.","og_url":"https:\/\/gongcenter.ch\/produkt\/protection-racket-gongtasche\/","og_site_name":"Gong Center Schweiz I Dein Gong und Klanginstrumente Fachgesch\u00e4ft","article_modified_time":"2025-08-16T15:12:07+00:00","og_image":[{"width":1000,"height":1000,"url":"https:\/\/gongcenter.ch\/app\/uploads\/2024\/08\/protection-racket-gong-bag.jpg","type":"image\/jpeg"}],"twitter_card":"summary_large_image","twitter_misc":{"Est. reading time":"1 minute"},"schema":{"@context":"https:\/\/schema.org","@graph":[{"@type":"WebPage","@id":"https:\/\/gongcenter.ch\/produkt\/protection-racket-gongtasche\/","url":"https:\/\/gongcenter.ch\/produkt\/protection-racket-gongtasche\/","name":"Protection Racket Gongtasch I Diverse Gr\u00f6ssen I perfekter Schutz","isPartOf":{"@id":"https:\/\/gongcenter.ch\/#website"},"primaryImageOfPage":{"@id":"https:\/\/gongcenter.ch\/produkt\/protection-racket-gongtasche\/#primaryimage"},"image":{"@id":"https:\/\/gongcenter.ch\/produkt\/protection-racket-gongtasche\/#primaryimage"},"thumbnailUrl":"https:\/\/gongcenter.ch\/app\/uploads\/2024\/08\/protection-racket-gong-bag.jpg","datePublished":"2024-08-13T16:36:08+00:00","dateModified":"2025-08-16T15:12:07+00:00","description":"Die gef\u00fctterten Gongtaschen sch\u00fctzen deinen Gong zuverl\u00e4ssig vor Kratzern und Besch\u00e4digungen. Sie sind ideal um deinen Gong zu transportieren.","breadcrumb":{"@id":"https:\/\/gongcenter.ch\/produkt\/protection-racket-gongtasche\/#breadcrumb"},"inLanguage":"en-US","potentialAction":[{"@type":"ReadAction","target":["https:\/\/gongcenter.ch\/produkt\/protection-racket-gongtasche\/"]}]},{"@type":"ImageObject","inLanguage":"en-US","@id":"https:\/\/gongcenter.ch\/produkt\/protection-racket-gongtasche\/#primaryimage","url":"https:\/\/gongcenter.ch\/app\/uploads\/2024\/08\/protection-racket-gong-bag.jpg","contentUrl":"https:\/\/gongcenter.ch\/app\/uploads\/2024\/08\/protection-racket-gong-bag.jpg","width":1000,"height":1000},{"@type":"BreadcrumbList","@id":"https:\/\/gongcenter.ch\/produkt\/protection-racket-gongtasche\/#breadcrumb","itemListElement":[{"@type":"ListItem","position":1,"name":"Startseite","item":"https:\/\/gongcenter.ch\/en\/"},{"@type":"ListItem","position":2,"name":"Shop","item":"https:\/\/gongcenter.ch\/en\/shop\/"},{"@type":"ListItem","position":3,"name":"Protection Racket Gongtasche"}]},{"@type":"WebSite","@id":"https:\/\/gongcenter.ch\/#website","url":"https:\/\/gongcenter.ch\/","name":"Gong Center Schweiz I Dein Gong und Klanginstrumente Fachgesch\u00e4ft","description":"Entdecke eine grosse Gong Auswahl sowie weitere Klanginstrumente - Wir sind Gong Klangtherapeut und bieten dir Top Qualit\u00e4t und Beratung.","publisher":{"@id":"https:\/\/gongcenter.ch\/#organization"},"potentialAction":[{"@type":"SearchAction","target":{"@type":"EntryPoint","urlTemplate":"https:\/\/gongcenter.ch\/?s={search_term_string}"},"query-input":{"@type":"PropertyValueSpecification","valueRequired":true,"valueName":"search_term_string"}}],"inLanguage":"en-US"},{"@type":"Organization","@id":"https:\/\/gongcenter.ch\/#organization","name":"Gongcenter Z\u00fcrich I Das Fachgesch\u00e4ft f\u00fcr Gong und Klang","url":"https:\/\/gongcenter.ch\/","logo":{"@type":"ImageObject","inLanguage":"en-US","@id":"https:\/\/gongcenter.ch\/#\/schema\/logo\/image\/","url":"https:\/\/gongcenter.ch\/app\/uploads\/2018\/05\/Gong-Center_Logo_2000_black.png","contentUrl":"https:\/\/gongcenter.ch\/app\/uploads\/2018\/05\/Gong-Center_Logo_2000_black.png","width":2000,"height":600,"caption":"Gongcenter Z\u00fcrich I Das Fachgesch\u00e4ft f\u00fcr Gong und Klang"},"image":{"@id":"https:\/\/gongcenter.ch\/#\/schema\/logo\/image\/"}}]}},"acf":[],"_links":{"self":[{"href":"https:\/\/gongcenter.ch\/en\/wp-json\/wp\/v2\/product\/35958","targetHints":{"allow":["GET"]}}],"collection":[{"href":"https:\/\/gongcenter.ch\/en\/wp-json\/wp\/v2\/product"}],"about":[{"href":"https:\/\/gongcenter.ch\/en\/wp-json\/wp\/v2\/types\/product"}],"wp:featuredmedia":[{"embeddable":true,"href":"https:\/\/gongcenter.ch\/en\/wp-json\/wp\/v2\/media\/35966"}],"wp:attachment":[{"href":"https:\/\/gongcenter.ch\/en\/wp-json\/wp\/v2\/media?parent=35958"}],"wp:term":[{"taxonomy":"product_brand","embeddable":true,"href":"https:\/\/gongcenter.ch\/en\/wp-json\/wp\/v2\/product_brand?post=35958"},{"taxonomy":"product_cat","embeddable":true,"href":"https:\/\/gongcenter.ch\/en\/wp-json\/wp\/v2\/product_cat?post=35958"},{"taxonomy":"product_tag","embeddable":true,"href":"https:\/\/gongcenter.ch\/en\/wp-json\/wp\/v2\/product_tag?post=35958"}],"curies":[{"name":"wp","href":"https:\/\/api.w.org\/{rel}","templated":true}]}}