{"id":36002,"date":"2024-08-30T12:09:52","date_gmt":"2024-08-30T11:09:52","guid":{"rendered":"https:\/\/gongcenter.ch\/?post_type=product&#038;p=36002"},"modified":"2026-03-03T12:53:46","modified_gmt":"2026-03-03T11:53:46","slug":"caladarius-gong-81-cm-32","status":"publish","type":"product","link":"https:\/\/gongcenter.ch\/en\/product\/caladarius-gong-81-cm-32\/","title":{"rendered":"Caladarius Gong 81 cm \/ 32&#8243;"},"content":{"rendered":"<div class=\"ce_text lexikon-aussage block\">\n<blockquote><p>Caladrius,\u00a0 der Vogel mit den besonderen Heilkr\u00e4ften<\/p><\/blockquote>\n<p>Der Caladrius ist ein Vogel mit heilenden Kr\u00e4ften und weissagenden F\u00e4higkeiten. Dieses Fabelwesen entstammt der r\u00f6mischen Mythologie und sollte nur K\u00f6nige und Herrscher heilen. Der Caladrius verf\u00fcgt \u00fcber eine Lebensdauer von etwa 520 Jahren.<\/p>\n<\/div>\n<p>Der Caladrius-Vogel war ein Fabelwesen aus der r\u00f6mischen Mythologie. Man sch\u00e4tzte ihn wegen seiner Heilkr\u00e4fte. Er schaut, ob der Kranke noch gerettet werden kann. Wenn der Caladrius den Tod vorhersieht, wendet er seinen Kopf und schaut den Kranken nicht mehr an. Wenn der Vogel den Menschen heilen kann, schaut er ihm ins Gesicht und nimmt die Krankheit in sein Gefieder auf. Wenn das Gesicht des Patienten wieder Farbe annimmt, wird das wei\u00dfe Federkleid des Caladrius grau.<\/p>\n<p>Wenn die Krankheit vollst\u00e4ndig aufgenommen ist, fliegt der Vogel in die Sonne. Dort wird sie zerst\u00f6rt. Danach ist sein Gefieder wieder wei\u00df. In Legenden hei\u00dft es, dass der Caladrius nur K\u00f6nigen und Herrschern helfen durfte. Es gibt aber Berichte, die bis nach Persien zur\u00fcckreichen. In diesen Berichten wird auch von Heilungen einfacher Menschen erz\u00e4hlt.<\/p>\n<p>Wenn man diesen Gong achtsam spielt, versetzt er einen in eine tiefe, heilsame Ruhe. Deshalb wurde er nach dem mythologischen Vogel Cladarius benannt.<\/p>\n<p>INFO<br \/>\nAuch wenn Sie hier und bei anderen Gong-Beschreibungen Wirkungen und Entsprechungen finden werden, handelt es sich immer um Beschreibungen von Erfahrungen, die im Verlaufe vieler Jahre gemacht worden sind und sich mitunter auch nur im Kontext der jeweiligen Begrifflichkeiten erschliessen. Alle Texte hier sollen Anregungen und Inspirationen f\u00fcr Ihre Gongarbeit sein. In dem Moment, wo Sie sich mit einer Frequenz besch\u00e4ftigen, erst dann k\u00f6nnen Sie sagen, was diese Frequenz f\u00fcr Sie leisten kann. Fakt ist, jede dieser Frequenzen hat eine spezifische Wirkung \u2013 da alle Menschen verschieden sind, wirken sich diese eben auch unterschiedlich aus. Erst die eigene Erfahrung wird eigenes, wertvolles Wissen generieren k\u00f6nnen.<\/p>\n<p>PFLEGE<br \/>\nGongs laden dazu ein, angefasst zu werden. Das Material ist grunds\u00e4tzlich extrem trocken und hat die Eigenschaft, sofort die nat\u00fcrlichen Fette und \u00d6le aus der Haut aufzusaugen. Der Gong entwickelt dadurch eine leicht unansehnliche Optik. Umgehen Sie dies, indem sie das Pflegen der Oberfl\u00e4che zur Routine werden lassen. Geeignet zur Plege sind Silber- und Metallputzmittel. Seien Sie sorgsam mit dem Nachpolieren, damit die Mallets nicht dunkel werden durch Reste von Putzmittel. Der Klang wird durch die Optik eines Gongs in keinem Fall beeintr\u00e4chtigt.<\/p>\n","protected":false},"excerpt":{"rendered":"<ul>\r\n \t<li>Gr\u00f6sse: 81 cm &#8211; 32&#8243;<\/li>\r\n \t<li>Frequenz: Ca.62 Hz<\/li>\r\n<\/ul>","protected":false},"featured_media":36005,"template":"","meta":[],"product_brand":[],"product_cat":[1409,1422,1413],"product_tag":[],"class_list":{"0":"post-36002","1":"product","2":"type-product","3":"status-publish","4":"has-post-thumbnail","6":"product_cat-goike-gongs","7":"product_cat-gongs-auf-lager","8":"product_cat-special-gongs","9":"product_shipping_class-kostenloser-versand-innerhalb-der-schweiz","10":"pa_modell-new-planet-sonne-gong","11":"pa_modell-sonne-gong","13":"first","14":"instock","15":"sold-individually","16":"taxable","17":"shipping-taxable","18":"purchasable","19":"product-type-simple"},"yoast_head":"<!-- This site is optimized with the Yoast SEO plugin v27.0 - https:\/\/yoast.com\/product\/yoast-seo-wordpress\/ -->\n<title>Gongland Sonne Gong 81 cm \/ 32&quot; | Sein Ton ist tief und kraftvoll<\/title>\n<meta name=\"description\" content=\"Der Gongland Planeten Gong Sonne ist so kraftvoll wie die Sonne selbst. Der Sonnenton wird der k\u00f6rperlichen Mitte zugeordnet. Im Gong Center Probespielen.\" \/>\n<meta name=\"robots\" content=\"index, follow, max-snippet:-1, max-image-preview:large, max-video-preview:-1\" \/>\n<link rel=\"canonical\" href=\"https:\/\/gongcenter.ch\/produkt\/caladarius-gong-81-cm-32\/\" \/>\n<meta property=\"og:locale\" content=\"en_US\" \/>\n<meta property=\"og:type\" content=\"article\" \/>\n<meta property=\"og:title\" content=\"Gongland Sonne Gong 81 cm \/ 32&quot; | Sein Ton ist tief und kraftvoll\" \/>\n<meta property=\"og:description\" content=\"Der Gongland Planeten Gong Sonne ist so kraftvoll wie die Sonne selbst. Der Sonnenton wird der k\u00f6rperlichen Mitte zugeordnet. Im Gong Center Probespielen.\" \/>\n<meta property=\"og:url\" content=\"https:\/\/gongcenter.ch\/produkt\/caladarius-gong-81-cm-32\/\" \/>\n<meta property=\"og:site_name\" content=\"Gong Center Schweiz I Dein Gong und Klanginstrumente Fachgesch\u00e4ft\" \/>\n<meta property=\"article:modified_time\" content=\"2026-03-03T11:53:46+00:00\" \/>\n<meta property=\"og:image\" content=\"https:\/\/gongcenter.ch\/app\/uploads\/2024\/08\/cladarius_gong-sq.jpg\" \/>\n\t<meta property=\"og:image:width\" content=\"1280\" \/>\n\t<meta property=\"og:image:height\" content=\"1280\" \/>\n\t<meta property=\"og:image:type\" content=\"image\/jpeg\" \/>\n<meta name=\"twitter:card\" content=\"summary_large_image\" \/>\n<meta name=\"twitter:label1\" content=\"Est. reading time\" \/>\n\t<meta name=\"twitter:data1\" content=\"3 minutes\" \/>\n<!-- \/ Yoast SEO plugin. -->","yoast_head_json":{"title":"Gongland Sonne Gong 81 cm \/ 32\" | Sein Ton ist tief und kraftvoll","description":"Der Gongland Planeten Gong Sonne ist so kraftvoll wie die Sonne selbst. Der Sonnenton wird der k\u00f6rperlichen Mitte zugeordnet. Im Gong Center Probespielen.","robots":{"index":"index","follow":"follow","max-snippet":"max-snippet:-1","max-image-preview":"max-image-preview:large","max-video-preview":"max-video-preview:-1"},"canonical":"https:\/\/gongcenter.ch\/produkt\/caladarius-gong-81-cm-32\/","og_locale":"en_US","og_type":"article","og_title":"Gongland Sonne Gong 81 cm \/ 32\" | Sein Ton ist tief und kraftvoll","og_description":"Der Gongland Planeten Gong Sonne ist so kraftvoll wie die Sonne selbst. Der Sonnenton wird der k\u00f6rperlichen Mitte zugeordnet. Im Gong Center Probespielen.","og_url":"https:\/\/gongcenter.ch\/produkt\/caladarius-gong-81-cm-32\/","og_site_name":"Gong Center Schweiz I Dein Gong und Klanginstrumente Fachgesch\u00e4ft","article_modified_time":"2026-03-03T11:53:46+00:00","og_image":[{"width":1280,"height":1280,"url":"https:\/\/gongcenter.ch\/app\/uploads\/2024\/08\/cladarius_gong-sq.jpg","type":"image\/jpeg"}],"twitter_card":"summary_large_image","twitter_misc":{"Est. reading time":"3 minutes"},"schema":{"@context":"https:\/\/schema.org","@graph":[{"@type":"WebPage","@id":"https:\/\/gongcenter.ch\/produkt\/caladarius-gong-81-cm-32\/","url":"https:\/\/gongcenter.ch\/produkt\/caladarius-gong-81-cm-32\/","name":"Gongland Sonne Gong 81 cm \/ 32\" | Sein Ton ist tief und kraftvoll","isPartOf":{"@id":"https:\/\/gongcenter.ch\/#website"},"primaryImageOfPage":{"@id":"https:\/\/gongcenter.ch\/produkt\/caladarius-gong-81-cm-32\/#primaryimage"},"image":{"@id":"https:\/\/gongcenter.ch\/produkt\/caladarius-gong-81-cm-32\/#primaryimage"},"thumbnailUrl":"https:\/\/gongcenter.ch\/app\/uploads\/2024\/08\/cladarius_gong-sq.jpg","datePublished":"2024-08-30T11:09:52+00:00","dateModified":"2026-03-03T11:53:46+00:00","description":"Der Gongland Planeten Gong Sonne ist so kraftvoll wie die Sonne selbst. Der Sonnenton wird der k\u00f6rperlichen Mitte zugeordnet. Im Gong Center Probespielen.","breadcrumb":{"@id":"https:\/\/gongcenter.ch\/produkt\/caladarius-gong-81-cm-32\/#breadcrumb"},"inLanguage":"en-US","potentialAction":[{"@type":"ReadAction","target":["https:\/\/gongcenter.ch\/produkt\/caladarius-gong-81-cm-32\/"]}]},{"@type":"ImageObject","inLanguage":"en-US","@id":"https:\/\/gongcenter.ch\/produkt\/caladarius-gong-81-cm-32\/#primaryimage","url":"https:\/\/gongcenter.ch\/app\/uploads\/2024\/08\/cladarius_gong-sq.jpg","contentUrl":"https:\/\/gongcenter.ch\/app\/uploads\/2024\/08\/cladarius_gong-sq.jpg","width":1280,"height":1280},{"@type":"BreadcrumbList","@id":"https:\/\/gongcenter.ch\/produkt\/caladarius-gong-81-cm-32\/#breadcrumb","itemListElement":[{"@type":"ListItem","position":1,"name":"Startseite","item":"https:\/\/gongcenter.ch\/en\/"},{"@type":"ListItem","position":2,"name":"Shop","item":"https:\/\/gongcenter.ch\/en\/shop\/"},{"@type":"ListItem","position":3,"name":"Caladarius Gong 81 cm \/ 32&#8243;"}]},{"@type":"WebSite","@id":"https:\/\/gongcenter.ch\/#website","url":"https:\/\/gongcenter.ch\/","name":"Gong Center Schweiz I Dein Gong und Klanginstrumente Fachgesch\u00e4ft","description":"Entdecke eine grosse Gong Auswahl sowie weitere Klanginstrumente - Wir sind Gong Klangtherapeut und bieten dir Top Qualit\u00e4t und Beratung.","publisher":{"@id":"https:\/\/gongcenter.ch\/#organization"},"potentialAction":[{"@type":"SearchAction","target":{"@type":"EntryPoint","urlTemplate":"https:\/\/gongcenter.ch\/?s={search_term_string}"},"query-input":{"@type":"PropertyValueSpecification","valueRequired":true,"valueName":"search_term_string"}}],"inLanguage":"en-US"},{"@type":"Organization","@id":"https:\/\/gongcenter.ch\/#organization","name":"Gongcenter Z\u00fcrich I Das Fachgesch\u00e4ft f\u00fcr Gong und Klang","url":"https:\/\/gongcenter.ch\/","logo":{"@type":"ImageObject","inLanguage":"en-US","@id":"https:\/\/gongcenter.ch\/#\/schema\/logo\/image\/","url":"https:\/\/gongcenter.ch\/app\/uploads\/2018\/05\/Gong-Center_Logo_2000_black.png","contentUrl":"https:\/\/gongcenter.ch\/app\/uploads\/2018\/05\/Gong-Center_Logo_2000_black.png","width":2000,"height":600,"caption":"Gongcenter Z\u00fcrich I Das Fachgesch\u00e4ft f\u00fcr Gong und Klang"},"image":{"@id":"https:\/\/gongcenter.ch\/#\/schema\/logo\/image\/"}}]}},"acf":[],"_links":{"self":[{"href":"https:\/\/gongcenter.ch\/en\/wp-json\/wp\/v2\/product\/36002","targetHints":{"allow":["GET"]}}],"collection":[{"href":"https:\/\/gongcenter.ch\/en\/wp-json\/wp\/v2\/product"}],"about":[{"href":"https:\/\/gongcenter.ch\/en\/wp-json\/wp\/v2\/types\/product"}],"wp:featuredmedia":[{"embeddable":true,"href":"https:\/\/gongcenter.ch\/en\/wp-json\/wp\/v2\/media\/36005"}],"wp:attachment":[{"href":"https:\/\/gongcenter.ch\/en\/wp-json\/wp\/v2\/media?parent=36002"}],"wp:term":[{"taxonomy":"product_brand","embeddable":true,"href":"https:\/\/gongcenter.ch\/en\/wp-json\/wp\/v2\/product_brand?post=36002"},{"taxonomy":"product_cat","embeddable":true,"href":"https:\/\/gongcenter.ch\/en\/wp-json\/wp\/v2\/product_cat?post=36002"},{"taxonomy":"product_tag","embeddable":true,"href":"https:\/\/gongcenter.ch\/en\/wp-json\/wp\/v2\/product_tag?post=36002"}],"curies":[{"name":"wp","href":"https:\/\/api.w.org\/{rel}","templated":true}]}}