{"id":36068,"date":"2024-10-15T12:05:02","date_gmt":"2024-10-15T11:05:02","guid":{"rendered":"https:\/\/gongcenter.ch\/?post_type=product&#038;p=36068"},"modified":"2025-02-14T11:43:03","modified_gmt":"2025-02-14T10:43:03","slug":"chau-tam-tam-gong-tasche","status":"publish","type":"product","link":"https:\/\/gongcenter.ch\/en\/product\/chau-tam-tam-gong-tasche\/","title":{"rendered":"Chau &#8211; Tam Tam Gong Tasche"},"content":{"rendered":"<p>Diese gepolsterte Gongtasche bietet einen komfortablen Schutz f\u00fcr Ihre Feng und TamTam Gongs.<\/p>\n<p>Die Taschen sind gepolstert und aus robustem, rei\u00dffestem und wasserabweisendem Nylonmaterial mit stabilen Rei\u00dfverschl\u00fcssen gefertigt.<\/p>\n<p>An beiden Seiten der Tasche befinden sich Tragegriffe, umlaufende Trageschlaufen erm\u00f6glichen einen bequemen Transport des Gongs.<\/p>\n","protected":false},"excerpt":{"rendered":"Die Gongtaschen von Protection Racket sind der perfekte Begleiter f\u00fcr unterwegs. Sie sind komplett gef\u00fcttert und bieten so Schutz vor Kratzern und Besch\u00e4digungen.","protected":false},"featured_media":36078,"template":"","meta":[],"product_brand":[],"product_cat":[1206,63],"product_tag":[],"class_list":{"0":"post-36068","1":"product","2":"type-product","3":"status-publish","4":"has-post-thumbnail","6":"product_cat-zubehoer-2","7":"product_cat-gong-taschen-huellen","8":"product_shipping_class-bis-199-chf-9-90-chf","9":"pa_groesse-24-62-cm","10":"pa_groesse-28-60-cm-o","11":"pa_groesse-30-75-cm","12":"pa_groesse-32-81-cm-o","13":"pa_groesse-36-90-cm-o","14":"pa_groesse-38-95-cm-o","15":"pa_groesse-40-100-cm-o","16":"pa_groesse-42-106-cm-o","17":"pa_groesse-44-110-cm","18":"pa_groesse-50-127-cm-o","20":"first","21":"instock","22":"taxable","23":"shipping-taxable","24":"purchasable","25":"product-type-variable","26":"has-default-attributes"},"yoast_head":"<!-- This site is optimized with the Yoast SEO plugin v27.0 - https:\/\/yoast.com\/product\/yoast-seo-wordpress\/ -->\n<title>Tam Tam Gongtasch I Diverse Gr\u00f6ssen I perfekter Schutz<\/title>\n<meta name=\"description\" content=\"Diese Gongtasche sch\u00fctzt deinen Gong zuverl\u00e4ssig vor Kratzern und Besch\u00e4digungen. Sie sind ideal um deinen Gong zu transportieren.\" \/>\n<meta name=\"robots\" content=\"index, follow, max-snippet:-1, max-image-preview:large, max-video-preview:-1\" \/>\n<link rel=\"canonical\" href=\"https:\/\/gongcenter.ch\/produkt\/chau-tam-tam-gong-tasche\/\" \/>\n<meta property=\"og:locale\" content=\"en_US\" \/>\n<meta property=\"og:type\" content=\"article\" \/>\n<meta property=\"og:title\" content=\"Tam Tam Gongtasch I Diverse Gr\u00f6ssen I perfekter Schutz\" \/>\n<meta property=\"og:description\" content=\"Diese Gongtasche sch\u00fctzt deinen Gong zuverl\u00e4ssig vor Kratzern und Besch\u00e4digungen. Sie sind ideal um deinen Gong zu transportieren.\" \/>\n<meta property=\"og:url\" content=\"https:\/\/gongcenter.ch\/produkt\/chau-tam-tam-gong-tasche\/\" \/>\n<meta property=\"og:site_name\" content=\"Gong Center Schweiz I Dein Gong und Klanginstrumente Fachgesch\u00e4ft\" \/>\n<meta property=\"article:modified_time\" content=\"2025-02-14T10:43:03+00:00\" \/>\n<meta property=\"og:image\" content=\"https:\/\/gongcenter.ch\/app\/uploads\/2024\/10\/tam-tam-bag.jpg\" \/>\n\t<meta property=\"og:image:width\" content=\"600\" \/>\n\t<meta property=\"og:image:height\" content=\"600\" \/>\n\t<meta property=\"og:image:type\" content=\"image\/jpeg\" \/>\n<meta name=\"twitter:card\" content=\"summary_large_image\" \/>\n<meta name=\"twitter:label1\" content=\"Est. reading time\" \/>\n\t<meta name=\"twitter:data1\" content=\"1 minute\" \/>\n<!-- \/ Yoast SEO plugin. -->","yoast_head_json":{"title":"Tam Tam Gongtasch I Diverse Gr\u00f6ssen I perfekter Schutz","description":"Diese Gongtasche sch\u00fctzt deinen Gong zuverl\u00e4ssig vor Kratzern und Besch\u00e4digungen. Sie sind ideal um deinen Gong zu transportieren.","robots":{"index":"index","follow":"follow","max-snippet":"max-snippet:-1","max-image-preview":"max-image-preview:large","max-video-preview":"max-video-preview:-1"},"canonical":"https:\/\/gongcenter.ch\/produkt\/chau-tam-tam-gong-tasche\/","og_locale":"en_US","og_type":"article","og_title":"Tam Tam Gongtasch I Diverse Gr\u00f6ssen I perfekter Schutz","og_description":"Diese Gongtasche sch\u00fctzt deinen Gong zuverl\u00e4ssig vor Kratzern und Besch\u00e4digungen. Sie sind ideal um deinen Gong zu transportieren.","og_url":"https:\/\/gongcenter.ch\/produkt\/chau-tam-tam-gong-tasche\/","og_site_name":"Gong Center Schweiz I Dein Gong und Klanginstrumente Fachgesch\u00e4ft","article_modified_time":"2025-02-14T10:43:03+00:00","og_image":[{"width":600,"height":600,"url":"https:\/\/gongcenter.ch\/app\/uploads\/2024\/10\/tam-tam-bag.jpg","type":"image\/jpeg"}],"twitter_card":"summary_large_image","twitter_misc":{"Est. reading time":"1 minute"},"schema":{"@context":"https:\/\/schema.org","@graph":[{"@type":"WebPage","@id":"https:\/\/gongcenter.ch\/produkt\/chau-tam-tam-gong-tasche\/","url":"https:\/\/gongcenter.ch\/produkt\/chau-tam-tam-gong-tasche\/","name":"Tam Tam Gongtasch I Diverse Gr\u00f6ssen I perfekter Schutz","isPartOf":{"@id":"https:\/\/gongcenter.ch\/#website"},"primaryImageOfPage":{"@id":"https:\/\/gongcenter.ch\/produkt\/chau-tam-tam-gong-tasche\/#primaryimage"},"image":{"@id":"https:\/\/gongcenter.ch\/produkt\/chau-tam-tam-gong-tasche\/#primaryimage"},"thumbnailUrl":"https:\/\/gongcenter.ch\/app\/uploads\/2024\/10\/tam-tam-bag.jpg","datePublished":"2024-10-15T11:05:02+00:00","dateModified":"2025-02-14T10:43:03+00:00","description":"Diese Gongtasche sch\u00fctzt deinen Gong zuverl\u00e4ssig vor Kratzern und Besch\u00e4digungen. Sie sind ideal um deinen Gong zu transportieren.","breadcrumb":{"@id":"https:\/\/gongcenter.ch\/produkt\/chau-tam-tam-gong-tasche\/#breadcrumb"},"inLanguage":"en-US","potentialAction":[{"@type":"ReadAction","target":["https:\/\/gongcenter.ch\/produkt\/chau-tam-tam-gong-tasche\/"]}]},{"@type":"ImageObject","inLanguage":"en-US","@id":"https:\/\/gongcenter.ch\/produkt\/chau-tam-tam-gong-tasche\/#primaryimage","url":"https:\/\/gongcenter.ch\/app\/uploads\/2024\/10\/tam-tam-bag.jpg","contentUrl":"https:\/\/gongcenter.ch\/app\/uploads\/2024\/10\/tam-tam-bag.jpg","width":600,"height":600},{"@type":"BreadcrumbList","@id":"https:\/\/gongcenter.ch\/produkt\/chau-tam-tam-gong-tasche\/#breadcrumb","itemListElement":[{"@type":"ListItem","position":1,"name":"Startseite","item":"https:\/\/gongcenter.ch\/en\/"},{"@type":"ListItem","position":2,"name":"Shop","item":"https:\/\/gongcenter.ch\/en\/shop\/"},{"@type":"ListItem","position":3,"name":"Chau &#8211; Tam Tam Gong Tasche"}]},{"@type":"WebSite","@id":"https:\/\/gongcenter.ch\/#website","url":"https:\/\/gongcenter.ch\/","name":"Gong Center Schweiz I Dein Gong und Klanginstrumente Fachgesch\u00e4ft","description":"Entdecke eine grosse Gong Auswahl sowie weitere Klanginstrumente - Wir sind Gong Klangtherapeut und bieten dir Top Qualit\u00e4t und Beratung.","publisher":{"@id":"https:\/\/gongcenter.ch\/#organization"},"potentialAction":[{"@type":"SearchAction","target":{"@type":"EntryPoint","urlTemplate":"https:\/\/gongcenter.ch\/?s={search_term_string}"},"query-input":{"@type":"PropertyValueSpecification","valueRequired":true,"valueName":"search_term_string"}}],"inLanguage":"en-US"},{"@type":"Organization","@id":"https:\/\/gongcenter.ch\/#organization","name":"Gongcenter Z\u00fcrich I Das Fachgesch\u00e4ft f\u00fcr Gong und Klang","url":"https:\/\/gongcenter.ch\/","logo":{"@type":"ImageObject","inLanguage":"en-US","@id":"https:\/\/gongcenter.ch\/#\/schema\/logo\/image\/","url":"https:\/\/gongcenter.ch\/app\/uploads\/2018\/05\/Gong-Center_Logo_2000_black.png","contentUrl":"https:\/\/gongcenter.ch\/app\/uploads\/2018\/05\/Gong-Center_Logo_2000_black.png","width":2000,"height":600,"caption":"Gongcenter Z\u00fcrich I Das Fachgesch\u00e4ft f\u00fcr Gong und Klang"},"image":{"@id":"https:\/\/gongcenter.ch\/#\/schema\/logo\/image\/"}}]}},"acf":[],"_links":{"self":[{"href":"https:\/\/gongcenter.ch\/en\/wp-json\/wp\/v2\/product\/36068","targetHints":{"allow":["GET"]}}],"collection":[{"href":"https:\/\/gongcenter.ch\/en\/wp-json\/wp\/v2\/product"}],"about":[{"href":"https:\/\/gongcenter.ch\/en\/wp-json\/wp\/v2\/types\/product"}],"wp:featuredmedia":[{"embeddable":true,"href":"https:\/\/gongcenter.ch\/en\/wp-json\/wp\/v2\/media\/36078"}],"wp:attachment":[{"href":"https:\/\/gongcenter.ch\/en\/wp-json\/wp\/v2\/media?parent=36068"}],"wp:term":[{"taxonomy":"product_brand","embeddable":true,"href":"https:\/\/gongcenter.ch\/en\/wp-json\/wp\/v2\/product_brand?post=36068"},{"taxonomy":"product_cat","embeddable":true,"href":"https:\/\/gongcenter.ch\/en\/wp-json\/wp\/v2\/product_cat?post=36068"},{"taxonomy":"product_tag","embeddable":true,"href":"https:\/\/gongcenter.ch\/en\/wp-json\/wp\/v2\/product_tag?post=36068"}],"curies":[{"name":"wp","href":"https:\/\/api.w.org\/{rel}","templated":true}]}}