{"id":36417,"date":"2025-03-11T18:05:55","date_gmt":"2025-03-11T17:05:55","guid":{"rendered":"https:\/\/gongcenter.ch\/?post_type=product&#038;p=36417"},"modified":"2025-03-24T10:20:11","modified_gmt":"2025-03-24T09:20:11","slug":"brilliant-gong-90cm","status":"publish","type":"product","link":"https:\/\/gongcenter.ch\/en\/product\/brilliant-gong-90cm\/","title":{"rendered":"Brilliant Gong 90cm"},"content":{"rendered":"<p>Dieser Brilliant-Gong besticht durch seine sensationelle Optik und sein besonderes Klang- und Lichtspektrum. Je nach Lichtsituation schimmert er ganz golden oder auch mal silbern und reflektiert die Farbnuancen der Umgebung in seiner perfekten Oberfl\u00e4che.<\/p>\n<p>Das Wort symphonisch steht f\u00fcr eine universelle Klangstruktur mit einem harmonischen Schwingungsverlauf, der flexibel und variabel das gesamte Frequenz-Spektrum eines perfekten Gongs generieren kann.<\/p>\n<p>Brilliant verweist auf die moderne Optik und die souver\u00e4ne Ausstrahlung. Jeder Gong wird aufwendig von Hand poliert. Das besondere an diesem Gong ist das Fehlen jeglicher Schwarzanteile. Somit l\u00e4sst sich dieser Gong auch als Lichtgong bezeichnen. Seine Frequenz liegt sehr nahe dem Sonnenton.<\/p>\n<p>Aus unserer Erfahrung in der integralen Klangarbeit im Hinblick auf den Einsatz von Gongs in Klangbehandlungen wie Klangmassagen oder Gongmeditationen, hat sich der 81 cm &#8211; 32\u201c Durchmesser Brilliantgong als ein Gong mit einem sehr intensiven Zugang zum Herzen mit einem grossen Heilpotenzial herausgestellt.<\/p>\n<p>Dieser Gong entfaltet unmittelbar sein Klangspektrum und baut schnell eine Obertonstruktur auf.<\/p>\n<p>Die moderne Wissenschaft lehrt, dass ein harmonischer Naturton-Klang in der Lage ist, auch die Qualit\u00e4t der gedachten Absicht in den Raum zu \u00fcbertragen. Somit kannst du deine Fantasie, deine Inspiration, deine Ideen, deine Kreativit\u00e4t und deine Absichten in das Spiel eines symphonischen Gongs bewusst mit einfliessen lassen.<\/p>\n<p>PAISTE-Gong steht f\u00fcr eine \u00fcber Generationen gewachsene und erfahrene Handwerkskunst aus Deutschland mit h\u00f6chsten Qualit\u00e4tsanspr\u00fcchen.<\/p>\n","protected":false},"excerpt":{"rendered":"Der PAISTE Brilliant Gong verkaufen wir Standard ohne Logo.\r\n\r\nWenn du einen Brilliant-Gong mit PAISTE Logo m\u00f6chtest, dann teile uns das explizit mit.","protected":false},"featured_media":29848,"template":"","meta":[],"product_brand":[],"product_cat":[15],"product_tag":[],"class_list":{"0":"post-36417","1":"product","2":"type-product","3":"status-publish","4":"has-post-thumbnail","6":"product_cat-uncategorized","7":"product_shipping_class-kostenloser-versand-innerhalb-der-schweiz","8":"pa_groesse-24-62-cm","9":"pa_groesse-26-66-cm","10":"pa_groesse-28-71-cm","11":"pa_groesse-30-75-cm","12":"pa_groesse-32-81-cm-o","13":"pa_groesse-34-86cm","14":"pa_groesse-36-90-cm-o","15":"pa_groesse-38-95-cm-o","17":"first","18":"instock","19":"sold-individually","20":"taxable","21":"shipping-taxable","22":"purchasable","23":"product-type-simple"},"yoast_head":"<!-- This site is optimized with the Yoast SEO plugin v27.0 - https:\/\/yoast.com\/product\/yoast-seo-wordpress\/ -->\n<title>Paiste Symphonic Brillant Gong | Intensiver Herz-Zugang<\/title>\n<meta name=\"description\" content=\"Der Paiste Brillant Gong besticht mit einer einzigartigen Optik und einem besonderen Klang- und Lichtspektrum.\" \/>\n<meta name=\"robots\" content=\"index, follow, max-snippet:-1, max-image-preview:large, max-video-preview:-1\" \/>\n<link rel=\"canonical\" href=\"https:\/\/gongcenter.ch\/produkt\/brilliant-gong-90cm\/\" \/>\n<meta property=\"og:locale\" content=\"en_US\" \/>\n<meta property=\"og:type\" content=\"article\" \/>\n<meta property=\"og:title\" content=\"Paiste Symphonic Brillant Gong | Intensiver Herz-Zugang\" \/>\n<meta property=\"og:description\" content=\"Der Paiste Brillant Gong besticht mit einer einzigartigen Optik und einem besonderen Klang- und Lichtspektrum.\" \/>\n<meta property=\"og:url\" content=\"https:\/\/gongcenter.ch\/produkt\/brilliant-gong-90cm\/\" \/>\n<meta property=\"og:site_name\" content=\"Gong Center Schweiz I Dein Gong und Klanginstrumente Fachgesch\u00e4ft\" \/>\n<meta property=\"article:modified_time\" content=\"2025-03-24T09:20:11+00:00\" \/>\n<meta property=\"og:image\" content=\"https:\/\/gongcenter.ch\/app\/uploads\/2022\/09\/PAISTE-Symphonic-Brilliant-Gong-2.png\" \/>\n\t<meta property=\"og:image:width\" content=\"600\" \/>\n\t<meta property=\"og:image:height\" content=\"600\" \/>\n\t<meta property=\"og:image:type\" content=\"image\/png\" \/>\n<meta name=\"twitter:card\" content=\"summary_large_image\" \/>\n<meta name=\"twitter:label1\" content=\"Est. reading time\" \/>\n\t<meta name=\"twitter:data1\" content=\"2 minutes\" \/>\n<!-- \/ Yoast SEO plugin. -->","yoast_head_json":{"title":"Paiste Symphonic Brillant Gong | Intensiver Herz-Zugang","description":"Der Paiste Brillant Gong besticht mit einer einzigartigen Optik und einem besonderen Klang- und Lichtspektrum.","robots":{"index":"index","follow":"follow","max-snippet":"max-snippet:-1","max-image-preview":"max-image-preview:large","max-video-preview":"max-video-preview:-1"},"canonical":"https:\/\/gongcenter.ch\/produkt\/brilliant-gong-90cm\/","og_locale":"en_US","og_type":"article","og_title":"Paiste Symphonic Brillant Gong | Intensiver Herz-Zugang","og_description":"Der Paiste Brillant Gong besticht mit einer einzigartigen Optik und einem besonderen Klang- und Lichtspektrum.","og_url":"https:\/\/gongcenter.ch\/produkt\/brilliant-gong-90cm\/","og_site_name":"Gong Center Schweiz I Dein Gong und Klanginstrumente Fachgesch\u00e4ft","article_modified_time":"2025-03-24T09:20:11+00:00","og_image":[{"width":600,"height":600,"url":"https:\/\/gongcenter.ch\/app\/uploads\/2022\/09\/PAISTE-Symphonic-Brilliant-Gong-2.png","type":"image\/png"}],"twitter_card":"summary_large_image","twitter_misc":{"Est. reading time":"2 minutes"},"schema":{"@context":"https:\/\/schema.org","@graph":[{"@type":"WebPage","@id":"https:\/\/gongcenter.ch\/produkt\/brilliant-gong-90cm\/","url":"https:\/\/gongcenter.ch\/produkt\/brilliant-gong-90cm\/","name":"Paiste Symphonic Brillant Gong | Intensiver Herz-Zugang","isPartOf":{"@id":"https:\/\/gongcenter.ch\/#website"},"primaryImageOfPage":{"@id":"https:\/\/gongcenter.ch\/produkt\/brilliant-gong-90cm\/#primaryimage"},"image":{"@id":"https:\/\/gongcenter.ch\/produkt\/brilliant-gong-90cm\/#primaryimage"},"thumbnailUrl":"https:\/\/gongcenter.ch\/app\/uploads\/2022\/09\/PAISTE-Symphonic-Brilliant-Gong-2.png","datePublished":"2025-03-11T17:05:55+00:00","dateModified":"2025-03-24T09:20:11+00:00","description":"Der Paiste Brillant Gong besticht mit einer einzigartigen Optik und einem besonderen Klang- und Lichtspektrum.","breadcrumb":{"@id":"https:\/\/gongcenter.ch\/produkt\/brilliant-gong-90cm\/#breadcrumb"},"inLanguage":"en-US","potentialAction":[{"@type":"ReadAction","target":["https:\/\/gongcenter.ch\/produkt\/brilliant-gong-90cm\/"]}]},{"@type":"ImageObject","inLanguage":"en-US","@id":"https:\/\/gongcenter.ch\/produkt\/brilliant-gong-90cm\/#primaryimage","url":"https:\/\/gongcenter.ch\/app\/uploads\/2022\/09\/PAISTE-Symphonic-Brilliant-Gong-2.png","contentUrl":"https:\/\/gongcenter.ch\/app\/uploads\/2022\/09\/PAISTE-Symphonic-Brilliant-Gong-2.png","width":600,"height":600},{"@type":"BreadcrumbList","@id":"https:\/\/gongcenter.ch\/produkt\/brilliant-gong-90cm\/#breadcrumb","itemListElement":[{"@type":"ListItem","position":1,"name":"Startseite","item":"https:\/\/gongcenter.ch\/en\/"},{"@type":"ListItem","position":2,"name":"Shop","item":"https:\/\/gongcenter.ch\/en\/shop\/"},{"@type":"ListItem","position":3,"name":"Brilliant Gong 90cm"}]},{"@type":"WebSite","@id":"https:\/\/gongcenter.ch\/#website","url":"https:\/\/gongcenter.ch\/","name":"Gong Center Schweiz I Dein Gong und Klanginstrumente Fachgesch\u00e4ft","description":"Entdecke eine grosse Gong Auswahl sowie weitere Klanginstrumente - Wir sind Gong Klangtherapeut und bieten dir Top Qualit\u00e4t und Beratung.","publisher":{"@id":"https:\/\/gongcenter.ch\/#organization"},"potentialAction":[{"@type":"SearchAction","target":{"@type":"EntryPoint","urlTemplate":"https:\/\/gongcenter.ch\/?s={search_term_string}"},"query-input":{"@type":"PropertyValueSpecification","valueRequired":true,"valueName":"search_term_string"}}],"inLanguage":"en-US"},{"@type":"Organization","@id":"https:\/\/gongcenter.ch\/#organization","name":"Gongcenter Z\u00fcrich I Das Fachgesch\u00e4ft f\u00fcr Gong und Klang","url":"https:\/\/gongcenter.ch\/","logo":{"@type":"ImageObject","inLanguage":"en-US","@id":"https:\/\/gongcenter.ch\/#\/schema\/logo\/image\/","url":"https:\/\/gongcenter.ch\/app\/uploads\/2018\/05\/Gong-Center_Logo_2000_black.png","contentUrl":"https:\/\/gongcenter.ch\/app\/uploads\/2018\/05\/Gong-Center_Logo_2000_black.png","width":2000,"height":600,"caption":"Gongcenter Z\u00fcrich I Das Fachgesch\u00e4ft f\u00fcr Gong und Klang"},"image":{"@id":"https:\/\/gongcenter.ch\/#\/schema\/logo\/image\/"}}]}},"acf":[],"_links":{"self":[{"href":"https:\/\/gongcenter.ch\/en\/wp-json\/wp\/v2\/product\/36417","targetHints":{"allow":["GET"]}}],"collection":[{"href":"https:\/\/gongcenter.ch\/en\/wp-json\/wp\/v2\/product"}],"about":[{"href":"https:\/\/gongcenter.ch\/en\/wp-json\/wp\/v2\/types\/product"}],"wp:featuredmedia":[{"embeddable":true,"href":"https:\/\/gongcenter.ch\/en\/wp-json\/wp\/v2\/media\/29848"}],"wp:attachment":[{"href":"https:\/\/gongcenter.ch\/en\/wp-json\/wp\/v2\/media?parent=36417"}],"wp:term":[{"taxonomy":"product_brand","embeddable":true,"href":"https:\/\/gongcenter.ch\/en\/wp-json\/wp\/v2\/product_brand?post=36417"},{"taxonomy":"product_cat","embeddable":true,"href":"https:\/\/gongcenter.ch\/en\/wp-json\/wp\/v2\/product_cat?post=36417"},{"taxonomy":"product_tag","embeddable":true,"href":"https:\/\/gongcenter.ch\/en\/wp-json\/wp\/v2\/product_tag?post=36417"}],"curies":[{"name":"wp","href":"https:\/\/api.w.org\/{rel}","templated":true}]}}