{"id":36484,"date":"2025-03-19T16:02:51","date_gmt":"2025-03-19T15:02:51","guid":{"rendered":"https:\/\/gongcenter.ch\/?post_type=product&#038;p=36484"},"modified":"2025-11-26T14:00:24","modified_gmt":"2025-11-26T13:00:24","slug":"gongland-gong-gravity-42","status":"publish","type":"product","link":"https:\/\/gongcenter.ch\/en\/product\/gongland-gong-gravity-42\/","title":{"rendered":"Gongland Gravity Gong 42&#8243;"},"content":{"rendered":"<p class=\"\" data-start=\"152\" data-end=\"263\"><strong data-start=\"152\" data-end=\"263\">Tiefe Schwingung, zentrierende Klarheit \u2013 ein Gong, der an die Kr\u00e4fte erinnert, die unser Universum formen.<\/strong><\/p>\n<p class=\"\" data-start=\"265\" data-end=\"552\">Die Schwerkraft entsteht durch die ungleiche Verteilung von Masse im Universum \u2013 sie kr\u00fcmmt Raum und Zeit und zieht alles in ihr Zentrum. So wie eine gespannte Fl\u00e4che sich unter dem Gewicht einer Kugel w\u00f6lbt und kleinere Objekte unweigerlich in die Mitte gleiten, wirkt auch dieser Gong.<\/p>\n<blockquote data-start=\"554\" data-end=\"649\">\n<p class=\"\" data-start=\"556\" data-end=\"649\"><em data-start=\"556\" data-end=\"638\">\u201eSoothing sound from the depth of the universe with a clear tone in the center.\u201c<\/em> \u2013 Gongland<\/p>\n<\/blockquote>\n<p class=\"\" data-start=\"651\" data-end=\"1045\">Der <strong data-start=\"655\" data-end=\"671\">Gravity Gong<\/strong> von Gongland greift dieses kosmische Prinzip auf:<br data-start=\"721\" data-end=\"724\" \/>Er entfaltet einen tiefen, beruhigenden Klangraum, der mit einem klaren, fokussierten Ton im Zentrum wirkt \u2013 wie ein energetischer Sog, der dich ins Innere zieht. Seine Schwingung erinnert an die unsichtbaren Kr\u00e4fte, die allem zugrunde liegen \u2013 und \u00f6ffnet zugleich ein Feld f\u00fcr Reinigung, Erdung und spirituelle Klarheit.<\/p>\n<p class=\"\" data-start=\"1047\" data-end=\"1071\"><strong data-start=\"1050\" data-end=\"1069\">Klangcharakter:<\/strong><\/p>\n<ul data-start=\"1072\" data-end=\"1183\">\n<li class=\"\" data-start=\"1072\" data-end=\"1102\">\n<p class=\"\" data-start=\"1074\" data-end=\"1102\">Tief, satt und raumf\u00fcllend<\/p>\n<\/li>\n<li class=\"\" data-start=\"1103\" data-end=\"1135\">\n<p class=\"\" data-start=\"1105\" data-end=\"1135\">Mit einem klaren Zentrumston<\/p>\n<\/li>\n<li class=\"\" data-start=\"1136\" data-end=\"1183\">\n<p class=\"\" data-start=\"1138\" data-end=\"1183\">Wirkt erdend, zentrierend und transformierend<\/p>\n<\/li>\n<\/ul>\n<p class=\"\" data-start=\"1185\" data-end=\"1436\"><strong data-start=\"1188\" data-end=\"1200\">Wirkung:<\/strong><\/p>\n<p class=\"\" style=\"padding-left: 40px;\" data-start=\"1185\" data-end=\"1436\">Der Gravity Gong kann dabei helfen, alte Energien loszulassen und tiefgreifende Reinigung auf spiritueller Ebene zu erm\u00f6glichen. Seine Schwingung ber\u00fchrt K\u00f6rper, Geist und Seele \u2013 und bietet einen Raum, in dem Heilung geschehen darf.<\/p>\n","protected":false},"excerpt":{"rendered":"Tiefe Schwingung, zentrierende Klarheit \u2013 ein Gong, der an die Kr\u00e4fte erinnert, die unser Universum formen. Die Schwerkraft entsteht durch die ungleiche Verteilung von Masse im Universum \u2013 sie kr\u00fcmmt Raum und Zeit und zieht alles in ihr Zentrum. So wie eine gespannte Fl\u00e4che sich unter dem Gewicht einer Kugel w\u00f6lbt und kleinere Objekte unweigerlich<a href=\"https:\/\/gongcenter.ch\/en\/product\/gongland-gong-gravity-42\/\" class=\"readmore\">Mehr  <i class=\"fa fa-angle-double-right\"><\/i><\/a>","protected":false},"featured_media":29748,"template":"","meta":[],"product_brand":[],"product_cat":[426],"product_tag":[],"class_list":{"0":"post-36484","1":"product","2":"type-product","3":"status-publish","4":"has-post-thumbnail","6":"product_cat-gongland-gongs","7":"product_shipping_class-kostenloser-versand-innerhalb-der-schweiz","8":"pa_groesse-24-62-cm","9":"pa_groesse-30-75-cm","10":"pa_groesse-36-90-cm-o","11":"pa_groesse-42-106-cm-o","12":"pa_groesse-50-127-cm-o","13":"pa_groesse-60-154-cm","15":"first","16":"instock","17":"sold-individually","18":"taxable","19":"shipping-taxable","20":"purchasable","21":"product-type-simple"},"yoast_head":"<!-- This site is optimized with the Yoast SEO plugin v27.0 - https:\/\/yoast.com\/product\/yoast-seo-wordpress\/ -->\n<title>Gongland Gong Gravity I Der Klang der Schwerkraft<\/title>\n<meta name=\"description\" content=\"Der Gongland Gong Gravity klingt wie das Gef\u00fchl der Schwerkraft. Ein beruhigender Klang. Jetzt entdecken und vor Ort probespielen!\" \/>\n<meta name=\"robots\" content=\"index, follow, max-snippet:-1, max-image-preview:large, max-video-preview:-1\" \/>\n<link rel=\"canonical\" href=\"https:\/\/gongcenter.ch\/produkt\/gongland-gong-gravity-42\/\" \/>\n<meta property=\"og:locale\" content=\"en_US\" \/>\n<meta property=\"og:type\" content=\"article\" \/>\n<meta property=\"og:title\" content=\"Gongland Gong Gravity I Der Klang der Schwerkraft\" \/>\n<meta property=\"og:description\" content=\"Der Gongland Gong Gravity klingt wie das Gef\u00fchl der Schwerkraft. Ein beruhigender Klang. Jetzt entdecken und vor Ort probespielen!\" \/>\n<meta property=\"og:url\" content=\"https:\/\/gongcenter.ch\/produkt\/gongland-gong-gravity-42\/\" \/>\n<meta property=\"og:site_name\" content=\"Gong Center Schweiz I Dein Gong und Klanginstrumente Fachgesch\u00e4ft\" \/>\n<meta property=\"article:modified_time\" content=\"2025-11-26T13:00:24+00:00\" \/>\n<meta property=\"og:image\" content=\"https:\/\/gongcenter.ch\/app\/uploads\/2022\/09\/Gongland-Gravity-Gong-2.png\" \/>\n\t<meta property=\"og:image:width\" content=\"600\" \/>\n\t<meta property=\"og:image:height\" content=\"600\" \/>\n\t<meta property=\"og:image:type\" content=\"image\/png\" \/>\n<meta name=\"twitter:card\" content=\"summary_large_image\" \/>\n<meta name=\"twitter:label1\" content=\"Est. reading time\" \/>\n\t<meta name=\"twitter:data1\" content=\"2 minutes\" \/>\n<!-- \/ Yoast SEO plugin. -->","yoast_head_json":{"title":"Gongland Gong Gravity I Der Klang der Schwerkraft","description":"Der Gongland Gong Gravity klingt wie das Gef\u00fchl der Schwerkraft. Ein beruhigender Klang. Jetzt entdecken und vor Ort probespielen!","robots":{"index":"index","follow":"follow","max-snippet":"max-snippet:-1","max-image-preview":"max-image-preview:large","max-video-preview":"max-video-preview:-1"},"canonical":"https:\/\/gongcenter.ch\/produkt\/gongland-gong-gravity-42\/","og_locale":"en_US","og_type":"article","og_title":"Gongland Gong Gravity I Der Klang der Schwerkraft","og_description":"Der Gongland Gong Gravity klingt wie das Gef\u00fchl der Schwerkraft. Ein beruhigender Klang. Jetzt entdecken und vor Ort probespielen!","og_url":"https:\/\/gongcenter.ch\/produkt\/gongland-gong-gravity-42\/","og_site_name":"Gong Center Schweiz I Dein Gong und Klanginstrumente Fachgesch\u00e4ft","article_modified_time":"2025-11-26T13:00:24+00:00","og_image":[{"width":600,"height":600,"url":"https:\/\/gongcenter.ch\/app\/uploads\/2022\/09\/Gongland-Gravity-Gong-2.png","type":"image\/png"}],"twitter_card":"summary_large_image","twitter_misc":{"Est. reading time":"2 minutes"},"schema":{"@context":"https:\/\/schema.org","@graph":[{"@type":"WebPage","@id":"https:\/\/gongcenter.ch\/produkt\/gongland-gong-gravity-42\/","url":"https:\/\/gongcenter.ch\/produkt\/gongland-gong-gravity-42\/","name":"Gongland Gong Gravity I Der Klang der Schwerkraft","isPartOf":{"@id":"https:\/\/gongcenter.ch\/#website"},"primaryImageOfPage":{"@id":"https:\/\/gongcenter.ch\/produkt\/gongland-gong-gravity-42\/#primaryimage"},"image":{"@id":"https:\/\/gongcenter.ch\/produkt\/gongland-gong-gravity-42\/#primaryimage"},"thumbnailUrl":"https:\/\/gongcenter.ch\/app\/uploads\/2022\/09\/Gongland-Gravity-Gong-2.png","datePublished":"2025-03-19T15:02:51+00:00","dateModified":"2025-11-26T13:00:24+00:00","description":"Der Gongland Gong Gravity klingt wie das Gef\u00fchl der Schwerkraft. Ein beruhigender Klang. Jetzt entdecken und vor Ort probespielen!","breadcrumb":{"@id":"https:\/\/gongcenter.ch\/produkt\/gongland-gong-gravity-42\/#breadcrumb"},"inLanguage":"en-US","potentialAction":[{"@type":"ReadAction","target":["https:\/\/gongcenter.ch\/produkt\/gongland-gong-gravity-42\/"]}]},{"@type":"ImageObject","inLanguage":"en-US","@id":"https:\/\/gongcenter.ch\/produkt\/gongland-gong-gravity-42\/#primaryimage","url":"https:\/\/gongcenter.ch\/app\/uploads\/2022\/09\/Gongland-Gravity-Gong-2.png","contentUrl":"https:\/\/gongcenter.ch\/app\/uploads\/2022\/09\/Gongland-Gravity-Gong-2.png","width":600,"height":600},{"@type":"BreadcrumbList","@id":"https:\/\/gongcenter.ch\/produkt\/gongland-gong-gravity-42\/#breadcrumb","itemListElement":[{"@type":"ListItem","position":1,"name":"Startseite","item":"https:\/\/gongcenter.ch\/en\/"},{"@type":"ListItem","position":2,"name":"Shop","item":"https:\/\/gongcenter.ch\/en\/shop\/"},{"@type":"ListItem","position":3,"name":"Gongland Gravity Gong 42&#8243;"}]},{"@type":"WebSite","@id":"https:\/\/gongcenter.ch\/#website","url":"https:\/\/gongcenter.ch\/","name":"Gong Center Schweiz I Dein Gong und Klanginstrumente Fachgesch\u00e4ft","description":"Entdecke eine grosse Gong Auswahl sowie weitere Klanginstrumente - Wir sind Gong Klangtherapeut und bieten dir Top Qualit\u00e4t und Beratung.","publisher":{"@id":"https:\/\/gongcenter.ch\/#organization"},"potentialAction":[{"@type":"SearchAction","target":{"@type":"EntryPoint","urlTemplate":"https:\/\/gongcenter.ch\/?s={search_term_string}"},"query-input":{"@type":"PropertyValueSpecification","valueRequired":true,"valueName":"search_term_string"}}],"inLanguage":"en-US"},{"@type":"Organization","@id":"https:\/\/gongcenter.ch\/#organization","name":"Gongcenter Z\u00fcrich I Das Fachgesch\u00e4ft f\u00fcr Gong und Klang","url":"https:\/\/gongcenter.ch\/","logo":{"@type":"ImageObject","inLanguage":"en-US","@id":"https:\/\/gongcenter.ch\/#\/schema\/logo\/image\/","url":"https:\/\/gongcenter.ch\/app\/uploads\/2018\/05\/Gong-Center_Logo_2000_black.png","contentUrl":"https:\/\/gongcenter.ch\/app\/uploads\/2018\/05\/Gong-Center_Logo_2000_black.png","width":2000,"height":600,"caption":"Gongcenter Z\u00fcrich I Das Fachgesch\u00e4ft f\u00fcr Gong und Klang"},"image":{"@id":"https:\/\/gongcenter.ch\/#\/schema\/logo\/image\/"}}]}},"acf":[],"_links":{"self":[{"href":"https:\/\/gongcenter.ch\/en\/wp-json\/wp\/v2\/product\/36484","targetHints":{"allow":["GET"]}}],"collection":[{"href":"https:\/\/gongcenter.ch\/en\/wp-json\/wp\/v2\/product"}],"about":[{"href":"https:\/\/gongcenter.ch\/en\/wp-json\/wp\/v2\/types\/product"}],"wp:featuredmedia":[{"embeddable":true,"href":"https:\/\/gongcenter.ch\/en\/wp-json\/wp\/v2\/media\/29748"}],"wp:attachment":[{"href":"https:\/\/gongcenter.ch\/en\/wp-json\/wp\/v2\/media?parent=36484"}],"wp:term":[{"taxonomy":"product_brand","embeddable":true,"href":"https:\/\/gongcenter.ch\/en\/wp-json\/wp\/v2\/product_brand?post=36484"},{"taxonomy":"product_cat","embeddable":true,"href":"https:\/\/gongcenter.ch\/en\/wp-json\/wp\/v2\/product_cat?post=36484"},{"taxonomy":"product_tag","embeddable":true,"href":"https:\/\/gongcenter.ch\/en\/wp-json\/wp\/v2\/product_tag?post=36484"}],"curies":[{"name":"wp","href":"https:\/\/api.w.org\/{rel}","templated":true}]}}